{"id":22,"date":"2020-11-16T14:05:35","date_gmt":"2020-11-16T17:05:35","guid":{"rendered":"http:\/\/congresos.unlp.edu.ar\/xxiicafqi\/?page_id=22"},"modified":"2020-11-17T11:41:46","modified_gmt":"2020-11-17T14:41:46","slug":"bienvenida","status":"publish","type":"page","link":"https:\/\/congresos.unlp.edu.ar\/xxiicafqi?page_id=22","title":{"rendered":"Bienvenida"},"content":{"rendered":"<p><span style=\"color: #0a6e82\">Estimados colegas y amigos,<\/span><\/p>\n<p><span style=\"color: #0a6e82\">Nos es muy grato darles la bienvenida al XXII CONGRESO ARGENTINO DE FISICOQU\u00cdMICA Y QU\u00cdMICA INORG\u00c1NICA (XXII CAFQI) que se realizar\u00e1 por primera vez en forma virtual, durante los d\u00edas 19, 21, 23, 27 y 29 de abril de 2021.<\/span><\/p>\n<p><span style=\"color: #0a6e82\">Este congreso nos encuentra en un contexto muy diferente al de ediciones previas, pero no tenemos dudas de que, a\u00fan as\u00ed, podremos intercambiar ideas, conocimientos y experiencias en todas las disciplinas asociadas a la Fisicoqu\u00edmica y a la Qu\u00edmica Inorg\u00e1nica.<\/span><\/p>\n<p><span style=\"color: #0a6e82\">En esta ocasi\u00f3n, el congreso est\u00e1 organizado por docentes investigadores de la Universidad Nacional de La Plata e Institutos de doble dependencia CONICET &#8211; UNLP.<\/span><\/p>\n<p><span style=\"color: #0a6e82\">Celebramos el poder reunirnos por esta v\u00eda, y continuar con estos fruct\u00edferos encuentros con el mismo entusiasmo de siempre.<\/span><\/p>\n<p><span style=\"color: #0a6e82\">\u00a1Bienvenidos!<\/span><\/p>\n<p><span style=\"color: #0a6e82\">Comit\u00e9 organizador<\/span><br \/>\n<span style=\"color: #0a6e82\">XXII CAFQI<\/span><\/p>\n","protected":false},"excerpt":{"rendered":"<p>Estimados colegas y amigos, Nos es muy grato darles la bienvenida al XXII CONGRESO ARGENTINO DE FISICOQU\u00cdMICA Y QU\u00cdMICA INORG\u00c1NICA (XXII CAFQI) que se realizar\u00e1 por primera vez en forma virtual, durante los d\u00edas 19, 21, 23, 27 y 29 de abril de 2021. Este congreso nos encuentra en un contexto muy diferente al de [&hellip;]<\/p>\n","protected":false},"author":2,"featured_media":0,"parent":0,"menu_order":0,"comment_status":"closed","ping_status":"closed","template":"","meta":{"advgb_blocks_editor_width":"","advgb_blocks_columns_visual_guide":"","footnotes":""},"class_list":["post-22","page","type-page","status-publish","hentry","post"],"aioseo_notices":[],"coauthors":[],"author_meta":{"author_link":"https:\/\/congresos.unlp.edu.ar\/xxiicafqi\/?author=2","display_name":"congresos"},"relative_dates":{"created":"Posted 5 a\u00f1os ago","modified":"Updated 5 a\u00f1os ago"},"absolute_dates":{"created":"Posted on 16 noviembre, 2020","modified":"Updated on 17 noviembre, 2020"},"absolute_dates_time":{"created":"Posted on 16 noviembre, 2020 2:05 pm","modified":"Updated on 17 noviembre, 2020 11:41 am"},"featured_img_caption":"","featured_img":false,"series_order":"","_links":{"self":[{"href":"https:\/\/congresos.unlp.edu.ar\/xxiicafqi\/index.php?rest_route=\/wp\/v2\/pages\/22","targetHints":{"allow":["GET"]}}],"collection":[{"href":"https:\/\/congresos.unlp.edu.ar\/xxiicafqi\/index.php?rest_route=\/wp\/v2\/pages"}],"about":[{"href":"https:\/\/congresos.unlp.edu.ar\/xxiicafqi\/index.php?rest_route=\/wp\/v2\/types\/page"}],"author":[{"embeddable":true,"href":"https:\/\/congresos.unlp.edu.ar\/xxiicafqi\/index.php?rest_route=\/wp\/v2\/users\/2"}],"replies":[{"embeddable":true,"href":"https:\/\/congresos.unlp.edu.ar\/xxiicafqi\/index.php?rest_route=%2Fwp%2Fv2%2Fcomments&post=22"}],"version-history":[{"count":0,"href":"https:\/\/congresos.unlp.edu.ar\/xxiicafqi\/index.php?rest_route=\/wp\/v2\/pages\/22\/revisions"}],"wp:attachment":[{"href":"https:\/\/congresos.unlp.edu.ar\/xxiicafqi\/index.php?rest_route=%2Fwp%2Fv2%2Fmedia&parent=22"}],"curies":[{"name":"wp","href":"https:\/\/api.w.org\/{rel}","templated":true}]}}