{"id":85,"date":"2020-09-28T15:09:15","date_gmt":"2020-09-28T18:09:15","guid":{"rendered":"http:\/\/congresos.unlp.edu.ar\/xxiicac2021\/?page_id=85"},"modified":"2022-03-09T09:31:37","modified_gmt":"2022-03-09T12:31:37","slug":"envio-de-trabajos","status":"publish","type":"page","link":"https:\/\/congresos.unlp.edu.ar\/xxiicac2021?page_id=85","title":{"rendered":"Env\u00edo de Trabajos"},"content":{"rendered":"<div id=\"pl-85\"  class=\"panel-layout\" ><div id=\"pg-85-0\"  class=\"panel-grid panel-no-style\" ><div id=\"pgc-85-0-0\"  class=\"panel-grid-cell\" ><div id=\"panel-85-0-0-0\" class=\"so-panel widget widget_sow-editor panel-first-child panel-last-child\" data-index=\"0\" ><div\n\t\t\t\n\t\t\tclass=\"so-widget-sow-editor so-widget-sow-editor-base\"\n\t\t\t\n\t\t>\n<div class=\"siteorigin-widget-tinymce textwidget\">\n\t<p>Los trabajos enviados para su consideraci\u00f3n en el XXII Congreso Argentino de Cat\u00e1lisis,\u00a0 deber\u00e1n seguir el <a href=\"http:\/\/congresos.unlp.edu.ar\/xxiicac2021\/wp-content\/uploads\/sites\/28\/2021\/03\/Plantilla-XXIICAC.docx\">modelo adjunto<\/a>*.<\/p>\n<p><span style=\"color: #555555;font-size: 12px\">*Si utiliza Chrome, copie la direcci\u00f3n de enlace y \u00e1brala en una pesta\u00f1a nueva o abra el enlace en una ventana de navegaci\u00f3n de inc\u00f3gnito.<\/span><\/p>\n<p>Acceda a la plataforma para el env\u00edo de trabajos haciendo clic <a href=\"https:\/\/backend.congresos.unlp.edu.ar\/index.php\/xxiicac2021\/\">AQU\u00cd <\/a><\/p>\n<div id=\"kpm-root\" class=\"kpm_LTR notranslate\">Adem\u00e1s del env\u00edo de trabajos completos, se encuentra habilitado el env\u00edo de trabajos breves (resumen + dos p\u00e1ginas). Se utilizar\u00e1 el mismo formato que en el modelo adjunto.<\/div>\n<\/div>\n<\/div><\/div><\/div><\/div><div id=\"pg-85-1\"  class=\"panel-grid panel-no-style\" ><div id=\"pgc-85-1-0\"  class=\"panel-grid-cell\" ><div id=\"panel-85-1-0-0\" class=\"so-panel widget widget_sow-editor panel-first-child panel-last-child\" data-index=\"1\" ><div\n\t\t\t\n\t\t\tclass=\"so-widget-sow-editor so-widget-sow-editor-base\"\n\t\t\t\n\t\t>\n<div class=\"siteorigin-widget-tinymce textwidget\">\n\t<div><\/div>\n<div><\/div>\n<div><\/div>\n<\/div>\n<\/div><\/div><\/div><\/div><div id=\"pg-85-2\"  class=\"panel-grid panel-no-style\" ><div id=\"pgc-85-2-0\"  class=\"panel-grid-cell\" ><div id=\"panel-85-2-0-0\" class=\"so-panel widget widget_sow-editor panel-first-child panel-last-child\" data-index=\"2\" ><div\n\t\t\t\n\t\t\tclass=\"so-widget-sow-editor so-widget-sow-editor-base\"\n\t\t\t\n\t\t>\n<div class=\"siteorigin-widget-tinymce textwidget\">\n\t<div><\/div>\n<div><\/div>\n<div><em>Nos complace comunicarles que se seleccionar\u00e1n trabajos para su publicaci\u00f3n en una edici\u00f3n especial de <a href=\"http:\/\/laar.plapiqui.edu.ar\/OJS\/index.php\/laar\" target=\"_blank\" rel=\"noopener\">Latin America Applied Research.<\/a><\/em><\/div>\n<div><\/div>\n<div>Por otro lado, los mejores tres trabajos ser\u00e1n recomendados para su publicaci\u00f3n en <a href=\"https:\/\/www.journals.elsevier.com\/molecular-catalysis\">Molecular Catalysis<\/a><\/div>\n<\/div>\n<\/div><\/div><\/div><\/div><\/div>","protected":false},"excerpt":{"rendered":"<p>Los trabajos enviados para su consideraci\u00f3n en el XXII Congreso Argentino de Cat\u00e1lisis,\u00a0 deber\u00e1n seguir el modelo adjunto*. *Si utiliza Chrome, copie la direcci\u00f3n de enlace y \u00e1brala en una pesta\u00f1a nueva o abra el enlace en una ventana de navegaci\u00f3n de inc\u00f3gnito. Acceda a la plataforma para el env\u00edo de trabajos haciendo clic AQU\u00cd [&hellip;]<\/p>\n","protected":false},"author":69,"featured_media":0,"parent":0,"menu_order":0,"comment_status":"closed","ping_status":"closed","template":"","meta":{"advgb_blocks_editor_width":"","advgb_blocks_columns_visual_guide":"","footnotes":""},"class_list":["post-85","page","type-page","status-publish","hentry","post"],"aioseo_notices":[],"coauthors":[],"author_meta":{"author_link":"https:\/\/congresos.unlp.edu.ar\/xxiicac2021\/?author=69","display_name":"mslegnoverde"},"relative_dates":{"created":"Posted 6 a\u00f1os ago","modified":"Updated 4 a\u00f1os ago"},"absolute_dates":{"created":"Posted on 28 septiembre, 2020","modified":"Updated on 9 marzo, 2022"},"absolute_dates_time":{"created":"Posted on 28 septiembre, 2020 3:09 pm","modified":"Updated on 9 marzo, 2022 9:31 am"},"featured_img_caption":"","featured_img":false,"series_order":"","_links":{"self":[{"href":"https:\/\/congresos.unlp.edu.ar\/xxiicac2021\/index.php?rest_route=\/wp\/v2\/pages\/85","targetHints":{"allow":["GET"]}}],"collection":[{"href":"https:\/\/congresos.unlp.edu.ar\/xxiicac2021\/index.php?rest_route=\/wp\/v2\/pages"}],"about":[{"href":"https:\/\/congresos.unlp.edu.ar\/xxiicac2021\/index.php?rest_route=\/wp\/v2\/types\/page"}],"author":[{"embeddable":true,"href":"https:\/\/congresos.unlp.edu.ar\/xxiicac2021\/index.php?rest_route=\/wp\/v2\/users\/69"}],"replies":[{"embeddable":true,"href":"https:\/\/congresos.unlp.edu.ar\/xxiicac2021\/index.php?rest_route=%2Fwp%2Fv2%2Fcomments&post=85"}],"version-history":[{"count":0,"href":"https:\/\/congresos.unlp.edu.ar\/xxiicac2021\/index.php?rest_route=\/wp\/v2\/pages\/85\/revisions"}],"wp:attachment":[{"href":"https:\/\/congresos.unlp.edu.ar\/xxiicac2021\/index.php?rest_route=%2Fwp%2Fv2%2Fmedia&parent=85"}],"curies":[{"name":"wp","href":"https:\/\/api.w.org\/{rel}","templated":true}]}}