{"id":814,"date":"2022-03-28T09:55:16","date_gmt":"2022-03-28T12:55:16","guid":{"rendered":"https:\/\/congresos.unlp.edu.ar\/xxiicac2021\/?page_id=814"},"modified":"2022-03-29T17:37:04","modified_gmt":"2022-03-29T20:37:04","slug":"fotos","status":"publish","type":"page","link":"https:\/\/congresos.unlp.edu.ar\/xxiicac2021?page_id=814","title":{"rendered":"FOTOS"},"content":{"rendered":"<div id=\"pl-814\"  class=\"panel-layout\" ><div id=\"pg-814-0\"  class=\"panel-grid panel-no-style\" ><div id=\"pgc-814-0-0\"  class=\"panel-grid-cell\" ><div id=\"panel-814-0-0-0\" class=\"so-panel widget widget_media_image panel-first-child\" data-index=\"0\" ><img decoding=\"async\" width=\"2560\" height=\"1707\" data-src=\"https:\/\/congresos.unlp.edu.ar\/xxiicac2021\/wp-content\/uploads\/sites\/28\/2022\/03\/XXII-CAC-Foto-grupal-scaled.jpg\" class=\"image wp-image-813  attachment-full size-full lazyload\" alt=\"\" style=\"--smush-placeholder-width: 2560px; --smush-placeholder-aspect-ratio: 2560\/1707;max-width: 100%; height: auto;\" data-srcset=\"https:\/\/congresos.unlp.edu.ar\/xxiicac2021\/wp-content\/uploads\/sites\/28\/2022\/03\/XXII-CAC-Foto-grupal-scaled.jpg 2560w, https:\/\/congresos.unlp.edu.ar\/xxiicac2021\/wp-content\/uploads\/sites\/28\/2022\/03\/XXII-CAC-Foto-grupal-300x200.jpg 300w, https:\/\/congresos.unlp.edu.ar\/xxiicac2021\/wp-content\/uploads\/sites\/28\/2022\/03\/XXII-CAC-Foto-grupal-1024x683.jpg 1024w, https:\/\/congresos.unlp.edu.ar\/xxiicac2021\/wp-content\/uploads\/sites\/28\/2022\/03\/XXII-CAC-Foto-grupal-768x512.jpg 768w, https:\/\/congresos.unlp.edu.ar\/xxiicac2021\/wp-content\/uploads\/sites\/28\/2022\/03\/XXII-CAC-Foto-grupal-1536x1024.jpg 1536w, https:\/\/congresos.unlp.edu.ar\/xxiicac2021\/wp-content\/uploads\/sites\/28\/2022\/03\/XXII-CAC-Foto-grupal-2048x1365.jpg 2048w, https:\/\/congresos.unlp.edu.ar\/xxiicac2021\/wp-content\/uploads\/sites\/28\/2022\/03\/XXII-CAC-Foto-grupal-272x182.jpg 272w\" data-sizes=\"(max-width: 2560px) 100vw, 2560px\" src=\"data:image\/svg+xml;base64,PHN2ZyB3aWR0aD0iMSIgaGVpZ2h0PSIxIiB4bWxucz0iaHR0cDovL3d3dy53My5vcmcvMjAwMC9zdmciPjwvc3ZnPg==\" \/><\/div><div id=\"panel-814-0-0-1\" class=\"so-panel widget widget_text panel-last-child\" data-index=\"1\" >\t\t\t<div class=\"textwidget\"><p>A continuaci\u00f3n podr\u00e1n descargar las fotos tomadas durante el XXII Congreso Argentino de Cat\u00e1lisis<\/p>\n<p>&nbsp;<\/p>\n<p><a title=\"D\u00eda 1 XXIICAC\" href=\"https:\/\/drive.google.com\/drive\/folders\/1KWRiTBx6UDRGq2fueP1hSlalmsGvpFKe?usp=sharing\" target=\"_blank\" rel=\"noopener\">D\u00eda 1 XXIICAC<\/a><\/p>\n<p><a title=\"D\u00eda 2 XXIICAC\" href=\"https:\/\/drive.google.com\/drive\/folders\/1cWlddLdhFVby52nNqt4TJ1ZxkkaxuOR5?usp=sharing\" target=\"_blank\" rel=\"noopener\">D\u00eda 2 XXIICAC<\/a><\/p>\n<p><a href=\"https:\/\/drive.google.com\/drive\/folders\/1cgIq3PH0MyPxCECAfsMeBW6cyhIapXf3?usp=sharing\" target=\"_blank\" rel=\"noopener\">D\u00eda 3 XXIICAC<\/a><\/p>\n<p><a title=\"Cena XXII CAC\" href=\"https:\/\/drive.google.com\/drive\/folders\/1uG9S0S4sISMPYz7-xw2wY8WamAOJyvC2?usp=sharing\" target=\"_blank\" rel=\"noopener\">Cena XXII CAC<\/a><\/p>\n<\/div>\n\t\t<\/div><\/div><\/div><\/div>","protected":false},"excerpt":{"rendered":"<p>A continuaci\u00f3n podr\u00e1n descargar las fotos tomadas durante el XXII Congreso Argentino de Cat\u00e1lisis &nbsp; D\u00eda 1 XXIICAC D\u00eda 2 XXIICAC D\u00eda 3 XXIICAC Cena XXII CAC<\/p>\n","protected":false},"author":69,"featured_media":0,"parent":0,"menu_order":0,"comment_status":"closed","ping_status":"closed","template":"","meta":{"advgb_blocks_editor_width":"","advgb_blocks_columns_visual_guide":"","footnotes":""},"class_list":["post-814","page","type-page","status-publish","hentry","post"],"aioseo_notices":[],"coauthors":[],"author_meta":{"author_link":"https:\/\/congresos.unlp.edu.ar\/xxiicac2021\/?author=69","display_name":"mslegnoverde"},"relative_dates":{"created":"Posted 4 a\u00f1os ago","modified":"Updated 4 a\u00f1os ago"},"absolute_dates":{"created":"Posted on 28 marzo, 2022","modified":"Updated on 29 marzo, 2022"},"absolute_dates_time":{"created":"Posted on 28 marzo, 2022 9:55 am","modified":"Updated on 29 marzo, 2022 5:37 pm"},"featured_img_caption":"","featured_img":false,"series_order":"","_links":{"self":[{"href":"https:\/\/congresos.unlp.edu.ar\/xxiicac2021\/index.php?rest_route=\/wp\/v2\/pages\/814","targetHints":{"allow":["GET"]}}],"collection":[{"href":"https:\/\/congresos.unlp.edu.ar\/xxiicac2021\/index.php?rest_route=\/wp\/v2\/pages"}],"about":[{"href":"https:\/\/congresos.unlp.edu.ar\/xxiicac2021\/index.php?rest_route=\/wp\/v2\/types\/page"}],"author":[{"embeddable":true,"href":"https:\/\/congresos.unlp.edu.ar\/xxiicac2021\/index.php?rest_route=\/wp\/v2\/users\/69"}],"replies":[{"embeddable":true,"href":"https:\/\/congresos.unlp.edu.ar\/xxiicac2021\/index.php?rest_route=%2Fwp%2Fv2%2Fcomments&post=814"}],"version-history":[{"count":0,"href":"https:\/\/congresos.unlp.edu.ar\/xxiicac2021\/index.php?rest_route=\/wp\/v2\/pages\/814\/revisions"}],"wp:attachment":[{"href":"https:\/\/congresos.unlp.edu.ar\/xxiicac2021\/index.php?rest_route=%2Fwp%2Fv2%2Fmedia&parent=814"}],"curies":[{"name":"wp","href":"https:\/\/api.w.org\/{rel}","templated":true}]}}