{"id":786,"date":"2022-03-04T19:54:30","date_gmt":"2022-03-04T22:54:30","guid":{"rendered":"https:\/\/congresos.unlp.edu.ar\/xxiicac2021\/?page_id=786"},"modified":"2024-08-16T10:11:34","modified_gmt":"2024-08-16T13:11:34","slug":"declaracion-municipal","status":"publish","type":"page","link":"https:\/\/congresos.unlp.edu.ar\/xxiicac2021?page_id=786","title":{"rendered":"Declaraci\u00f3n Municipal"},"content":{"rendered":"<div id=\"pl-786\" class=\"panel-layout\">\n<div id=\"pg-786-0\" class=\"panel-grid panel-no-style\">\n<div id=\"pgc-786-0-0\" class=\"panel-grid-cell\" data-weight=\"1\">\n<div id=\"panel-786-0-0-0\" class=\"so-panel widget widget_sow-editor panel-first-child panel-last-child\" data-index=\"0\" data-style=\"{&quot;background_image_attachment&quot;:false,&quot;background_display&quot;:&quot;tile&quot;}\">\n<div class=\"so-widget-sow-editor so-widget-sow-editor-base\">\n<div class=\"siteorigin-widget-tinymce textwidget\">\n<p>Es una alegr\u00eda comunicar que la Municipalidad de La Plata ha declarado al XXII Congreso Argentino de Cat\u00e1lisis como un evento de Inter\u00e9s Municipal, Social y Cultural.<\/p>\n<\/div>\n<\/div>\n<\/div>\n<\/div>\n<\/div>\n<div id=\"pg-786-1\" class=\"panel-grid panel-no-style\" data-style=\"{&quot;background_image_attachment&quot;:false,&quot;background_display&quot;:&quot;tile&quot;,&quot;cell_alignment&quot;:&quot;flex-start&quot;}\" data-ratio=\"1\" data-ratio-direction=\"right\">\n<div id=\"pgc-786-1-0\" class=\"panel-grid-cell panel-grid-cell-empty\" data-weight=\"0.09480122324159\"><\/div>\n<div id=\"pgc-786-1-1\" class=\"panel-grid-cell panel-grid-cell-mobile-last\" data-weight=\"0.77268093781855\">\n<div id=\"panel-786-1-1-0\" class=\"so-panel widget widget_media_image panel-first-child panel-last-child\" data-index=\"1\" data-style=\"{&quot;background_image_attachment&quot;:false,&quot;background_display&quot;:&quot;tile&quot;}\"><\/div>\n<\/div>\n<div id=\"pgc-786-1-2\" class=\"panel-grid-cell panel-grid-cell-empty\" data-weight=\"0.13251783893986\"><\/div>\n<\/div>\n<\/div>\n","protected":false},"excerpt":{"rendered":"<p>Es una alegr\u00eda comunicar que la Municipalidad de La Plata ha declarado al XXII Congreso Argentino de Cat\u00e1lisis como un evento de Inter\u00e9s Municipal, Social y Cultural.<\/p>\n","protected":false},"author":69,"featured_media":0,"parent":0,"menu_order":0,"comment_status":"closed","ping_status":"closed","template":"","meta":{"advgb_blocks_editor_width":"","advgb_blocks_columns_visual_guide":"","footnotes":""},"class_list":["post-786","page","type-page","status-publish","hentry","post"],"aioseo_notices":[],"coauthors":[],"author_meta":{"author_link":"https:\/\/congresos.unlp.edu.ar\/xxiicac2021\/?author=69","display_name":"mslegnoverde"},"relative_dates":{"created":"Posted 4 a\u00f1os ago","modified":"Updated 2 a\u00f1os ago"},"absolute_dates":{"created":"Posted on 4 marzo, 2022","modified":"Updated on 16 agosto, 2024"},"absolute_dates_time":{"created":"Posted on 4 marzo, 2022 7:54 pm","modified":"Updated on 16 agosto, 2024 10:11 am"},"featured_img_caption":"","featured_img":false,"series_order":"","_links":{"self":[{"href":"https:\/\/congresos.unlp.edu.ar\/xxiicac2021\/index.php?rest_route=\/wp\/v2\/pages\/786","targetHints":{"allow":["GET"]}}],"collection":[{"href":"https:\/\/congresos.unlp.edu.ar\/xxiicac2021\/index.php?rest_route=\/wp\/v2\/pages"}],"about":[{"href":"https:\/\/congresos.unlp.edu.ar\/xxiicac2021\/index.php?rest_route=\/wp\/v2\/types\/page"}],"author":[{"embeddable":true,"href":"https:\/\/congresos.unlp.edu.ar\/xxiicac2021\/index.php?rest_route=\/wp\/v2\/users\/69"}],"replies":[{"embeddable":true,"href":"https:\/\/congresos.unlp.edu.ar\/xxiicac2021\/index.php?rest_route=%2Fwp%2Fv2%2Fcomments&post=786"}],"version-history":[{"count":0,"href":"https:\/\/congresos.unlp.edu.ar\/xxiicac2021\/index.php?rest_route=\/wp\/v2\/pages\/786\/revisions"}],"wp:attachment":[{"href":"https:\/\/congresos.unlp.edu.ar\/xxiicac2021\/index.php?rest_route=%2Fwp%2Fv2%2Fmedia&parent=786"}],"curies":[{"name":"wp","href":"https:\/\/api.w.org\/{rel}","templated":true}]}}