{"id":59,"date":"2020-09-28T15:03:55","date_gmt":"2020-09-28T18:03:55","guid":{"rendered":"http:\/\/congresos.unlp.edu.ar\/xxiicac2021\/?page_id=59"},"modified":"2022-02-03T12:26:59","modified_gmt":"2022-02-03T15:26:59","slug":"conferencias-plenarias-y-semiplenarias","status":"publish","type":"page","link":"https:\/\/congresos.unlp.edu.ar\/xxiicac2021?page_id=59","title":{"rendered":"Conferencias"},"content":{"rendered":"<div id=\"pl-59\"  class=\"panel-layout\" ><div id=\"pg-59-0\"  class=\"panel-grid panel-no-style\" ><div id=\"pgc-59-0-0\"  class=\"panel-grid-cell\" ><div id=\"panel-59-0-0-0\" class=\"so-panel widget widget_sow-editor panel-first-child panel-last-child\" data-index=\"0\" ><div\n\t\t\t\n\t\t\tclass=\"so-widget-sow-editor so-widget-sow-editor-base\"\n\t\t\t\n\t\t>\n<div class=\"siteorigin-widget-tinymce textwidget\">\n\t<h3><span style=\"color: #bd1622\"><u>Conferencias Plenarias <\/u><\/span><\/h3>\n<p><strong>\u00a0<\/strong><\/p>\n<\/div>\n<\/div><\/div><\/div><\/div><div id=\"pg-59-1\"  class=\"panel-grid panel-no-style\" ><div id=\"pgc-59-1-0\"  class=\"panel-grid-cell\" ><div id=\"panel-59-1-0-0\" class=\"so-panel widget widget_media_image panel-first-child panel-last-child\" data-index=\"1\" ><img decoding=\"async\" width=\"150\" height=\"150\" data-src=\"https:\/\/congresos.unlp.edu.ar\/xxiicac2021\/wp-content\/uploads\/sites\/28\/2020\/10\/Isabel-Di-Cosimo-150x150.jpg\" class=\"image wp-image-408  attachment-thumbnail size-thumbnail lazyload\" alt=\"\" style=\"--smush-placeholder-width: 150px; --smush-placeholder-aspect-ratio: 150\/150;max-width: 100%; height: auto;\" src=\"data:image\/svg+xml;base64,PHN2ZyB3aWR0aD0iMSIgaGVpZ2h0PSIxIiB4bWxucz0iaHR0cDovL3d3dy53My5vcmcvMjAwMC9zdmciPjwvc3ZnPg==\" \/><\/div><\/div><div id=\"pgc-59-1-1\"  class=\"panel-grid-cell\" ><div id=\"panel-59-1-1-0\" class=\"so-panel widget widget_text panel-first-child panel-last-child\" data-index=\"2\" >\t\t\t<div class=\"textwidget\"><p>&nbsp;<\/p>\n<p><strong><a href=\"https:\/\/congresos.unlp.edu.ar\/xxiicac2021\/wp-content\/uploads\/sites\/28\/2020\/09\/Dra.-J.-Isabel-Di-C\u00f3simo.pdf\">Dra. J. Isabel Di C\u00f3simo<\/a> <\/strong>(INCAPE, Santa Fe, Argentina), <em>\u201cObtenci\u00f3n de glic\u00e9ridos con aplicaciones en alimentos y qu\u00edmica fina\u201d<\/em>.<\/p>\n<\/div>\n\t\t<\/div><\/div><\/div><div id=\"pg-59-2\"  class=\"panel-grid panel-no-style\" ><div id=\"pgc-59-2-0\"  class=\"panel-grid-cell\" ><div id=\"panel-59-2-0-0\" class=\"so-panel widget widget_media_image panel-first-child panel-last-child\" data-index=\"3\" ><img decoding=\"async\" width=\"150\" height=\"150\" data-src=\"https:\/\/congresos.unlp.edu.ar\/xxiicac2021\/wp-content\/uploads\/sites\/28\/2020\/10\/Ana-Lea-Cukierman-150x150.jpg\" class=\"image wp-image-407  attachment-thumbnail size-thumbnail lazyload\" alt=\"\" style=\"--smush-placeholder-width: 150px; --smush-placeholder-aspect-ratio: 150\/150;max-width: 100%; height: auto;\" src=\"data:image\/svg+xml;base64,PHN2ZyB3aWR0aD0iMSIgaGVpZ2h0PSIxIiB4bWxucz0iaHR0cDovL3d3dy53My5vcmcvMjAwMC9zdmciPjwvc3ZnPg==\" \/><\/div><\/div><div id=\"pgc-59-2-1\"  class=\"panel-grid-cell\" ><div id=\"panel-59-2-1-0\" class=\"so-panel widget widget_text panel-first-child panel-last-child\" data-index=\"4\" >\t\t\t<div class=\"textwidget\"><p>&nbsp;<\/p>\n<p><strong><a href=\"https:\/\/congresos.unlp.edu.ar\/xxiicac2021\/wp-content\/uploads\/sites\/28\/2020\/09\/Dra.-Ana-Lea-Cukierman.pdf\">Dra. Ana Lea Cukierman<\/a> <\/strong>(ITAPROQ, CABA, Argentina), <em>\u201cDesarrollo y Aplicaciones de Carbones Activados y Nanoestructuras de Carbono\u201d<\/em><\/p>\n<\/div>\n\t\t<\/div><\/div><\/div><div id=\"pg-59-3\"  class=\"panel-grid panel-no-style\" ><div id=\"pgc-59-3-0\"  class=\"panel-grid-cell\" ><div id=\"panel-59-3-0-0\" class=\"so-panel widget widget_media_image panel-first-child panel-last-child\" data-index=\"5\" ><img decoding=\"async\" width=\"150\" height=\"150\" data-src=\"https:\/\/congresos.unlp.edu.ar\/xxiicac2021\/wp-content\/uploads\/sites\/28\/2020\/10\/Marcelo-Domine-150x150.jpg\" class=\"image wp-image-411  attachment-thumbnail size-thumbnail lazyload\" alt=\"\" style=\"--smush-placeholder-width: 150px; --smush-placeholder-aspect-ratio: 150\/150;max-width: 100%; height: auto;\" src=\"data:image\/svg+xml;base64,PHN2ZyB3aWR0aD0iMSIgaGVpZ2h0PSIxIiB4bWxucz0iaHR0cDovL3d3dy53My5vcmcvMjAwMC9zdmciPjwvc3ZnPg==\" \/><\/div><\/div><div id=\"pgc-59-3-1\"  class=\"panel-grid-cell\" ><div id=\"panel-59-3-1-0\" class=\"so-panel widget widget_text panel-first-child panel-last-child\" data-index=\"6\" >\t\t\t<div class=\"textwidget\"><p>&nbsp;<\/p>\n<p><strong><a href=\"https:\/\/congresos.unlp.edu.ar\/xxiicac2021\/wp-content\/uploads\/sites\/28\/2020\/09\/Dr.-Marcelo-D\u00f3mine.pdf\">Dr. Marcelo D\u00f3mine<\/a> <\/strong>(\u00a0Instituto de Tecnolog\u00eda Qu\u00edmica. Universitat Polit\u00e8cnica de Val\u00e8ncia. Consejo Superior de Investigaciones Cient\u00edficas), <em>\u201cProcesos catal\u00edticos sostenibles para la producci\u00f3n de combustibles y productos qu\u00edmicos renovables\u201d.<\/em><\/p>\n<\/div>\n\t\t<\/div><\/div><\/div><div id=\"pg-59-4\"  class=\"panel-grid panel-no-style\" ><div id=\"pgc-59-4-0\"  class=\"panel-grid-cell\" ><div id=\"panel-59-4-0-0\" class=\"so-panel widget widget_sow-editor panel-first-child panel-last-child\" data-index=\"7\" ><div\n\t\t\t\n\t\t\tclass=\"so-widget-sow-editor so-widget-sow-editor-base\"\n\t\t\t\n\t\t>\n<div class=\"siteorigin-widget-tinymce textwidget\">\n\t<h3><span style=\"color: #bd1622\"><u>Conferencias Semi-plenarias (Keynotes)<\/u><\/span><\/h3>\n<p><span style=\"color: #e32020\"><strong>\u00a0<\/strong><\/span><\/p>\n<\/div>\n<\/div><\/div><\/div><\/div><div id=\"pg-59-5\"  class=\"panel-grid panel-no-style\" ><div id=\"pgc-59-5-0\"  class=\"panel-grid-cell\" ><div id=\"panel-59-5-0-0\" class=\"so-panel widget widget_media_image panel-first-child panel-last-child\" data-index=\"8\" ><img decoding=\"async\" width=\"150\" height=\"150\" data-src=\"https:\/\/congresos.unlp.edu.ar\/xxiicac2021\/wp-content\/uploads\/sites\/28\/2021\/12\/Foto.Okulik-150x150.jpg\" class=\"image wp-image-518  attachment-thumbnail size-thumbnail lazyload\" alt=\"\" style=\"--smush-placeholder-width: 150px; --smush-placeholder-aspect-ratio: 150\/150;max-width: 100%; height: auto;\" src=\"data:image\/svg+xml;base64,PHN2ZyB3aWR0aD0iMSIgaGVpZ2h0PSIxIiB4bWxucz0iaHR0cDovL3d3dy53My5vcmcvMjAwMC9zdmciPjwvc3ZnPg==\" \/><\/div><\/div><div id=\"pgc-59-5-1\"  class=\"panel-grid-cell\" ><div id=\"panel-59-5-1-0\" class=\"so-panel widget widget_text panel-first-child panel-last-child\" data-index=\"9\" >\t\t\t<div class=\"textwidget\"><p>&nbsp;<\/p>\n<p><strong><a href=\"https:\/\/congresos.unlp.edu.ar\/xxiicac2021\/wp-content\/uploads\/sites\/28\/2021\/12\/Dra.-Nora-B.-Okulik.pdf\">Dra. Nora B. Okulik<\/a> <\/strong>(INIPTA, Chaco, Argentina), &#8220;Reacciones catal\u00edticas para la obtenci\u00f3n de compuestos qu\u00edmicos renovables&#8221;<\/p>\n<\/div>\n\t\t<\/div><\/div><\/div><div id=\"pg-59-6\"  class=\"panel-grid panel-no-style\" ><div id=\"pgc-59-6-0\"  class=\"panel-grid-cell\" ><div id=\"panel-59-6-0-0\" class=\"so-panel widget widget_media_image panel-first-child panel-last-child\" data-index=\"10\" ><img decoding=\"async\" width=\"150\" height=\"150\" data-src=\"https:\/\/congresos.unlp.edu.ar\/xxiicac2021\/wp-content\/uploads\/sites\/28\/2020\/10\/Marcela-Kurina-150x150.jpg\" class=\"image wp-image-410  attachment-thumbnail size-thumbnail lazyload\" alt=\"\" style=\"--smush-placeholder-width: 150px; --smush-placeholder-aspect-ratio: 150\/150;max-width: 100%; height: auto;\" src=\"data:image\/svg+xml;base64,PHN2ZyB3aWR0aD0iMSIgaGVpZ2h0PSIxIiB4bWxucz0iaHR0cDovL3d3dy53My5vcmcvMjAwMC9zdmciPjwvc3ZnPg==\" \/><\/div><\/div><div id=\"pgc-59-6-1\"  class=\"panel-grid-cell\" ><div id=\"panel-59-6-1-0\" class=\"so-panel widget widget_text panel-first-child panel-last-child\" data-index=\"11\" >\t\t\t<div class=\"textwidget\"><p>&nbsp;<\/p>\n<p><strong><a href=\"https:\/\/congresos.unlp.edu.ar\/xxiicac2021\/wp-content\/uploads\/sites\/28\/2020\/09\/Dra.-Marcela-B.-Kurina-Sanz.pdf\">Dra. Marcela B. Kurina-Sanz<\/a> <\/strong>(INTEQUI, San Luis; Argentina) <em>\u201cBiocat\u00e1lisis, generando herramientas para &#8220;biologizar&#8221; la s\u00edntesis estereoselectiva&#8221;<\/em><\/p>\n<\/div>\n\t\t<\/div><\/div><\/div><div id=\"pg-59-7\"  class=\"panel-grid panel-no-style\" ><div id=\"pgc-59-7-0\"  class=\"panel-grid-cell\" ><div id=\"panel-59-7-0-0\" class=\"so-panel widget widget_media_image panel-first-child panel-last-child\" data-index=\"12\" ><img decoding=\"async\" width=\"150\" height=\"150\" data-src=\"https:\/\/congresos.unlp.edu.ar\/xxiicac2021\/wp-content\/uploads\/sites\/28\/2020\/10\/Julian-Rengifo-Herrera-150x150.jpg\" class=\"image wp-image-409  attachment-thumbnail size-thumbnail lazyload\" alt=\"\" style=\"--smush-placeholder-width: 150px; --smush-placeholder-aspect-ratio: 150\/150;max-width: 100%; height: auto;\" src=\"data:image\/svg+xml;base64,PHN2ZyB3aWR0aD0iMSIgaGVpZ2h0PSIxIiB4bWxucz0iaHR0cDovL3d3dy53My5vcmcvMjAwMC9zdmciPjwvc3ZnPg==\" \/><\/div><\/div><div id=\"pgc-59-7-1\"  class=\"panel-grid-cell\" ><div id=\"panel-59-7-1-0\" class=\"so-panel widget widget_text panel-first-child panel-last-child\" data-index=\"13\" >\t\t\t<div class=\"textwidget\"><p>&nbsp;<\/p>\n<p><strong><a href=\"https:\/\/congresos.unlp.edu.ar\/xxiicac2021\/wp-content\/uploads\/sites\/28\/2020\/09\/Dr.-Juli\u00e1n-Andr\u00e9s-Rengifo-Herrera.pdf\">Dr. Juli\u00e1n Andr\u00e9s Rengifo Herrera<\/a> <\/strong>(CINDECA, Argentina), <em>\u201cS\u00edntesis, caracterizaci\u00f3n y aplicaciones fotocatal\u00edticas de materiales basados en TiO<sub>2<\/sub> con absorci\u00f3n de luz visible&#8221;<\/em><\/p>\n<\/div>\n\t\t<\/div><\/div><\/div><\/div>","protected":false},"excerpt":{"rendered":"<p>Conferencias Plenarias \u00a0 &nbsp; Dra. J. Isabel Di C\u00f3simo (INCAPE, Santa Fe, Argentina), \u201cObtenci\u00f3n de glic\u00e9ridos con aplicaciones en alimentos y qu\u00edmica fina\u201d.<\/p>\n","protected":false},"author":69,"featured_media":0,"parent":0,"menu_order":0,"comment_status":"closed","ping_status":"closed","template":"","meta":{"advgb_blocks_editor_width":"","advgb_blocks_columns_visual_guide":"","footnotes":""},"class_list":["post-59","page","type-page","status-publish","hentry","post"],"aioseo_notices":[],"coauthors":[],"author_meta":{"author_link":"https:\/\/congresos.unlp.edu.ar\/xxiicac2021\/?author=69","display_name":"mslegnoverde"},"relative_dates":{"created":"Posted 6 a\u00f1os ago","modified":"Updated 4 a\u00f1os ago"},"absolute_dates":{"created":"Posted on 28 septiembre, 2020","modified":"Updated on 3 febrero, 2022"},"absolute_dates_time":{"created":"Posted on 28 septiembre, 2020 3:03 pm","modified":"Updated on 3 febrero, 2022 12:26 pm"},"featured_img_caption":"","featured_img":false,"series_order":"","_links":{"self":[{"href":"https:\/\/congresos.unlp.edu.ar\/xxiicac2021\/index.php?rest_route=\/wp\/v2\/pages\/59","targetHints":{"allow":["GET"]}}],"collection":[{"href":"https:\/\/congresos.unlp.edu.ar\/xxiicac2021\/index.php?rest_route=\/wp\/v2\/pages"}],"about":[{"href":"https:\/\/congresos.unlp.edu.ar\/xxiicac2021\/index.php?rest_route=\/wp\/v2\/types\/page"}],"author":[{"embeddable":true,"href":"https:\/\/congresos.unlp.edu.ar\/xxiicac2021\/index.php?rest_route=\/wp\/v2\/users\/69"}],"replies":[{"embeddable":true,"href":"https:\/\/congresos.unlp.edu.ar\/xxiicac2021\/index.php?rest_route=%2Fwp%2Fv2%2Fcomments&post=59"}],"version-history":[{"count":0,"href":"https:\/\/congresos.unlp.edu.ar\/xxiicac2021\/index.php?rest_route=\/wp\/v2\/pages\/59\/revisions"}],"wp:attachment":[{"href":"https:\/\/congresos.unlp.edu.ar\/xxiicac2021\/index.php?rest_route=%2Fwp%2Fv2%2Fmedia&parent=59"}],"curies":[{"name":"wp","href":"https:\/\/api.w.org\/{rel}","templated":true}]}}