{"id":56,"date":"2020-09-28T15:03:44","date_gmt":"2020-09-28T18:03:44","guid":{"rendered":"http:\/\/congresos.unlp.edu.ar\/xxiicac2021\/?page_id=56"},"modified":"2021-12-27T15:42:39","modified_gmt":"2021-12-27T18:42:39","slug":"premios-sacat","status":"publish","type":"page","link":"https:\/\/congresos.unlp.edu.ar\/xxiicac2021?page_id=56","title":{"rendered":"Premios SACat"},"content":{"rendered":"<p><span data-contrast=\"auto\">La Sociedad Argentina de Cat\u00e1lisis (<\/span><span data-contrast=\"auto\">SACat<\/span><span data-contrast=\"auto\">) otorgar\u00e1 el\u00a0<\/span><span data-contrast=\"auto\"><em>Premio al Joven Investigador en Cat\u00e1lisis y Procesos Catal\u00edticos 2021<\/em> y el <\/span><span data-contrast=\"auto\"><em>Premio a la Trayectoria en Cat\u00e1lisis y Procesos Catal\u00edticos 2021<\/em>, durante la realizaci\u00f3n del XXI<\/span><span data-contrast=\"auto\">I<\/span><span data-contrast=\"auto\"> Congreso Argentino de Cat\u00e1lisis<\/span><span data-ccp-props=\"{&quot;201341983&quot;:0,&quot;335551550&quot;:6,&quot;335551620&quot;:6,&quot;335559739&quot;:160,&quot;335559740&quot;:259,&quot;469777462&quot;:[450],&quot;469777927&quot;:[0],&quot;469777928&quot;:[1]}\">\u00a0<\/span><\/p>\n<p>&nbsp;<\/p>\n<p><span style=\"color: #0000ff\"><strong>27\/12\/2021<\/strong><\/span><\/p>\n<p>&nbsp;<\/p>\n<p>Estimados Colegas, nos es grato anunciar que el <span style=\"color: #993300\"><em>Dr. Eduardo Izurieta<\/em><\/span> ha sido seleccionado\u00a0 para recibir\u00a0 el Premio al Investigador Joven en Cat\u00e1lisis 2021, basado en el an\u00e1lisis de su trabajo de Tesis Doctoral \u201cESTUDIO DE REACTORES DE CANALES PARALELOS PARA LA PRODUCCI\u00d3N DE HIDR\u00d3GENO A PARTIR DE ETANOL\u201d.<\/p>\n<p>&nbsp;<\/p>\n<p>Por otra parte, la <em><span style=\"color: #993300\">Dra. M\u00f3nica Casella<\/span><\/em> (CINDECA) y el <span style=\"color: #993300\"><em>Dr. Carlos Querini<\/em><\/span> (INCAPE) han sido seleccionados para recibir el \u201c<em>Premio a la Trayectoria en Cat\u00e1lisis y Procesos Catal\u00edticos<\/em>\u201d, en m\u00e9rito a sus contribuciones a la ciencia catal\u00edtica argentina reconocidas a nivel nacional e internacional; a su compromiso con la formaci\u00f3n de recursos humanos; al sostenido esfuerzo por vincular el sector acad\u00e9mico con el \u00e1mbito socioproductivo de nuestro pa\u00eds y a la activa participaci\u00f3n en la organizaci\u00f3n y gesti\u00f3n de organismos, grupos e instituciones acad\u00e9micas.<\/p>\n<p>&nbsp;<\/p>\n<p>&nbsp;<\/p>\n<div id=\"kpm-root\" class=\"kpm_LTR notranslate\"><\/div>\n","protected":false},"excerpt":{"rendered":"<p>La Sociedad Argentina de Cat\u00e1lisis (SACat) otorgar\u00e1 el\u00a0Premio al Joven Investigador en Cat\u00e1lisis y Procesos Catal\u00edticos 2021 y el Premio a la Trayectoria en Cat\u00e1lisis y Procesos Catal\u00edticos 2021, durante la realizaci\u00f3n del XXII Congreso Argentino de Cat\u00e1lisis\u00a0 &nbsp; 27\/12\/2021 &nbsp; Estimados Colegas, nos es grato anunciar que el Dr. Eduardo Izurieta ha sido seleccionado\u00a0 [&hellip;]<\/p>\n","protected":false},"author":69,"featured_media":0,"parent":0,"menu_order":0,"comment_status":"closed","ping_status":"closed","template":"","meta":{"advgb_blocks_editor_width":"","advgb_blocks_columns_visual_guide":"","footnotes":""},"class_list":["post-56","page","type-page","status-publish","hentry","post"],"aioseo_notices":[],"coauthors":[],"author_meta":{"author_link":"https:\/\/congresos.unlp.edu.ar\/xxiicac2021\/?author=69","display_name":"mslegnoverde"},"relative_dates":{"created":"Posted 6 a\u00f1os ago","modified":"Updated 4 a\u00f1os ago"},"absolute_dates":{"created":"Posted on 28 septiembre, 2020","modified":"Updated on 27 diciembre, 2021"},"absolute_dates_time":{"created":"Posted on 28 septiembre, 2020 3:03 pm","modified":"Updated on 27 diciembre, 2021 3:42 pm"},"featured_img_caption":"","featured_img":false,"series_order":"","_links":{"self":[{"href":"https:\/\/congresos.unlp.edu.ar\/xxiicac2021\/index.php?rest_route=\/wp\/v2\/pages\/56","targetHints":{"allow":["GET"]}}],"collection":[{"href":"https:\/\/congresos.unlp.edu.ar\/xxiicac2021\/index.php?rest_route=\/wp\/v2\/pages"}],"about":[{"href":"https:\/\/congresos.unlp.edu.ar\/xxiicac2021\/index.php?rest_route=\/wp\/v2\/types\/page"}],"author":[{"embeddable":true,"href":"https:\/\/congresos.unlp.edu.ar\/xxiicac2021\/index.php?rest_route=\/wp\/v2\/users\/69"}],"replies":[{"embeddable":true,"href":"https:\/\/congresos.unlp.edu.ar\/xxiicac2021\/index.php?rest_route=%2Fwp%2Fv2%2Fcomments&post=56"}],"version-history":[{"count":0,"href":"https:\/\/congresos.unlp.edu.ar\/xxiicac2021\/index.php?rest_route=\/wp\/v2\/pages\/56\/revisions"}],"wp:attachment":[{"href":"https:\/\/congresos.unlp.edu.ar\/xxiicac2021\/index.php?rest_route=%2Fwp%2Fv2%2Fmedia&parent=56"}],"curies":[{"name":"wp","href":"https:\/\/api.w.org\/{rel}","templated":true}]}}