{"id":12,"date":"2023-05-09T10:24:49","date_gmt":"2023-05-09T13:24:49","guid":{"rendered":"https:\/\/congresos.unlp.edu.ar\/xwnmesc\/?page_id=12"},"modified":"2023-10-05T22:37:38","modified_gmt":"2023-10-06T01:37:38","slug":"organization","status":"publish","type":"page","link":"https:\/\/congresos.unlp.edu.ar\/xwnmesc\/organization\/","title":{"rendered":"Organization"},"content":{"rendered":"<h4><span style=\"color: #ff0000\"><strong>ORGANIZING COMMITTEE:<\/strong><\/span><\/h4>\n<ul>\n<li>\n<h4>Dr. Eitel L. Peltzer y Blanc\u00e1 (UNLP)\u00a0 &#8211; eitelp@gmail.com<\/h4>\n<\/li>\n<li>\n<h4>Dra. Susana B. Ramos\u00a0 (UNCo, PROBIEN-CONICET, Argentina)<\/h4>\n<\/li>\n<li>\n<h4>Dra. M. Ver\u00f3nica Ganduglia Pirovano (Institute of Catalysis and Petroleochemistry, CSIC, Spain)<\/h4>\n<\/li>\n<\/ul>\n<ul>\n<li>\n<h4>Dr. Leonardo A. Errico (UNLP, IFLP-CONICET, UNNOBA, Argentina)<\/h4>\n<\/li>\n<li>\n<h4>Dr. Ricardo Faccio (DETEMA, Universidad de la Rep\u00fablica, Uruguay)<\/h4>\n<\/li>\n<li>\n<h4>Dr. Andr\u00e9s D\u00edaz Company (IFISUR-CONICET, UNS, Argentina)<\/h4>\n<\/li>\n<li>\n<h4>Dr. Arles V. Gil Rebaza (UNLP, IFLP-CONICET, Argentina)<\/h4>\n<\/li>\n<\/ul>\n<p>&nbsp;<\/p>\n<h4><img loading=\"lazy\" decoding=\"async\" class=\"wp-image-124 alignnone\" src=\"https:\/\/congresos.unlp.edu.ar\/viiiwnmesc\/wp-content\/uploads\/sites\/6\/2019\/07\/UNLP-IFLP-300x291.jpg\" alt=\"\" width=\"144\" height=\"140\" \/> \u00a0\u00a0\u00a0\u00a0\u00a0\u00a0\u00a0\u00a0\u00a0\u00a0\u00a0\u00a0\u00a0\u00a0\u00a0\u00a0\u00a0\u00a0\u00a0\u00a0\u00a0\u00a0\u00a0\u00a0\u00a0\u00a0\u00a0\u00a0\u00a0\u00a0\u00a0\u00a0\u00a0\u00a0 <img loading=\"lazy\" decoding=\"async\" class=\"alignnone wp-image-126\" src=\"https:\/\/congresos.unlp.edu.ar\/viiiwnmesc\/wp-content\/uploads\/sites\/6\/2019\/07\/UNLP-300x144.png\" alt=\"\" width=\"293\" height=\"140\" \/> \u00a0\u00a0\u00a0 \u00a0 \u00a0 \u00a0 \u00a0 \u00a0 \u00a0 \u00a0 \u00a0 \u00a0 \u00a0 \u00a0 <img loading=\"lazy\" decoding=\"async\" class=\"wp-image-357 alignnone\" src=\"https:\/\/congresos.unlp.edu.ar\/viiiwnmesc\/wp-content\/uploads\/sites\/6\/2019\/10\/AFAlogo-300x300.jpg\" alt=\"\" width=\"206\" height=\"206\" \/><\/h4>\n<h4><img loading=\"lazy\" decoding=\"async\" class=\"alignnone wp-image-95 size-full\" src=\"http:\/\/congresos.unlp.edu.ar\/xwnmesc\/wp-content\/uploads\/sites\/71\/2023\/07\/images-e1690240855800.png\" alt=\"\" width=\"650\" height=\"184\" srcset=\"https:\/\/congresos.unlp.edu.ar\/xwnmesc\/wp-content\/uploads\/sites\/71\/2023\/07\/images-e1690240855800.png 650w, https:\/\/congresos.unlp.edu.ar\/xwnmesc\/wp-content\/uploads\/sites\/71\/2023\/07\/images-e1690240855800-300x85.png 300w\" sizes=\"auto, (max-width: 650px) 100vw, 650px\" \/><\/h4>\n<p><img loading=\"lazy\" decoding=\"async\" class=\"alignnone size-medium wp-image-100\" src=\"http:\/\/congresos.unlp.edu.ar\/xwnmesc\/wp-content\/uploads\/sites\/71\/2023\/07\/ematur-gris-e1690241329244-300x126.png\" alt=\"\" width=\"300\" height=\"126\" srcset=\"https:\/\/congresos.unlp.edu.ar\/xwnmesc\/wp-content\/uploads\/sites\/71\/2023\/07\/ematur-gris-e1690241329244-300x126.png 300w, https:\/\/congresos.unlp.edu.ar\/xwnmesc\/wp-content\/uploads\/sites\/71\/2023\/07\/ematur-gris-e1690241329244.png 666w\" sizes=\"auto, (max-width: 300px) 100vw, 300px\" \/>\u00a0 \u00a0 <img loading=\"lazy\" decoding=\"async\" class=\"alignnone wp-image-98\" src=\"http:\/\/congresos.unlp.edu.ar\/xwnmesc\/wp-content\/uploads\/sites\/71\/2023\/07\/UNNOBA-259x300.jpg\" alt=\"\" width=\"172\" height=\"200\" srcset=\"https:\/\/congresos.unlp.edu.ar\/xwnmesc\/wp-content\/uploads\/sites\/71\/2023\/07\/UNNOBA-259x300.jpg 259w, https:\/\/congresos.unlp.edu.ar\/xwnmesc\/wp-content\/uploads\/sites\/71\/2023\/07\/UNNOBA.jpg 480w\" sizes=\"auto, (max-width: 172px) 100vw, 172px\" \/>\u00a0 \u00a0 \u00a0 <img loading=\"lazy\" decoding=\"async\" class=\"alignnone size-medium wp-image-101\" src=\"http:\/\/congresos.unlp.edu.ar\/xwnmesc\/wp-content\/uploads\/sites\/71\/2023\/07\/exactasUNLP-300x90.jpeg\" alt=\"\" width=\"300\" height=\"90\" srcset=\"https:\/\/congresos.unlp.edu.ar\/xwnmesc\/wp-content\/uploads\/sites\/71\/2023\/07\/exactasUNLP-300x90.jpeg 300w, https:\/\/congresos.unlp.edu.ar\/xwnmesc\/wp-content\/uploads\/sites\/71\/2023\/07\/exactasUNLP.jpeg 410w\" sizes=\"auto, (max-width: 300px) 100vw, 300px\" \/><\/p>\n<p>&nbsp;<\/p>\n<p><img loading=\"lazy\" decoding=\"async\" class=\"alignnone wp-image-147\" src=\"http:\/\/congresos.unlp.edu.ar\/xwnmesc\/wp-content\/uploads\/sites\/71\/2023\/10\/index-300x84.png\" alt=\"\" width=\"447\" height=\"125\" srcset=\"https:\/\/congresos.unlp.edu.ar\/xwnmesc\/wp-content\/uploads\/sites\/71\/2023\/10\/index-300x84.png 300w, https:\/\/congresos.unlp.edu.ar\/xwnmesc\/wp-content\/uploads\/sites\/71\/2023\/10\/index.png 425w\" sizes=\"auto, (max-width: 447px) 100vw, 447px\" \/><\/p>\n<h4><span style=\"color: #ff0000\"><strong><img loading=\"lazy\" decoding=\"async\" class=\" wp-image-154 alignleft\" src=\"http:\/\/congresos.unlp.edu.ar\/xwnmesc\/wp-content\/uploads\/sites\/71\/2023\/10\/AgenciaLogo-300x114.jpg\" alt=\"\" width=\"371\" height=\"141\" srcset=\"https:\/\/congresos.unlp.edu.ar\/xwnmesc\/wp-content\/uploads\/sites\/71\/2023\/10\/AgenciaLogo-300x114.jpg 300w, https:\/\/congresos.unlp.edu.ar\/xwnmesc\/wp-content\/uploads\/sites\/71\/2023\/10\/AgenciaLogo.jpg 692w\" sizes=\"auto, (max-width: 371px) 100vw, 371px\" \/><\/strong><\/span><\/h4>\n","protected":false},"excerpt":{"rendered":"<p>ORGANIZING COMMITTEE: Dr. Eitel L. Peltzer y Blanc\u00e1 (UNLP)\u00a0 &#8211; eitelp@gmail.com Dra. Susana B. Ramos\u00a0 (UNCo, PROBIEN-CONICET, Argentina) Dra. M. Ver\u00f3nica Ganduglia Pirovano (Institute of Catalysis and Petroleochemistry, CSIC, Spain) Dr. Leonardo A. Errico (UNLP, IFLP-CONICET, UNNOBA, Argentina) Dr. Ricardo Faccio (DETEMA, Universidad de la Rep\u00fablica, Uruguay) Dr. Andr\u00e9s D\u00edaz Company (IFISUR-CONICET, UNS, Argentina) Dr. [&hellip;]<\/p>\n","protected":false},"author":2,"featured_media":0,"parent":0,"menu_order":0,"comment_status":"closed","ping_status":"closed","template":"","meta":{"advgb_blocks_editor_width":"","advgb_blocks_columns_visual_guide":"","footnotes":""},"class_list":["post-12","page","type-page","status-publish","hentry","post"],"aioseo_notices":[],"coauthors":[],"author_meta":{"author_link":"https:\/\/congresos.unlp.edu.ar\/xwnmesc\/author\/congresos\/","display_name":"congresos"},"relative_dates":{"created":"Posted 3 years ago","modified":"Updated 3 years ago"},"absolute_dates":{"created":"Posted on 9 May, 2023","modified":"Updated on 5 October, 2023"},"absolute_dates_time":{"created":"Posted on 9 May, 2023 10:24 am","modified":"Updated on 5 October, 2023 10:37 pm"},"featured_img_caption":"","featured_img":false,"series_order":"","_links":{"self":[{"href":"https:\/\/congresos.unlp.edu.ar\/xwnmesc\/wp-json\/wp\/v2\/pages\/12","targetHints":{"allow":["GET"]}}],"collection":[{"href":"https:\/\/congresos.unlp.edu.ar\/xwnmesc\/wp-json\/wp\/v2\/pages"}],"about":[{"href":"https:\/\/congresos.unlp.edu.ar\/xwnmesc\/wp-json\/wp\/v2\/types\/page"}],"author":[{"embeddable":true,"href":"https:\/\/congresos.unlp.edu.ar\/xwnmesc\/wp-json\/wp\/v2\/users\/2"}],"replies":[{"embeddable":true,"href":"https:\/\/congresos.unlp.edu.ar\/xwnmesc\/wp-json\/wp\/v2\/comments?post=12"}],"version-history":[{"count":0,"href":"https:\/\/congresos.unlp.edu.ar\/xwnmesc\/wp-json\/wp\/v2\/pages\/12\/revisions"}],"wp:attachment":[{"href":"https:\/\/congresos.unlp.edu.ar\/xwnmesc\/wp-json\/wp\/v2\/media?parent=12"}],"curies":[{"name":"wp","href":"https:\/\/api.w.org\/{rel}","templated":true}]}}