{"id":8,"date":"2023-03-07T10:57:04","date_gmt":"2023-03-07T13:57:04","guid":{"rendered":"https:\/\/congresos.unlp.edu.ar\/xvsscip\/?page_id=8"},"modified":"2023-05-03T15:18:36","modified_gmt":"2023-05-03T18:18:36","slug":"comite-cientifico","status":"publish","type":"page","link":"https:\/\/congresos.unlp.edu.ar\/xvsscip\/comite-cientifico\/","title":{"rendered":"COMIT\u00c9 CIENT\u00cdFICO"},"content":{"rendered":"<p><strong><span style=\"color: #800080\">Dra. Roc\u00edo Garc\u00eda Mancuso<\/span><\/strong> &#8211; CONICET &#8211; [LICIF] Laboratorio de Investigaciones en Ciencias Forenses de la Facultad de Ciencias M\u00e9dicas, UNLP. <span style=\"color: #808080\"><a style=\"color: #808080\" href=\"https:\/\/www.conicet.gov.ar\/new_scp\/detalle.php?id=27499&amp;keywords=rocio%2Bgarcia%2Bmancuso&amp;datos_academicos=yes\">https:\/\/www.conicet.gov.ar\/new_scp\/detalle.php?id=27499&amp;keywords=rocio%2Bgarcia%2Bmancuso&amp;datos_academicos=yes<\/a><\/span><\/p>\n<p><strong><span style=\"color: #800080\">Dra. Florencia Cesani Rossi<\/span><\/strong> &#8211; CONICET &#8211; [LINOA] Laboratorio de Investigaciones en Ontogenia y Adaptaci\u00f3n. Facultad de Ciencias Naturales y Museo &#8211; UNLP. <span style=\"color: #808080\"><a style=\"color: #808080\" href=\"https:\/\/www.conicet.gov.ar\/new_scp\/detalle.php?id=20817&amp;datos_academicos=yes\">https:\/\/www.conicet.gov.ar\/new_scp\/detalle.php?id=20817&amp;datos_academicos=yes<\/a><\/span><\/p>\n<p><strong><span style=\"color: #800080\">Dr. Gustavo Politis<\/span><\/strong> &#8211; CONICET &#8211; [INCUAPA] Investigaciones Arqueol\u00f3gicas y Paleontol\u00f3gicas del Cuaternario Pampeano &#8211; [CCT Tandil] Centro Cient\u00edfico Tecnol\u00f3gico Conicet \u2013 Tandil. <span style=\"color: #808080\"><a style=\"color: #808080\" href=\"https:\/\/www.conicet.gov.ar\/new_scp\/detalle.php?id=19696&amp;keywords=Politis%2BGustavo%2Bgabriel&amp;datos_academicos=yes\">https:\/\/www.conicet.gov.ar\/new_scp\/detalle.php?id=19696&amp;keywords=Politis%2BGustavo%2Bgabriel&amp;datos_academicos=yes\u00a0<\/a><\/span><\/p>\n<p><strong><span style=\"color: #800080\">Phd. Katie Hemer<\/span><\/strong> &#8211; Institute of Archaeology Gordon Square &#8211; London&#8217;s Global University. President of the Society for the Study of Childhood in the Past (SSCIP).\u00a0<span style=\"color: #808080\"><a style=\"color: #808080\" href=\"https:\/\/www.ucl.ac.uk\/archaeology\/people\/katie-hemer-lecturer-bioarchaeology-and-forensic-anthropology\" target=\"_blank\" rel=\"noopener\">https:\/\/www.ucl.ac.uk\/archaeology\/people\/katie-hemer-lecturer-bioarchaeology-and-forensic-anthropology<\/a><\/span><\/p>\n<p><strong><span style=\"color: #800080\">Dr. Claire Hodson<\/span><\/strong> &#8211; Departamento de Arqueolog\u00eda de la Universidad de Reading, Inglaterra, Reino Unido. Membership Secretary for the Society for the Study of Childhood in the Past (SSCIP).<span style=\"color: #808080\"> <a style=\"color: #808080\" href=\"https:\/\/www.linkedin.com\/redir\/redirect?url=https%3A%2F%2Fwww%2Eresearchgate%2Enet%2Fprofile%2FClaire_Hodson2&amp;urlhash=BJ8Y&amp;trk=public_profile_website\">https:\/\/www.linkedin.com\/redir\/redirect?url=https%3A%2F%2Fwww%2Eresearchgate%2Enet%2Fprofile%2FClaire_Hodson2&amp;urlhash=BJ8Y&amp;trk=public_profile_website\u00a0<\/a><\/span><\/p>\n<p><strong><span style=\"color: #800080\">Phd. Sophie Newman<\/span><\/strong> &#8211; School of History, Classics and Archaeology University of Edinburgh. Committee Secretary for the Society for the Study of Childhood in the Past (SSCIP).<span style=\"color: #808080\">\u00a0<a style=\"color: #808080\" href=\"https:\/\/www.ed.ac.uk\/history-classics-archaeology\/about-us\/staff-profiles\/profile_academic.php?search=2&amp;uun=snewman\" target=\"_blank\" rel=\"noopener\">https:\/\/www.ed.ac.uk\/history-classics-archaeology\/about-us\/staff-profiles\/profile_academic.php?search=2&amp;uun=snewman<\/a><\/span><\/p>\n<p><strong><span style=\"color: #800080\">Professor Eileen Murphy<\/span><\/strong> &#8211; Escuela de Geograf\u00eda, Arqueolog\u00eda y Paleoecolog\u00eda, Queen&#8217;s University, Belfast, Reino Unido. Journal Editor for the Society for the Study of Childhood in the Past (SSCIP). <span style=\"color: #808080\"><a style=\"color: #808080\" href=\"https:\/\/www.qub.ac.uk\/schools\/NBE\/Research\/find-a-phd-supervisor\/professor-eileen-murphy.html\">https:\/\/www.qub.ac.uk\/schools\/NBE\/Research\/find-a-phd-supervisor\/professor-eileen-murphy.html<\/a>\u00a0<\/span><\/p>\n<p><strong><span style=\"color: #800080\">Phd. Kirsty Squires<\/span><\/strong> &#8211; University of Staffordshire, Reino Unido. Student Development and Outreach Officer of the Society for the Study of Childhood in the Past (SSCIP). <span style=\"color: #808080\"><a style=\"color: #808080\" href=\"https:\/\/www.staffs.ac.uk\/people\/kirsty-squires\">https:\/\/www.staffs.ac.uk\/people\/kirsty-squires<\/a><\/span><\/p>\n<p>&nbsp;<\/p>\n","protected":false},"excerpt":{"rendered":"<p>Dra. Roc\u00edo Garc\u00eda Mancuso &#8211; CONICET &#8211; [LICIF] Laboratorio de Investigaciones en Ciencias Forenses de la Facultad de Ciencias M\u00e9dicas, UNLP. https:\/\/www.conicet.gov.ar\/new_scp\/detalle.php?id=27499&amp;keywords=rocio%2Bgarcia%2Bmancuso&amp;datos_academicos=yes Dra. Florencia Cesani Rossi &#8211; CONICET &#8211; [LINOA] Laboratorio de Investigaciones en Ontogenia y Adaptaci\u00f3n. Facultad de Ciencias Naturales y Museo &#8211; UNLP. https:\/\/www.conicet.gov.ar\/new_scp\/detalle.php?id=20817&amp;datos_academicos=yes Dr. Gustavo Politis &#8211; CONICET &#8211; [INCUAPA] Investigaciones Arqueol\u00f3gicas [&hellip;]<\/p>\n","protected":false},"author":2,"featured_media":0,"parent":0,"menu_order":0,"comment_status":"closed","ping_status":"closed","template":"","meta":{"advgb_blocks_editor_width":"","advgb_blocks_columns_visual_guide":"","footnotes":""},"class_list":["post-8","page","type-page","status-publish","hentry","post"],"aioseo_notices":[],"coauthors":[],"author_meta":{"author_link":"https:\/\/congresos.unlp.edu.ar\/xvsscip\/author\/congresos\/","display_name":"congresos"},"relative_dates":{"created":"Publicado 3 a\u00f1os hace","modified":"Actualizado 3 a\u00f1os hace"},"absolute_dates":{"created":"Publicado el 7 marzo, 2023","modified":"Actualizado el 3 mayo, 2023"},"absolute_dates_time":{"created":"Publicado el 7 marzo, 2023 10:57 am","modified":"Actualizado el 3 mayo, 2023 3:18 pm"},"featured_img_caption":"","featured_img":false,"series_order":"","_links":{"self":[{"href":"https:\/\/congresos.unlp.edu.ar\/xvsscip\/wp-json\/wp\/v2\/pages\/8","targetHints":{"allow":["GET"]}}],"collection":[{"href":"https:\/\/congresos.unlp.edu.ar\/xvsscip\/wp-json\/wp\/v2\/pages"}],"about":[{"href":"https:\/\/congresos.unlp.edu.ar\/xvsscip\/wp-json\/wp\/v2\/types\/page"}],"author":[{"embeddable":true,"href":"https:\/\/congresos.unlp.edu.ar\/xvsscip\/wp-json\/wp\/v2\/users\/2"}],"replies":[{"embeddable":true,"href":"https:\/\/congresos.unlp.edu.ar\/xvsscip\/wp-json\/wp\/v2\/comments?post=8"}],"version-history":[{"count":0,"href":"https:\/\/congresos.unlp.edu.ar\/xvsscip\/wp-json\/wp\/v2\/pages\/8\/revisions"}],"wp:attachment":[{"href":"https:\/\/congresos.unlp.edu.ar\/xvsscip\/wp-json\/wp\/v2\/media?parent=8"}],"curies":[{"name":"wp","href":"https:\/\/api.w.org\/{rel}","templated":true}]}}