{"id":6,"date":"2023-03-07T10:56:50","date_gmt":"2023-03-07T13:56:50","guid":{"rendered":"https:\/\/congresos.unlp.edu.ar\/xvsscip\/?page_id=6"},"modified":"2023-04-27T13:33:41","modified_gmt":"2023-04-27T16:33:41","slug":"comision-organizadora","status":"publish","type":"page","link":"https:\/\/congresos.unlp.edu.ar\/xvsscip\/comision-organizadora\/","title":{"rendered":"COMISI\u00d3N ORGANIZADORA"},"content":{"rendered":"<p><strong><span style=\"color: #800080\">Dra. Roc\u00edo Garc\u00eda Mancuso<\/span><\/strong> &#8211; Laboratorio de Investigaciones en Ciencias Forenses (LICiF). Facultad de Ciencias M\u00e9dicas. Universidad Nacional de La Plata. CONICET<\/p>\n<p><strong><span style=\"color: #800080\">Dra. B\u00e1rbara Des\u00e1ntolo<\/span><\/strong> &#8211; Laboratorio de Investigaciones en Ciencias Forenses (LICiF). Facultad de Ciencias M\u00e9dicas. Universidad Nacional de La Plata.<\/p>\n<p><span style=\"color: #800080\"><strong>Dr. Marcos Plischuk<\/strong><\/span> &#8211; Laboratorio de Investigaciones en Ciencias Forenses (LICiF). Facultad de Ciencias M\u00e9dicas. Universidad Nacional de La Plata. CONICET<\/p>\n<p><strong><span style=\"color: #800080\">Dr. Gonzalo Garizoain<\/span><\/strong> &#8211; Laboratorio de Investigaciones en Ciencias Forenses (LICiF). Facultad de Ciencias M\u00e9dicas. Universidad Nacional de La Plata. CONICET<\/p>\n<p><span style=\"color: #800080\"><strong>Lic. Linda Jezabel Miguez<\/strong><\/span> &#8211; Laboratorio de Investigaciones en Ciencias Forenses (LICiF). Facultad de Ciencias M\u00e9dicas. Universidad Nacional de La Plata.<\/p>\n<p><strong><span style=\"color: #800080\">Lic. Liz Carla Cesa<\/span><\/strong> &#8211; Laboratorio de Investigaciones en Ciencias Forenses (LICiF). Facultad de Ciencias M\u00e9dicas. Universidad Nacional de La Plata.<\/p>\n","protected":false},"excerpt":{"rendered":"<p>Dra. Roc\u00edo Garc\u00eda Mancuso &#8211; Laboratorio de Investigaciones en Ciencias Forenses (LICiF). Facultad de Ciencias M\u00e9dicas. Universidad Nacional de La Plata. CONICET Dra. B\u00e1rbara Des\u00e1ntolo &#8211; Laboratorio de Investigaciones en Ciencias Forenses (LICiF). Facultad de Ciencias M\u00e9dicas. Universidad Nacional de La Plata. Dr. Marcos Plischuk &#8211; Laboratorio de Investigaciones en Ciencias Forenses (LICiF). Facultad de [&hellip;]<\/p>\n","protected":false},"author":2,"featured_media":0,"parent":0,"menu_order":0,"comment_status":"closed","ping_status":"closed","template":"","meta":{"advgb_blocks_editor_width":"","advgb_blocks_columns_visual_guide":"","footnotes":""},"class_list":["post-6","page","type-page","status-publish","hentry","post"],"aioseo_notices":[],"coauthors":[],"author_meta":{"author_link":"https:\/\/congresos.unlp.edu.ar\/xvsscip\/author\/congresos\/","display_name":"congresos"},"relative_dates":{"created":"Publicado 3 a\u00f1os hace","modified":"Actualizado 3 a\u00f1os hace"},"absolute_dates":{"created":"Publicado el 7 marzo, 2023","modified":"Actualizado el 27 abril, 2023"},"absolute_dates_time":{"created":"Publicado el 7 marzo, 2023 10:56 am","modified":"Actualizado el 27 abril, 2023 1:33 pm"},"featured_img_caption":"","featured_img":false,"series_order":"","_links":{"self":[{"href":"https:\/\/congresos.unlp.edu.ar\/xvsscip\/wp-json\/wp\/v2\/pages\/6","targetHints":{"allow":["GET"]}}],"collection":[{"href":"https:\/\/congresos.unlp.edu.ar\/xvsscip\/wp-json\/wp\/v2\/pages"}],"about":[{"href":"https:\/\/congresos.unlp.edu.ar\/xvsscip\/wp-json\/wp\/v2\/types\/page"}],"author":[{"embeddable":true,"href":"https:\/\/congresos.unlp.edu.ar\/xvsscip\/wp-json\/wp\/v2\/users\/2"}],"replies":[{"embeddable":true,"href":"https:\/\/congresos.unlp.edu.ar\/xvsscip\/wp-json\/wp\/v2\/comments?post=6"}],"version-history":[{"count":0,"href":"https:\/\/congresos.unlp.edu.ar\/xvsscip\/wp-json\/wp\/v2\/pages\/6\/revisions"}],"wp:attachment":[{"href":"https:\/\/congresos.unlp.edu.ar\/xvsscip\/wp-json\/wp\/v2\/media?parent=6"}],"curies":[{"name":"wp","href":"https:\/\/api.w.org\/{rel}","templated":true}]}}