{"id":4,"date":"2023-03-07T10:56:30","date_gmt":"2023-03-07T13:56:30","guid":{"rendered":"https:\/\/congresos.unlp.edu.ar\/xvsscip\/?page_id=4"},"modified":"2023-04-28T17:47:15","modified_gmt":"2023-04-28T20:47:15","slug":"bienvenida","status":"publish","type":"page","link":"https:\/\/congresos.unlp.edu.ar\/xvsscip\/bienvenida\/","title":{"rendered":"BIENVENIDA"},"content":{"rendered":"<p>Nos complace informarles que el pr\u00f3ximo Congreso Anual de la Sociedad para el Estudio de la Infancia en el Pasado (Society for the Study of Childhood in the Past &#8211; SSCIP) se realizar\u00e1 del <span style=\"color: #9c0e9c\"><strong>18 al 20 de octubre de 2023 <\/strong><\/span>en La Plata (Buenos Aires, Argentina) en el<span style=\"color: #910a91\"><span style=\"color: #9c0e9c\"> <a style=\"color: #9c0e9c\" href=\"http:\/\/congresos.unlp.edu.ar\/xvsscip\/wp-content\/uploads\/sites\/65\/2023\/04\/SSCIP-SEDE.pdf\" target=\"_blank\" rel=\"noopener\"><strong>Centro de Posgrado \u201cSergio Karakachoff\u201d<\/strong><\/a><\/span>\u00a0<\/span>de la Universidad Nacional de La Plata ubicado en el centro de la ciudad.<\/p>\n<p>En esta oportunidad el tema del evento: <strong><span style=\"color: #9c0e9c\">\u201cVoces del tiempo: conceptos y perspectivas que recuperan las infancias del pasado\u201d<\/span><\/strong> nos propone pensar la participaci\u00f3n de los ni\u00f1os, ni\u00f1as y adolescentes en diferentes momentos y lugares. Esto implica incorporar tanto el estudio de restos provenientes de contextos arqueol\u00f3gicos, como la exploraci\u00f3n de fuentes escritas y orales. Analizar las caracter\u00edsticas de los hallazgos que permitan conocer las particularidades individuales e interpretar las condiciones de vida de sociedades pasadas. Considerar el papel de los ni\u00f1os en diferentes grupos sociales. Evaluar la existencia de contrastes en su cuidado y participaci\u00f3n en la vida cotidiana seg\u00fan g\u00e9nero, edad y habilidades. Tambi\u00e9n reflexionar sobre su participaci\u00f3n en el juego, el trabajo y la memoria colectiva en sociedades pasadas y actuales. En este marco, llamamos a analizar las infancias desde una perspectiva transdisciplinar recuperando su participaci\u00f3n en el pasado reciente y antiguo.<\/p>\n<p><span style=\"color: #000080\"><strong>Alguno de los temas sugeridos son:<\/strong><\/span><\/p>\n<p>&#8211; Condiciones de vida de ni\u00f1os en poblaciones antiguas<br \/>\n&#8211; \u00bfC\u00f3mo exploramos la presencia de ni\u00f1os\/as en contextos arqueol\u00f3gicos?<br \/>\n&#8211; Tratamiento de ni\u00f1os\/as en contextos funerarios<br \/>\n&#8211; Tratamientos diferenciales por g\u00e9nero, edad o habilidades en poblaciones antiguas<br \/>\n&#8211; Como las voces de los ni\u00f1os de ayer contribuyen a la memoria colectiva<br \/>\n&#8211; El cuidado, la educaci\u00f3n y la salud de los\/as ni\u00f1os\/as en el pasado reciente y antiguo<br \/>\n&#8211; Participaci\u00f3n de los ni\u00f1os\/as en contextos de producci\u00f3n\u00a0o\u00a0trabajo<\/p>\n<p>El evento contar\u00e1 con Conferencias, Comunicaciones Orales y Posters. Se realizar\u00e1 en <span style=\"color: #9c0e9c\"><strong>forma h\u00edbrida<\/strong><\/span>, aceptando presentaciones en forma presencial y remota con el objeto de favorecer las presentaciones internacionales.\u00a0Se aceptar\u00e1n presentaciones en idioma espa\u00f1ol y en ingl\u00e9s, aunque se sugiere enf\u00e1ticamente que las comunicaciones se realicen en ingl\u00e9s y los res\u00famenes deber\u00e1n presentarse en ambos idiomas.<\/p>\n<p>Toda la informaci\u00f3n relativa al congreso se publicar\u00e1 en este sitio web.<\/p>\n<p>Esperamos contar con su participaci\u00f3n.<\/p>\n<p>COMISI\u00d3N ORGANIZADORA<\/p>\n<p>&nbsp;<\/p>\n<p>&nbsp;<\/p>\n","protected":false},"excerpt":{"rendered":"<p>Nos complace informarles que el pr\u00f3ximo Congreso Anual de la Sociedad para el Estudio de la Infancia en el Pasado (Society for the Study of Childhood in the Past &#8211; SSCIP) se realizar\u00e1 del 18 al 20 de octubre de 2023 en La Plata (Buenos Aires, Argentina) en el Centro de Posgrado \u201cSergio Karakachoff\u201d\u00a0de la [&hellip;]<\/p>\n","protected":false},"author":2,"featured_media":0,"parent":0,"menu_order":0,"comment_status":"closed","ping_status":"closed","template":"","meta":{"advgb_blocks_editor_width":"","advgb_blocks_columns_visual_guide":"","footnotes":""},"class_list":["post-4","page","type-page","status-publish","hentry","post"],"aioseo_notices":[],"coauthors":[],"author_meta":{"author_link":"https:\/\/congresos.unlp.edu.ar\/xvsscip\/author\/congresos\/","display_name":"congresos"},"relative_dates":{"created":"Publicado 3 a\u00f1os hace","modified":"Actualizado 3 a\u00f1os hace"},"absolute_dates":{"created":"Publicado el 7 marzo, 2023","modified":"Actualizado el 28 abril, 2023"},"absolute_dates_time":{"created":"Publicado el 7 marzo, 2023 10:56 am","modified":"Actualizado el 28 abril, 2023 5:47 pm"},"featured_img_caption":"","featured_img":false,"series_order":"","_links":{"self":[{"href":"https:\/\/congresos.unlp.edu.ar\/xvsscip\/wp-json\/wp\/v2\/pages\/4","targetHints":{"allow":["GET"]}}],"collection":[{"href":"https:\/\/congresos.unlp.edu.ar\/xvsscip\/wp-json\/wp\/v2\/pages"}],"about":[{"href":"https:\/\/congresos.unlp.edu.ar\/xvsscip\/wp-json\/wp\/v2\/types\/page"}],"author":[{"embeddable":true,"href":"https:\/\/congresos.unlp.edu.ar\/xvsscip\/wp-json\/wp\/v2\/users\/2"}],"replies":[{"embeddable":true,"href":"https:\/\/congresos.unlp.edu.ar\/xvsscip\/wp-json\/wp\/v2\/comments?post=4"}],"version-history":[{"count":0,"href":"https:\/\/congresos.unlp.edu.ar\/xvsscip\/wp-json\/wp\/v2\/pages\/4\/revisions"}],"wp:attachment":[{"href":"https:\/\/congresos.unlp.edu.ar\/xvsscip\/wp-json\/wp\/v2\/media?parent=4"}],"curies":[{"name":"wp","href":"https:\/\/api.w.org\/{rel}","templated":true}]}}