{"id":395,"date":"2023-09-22T16:25:41","date_gmt":"2023-09-22T19:25:41","guid":{"rendered":"https:\/\/congresos.unlp.edu.ar\/xvsscip\/?page_id=395"},"modified":"2023-09-22T17:09:11","modified_gmt":"2023-09-22T20:09:11","slug":"premio","status":"publish","type":"page","link":"https:\/\/congresos.unlp.edu.ar\/xvsscip\/premio\/","title":{"rendered":"Premio"},"content":{"rendered":"<p>En esta oportunidad la SSCIP ofrece un <span style=\"color: #000080\"><strong>Premio SSCIP a Estudiantes <\/strong><\/span>que ser\u00e1 seleccionado durante el congreso.<\/p>\n<p>Pueden postularse presentaciones orales y posters cuyo primer\/a autor\/a ser\u00e1 estudiante de grado, graduado reciente (hasta 2 a\u00f1os posteriores a la obtenci\u00f3n del t\u00edtulo) o estudiante de postgrado (doctorado, maestr\u00eda).<\/p>\n<p>El premio ser\u00e1 un a\u00f1o de membres\u00eda a la SSCIP y la invitaci\u00f3n a escribir su presentaci\u00f3n para ser publicada en la revista <em>Childhood in the Past<\/em>.<\/p>\n<p>En los pr\u00f3ximos d\u00edas estar\u00e1n recibiendo la invitaci\u00f3n a postularse al premio.<\/p>\n<p>&nbsp;<\/p>\n","protected":false},"excerpt":{"rendered":"<p>En esta oportunidad la SSCIP ofrece un Premio SSCIP a Estudiantes que ser\u00e1 seleccionado durante el congreso. Pueden postularse presentaciones orales y posters cuyo primer\/a autor\/a ser\u00e1 estudiante de grado, graduado reciente (hasta 2 a\u00f1os posteriores a la obtenci\u00f3n del t\u00edtulo) o estudiante de postgrado (doctorado, maestr\u00eda). El premio ser\u00e1 un a\u00f1o de membres\u00eda a [&hellip;]<\/p>\n","protected":false},"author":63,"featured_media":0,"parent":0,"menu_order":0,"comment_status":"closed","ping_status":"closed","template":"","meta":{"advgb_blocks_editor_width":"","advgb_blocks_columns_visual_guide":"","footnotes":""},"class_list":["post-395","page","type-page","status-publish","hentry","post"],"aioseo_notices":[],"coauthors":[],"author_meta":{"author_link":"https:\/\/congresos.unlp.edu.ar\/xvsscip\/author\/barbaradesantolo\/","display_name":"barbaradesantolo"},"relative_dates":{"created":"Publicado 3 a\u00f1os hace","modified":"Actualizado 3 a\u00f1os hace"},"absolute_dates":{"created":"Publicado el 22 septiembre, 2023","modified":"Actualizado el 22 septiembre, 2023"},"absolute_dates_time":{"created":"Publicado el 22 septiembre, 2023 4:25 pm","modified":"Actualizado el 22 septiembre, 2023 5:09 pm"},"featured_img_caption":"","featured_img":false,"series_order":"","_links":{"self":[{"href":"https:\/\/congresos.unlp.edu.ar\/xvsscip\/wp-json\/wp\/v2\/pages\/395","targetHints":{"allow":["GET"]}}],"collection":[{"href":"https:\/\/congresos.unlp.edu.ar\/xvsscip\/wp-json\/wp\/v2\/pages"}],"about":[{"href":"https:\/\/congresos.unlp.edu.ar\/xvsscip\/wp-json\/wp\/v2\/types\/page"}],"author":[{"embeddable":true,"href":"https:\/\/congresos.unlp.edu.ar\/xvsscip\/wp-json\/wp\/v2\/users\/63"}],"replies":[{"embeddable":true,"href":"https:\/\/congresos.unlp.edu.ar\/xvsscip\/wp-json\/wp\/v2\/comments?post=395"}],"version-history":[{"count":0,"href":"https:\/\/congresos.unlp.edu.ar\/xvsscip\/wp-json\/wp\/v2\/pages\/395\/revisions"}],"wp:attachment":[{"href":"https:\/\/congresos.unlp.edu.ar\/xvsscip\/wp-json\/wp\/v2\/media?parent=395"}],"curies":[{"name":"wp","href":"https:\/\/api.w.org\/{rel}","templated":true}]}}