{"id":217,"date":"2023-04-27T19:23:07","date_gmt":"2023-04-27T22:23:07","guid":{"rendered":"https:\/\/congresos.unlp.edu.ar\/xvsscip\/?page_id=217"},"modified":"2023-09-22T16:38:08","modified_gmt":"2023-09-22T19:38:08","slug":"informacion-turistica","status":"publish","type":"page","link":"https:\/\/congresos.unlp.edu.ar\/xvsscip\/informacion-turistica\/","title":{"rendered":"INFORMACI\u00d3N TUR\u00cdSTICA"},"content":{"rendered":"<p>En esta oportunidad la sede del XVSSCIP ser\u00e1 la ciudad de <span style=\"color: #ad28ad\"><b>La Plata<\/b><\/span>\u00a0(a veces denominada\u00a0<span style=\"color: #ad28ad\"><b>Casco urbano<\/b><\/span>\u00a0o\u00a0<span style=\"color: #ad28ad\"><b>Casco fundacional<\/b><\/span> en el contexto del partido de La Plata)\u00a0<sup id=\"cite_ref-Ambrosetti_1-1\" class=\"reference separada\"><\/sup>es una ciudad de Argentina, capital de la provincia de Buenos Aires. Se ubica a 56 km de la Ciudad de Buenos Aires. Es apodada: la \u00abCiudad de las diagonales\u00bb y, menos frecuentemente, la \u00abCiudad de los Tilos\u00bb<\/p>\n<p>Les compartimos algunas p\u00e1ginas donde encontraran informaci\u00f3n sobre turismo:<\/p>\n<ul>\n<li>Sitio oficial del <em>Ente Municipal de la Ciudad de La Plata <\/em>para la actividad tur\u00edstica\u00a0 &#8211;\u00a0 <span style=\"color: #008080\"><a style=\"color: #008080\" href=\"https:\/\/turismo.laplata.gob.ar\/ematur\/\" target=\"_blank\" rel=\"noopener\"><strong>EMATUR<\/strong><\/a><\/span><\/li>\n<li><span style=\"color: #333333\">Sitio oficial del <em>Ente de <\/em><em>Turismo<\/em><\/span><span style=\"color: #000000\"><span style=\"color: #333333\"><em> del Gobierno de la Ciudad de Buenos Aires<\/em>\u00a0 &#8211;<\/span> \u00a0<\/span><span style=\"color: #008080\"><strong><a style=\"color: #008080\" href=\"https:\/\/turismo.buenosaires.gob.ar\/es\" target=\"_blank\" rel=\"noopener\">TURISMO Buenos Aires Ciudad<\/a>\u00a0<\/strong><\/span><\/li>\n<li><span style=\"color: #333333\">Programa de turismo y cultura de la provincia de Buenos Aires, podr\u00e1n encontrar m\u00e1s de 100 actividades libres y gratuitas, para toda la familia\u00a0 &#8211;\u00a0 <\/span><span style=\"color: #008080\"><a style=\"color: #008080\" href=\"https:\/\/recreo.gba.gob.ar\/\" target=\"_blank\" rel=\"noopener\"><strong>ReCreo<\/strong><\/a><\/span><\/li>\n<li><span style=\"color: #333399\"><span style=\"color: #333333\">Informaci\u00f3n tur\u00edstica\u00a0para viajar por Argentina\u00a0 &#8211;<\/span><b style=\"color: #0000ff\">\u00a0 <span style=\"color: #008080\"><a style=\"color: #008080\" href=\"https:\/\/www.welcomeargentina.com\/\" target=\"_blank\" rel=\"noopener\">WELCOME<\/a><\/span><\/b><\/span><span style=\"color: #008080\"> <strong>ARGENTINA<\/strong><\/span><\/li>\n<\/ul>\n<p>\u200bPara m\u00e1s informaci\u00f3n sobre sitios de inter\u00e9s tur\u00edstico pulse <span style=\"color: #ad28ad\"><a style=\"color: #ad28ad\" href=\"http:\/\/congresos.unlp.edu.ar\/xvsscip\/wp-content\/uploads\/sites\/65\/2023\/04\/SSCIP-INFO-TURISTICA-1.pdf\" target=\"_blank\" rel=\"noopener\"><strong>aqu\u00ed\u00a0<\/strong><\/a><\/span><\/p>\n<p>&nbsp;<\/p>\n<p>&nbsp;<\/p>\n<p>&nbsp;<\/p>\n","protected":false},"excerpt":{"rendered":"<p>En esta oportunidad la sede del XVSSCIP ser\u00e1 la ciudad de La Plata\u00a0(a veces denominada\u00a0Casco urbano\u00a0o\u00a0Casco fundacional en el contexto del partido de La Plata)\u00a0es una ciudad de Argentina, capital de la provincia de Buenos Aires. Se ubica a 56 km de la Ciudad de Buenos Aires. Es apodada: la \u00abCiudad de las diagonales\u00bb y, [&hellip;]<\/p>\n","protected":false},"author":63,"featured_media":0,"parent":0,"menu_order":0,"comment_status":"closed","ping_status":"closed","template":"","meta":{"advgb_blocks_editor_width":"","advgb_blocks_columns_visual_guide":"","footnotes":""},"class_list":["post-217","page","type-page","status-publish","hentry","post"],"aioseo_notices":[],"coauthors":[],"author_meta":{"author_link":"https:\/\/congresos.unlp.edu.ar\/xvsscip\/author\/barbaradesantolo\/","display_name":"barbaradesantolo"},"relative_dates":{"created":"Publicado 3 a\u00f1os hace","modified":"Actualizado 3 a\u00f1os hace"},"absolute_dates":{"created":"Publicado el 27 abril, 2023","modified":"Actualizado el 22 septiembre, 2023"},"absolute_dates_time":{"created":"Publicado el 27 abril, 2023 7:23 pm","modified":"Actualizado el 22 septiembre, 2023 4:38 pm"},"featured_img_caption":"","featured_img":false,"series_order":"","_links":{"self":[{"href":"https:\/\/congresos.unlp.edu.ar\/xvsscip\/wp-json\/wp\/v2\/pages\/217","targetHints":{"allow":["GET"]}}],"collection":[{"href":"https:\/\/congresos.unlp.edu.ar\/xvsscip\/wp-json\/wp\/v2\/pages"}],"about":[{"href":"https:\/\/congresos.unlp.edu.ar\/xvsscip\/wp-json\/wp\/v2\/types\/page"}],"author":[{"embeddable":true,"href":"https:\/\/congresos.unlp.edu.ar\/xvsscip\/wp-json\/wp\/v2\/users\/63"}],"replies":[{"embeddable":true,"href":"https:\/\/congresos.unlp.edu.ar\/xvsscip\/wp-json\/wp\/v2\/comments?post=217"}],"version-history":[{"count":0,"href":"https:\/\/congresos.unlp.edu.ar\/xvsscip\/wp-json\/wp\/v2\/pages\/217\/revisions"}],"wp:attachment":[{"href":"https:\/\/congresos.unlp.edu.ar\/xvsscip\/wp-json\/wp\/v2\/media?parent=217"}],"curies":[{"name":"wp","href":"https:\/\/api.w.org\/{rel}","templated":true}]}}