{"id":166,"date":"2023-04-24T12:02:59","date_gmt":"2023-04-24T15:02:59","guid":{"rendered":"https:\/\/congresos.unlp.edu.ar\/xvsscip\/?page_id=166"},"modified":"2023-09-22T17:29:01","modified_gmt":"2023-09-22T20:29:01","slug":"inscripcion","status":"publish","type":"page","link":"https:\/\/congresos.unlp.edu.ar\/xvsscip\/inscripcion\/","title":{"rendered":"INSCRIPCI\u00d3N"},"content":{"rendered":"<p>Para inscribirse completar los siguientes formularios:<\/p>\n<p><a href=\"https:\/\/forms.gle\/VBa3ZeNtjrbdxsY79\"><strong><span style=\"color: #000080\">Argentinos\/as<\/span><\/strong><\/a><\/p>\n<p><a href=\"https:\/\/forms.gle\/tGAL2WhwbcqP8C1dA\"><strong><span style=\"color: #008080\">Extranjeros\/as<\/span><\/strong><\/a><\/p>\n<p>&nbsp;<\/p>\n<table style=\"height: 608px\" width=\"702\">\n<tbody>\n<tr>\n<td width=\"152\"><strong>\u00a0<\/strong><\/td>\n<td style=\"text-align: center\" colspan=\"2\" width=\"204\"><del><span style=\"color: #000080\"><strong>Hasta el 30 de junio<\/strong><\/span><\/del><\/td>\n<td style=\"text-align: center\" colspan=\"2\" width=\"204\"><span style=\"color: #000080\"><strong>Desde el 1 de julio<\/strong><\/span><\/td>\n<\/tr>\n<tr>\n<td width=\"152\"><strong>\u00a0<\/strong><\/td>\n<td width=\"102\"><span style=\"color: #b85311\"><strong>Argentinos* <\/strong><\/span><\/td>\n<td width=\"102\"><span style=\"color: #b85311\"><strong>Extranjeros** <\/strong><\/span><\/td>\n<td width=\"102\"><span style=\"color: #b85311\"><strong>Argentinos* <\/strong><\/span><\/td>\n<td width=\"102\"><span style=\"color: #b85311\"><strong>Extranjeros** <\/strong><\/span><\/td>\n<\/tr>\n<tr>\n<td width=\"152\"><span style=\"color: #b85311\"><strong>Socios<\/strong><strong> SSCIP<\/strong><\/span><\/td>\n<td width=\"102\"><span style=\"color: #b85311\">\u00a0<span style=\"color: #000000\"><del>$\u00a0\u00a0\u00a0\u00a0\u00a0 6.000,00<\/del><\/span><\/span><\/td>\n<td width=\"102\"><del><span style=\"color: #333333\">\u00a0U<\/span><span style=\"color: #333333\">$S\u00a0\u00a0\u00a0\u00a0\u00a0\u00a0\u00a0 72,00<\/span><\/del><\/td>\n<td width=\"102\"><span style=\"color: #333333\">\u00a0$\u00a0\u00a0\u00a0\u00a0\u00a0\u00a0\u00a0 7.500,00<\/span><\/td>\n<td width=\"102\"><span style=\"color: #333333\">\u00a0U$S\u00a0\u00a0\u00a0\u00a0\u00a0\u00a0 80,00<\/span><\/td>\n<\/tr>\n<tr>\n<td width=\"152\"><span style=\"color: #b85311\"><strong>NO Socios SSCIP<\/strong><\/span><\/td>\n<td width=\"102\"><del><span style=\"color: #b85311\">\u00a0<span style=\"color: #333333\">$\u00a0\u00a0\u00a0\u00a0\u00a0 8.000,00<\/span><\/span><\/del><\/td>\n<td width=\"102\"><del><span style=\"color: #333333\">\u00a0U$S\u00a0\u00a0\u00a0\u00a0\u00a0\u00a0\u00a0 90,00<\/span><\/del><\/td>\n<td width=\"102\"><span style=\"color: #333333\">\u00a0$\u00a0\u00a0\u00a0\u00a0\u00a0 10.000,00<\/span><\/td>\n<td width=\"102\"><span style=\"color: #333333\">\u00a0U$S\u00a0\u00a0\u00a0\u00a0 100,00<\/span><\/td>\n<\/tr>\n<tr>\n<td width=\"152\"><span style=\"color: #b85311\"><strong>Estudiantes <\/strong><\/span><\/td>\n<td width=\"102\"><span style=\"color: #b85311\">\u00a0<span style=\"color: #000000\"><del>$\u00a0\u00a0\u00a0\u00a0\u00a0 3.000,00<\/del><\/span><\/span><\/td>\n<td width=\"102\"><del><span style=\"color: #333333\">\u00a0U$S\u00a0\u00a0\u00a0\u00a0\u00a0\u00a0\u00a0 32,00<\/span><\/del><\/td>\n<td width=\"102\"><span style=\"color: #333333\">\u00a0$\u00a0\u00a0\u00a0\u00a0\u00a0\u00a0\u00a0 4.000,00<\/span><\/td>\n<td width=\"102\"><span style=\"color: #333333\">\u00a0U$S\u00a0\u00a0\u00a0\u00a0\u00a0\u00a0 35,00<\/span><\/td>\n<\/tr>\n<tr>\n<td width=\"152\"><span style=\"color: #b85311\"><strong>Socios<\/strong><strong> SSCIP <\/strong><strong>participaci\u00f3n<\/strong><strong> online<\/strong><\/span><\/td>\n<td width=\"102\"><span style=\"color: #b85311\">\u00a0<span style=\"color: #000000\"><del>$\u00a0\u00a0\u00a0\u00a0\u00a0 4.000,00<\/del><\/span><\/span><\/td>\n<td width=\"102\"><del><span style=\"color: #333333\">\u00a0U$S\u00a0\u00a0\u00a0\u00a0\u00a0\u00a0\u00a0 36,00<\/span><\/del><\/td>\n<td width=\"102\"><span style=\"color: #333333\">\u00a0$\u00a0\u00a0\u00a0\u00a0\u00a0\u00a0\u00a0 5.000,00<\/span><\/td>\n<td width=\"102\"><span style=\"color: #333333\">\u00a0U$S\u00a0\u00a0\u00a0\u00a0\u00a0\u00a0 40,00<\/span><\/td>\n<\/tr>\n<tr>\n<td width=\"152\"><span style=\"color: #b85311\"><strong>NO Socios SSCIP participaci\u00f3n online<\/strong><\/span><\/td>\n<td width=\"102\"><del>\u00a0<span style=\"color: #333333\">$\u00a0\u00a0\u00a0\u00a0\u00a0 5.000,00<\/span><\/del><\/td>\n<td width=\"102\"><del><span style=\"color: #333333\">\u00a0U$S\u00a0\u00a0\u00a0\u00a0\u00a0\u00a0\u00a0 45,00<\/span><\/del><\/td>\n<td width=\"102\"><span style=\"color: #333333\">\u00a0$\u00a0\u00a0\u00a0\u00a0\u00a0\u00a0\u00a0 6.500,00<\/span><\/td>\n<td width=\"102\"><span style=\"color: #333333\">\u00a0U$S\u00a0\u00a0\u00a0\u00a0\u00a0\u00a0 50,00<\/span><\/td>\n<\/tr>\n<\/tbody>\n<\/table>\n<h6><strong style=\"color: #000080\">*Valores en $ argentinos\u00a0 &#8211;\u00a0 **Valores en U$S<\/strong><\/h6>\n<div>\n<div dir=\"ltr\">\n<p>&nbsp;<\/p>\n<p><span style=\"color: #993300\"><strong>DEP\u00d3SITO O TRANSFERENCIA BANCARIA:<\/strong><\/span><\/p>\n<p>Banco de la Naci\u00f3n Argentina Sucursal 3853<\/p>\n<p>Caja de Ahorro en pesos Nro. de Cuenta 38537150306974<\/p>\n<p>CBU 0110715140071503069744<\/p>\n<p>CUIT 30-71160226-3<\/p>\n<p><strong><span style=\"color: #993300\">MERCADO PAGO:<\/span>\u00a0<\/strong>solicitar el link de pago a la tesorer\u00eda <strong><span style=\"color: #993300\">aabatesoreria@gmail.com<\/span><\/strong><\/p>\n<p><strong><span style=\"color: #993300\">PAYPAL<\/span>\u00a0<\/strong>(s\u00f3lo desde el exterior): El pago podr\u00e1 realizarse con tarjeta de cr\u00e9dito para lo cual se deber\u00e1 solicitar el link de pago a la tesorer\u00eda.<\/p>\n<p>Les recordamos que una vez realizado la transferencia o el dep\u00f3sito <strong><span style=\"color: #993300\">DEBEN ENVIAR<\/span><\/strong> el comprobante mediante un mail a tesorer\u00eda, dado que es la \u00fanica forma de registrar quienes hacen los pagos.<\/p>\n<\/div>\n<\/div>\n<p>Tesorera: B\u00e1rbara Des\u00e1ntolo<\/p>\n<p>&nbsp;<\/p>\n<p>&nbsp;<\/p>\n<p>&nbsp;<\/p>\n<p>&nbsp;<\/p>\n<p>&nbsp;<\/p>\n","protected":false},"excerpt":{"rendered":"<p>Para inscribirse completar los siguientes formularios: Argentinos\/as Extranjeros\/as &nbsp; \u00a0 Hasta el 30 de junio Desde el 1 de julio \u00a0 Argentinos* Extranjeros** Argentinos* Extranjeros** Socios SSCIP \u00a0$\u00a0\u00a0\u00a0\u00a0\u00a0 6.000,00 \u00a0U$S\u00a0\u00a0\u00a0\u00a0\u00a0\u00a0\u00a0 72,00 \u00a0$\u00a0\u00a0\u00a0\u00a0\u00a0\u00a0\u00a0 7.500,00 \u00a0U$S\u00a0\u00a0\u00a0\u00a0\u00a0\u00a0 80,00 NO Socios SSCIP \u00a0$\u00a0\u00a0\u00a0\u00a0\u00a0 8.000,00 \u00a0U$S\u00a0\u00a0\u00a0\u00a0\u00a0\u00a0\u00a0 90,00 \u00a0$\u00a0\u00a0\u00a0\u00a0\u00a0 10.000,00 \u00a0U$S\u00a0\u00a0\u00a0\u00a0 100,00 Estudiantes \u00a0$\u00a0\u00a0\u00a0\u00a0\u00a0 3.000,00 \u00a0U$S\u00a0\u00a0\u00a0\u00a0\u00a0\u00a0\u00a0 32,00 \u00a0$\u00a0\u00a0\u00a0\u00a0\u00a0\u00a0\u00a0 4.000,00 \u00a0U$S\u00a0\u00a0\u00a0\u00a0\u00a0\u00a0 35,00 [&hellip;]<\/p>\n","protected":false},"author":2,"featured_media":0,"parent":0,"menu_order":0,"comment_status":"closed","ping_status":"closed","template":"","meta":{"advgb_blocks_editor_width":"","advgb_blocks_columns_visual_guide":"","footnotes":""},"class_list":["post-166","page","type-page","status-publish","hentry","post"],"aioseo_notices":[],"coauthors":[],"author_meta":{"author_link":"https:\/\/congresos.unlp.edu.ar\/xvsscip\/author\/congresos\/","display_name":"congresos"},"relative_dates":{"created":"Publicado 3 a\u00f1os hace","modified":"Actualizado 3 a\u00f1os hace"},"absolute_dates":{"created":"Publicado el 24 abril, 2023","modified":"Actualizado el 22 septiembre, 2023"},"absolute_dates_time":{"created":"Publicado el 24 abril, 2023 12:02 pm","modified":"Actualizado el 22 septiembre, 2023 5:29 pm"},"featured_img_caption":"","featured_img":false,"series_order":"","_links":{"self":[{"href":"https:\/\/congresos.unlp.edu.ar\/xvsscip\/wp-json\/wp\/v2\/pages\/166","targetHints":{"allow":["GET"]}}],"collection":[{"href":"https:\/\/congresos.unlp.edu.ar\/xvsscip\/wp-json\/wp\/v2\/pages"}],"about":[{"href":"https:\/\/congresos.unlp.edu.ar\/xvsscip\/wp-json\/wp\/v2\/types\/page"}],"author":[{"embeddable":true,"href":"https:\/\/congresos.unlp.edu.ar\/xvsscip\/wp-json\/wp\/v2\/users\/2"}],"replies":[{"embeddable":true,"href":"https:\/\/congresos.unlp.edu.ar\/xvsscip\/wp-json\/wp\/v2\/comments?post=166"}],"version-history":[{"count":0,"href":"https:\/\/congresos.unlp.edu.ar\/xvsscip\/wp-json\/wp\/v2\/pages\/166\/revisions"}],"wp:attachment":[{"href":"https:\/\/congresos.unlp.edu.ar\/xvsscip\/wp-json\/wp\/v2\/media?parent=166"}],"curies":[{"name":"wp","href":"https:\/\/api.w.org\/{rel}","templated":true}]}}