{"id":14,"date":"2023-03-07T10:57:42","date_gmt":"2023-03-07T13:57:42","guid":{"rendered":"https:\/\/congresos.unlp.edu.ar\/xvsscip\/?page_id=14"},"modified":"2023-10-04T17:57:57","modified_gmt":"2023-10-04T20:57:57","slug":"normas-editoriales","status":"publish","type":"page","link":"https:\/\/congresos.unlp.edu.ar\/xvsscip\/normas-editoriales\/","title":{"rendered":"Presentaciones"},"content":{"rendered":"<p>Les recordamos que la <span style=\"color: #000080\"><strong>15\u00aa Conferencia Anual SSCIP<\/strong><\/span> se celebrar\u00e1 en un formato h\u00edbrido en donde se combinar\u00e1n ponencias presentadas online y de manera presencial en el centro de Posgrado Sergio Karakachoff &#8211; Universidad Nacional de La Plata.<\/p>\n<p>Todas las ponencias presenciales se retransmitir\u00e1n por streaming a trav\u00e9s de la plataforma <span style=\"color: #000080\"><strong>Webex Events<\/strong><\/span> para los participantes inscriptos en l\u00ednea. Realizaremos una prueba del sistema antes del congreso para la cual estar\u00e1n recibiendo la invitaci\u00f3n a sus correos electr\u00f3nicos utilizados para la inscripci\u00f3n, en caso de necesitar cambiar la direcci\u00f3n de contacto por favor comunicarse con la comisi\u00f3n organizadora <a href=\"mailto:sscip2023@gmail.com\">sscip2023@gmail.com<\/a>.<\/p>\n<p><span style=\"color: #992099\"><strong>RECOMENDACIONES PARA AUTORES<\/strong><\/span><\/p>\n<p>Solicitamos a los autores cuyas presentaciones orales (presenciales y online) sean en espa\u00f1ol que el texto de las diapositivas est\u00e9 en ingl\u00e9s.<\/p>\n<p><span style=\"color: #ff00ff\"><span style=\"color: #008080\"><strong>PONENCIAS PRESENCIALES<\/strong><\/span><\/span><\/p>\n<p>Las exposiciones podr\u00e1n tener un m\u00e1ximo de <span style=\"color: #000080\"><strong>15 minutos de duraci\u00f3n<\/strong> <\/span>y habr\u00e1 un tiempo de 5 minutos para preguntas e interacci\u00f3n entre autores y participantes.<\/p>\n<p><span style=\"color: #008080\"><strong>PRESENTACIONES ON LINE<\/strong><\/span><\/p>\n<p>Sugerimos que las exposiciones a ser presentadas de manera on-line sean previamente grabadas. Esto nos permitir\u00e1 reproducir las presentaciones evitando cualquier problema de conectividad.<\/p>\n<p>Las exposiciones deber\u00e1n ser enviadas en formato <span style=\"color: #000080\"><strong>MP4<\/strong>,<\/span> con una duraci\u00f3n m\u00e1xima de <strong><span style=\"color: #000080\">15 minutos<\/span>. <\/strong>\u00c9stas deber\u00e1n ser enviadas a la organizaci\u00f3n de la conferencia <a href=\"mailto:sscip2023@gmail.com\">sscip2023@gmail.com<\/a>\u00a0antes del <span style=\"color: #000080\"><strong>9 de octubre inclusive<\/strong>.<\/span> En el Asunto del mail deber\u00e1 escribirse el apellido del primer autor. Por ejemplo: Asunto: \u201cP\u00e9rez et al.\u201d<\/p>\n<p><span style=\"color: #008080\"><strong>P\u00d3STER<\/strong><\/span><\/p>\n<p>Los posters deber\u00e1n contener el texto en ambos idiomas (ingl\u00e9s y espa\u00f1ol). Los mismos ser\u00e1n expuestos durante los d\u00edas de la conferencia. Los autores deber\u00e1n permanecer junto a su p\u00f3ster durante la pausa asignada a su sesi\u00f3n.<\/p>\n<p>El tama\u00f1o m\u00e1ximo de los posters impresos debe ser de <strong><span style=\"color: #000080\">90 x 120 cm.<\/span><\/strong> Tambi\u00e9n solicitamos el envi\u00f3 de los poster en versi\u00f3n digital en formato <strong><span style=\"color: #000080\">JPG o PNG (con un m\u00ednimo de 300 DPI)<\/span> <\/strong>y tambi\u00e9n en formato PDF, siempre en tama\u00f1o A4 vertical. Sugerimos a los\/as autores\/as de los posters que\u00a0 habiliten la comunicaci\u00f3n con los interesados en sus trabajos ofreciendo un correo electr\u00f3nico o redes.<\/p>\n<p>&nbsp;<\/p>\n<p>&nbsp;<\/p>\n<p>&nbsp;<\/p>\n<p>&nbsp;<\/p>\n<p>&nbsp;<\/p>\n","protected":false},"excerpt":{"rendered":"<p>Les recordamos que la 15\u00aa Conferencia Anual SSCIP se celebrar\u00e1 en un formato h\u00edbrido en donde se combinar\u00e1n ponencias presentadas online y de manera presencial en el centro de Posgrado Sergio Karakachoff &#8211; Universidad Nacional de La Plata. Todas las ponencias presenciales se retransmitir\u00e1n por streaming a trav\u00e9s de la plataforma Webex Events para los [&hellip;]<\/p>\n","protected":false},"author":2,"featured_media":0,"parent":0,"menu_order":0,"comment_status":"closed","ping_status":"closed","template":"","meta":{"advgb_blocks_editor_width":"","advgb_blocks_columns_visual_guide":"","footnotes":""},"class_list":["post-14","page","type-page","status-publish","hentry","post"],"aioseo_notices":[],"coauthors":[],"author_meta":{"author_link":"https:\/\/congresos.unlp.edu.ar\/xvsscip\/author\/congresos\/","display_name":"congresos"},"relative_dates":{"created":"Publicado 3 a\u00f1os hace","modified":"Actualizado 3 a\u00f1os hace"},"absolute_dates":{"created":"Publicado el 7 marzo, 2023","modified":"Actualizado el 4 octubre, 2023"},"absolute_dates_time":{"created":"Publicado el 7 marzo, 2023 10:57 am","modified":"Actualizado el 4 octubre, 2023 5:57 pm"},"featured_img_caption":"","featured_img":false,"series_order":"","_links":{"self":[{"href":"https:\/\/congresos.unlp.edu.ar\/xvsscip\/wp-json\/wp\/v2\/pages\/14","targetHints":{"allow":["GET"]}}],"collection":[{"href":"https:\/\/congresos.unlp.edu.ar\/xvsscip\/wp-json\/wp\/v2\/pages"}],"about":[{"href":"https:\/\/congresos.unlp.edu.ar\/xvsscip\/wp-json\/wp\/v2\/types\/page"}],"author":[{"embeddable":true,"href":"https:\/\/congresos.unlp.edu.ar\/xvsscip\/wp-json\/wp\/v2\/users\/2"}],"replies":[{"embeddable":true,"href":"https:\/\/congresos.unlp.edu.ar\/xvsscip\/wp-json\/wp\/v2\/comments?post=14"}],"version-history":[{"count":0,"href":"https:\/\/congresos.unlp.edu.ar\/xvsscip\/wp-json\/wp\/v2\/pages\/14\/revisions"}],"wp:attachment":[{"href":"https:\/\/congresos.unlp.edu.ar\/xvsscip\/wp-json\/wp\/v2\/media?parent=14"}],"curies":[{"name":"wp","href":"https:\/\/api.w.org\/{rel}","templated":true}]}}