{"id":12,"date":"2023-03-07T10:57:29","date_gmt":"2023-03-07T13:57:29","guid":{"rendered":"https:\/\/congresos.unlp.edu.ar\/xvsscip\/?page_id=12"},"modified":"2023-09-22T17:13:22","modified_gmt":"2023-09-22T20:13:22","slug":"auspiciantes","status":"publish","type":"page","link":"https:\/\/congresos.unlp.edu.ar\/xvsscip\/auspiciantes\/","title":{"rendered":"Auspiciantes"},"content":{"rendered":"<p>UNLP \u00a6 Universidad Nacional de La Plata<\/p>\n<p>ANPCyT \u00a6 Agencia Nacional de Promoci\u00f3n de la Investigaci\u00f3n, el Desarrollo Tecnol\u00f3gico y la Innovaci\u00f3n<\/p>\n<p><strong><span style=\"color: #941694\">AVALES<\/span><\/strong><\/p>\n<p><span style=\"color: #941694\"><strong>INSTITUCIONES ACAD\u00c9MICAS\u00a0<\/strong><\/span><\/p>\n<p>Facultad de Ciencias M\u00e9dicas &#8211; UNLP<\/p>\n<p>Facultad de Ciencias Naturales y Museo &#8211; UNLP<\/p>\n<p><strong><span style=\"color: #941694\">SOCIEDADES CIENT\u00cdFICAS<\/span><\/strong><\/p>\n<p>SAA \u00a6 Sociedad Argentina de Antropolog\u00eda<\/p>\n<p>AAPRA \u00a6 Asociaci\u00f3n de Arque\u00f3logos Profesionales de la Rep\u00fablica Argentina<\/p>\n<p>&nbsp;<\/p>\n<p>&nbsp;<\/p>\n","protected":false},"excerpt":{"rendered":"<p>UNLP \u00a6 Universidad Nacional de La Plata ANPCyT \u00a6 Agencia Nacional de Promoci\u00f3n de la Investigaci\u00f3n, el Desarrollo Tecnol\u00f3gico y la Innovaci\u00f3n AVALES INSTITUCIONES ACAD\u00c9MICAS\u00a0 Facultad de Ciencias M\u00e9dicas &#8211; UNLP Facultad de Ciencias Naturales y Museo &#8211; UNLP SOCIEDADES CIENT\u00cdFICAS SAA \u00a6 Sociedad Argentina de Antropolog\u00eda AAPRA \u00a6 Asociaci\u00f3n de Arque\u00f3logos Profesionales de la [&hellip;]<\/p>\n","protected":false},"author":2,"featured_media":0,"parent":0,"menu_order":0,"comment_status":"closed","ping_status":"closed","template":"","meta":{"advgb_blocks_editor_width":"","advgb_blocks_columns_visual_guide":"","footnotes":""},"class_list":["post-12","page","type-page","status-publish","hentry","post"],"aioseo_notices":[],"coauthors":[],"author_meta":{"author_link":"https:\/\/congresos.unlp.edu.ar\/xvsscip\/author\/congresos\/","display_name":"congresos"},"relative_dates":{"created":"Publicado 3 a\u00f1os hace","modified":"Actualizado 3 a\u00f1os hace"},"absolute_dates":{"created":"Publicado el 7 marzo, 2023","modified":"Actualizado el 22 septiembre, 2023"},"absolute_dates_time":{"created":"Publicado el 7 marzo, 2023 10:57 am","modified":"Actualizado el 22 septiembre, 2023 5:13 pm"},"featured_img_caption":"","featured_img":false,"series_order":"","_links":{"self":[{"href":"https:\/\/congresos.unlp.edu.ar\/xvsscip\/wp-json\/wp\/v2\/pages\/12","targetHints":{"allow":["GET"]}}],"collection":[{"href":"https:\/\/congresos.unlp.edu.ar\/xvsscip\/wp-json\/wp\/v2\/pages"}],"about":[{"href":"https:\/\/congresos.unlp.edu.ar\/xvsscip\/wp-json\/wp\/v2\/types\/page"}],"author":[{"embeddable":true,"href":"https:\/\/congresos.unlp.edu.ar\/xvsscip\/wp-json\/wp\/v2\/users\/2"}],"replies":[{"embeddable":true,"href":"https:\/\/congresos.unlp.edu.ar\/xvsscip\/wp-json\/wp\/v2\/comments?post=12"}],"version-history":[{"count":0,"href":"https:\/\/congresos.unlp.edu.ar\/xvsscip\/wp-json\/wp\/v2\/pages\/12\/revisions"}],"wp:attachment":[{"href":"https:\/\/congresos.unlp.edu.ar\/xvsscip\/wp-json\/wp\/v2\/media?parent=12"}],"curies":[{"name":"wp","href":"https:\/\/api.w.org\/{rel}","templated":true}]}}