{"id":10,"date":"2023-03-07T10:57:18","date_gmt":"2023-03-07T13:57:18","guid":{"rendered":"https:\/\/congresos.unlp.edu.ar\/xvsscip\/?page_id=10"},"modified":"2023-09-22T16:37:12","modified_gmt":"2023-09-22T19:37:12","slug":"fechas-importantes","status":"publish","type":"page","link":"https:\/\/congresos.unlp.edu.ar\/xvsscip\/fechas-importantes\/","title":{"rendered":"FECHAS IMPORTANTES"},"content":{"rendered":"<p><strong><span style=\"color: #800080\">&#8211; Env\u00edo de res\u00famenes:<\/span><\/strong> hasta el 30 de junio de 2023<\/p>\n<p><strong><span style=\"color: #800080\">&#8211; Inscripci\u00f3n de autores:<\/span> <\/strong>hasta el 15 de septiembre de 2023<\/p>\n<p><span style=\"color: #800080\"><span style=\"color: #800080\"><b>&#8211; Inscripci\u00f3n\u00a0con descuento:<\/b><\/span><\/span> hasta el 30 de junio de 2023<\/p>\n<p><strong><span style=\"color: #800080\">&#8211; Env\u00edo de presentaci\u00f3n para autores on line:<\/span><\/strong> 9 de octubre de 2023<\/p>\n<p>&nbsp;<\/p>\n","protected":false},"excerpt":{"rendered":"<p>&#8211; Env\u00edo de res\u00famenes: hasta el 30 de junio de 2023 &#8211; Inscripci\u00f3n de autores: hasta el 15 de septiembre de 2023 &#8211; Inscripci\u00f3n\u00a0con descuento: hasta el 30 de junio de 2023 &#8211; Env\u00edo de presentaci\u00f3n para autores on line: 9 de octubre de 2023 &nbsp;<\/p>\n","protected":false},"author":2,"featured_media":0,"parent":0,"menu_order":0,"comment_status":"closed","ping_status":"closed","template":"","meta":{"advgb_blocks_editor_width":"","advgb_blocks_columns_visual_guide":"","footnotes":""},"class_list":["post-10","page","type-page","status-publish","hentry","post"],"aioseo_notices":[],"coauthors":[],"author_meta":{"author_link":"https:\/\/congresos.unlp.edu.ar\/xvsscip\/author\/congresos\/","display_name":"congresos"},"relative_dates":{"created":"Publicado 3 a\u00f1os hace","modified":"Actualizado 3 a\u00f1os hace"},"absolute_dates":{"created":"Publicado el 7 marzo, 2023","modified":"Actualizado el 22 septiembre, 2023"},"absolute_dates_time":{"created":"Publicado el 7 marzo, 2023 10:57 am","modified":"Actualizado el 22 septiembre, 2023 4:37 pm"},"featured_img_caption":"","featured_img":false,"series_order":"","_links":{"self":[{"href":"https:\/\/congresos.unlp.edu.ar\/xvsscip\/wp-json\/wp\/v2\/pages\/10","targetHints":{"allow":["GET"]}}],"collection":[{"href":"https:\/\/congresos.unlp.edu.ar\/xvsscip\/wp-json\/wp\/v2\/pages"}],"about":[{"href":"https:\/\/congresos.unlp.edu.ar\/xvsscip\/wp-json\/wp\/v2\/types\/page"}],"author":[{"embeddable":true,"href":"https:\/\/congresos.unlp.edu.ar\/xvsscip\/wp-json\/wp\/v2\/users\/2"}],"replies":[{"embeddable":true,"href":"https:\/\/congresos.unlp.edu.ar\/xvsscip\/wp-json\/wp\/v2\/comments?post=10"}],"version-history":[{"count":0,"href":"https:\/\/congresos.unlp.edu.ar\/xvsscip\/wp-json\/wp\/v2\/pages\/10\/revisions"}],"wp:attachment":[{"href":"https:\/\/congresos.unlp.edu.ar\/xvsscip\/wp-json\/wp\/v2\/media?parent=10"}],"curies":[{"name":"wp","href":"https:\/\/api.w.org\/{rel}","templated":true}]}}