{"id":270,"date":"2023-04-24T12:02:59","date_gmt":"2023-04-24T15:02:59","guid":{"rendered":"https:\/\/congresos.unlp.edu.ar\/xvsscip\/registration\/"},"modified":"2023-10-04T18:02:04","modified_gmt":"2023-10-04T21:02:04","slug":"registration","status":"publish","type":"page","link":"https:\/\/congresos.unlp.edu.ar\/xvsscip\/en\/registration\/","title":{"rendered":"REGISTRATION"},"content":{"rendered":"<p>To register, please complete the following forms:<\/p>\n<p><a href=\"https:\/\/forms.gle\/VBa3ZeNtjrbdxsY79\"><strong><span style=\"color: #000080\">Argentines<\/span><\/strong><\/a><\/p>\n<p><a href=\"https:\/\/forms.gle\/tGAL2WhwbcqP8C1dA\"><strong><span style=\"color: #008080\">Foreigners<\/span><\/strong><\/a><\/p>\n<p>&nbsp;<\/p>\n<table style=\"height: 608px\" width=\"702\">\n<tbody>\n<tr>\n<td width=\"152\"><strong> <\/strong><\/td>\n<td style=\"text-align: center\" colspan=\"2\" width=\"204\"><del><span style=\"color: #000080\"><strong>Until 30th June<\/strong><\/span><\/del><\/td>\n<td style=\"text-align: center\" colspan=\"2\" width=\"204\"><span style=\"color: #000080\"><strong>From 1st July<\/strong><\/span><\/td>\n<\/tr>\n<tr>\n<td width=\"152\"><strong> <\/strong><\/td>\n<td width=\"102\"><span style=\"color: #b85311\"><strong>Argentines <\/strong><\/span><\/td>\n<td width=\"102\"><span style=\"color: #b85311\"><strong>Foreigners** <\/strong><\/span><\/td>\n<td width=\"102\"><span style=\"color: #b85311\"><strong>Argentines <\/strong><\/span><\/td>\n<td width=\"102\"><span style=\"color: #b85311\"><strong>Foreigners** <\/strong><\/span><\/td>\n<\/tr>\n<tr>\n<td width=\"152\"><span style=\"color: #b85311\"><strong>SSCIP<\/strong> <strong>member<\/strong><\/span><\/td>\n<td width=\"102\"><span style=\"color: #b85311\"> <span style=\"color: #000000\"><del>$ 6.000,00<\/del><\/span><\/span><\/td>\n<td width=\"102\"><del> <span style=\"color: #333333\">U<\/span><span style=\"color: #333333\">$S 72,00<\/span><\/del><\/td>\n<td width=\"102\"><span style=\"color: #333333\"> $ 7.500,00<\/span><\/td>\n<td width=\"102\"><span style=\"color: #333333\"> U$S 80,00<\/span><\/td>\n<\/tr>\n<tr>\n<td width=\"152\"><span style=\"color: #b85311\"><strong>SSCIP non-member<\/strong><\/span><\/td>\n<td width=\"102\"><del><span style=\"color: #b85311\"> <span style=\"color: #333333\">$ 8.000,00<\/span><\/span><\/del><\/td>\n<td width=\"102\"><del><span style=\"color: #333333\"> U$S 90,00<\/span><\/del><\/td>\n<td width=\"102\"><span style=\"color: #333333\"> $ 10.000,00<\/span><\/td>\n<td width=\"102\"><span style=\"color: #333333\"> U$S 100,00<\/span><\/td>\n<\/tr>\n<tr>\n<td width=\"152\"><span style=\"color: #b85311\"><strong>Student\/Unwaged <\/strong><\/span><\/td>\n<td width=\"102\"><span style=\"color: #b85311\"> <span style=\"color: #000000\"><del>$ 3.000,00<\/del><\/span><\/span><\/td>\n<td width=\"102\"><del><span style=\"color: #333333\"> U$S 32,00<\/span><\/del><\/td>\n<td width=\"102\"><span style=\"color: #333333\"> $ 4.000,00<\/span><\/td>\n<td width=\"102\"><span style=\"color: #333333\"> U$S 35,00<\/span><\/td>\n<\/tr>\n<tr>\n<td width=\"152\"><span style=\"color: #b85311\"><strong>SSCIP<\/strong> <strong>member<\/strong> \u2013 <strong>online<\/strong> <strong>participation<\/strong><\/span><\/td>\n<td width=\"102\"><span style=\"color: #b85311\"> <span style=\"color: #000000\"><del>$ 4.000,00<\/del><\/span><\/span><\/td>\n<td width=\"102\"><del><span style=\"color: #333333\"> U$S 36,00<\/span><\/del><\/td>\n<td width=\"102\"><span style=\"color: #333333\"> $ 5.000,00<\/span><\/td>\n<td width=\"102\"><span style=\"color: #333333\"> U$S 40,00<\/span><\/td>\n<\/tr>\n<tr>\n<td width=\"152\"><span style=\"color: #b85311\"><strong>SSCIP non-member online participation<\/strong><\/span><\/td>\n<td width=\"102\"><del> <span style=\"color: #333333\">$ 5.000,00<\/span><\/del><\/td>\n<td width=\"102\"><del><span style=\"color: #333333\"> U$S 45,00<\/span><\/del><\/td>\n<td width=\"102\"><span style=\"color: #333333\"> $ 6.500,00<\/span><\/td>\n<td width=\"102\"><span style=\"color: #333333\"> U$S 50,00<\/span><\/td>\n<\/tr>\n<\/tbody>\n<\/table>\n<h6><strong style=\"color: #000080\">**Prices in Argentine $ &#8211; **Prices in U$S<\/strong><\/h6>\n<div>\n<div dir=\"ltr\">\n<p>&nbsp;<\/p>\n<p><span style=\"color: #993300\"><strong>DEPOSIT OR BANK TRANSFER:<\/strong><\/span><\/p>\n<p>Banco de la Naci\u00f3n Argentina Branch 3853<\/p>\n<p>Savings Bank in pesos No. Account 38537150306974<\/p>\n<p>CBU 0110715140071503069744<\/p>\n<p>CUIT 30-71160226-3<\/p>\n<p><strong><span style=\"color: #993300\">MERCADO PAGO:<\/span><\/strong>solicitar el link de pago a la tesorer\u00eda <strong><span style=\"color: #993300\">aabatesoreria@gmail.com<\/span><\/strong><\/p>\n<p><strong><span style=\"color: #993300\">PAYPAL<\/span><\/strong>(s\u00f3lo desde el exterior): El pago podr\u00e1 realizarse con tarjeta de cr\u00e9dito para lo cual se deber\u00e1 solicitar el link de pago a la tesorer\u00eda.<\/p>\n<p>Les recordamos que una vez realizado la transferencia o el dep\u00f3sito <strong><span style=\"color: #993300\">DEBEN ENVIAR<\/span><\/strong> el comprobante mediante un mail a tesorer\u00eda, dado que es la \u00fanica forma de registrar quienes hacen los pagos.<\/p>\n<\/div>\n<\/div>\n<p>Tesorera: B\u00e1rbara Des\u00e1ntolo<\/p>\n<p>&nbsp;<\/p>\n<p>&nbsp;<\/p>\n<p>&nbsp;<\/p>\n<p>&nbsp;<\/p>\n<p>&nbsp;<\/p>\n","protected":false},"excerpt":{"rendered":"<p>To register, please complete the following forms: Argentines Foreigners &nbsp; Until 30th June From 1st July Argentines Foreigners** Argentines Foreigners** SSCIP member $ 6.000,00 U$S 72,00 $ 7.500,00 U$S 80,00 SSCIP non-member $ 8.000,00 U$S 90,00 $ 10.000,00 U$S 100,00 Student\/Unwaged $ 3.000,00 U$S 32,00 $ 4.000,00 U$S 35,00 SSCIP member \u2013 online participation $ [&hellip;]<\/p>\n","protected":false},"author":2,"featured_media":0,"parent":0,"menu_order":0,"comment_status":"closed","ping_status":"closed","template":"","meta":{"advgb_blocks_editor_width":"","advgb_blocks_columns_visual_guide":"","footnotes":""},"class_list":["post-270","page","type-page","status-publish","hentry","post"],"aioseo_notices":[],"coauthors":[],"author_meta":{"author_link":"https:\/\/congresos.unlp.edu.ar\/xvsscip\/en\/author\/congresos\/","display_name":"congresos"},"relative_dates":{"created":"Posted 3 years ago","modified":"Updated 3 years ago"},"absolute_dates":{"created":"Posted on 24 April, 2023","modified":"Updated on 4 October, 2023"},"absolute_dates_time":{"created":"Posted on 24 April, 2023 12:02 pm","modified":"Updated on 4 October, 2023 6:02 pm"},"featured_img_caption":"","featured_img":false,"series_order":"","_links":{"self":[{"href":"https:\/\/congresos.unlp.edu.ar\/xvsscip\/en\/wp-json\/wp\/v2\/pages\/270","targetHints":{"allow":["GET"]}}],"collection":[{"href":"https:\/\/congresos.unlp.edu.ar\/xvsscip\/en\/wp-json\/wp\/v2\/pages"}],"about":[{"href":"https:\/\/congresos.unlp.edu.ar\/xvsscip\/en\/wp-json\/wp\/v2\/types\/page"}],"author":[{"embeddable":true,"href":"https:\/\/congresos.unlp.edu.ar\/xvsscip\/en\/wp-json\/wp\/v2\/users\/2"}],"replies":[{"embeddable":true,"href":"https:\/\/congresos.unlp.edu.ar\/xvsscip\/en\/wp-json\/wp\/v2\/comments?post=270"}],"version-history":[{"count":0,"href":"https:\/\/congresos.unlp.edu.ar\/xvsscip\/en\/wp-json\/wp\/v2\/pages\/270\/revisions"}],"wp:attachment":[{"href":"https:\/\/congresos.unlp.edu.ar\/xvsscip\/en\/wp-json\/wp\/v2\/media?parent=270"}],"curies":[{"name":"wp","href":"https:\/\/api.w.org\/{rel}","templated":true}]}}