{"id":268,"date":"2023-04-27T19:23:07","date_gmt":"2023-04-27T22:23:07","guid":{"rendered":"https:\/\/congresos.unlp.edu.ar\/xvsscip\/tourist-information\/"},"modified":"2023-06-28T13:28:20","modified_gmt":"2023-06-28T16:28:20","slug":"tourist-information","status":"publish","type":"page","link":"https:\/\/congresos.unlp.edu.ar\/xvsscip\/en\/tourist-information\/","title":{"rendered":"TOURIST INFORMATION"},"content":{"rendered":"<p>On this occasion, the XVSSCIP will be held in the city of <span style=\"color: #ad28ad\"><b>La Plata<\/b><\/span> (sometimes called <span style=\"color: #ad28ad\"><b>Casco urbano<\/b><\/span> or <span style=\"color: #ad28ad\"><b>Casco fundacional<\/b><\/span> in the context of the La Plata district), <sup id=\"cite_ref-Ambrosetti_1-1\" class=\"reference separada\"><\/sup> a city in Argentina, capital of the province of Buenos Aires. It is located 56 km from the city of Buenos Aires. It is nicknamed: the &#8220;City of Diagonals&#8221; and, less frequently, the &#8220;City of Linden Trees&#8221;.<\/p>\n<p>&nbsp;<\/p>\n<p>We share with you some pages where you will find information about tourism:<\/p>\n<ul>\n<li>Official site of the Municipal <em>Entity of the City of La Plata<\/em> para tourism activity &#8211; <span style=\"color: #008080\"><a style=\"color: #008080\" href=\"https:\/\/turismo.laplata.gob.ar\/ematur\/\" target=\"_blank\" rel=\"noopener\"><strong>EMATUR<\/strong><\/a><\/span><\/li>\n<li><span style=\"color: #333333\">Official site of the <em>Tourism<\/em> <em>Entity<\/em><\/span> <span style=\"color: #000000\"><span style=\"color: #333333\"><em>of the Government of the City of Buenos Aires<\/em><\/span><\/span> &#8211;<span style=\"color: #008080\"><strong><a style=\"color: #008080\" href=\"https:\/\/turismo.buenosaires.gob.ar\/es\" target=\"_blank\" rel=\"noopener\">TURISMO Buenos Aires City<\/a><\/strong><\/span> <\/li>\n<li><span style=\"color: #333333\">Tourism and culture program of the province of Buenos Aires, you will find more than 100 free and open activities for the whole family<\/span> &#8211; <span style=\"color: #008080\"><a style=\"color: #008080\" href=\"https:\/\/recreo.gba.gob.ar\/\" target=\"_blank\" rel=\"noopener\"><strong>ReCreo<\/strong><\/a><\/span><\/li>\n<li><span style=\"color: #333399\"><span style=\"color: #333333\">Tourist information for traveling in Argentina<\/span> &#8211; <b style=\"color: #0000ff\"><span style=\"color: #008080\"><a style=\"color: #008080\" href=\"https:\/\/www.welcomeargentina.com\/\" target=\"_blank\" rel=\"noopener\">WELCOME<\/a><\/span><\/b><\/span> <span style=\"color: #008080\"><strong>ARGENTINA<\/strong><\/span><\/li>\n<\/ul>\n<p>&nbsp;<\/p>\n<p>\u200bPara m\u00e1s informaci\u00f3n sobre atracciones tur\u00edsticas, <span style=\"color: #ad28ad\"><a style=\"color: #ad28ad\" href=\"http:\/\/congresos.unlp.edu.ar\/xvsscip\/wp-content\/uploads\/sites\/65\/2023\/04\/SSCIP-INFO-TURISTICA-1.pdf\" target=\"_blank\" rel=\"noopener\"><strong>pulse aqu\u00ed<\/strong><\/a><\/span>. <\/p>\n<p>&nbsp;<\/p>\n<p>&nbsp;<\/p>\n<p>&nbsp;<\/p>\n","protected":false},"excerpt":{"rendered":"<p>On this occasion, the XVSSCIP will be held in the city of La Plata (sometimes called Casco urbano or Casco fundacional in the context of the La Plata district), a city in Argentina, capital of the province of Buenos Aires. It is located 56 km from the city of Buenos Aires. It is nicknamed: the [&hellip;]<\/p>\n","protected":false},"author":63,"featured_media":0,"parent":0,"menu_order":0,"comment_status":"closed","ping_status":"closed","template":"","meta":{"advgb_blocks_editor_width":"","advgb_blocks_columns_visual_guide":"","footnotes":""},"class_list":["post-268","page","type-page","status-publish","hentry","post"],"aioseo_notices":[],"coauthors":[],"author_meta":{"author_link":"https:\/\/congresos.unlp.edu.ar\/xvsscip\/en\/author\/barbaradesantolo\/","display_name":"barbaradesantolo"},"relative_dates":{"created":"Posted 3 years ago","modified":"Updated 3 years ago"},"absolute_dates":{"created":"Posted on 27 April, 2023","modified":"Updated on 28 June, 2023"},"absolute_dates_time":{"created":"Posted on 27 April, 2023 7:23 pm","modified":"Updated on 28 June, 2023 1:28 pm"},"featured_img_caption":"","featured_img":false,"series_order":"","_links":{"self":[{"href":"https:\/\/congresos.unlp.edu.ar\/xvsscip\/en\/wp-json\/wp\/v2\/pages\/268","targetHints":{"allow":["GET"]}}],"collection":[{"href":"https:\/\/congresos.unlp.edu.ar\/xvsscip\/en\/wp-json\/wp\/v2\/pages"}],"about":[{"href":"https:\/\/congresos.unlp.edu.ar\/xvsscip\/en\/wp-json\/wp\/v2\/types\/page"}],"author":[{"embeddable":true,"href":"https:\/\/congresos.unlp.edu.ar\/xvsscip\/en\/wp-json\/wp\/v2\/users\/63"}],"replies":[{"embeddable":true,"href":"https:\/\/congresos.unlp.edu.ar\/xvsscip\/en\/wp-json\/wp\/v2\/comments?post=268"}],"version-history":[{"count":0,"href":"https:\/\/congresos.unlp.edu.ar\/xvsscip\/en\/wp-json\/wp\/v2\/pages\/268\/revisions"}],"wp:attachment":[{"href":"https:\/\/congresos.unlp.edu.ar\/xvsscip\/en\/wp-json\/wp\/v2\/media?parent=268"}],"curies":[{"name":"wp","href":"https:\/\/api.w.org\/{rel}","templated":true}]}}