{"id":257,"date":"2023-03-07T10:56:50","date_gmt":"2023-03-07T13:56:50","guid":{"rendered":"https:\/\/congresos.unlp.edu.ar\/xvsscip\/organizing-committee\/"},"modified":"2023-04-28T18:31:35","modified_gmt":"2023-04-28T21:31:35","slug":"organizing-committee","status":"publish","type":"page","link":"https:\/\/congresos.unlp.edu.ar\/xvsscip\/en\/organizing-committee\/","title":{"rendered":"ORGANIZING COMMITTEE"},"content":{"rendered":"<p><strong><span style=\"color: #800080\">Dr. Roc\u00edo Garc\u00eda Mancuso<\/span><\/strong> &#8211; Laboratorio de Investigaciones en Ciencias Forenses (LICiF). Facultad de Ciencias M\u00e9dicas. Universidad Nacional de La Plata. CONICET<\/p>\n<p><strong><span style=\"color: #800080\">Dr. B\u00e1rbara Des\u00e1ntolo<\/span><\/strong> &#8211; Laboratorio de Investigaciones en Ciencias Forenses (LICiF). Facultad de Ciencias M\u00e9dicas. Universidad Nacional de La Plata.<\/p>\n<p><span style=\"color: #800080\"><strong>Dr. Marcos Plischuk<\/strong><\/span> &#8211; Laboratorio de Investigaciones en Ciencias Forenses (LICiF). Facultad de Ciencias M\u00e9dicas. Universidad Nacional de La Plata. CONICET<\/p>\n<p><strong><span style=\"color: #800080\">Dr. Gonzalo Garizoain<\/span><\/strong> &#8211; Laboratorio de Investigaciones en Ciencias Forenses (LICiF). Facultad de Ciencias M\u00e9dicas. Universidad Nacional de La Plata. CONICET<\/p>\n<p><span style=\"color: #800080\"><strong>Lic. Linda Jezabel Miguez<\/strong><\/span> &#8211; Laboratorio de Investigaciones en Ciencias Forenses (LICiF). Facultad de Ciencias M\u00e9dicas. Universidad Nacional de La Plata.<\/p>\n<p><strong><span style=\"color: #800080\">Lic. Liz Carla Cesa<\/span><\/strong> &#8211; Laboratorio de Investigaciones en Ciencias Forenses (LICiF). Facultad de Ciencias M\u00e9dicas. Universidad Nacional de La Plata.<\/p>\n","protected":false},"excerpt":{"rendered":"<p>Dr. Roc\u00edo Garc\u00eda Mancuso &#8211; Laboratorio de Investigaciones en Ciencias Forenses (LICiF). Facultad de Ciencias M\u00e9dicas. Universidad Nacional de La Plata. CONICET Dr. B\u00e1rbara Des\u00e1ntolo &#8211; Laboratorio de Investigaciones en Ciencias Forenses (LICiF). Facultad de Ciencias M\u00e9dicas. Universidad Nacional de La Plata. Dr. Marcos Plischuk &#8211; Laboratorio de Investigaciones en Ciencias Forenses (LICiF). Facultad de [&hellip;]<\/p>\n","protected":false},"author":2,"featured_media":0,"parent":0,"menu_order":0,"comment_status":"closed","ping_status":"closed","template":"","meta":{"advgb_blocks_editor_width":"","advgb_blocks_columns_visual_guide":"","footnotes":""},"class_list":["post-257","page","type-page","status-publish","hentry","post"],"aioseo_notices":[],"coauthors":[],"author_meta":{"author_link":"https:\/\/congresos.unlp.edu.ar\/xvsscip\/en\/author\/congresos\/","display_name":"congresos"},"relative_dates":{"created":"Posted 3 years ago","modified":"Updated 3 years ago"},"absolute_dates":{"created":"Posted on 7 March, 2023","modified":"Updated on 28 April, 2023"},"absolute_dates_time":{"created":"Posted on 7 March, 2023 10:56 am","modified":"Updated on 28 April, 2023 6:31 pm"},"featured_img_caption":"","featured_img":false,"series_order":"","_links":{"self":[{"href":"https:\/\/congresos.unlp.edu.ar\/xvsscip\/en\/wp-json\/wp\/v2\/pages\/257","targetHints":{"allow":["GET"]}}],"collection":[{"href":"https:\/\/congresos.unlp.edu.ar\/xvsscip\/en\/wp-json\/wp\/v2\/pages"}],"about":[{"href":"https:\/\/congresos.unlp.edu.ar\/xvsscip\/en\/wp-json\/wp\/v2\/types\/page"}],"author":[{"embeddable":true,"href":"https:\/\/congresos.unlp.edu.ar\/xvsscip\/en\/wp-json\/wp\/v2\/users\/2"}],"replies":[{"embeddable":true,"href":"https:\/\/congresos.unlp.edu.ar\/xvsscip\/en\/wp-json\/wp\/v2\/comments?post=257"}],"version-history":[{"count":0,"href":"https:\/\/congresos.unlp.edu.ar\/xvsscip\/en\/wp-json\/wp\/v2\/pages\/257\/revisions"}],"wp:attachment":[{"href":"https:\/\/congresos.unlp.edu.ar\/xvsscip\/en\/wp-json\/wp\/v2\/media?parent=257"}],"curies":[{"name":"wp","href":"https:\/\/api.w.org\/{rel}","templated":true}]}}