{"id":171,"date":"2021-03-03T00:18:57","date_gmt":"2021-03-03T03:18:57","guid":{"rendered":"http:\/\/congresos.unlp.edu.ar\/xvjnab\/?page_id=171"},"modified":"2021-10-14T11:04:58","modified_gmt":"2021-10-14T14:04:58","slug":"auspiciantes","status":"publish","type":"page","link":"https:\/\/congresos.unlp.edu.ar\/xvjnab\/auspiciantes\/","title":{"rendered":"Auspiciantes"},"content":{"rendered":"<p><span style=\"color: #808000\"><span style=\"color: #545411\"><strong>ORGANIZA<\/strong><\/span>\u00a0<\/span><\/p>\n<p><span style=\"color: #8a370e\"><a style=\"color: #8a370e\" href=\"http:\/\/asociacionantropologiabiologicaargentina.org.ar\/\"><span style=\"color: #993300\">Asociaci\u00f3n de Antropolog\u00eda Biol\u00f3gica Argentina<\/span><\/a><\/span><\/p>\n<p>&nbsp;<\/p>\n<p><span style=\"color: #545411\"><strong>AUSPICIOS<\/strong><\/span><\/p>\n<p>CONICET \u00a6 <span style=\"color: #993300\"><a style=\"color: #993300\" href=\"https:\/\/www.conicet.gov.ar\/\">Consejo Nacional de Investigaciones Cient\u00edficas y T\u00e9cnicas\u00a0<\/a><\/span><\/p>\n<p>ANPCyT \u00a6 <span style=\"color: #993300\"><a style=\"color: #993300\" href=\"https:\/\/www.argentina.gob.ar\/ciencia\/agencia\">Agencia Nacional de Promoci\u00f3n de la Investigaci\u00f3n, el Desarrollo Tecnol\u00f3gico y la Innovaci\u00f3n<\/a><\/span><\/p>\n<p>UNLP \u00a6 <span style=\"color: #993300\"><a style=\"color: #993300\" href=\"https:\/\/unlp.edu.ar\/\">Universidad Nacional de La Plata<\/a><\/span><\/p>\n<p>&nbsp;<\/p>\n<p style=\"text-align: left\"><span style=\"color: #545411\"><strong>AVALES <\/strong><\/span><\/p>\n<p style=\"text-align: left\"><span style=\"color: #545411\"><strong>INSTITUCIONES ACAD\u00c9MICAS\u00a0<\/strong><\/span><\/p>\n<p><span style=\"color: #993300\"><a style=\"color: #993300\" href=\"http:\/\/www.med.unlp.edu.ar\/\">Facultad de Ciencias M\u00e9dicas &#8211; UNLP<\/a><\/span><\/p>\n<p><span style=\"color: #993300\"><a style=\"color: #993300\" href=\"https:\/\/www.fcnym.unlp.edu.ar\/\">Facultad de Ciencias Naturales y Museo &#8211; UNLP <\/a><\/span><\/p>\n<p>CEPAVE \u00a6 <span style=\"color: #993300\"><a style=\"color: #993300\" href=\"https:\/\/www.cepave.edu.ar\/\">Centro de Estudios Parasitol\u00f3gicos y de Vectores (CONICET-UNLP)<\/a><\/span><\/p>\n<p>IGEVET \u00a6<span style=\"color: #993300\"> <a style=\"color: #993300\" href=\"http:\/\/www.igevet.gob.ar\/\">Instituto de Gen\u00e9tica Veterinaria &#8220;Ing. Fernando Noel Dulout&#8221; (CONICET-UNLP)<\/a><\/span><\/p>\n<p>IMBICE \u00a6 <span style=\"color: #993300\"><a style=\"color: #993300\" href=\"http:\/\/www.imbice.gov.ar\/\">Instituto Multidisciplinario de Biolog\u00eda Celular (CONICET-UNLP)<\/a><\/span><\/p>\n<p>CENPAT \u00a6 <span style=\"color: #993300\"><a style=\"color: #993300\" href=\"https:\/\/cenpat.conicet.gov.ar\/\">Centro Nacional Patag\u00f3nico (CONICET)<\/a><\/span><\/p>\n<p>IDACOR \u00a6 <span style=\"color: #993300\"><a style=\"color: #993300\" href=\"https:\/\/idacor.conicet.gov.ar\/\">Instituto de Antropolog\u00eda de C\u00f3rdoba (CONICET-UNC)<\/a><\/span><\/p>\n<p>INECOA \u00a6 <span style=\"color: #993300\"><a style=\"color: #993300\" href=\"https:\/\/inecoa-unju.conicet.gov.ar\/\">Instituto de Ecorregiones Andinas (CONICET-UNJU)<\/a><\/span><\/p>\n<p>INBIAL\u00a0 \u00a6 <span style=\"color: #993300\"><a style=\"color: #993300\" href=\"https:\/\/www.unju.edu.ar\/inbial.html\">Instituto de Biolog\u00eda de la Altura (UNJU)<\/a><\/span><\/p>\n<p>&nbsp;<\/p>\n<p><span style=\"color: #545411\"><strong>SOCIEDADES CIENT\u00cdFICAS<\/strong><\/span><\/p>\n<p>SAA \u00a6 <span style=\"color: #993300\"><a style=\"color: #993300\" href=\"http:\/\/www.saantropologia.com.ar\/\">Sociedad Argentina de Antropolog\u00eda\u00a0<\/a><\/span><\/p>\n<p>AAPRA \u00a6 <span style=\"color: #993300\"><a style=\"color: #993300\" href=\"https:\/\/aapra.org.ar\/\">Asociaci\u00f3n de Arque\u00f3logos Profesionales de la Rep\u00fablica Argentina\u00a0<\/a><\/span><\/p>\n<p>ALAB \u00a6 <span style=\"color: #993300\"><a style=\"color: #993300\" href=\"https:\/\/www.even3.com.br\/alab2020\/\">Asociaci\u00f3n Latinoamericana de Antropolog\u00eda Biol\u00f3gica<\/a><\/span><\/p>\n<p>HBA \u00a6 <span style=\"color: #993300\"><a style=\"color: #993300\" href=\"https:\/\/www.humbio.org\/\">Human Biology Association<\/a><\/span><\/p>\n<p>PPA \u00a6<span style=\"color: #993300\"> <a style=\"color: #993300\" href=\"https:\/\/paleopathology-association.wildapricot.org\/\">Paleopathology Association<\/a><\/span><\/p>\n<p>APRIMA \u00a6 <span style=\"color: #993300\"><a style=\"color: #993300\" href=\"https:\/\/www.facebook.com\/Asoc.Prim.Arg\">Asociaci\u00f3n de Primatolog\u00eda Argentina<\/a>\u00a0<\/span><\/p>\n<p>SLAPrim \u00a6 <span style=\"color: #993300\"><a style=\"color: #993300\" href=\"http:\/\/www.slaprim.org\/\">Sociedad Latinoamericana de Primato<\/a><a style=\"color: #993300\" href=\"http:\/\/www.slaprim.org\/\">log\u00eda<\/a><\/span><\/p>\n<p>AAPA \u00a6 <span style=\"color: #993300\"><a style=\"color: #993300\" href=\"https:\/\/physanth.org\/\">American Association of Physical Anthropologists<\/a><\/span><\/p>\n<p>SSCIP \u00a6 <span style=\"color: #993300\"><a style=\"color: #993300\" href=\"https:\/\/sscip.org.uk\/\">The Society for the Study of Childhood in the Past<\/a><\/span><\/p>\n<p><span style=\"color: #993300\"><a style=\"color: #993300\" href=\"https:\/\/www.labibliotecadelnaturalista.com\/\">La Biblioteca del Naturalista<\/a><\/span><\/p>\n<h1 class=\"has-white-color has-text-color has-text-align-center\"><\/h1>\n<p>&nbsp;<\/p>\n","protected":false},"excerpt":{"rendered":"<p>ORGANIZA\u00a0 Asociaci\u00f3n de Antropolog\u00eda Biol\u00f3gica Argentina &nbsp; AUSPICIOS CONICET \u00a6 Consejo Nacional de Investigaciones Cient\u00edficas y T\u00e9cnicas\u00a0 ANPCyT \u00a6 Agencia Nacional de Promoci\u00f3n de la Investigaci\u00f3n, el Desarrollo Tecnol\u00f3gico y la Innovaci\u00f3n UNLP \u00a6 Universidad Nacional de La Plata &nbsp; AVALES INSTITUCIONES ACAD\u00c9MICAS\u00a0 Facultad de Ciencias M\u00e9dicas &#8211; UNLP Facultad de Ciencias Naturales y Museo [&hellip;]<\/p>\n","protected":false},"author":63,"featured_media":0,"parent":0,"menu_order":0,"comment_status":"closed","ping_status":"closed","template":"","meta":{"advgb_blocks_editor_width":"","advgb_blocks_columns_visual_guide":"","footnotes":""},"class_list":["post-171","page","type-page","status-publish","hentry","post"],"aioseo_notices":[],"coauthors":[],"author_meta":{"author_link":"https:\/\/congresos.unlp.edu.ar\/xvjnab\/author\/barbaradesantolo\/","display_name":"barbaradesantolo"},"relative_dates":{"created":"Posted 5 a\u00f1os ago","modified":"Updated 5 a\u00f1os ago"},"absolute_dates":{"created":"Posted on 3 marzo, 2021","modified":"Updated on 14 octubre, 2021"},"absolute_dates_time":{"created":"Posted on 3 marzo, 2021 12:18 am","modified":"Updated on 14 octubre, 2021 11:04 am"},"featured_img_caption":"","featured_img":false,"series_order":"","_links":{"self":[{"href":"https:\/\/congresos.unlp.edu.ar\/xvjnab\/wp-json\/wp\/v2\/pages\/171","targetHints":{"allow":["GET"]}}],"collection":[{"href":"https:\/\/congresos.unlp.edu.ar\/xvjnab\/wp-json\/wp\/v2\/pages"}],"about":[{"href":"https:\/\/congresos.unlp.edu.ar\/xvjnab\/wp-json\/wp\/v2\/types\/page"}],"author":[{"embeddable":true,"href":"https:\/\/congresos.unlp.edu.ar\/xvjnab\/wp-json\/wp\/v2\/users\/63"}],"replies":[{"embeddable":true,"href":"https:\/\/congresos.unlp.edu.ar\/xvjnab\/wp-json\/wp\/v2\/comments?post=171"}],"version-history":[{"count":0,"href":"https:\/\/congresos.unlp.edu.ar\/xvjnab\/wp-json\/wp\/v2\/pages\/171\/revisions"}],"wp:attachment":[{"href":"https:\/\/congresos.unlp.edu.ar\/xvjnab\/wp-json\/wp\/v2\/media?parent=171"}],"curies":[{"name":"wp","href":"https:\/\/api.w.org\/{rel}","templated":true}]}}