{"id":29,"date":"2024-09-10T10:48:04","date_gmt":"2024-09-10T13:48:04","guid":{"rendered":"https:\/\/congresos.unlp.edu.ar\/xiwnmesc\/?page_id=29"},"modified":"2024-12-10T11:25:34","modified_gmt":"2024-12-10T14:25:34","slug":"program","status":"publish","type":"page","link":"https:\/\/congresos.unlp.edu.ar\/xiwnmesc\/program\/","title":{"rendered":"Program"},"content":{"rendered":"<p>&nbsp;<\/p>\n<table class=\"egt\" style=\"height: 100px\" border=\"2\" width=\"100%\">\n<tbody>\n<tr>\n<td><\/td>\n<th style=\"text-align: center\" bgcolor=\"black\" height=\"40\"><span style=\"color: white\"><b> Monday 16<br \/>\n<\/b><\/span><\/th>\n<th style=\"text-align: center\" bgcolor=\"black\"><span style=\"color: white\"> Tuesday 17<\/span><\/th>\n<\/tr>\n<tr>\n<td style=\"text-align: center\" bgcolor=\"black\" height=\"40\"><span style=\"color: white\"> 09:00 &#8211; 09:15 <\/span><\/td>\n<td style=\"text-align: center\" bgcolor=\"#f48fb1\"><span style=\"color: #000000\"><strong>Opening talk<br \/>\n<\/strong><\/span><\/td>\n<td style=\"text-align: center\" bgcolor=\"#78ff49\"><\/td>\n<\/tr>\n<tr>\n<td style=\"text-align: center\" bgcolor=\"black\" height=\"40\"><span style=\"color: white\"> 09:15 &#8211; 10:00 <\/span><\/td>\n<td style=\"text-align: center\" bgcolor=\"#f48fb1\"><a href=\"http:\/\/congresos.unlp.edu.ar\/xiwnmesc\/wp-content\/uploads\/sites\/88\/2024\/11\/Asensio.pdf\" target=\"_blank\" rel=\"noopener\"><strong><span style=\"color: #000000\"> Mar\u00eda C. Asensio<\/span><\/strong><\/a><\/td>\n<td style=\"text-align: center\" bgcolor=\"#78ff49\"><a href=\"http:\/\/congresos.unlp.edu.ar\/xiwnmesc\/wp-content\/uploads\/sites\/88\/2024\/11\/Tumminello.pdf\" target=\"_blank\" rel=\"noopener\"><strong><span style=\"color: #000000\"> Silvana Tumminello<\/span><\/strong><\/a><\/td>\n<\/tr>\n<tr>\n<td style=\"text-align: center\" bgcolor=\"black\" height=\"40\"><span style=\"color: white\"> 10:00 &#8211; 10:45 <\/span><\/td>\n<td style=\"text-align: center\" bgcolor=\"#f48fb1\"><a href=\"http:\/\/congresos.unlp.edu.ar\/xiwnmesc\/wp-content\/uploads\/sites\/88\/2024\/12\/Esquinazi.pdf\" target=\"_blank\" rel=\"noopener\"><strong><span style=\"color: #000000\"> Pablo Esquinazi<\/span><\/strong><\/a><\/td>\n<td style=\"text-align: center\" bgcolor=\"#78ff49\"><a href=\"http:\/\/congresos.unlp.edu.ar\/xiwnmesc\/wp-content\/uploads\/sites\/88\/2024\/11\/Artacho.pdf\" target=\"_blank\" rel=\"noopener\"><strong><span style=\"color: #000000\">Emilio Artacho<\/span><\/strong><\/a><\/td>\n<\/tr>\n<tr>\n<td bgcolor=\"black\" height=\"20\"><\/td>\n<td style=\"text-align: center;vertical-align: middle\" colspan=\"4\" rowspan=\"1\" align=\"center\" bgcolor=\"yellow\"><strong><span style=\"color: #000000\"> B R E A K<\/span><\/strong><\/td>\n<\/tr>\n<tr>\n<td style=\"text-align: center\" bgcolor=\"black\" height=\"40\"><span style=\"color: white\"> 11:00 &#8211; 11:45 <\/span><\/td>\n<td style=\"text-align: center\" bgcolor=\"#f48fb1\"><a href=\"http:\/\/congresos.unlp.edu.ar\/xiwnmesc\/wp-content\/uploads\/sites\/88\/2024\/11\/Ferrari.pdf\" target=\"_blank\" rel=\"noopener\"><strong><span style=\"color: #000000\">Valeria Ferrari<\/span><\/strong><\/a><\/td>\n<td style=\"text-align: center\" bgcolor=\"#78ff49\"><a href=\"http:\/\/congresos.unlp.edu.ar\/xiwnmesc\/wp-content\/uploads\/sites\/88\/2024\/11\/Facio.pdf\" target=\"_blank\" rel=\"noopener\"><strong><span style=\"color: #000000\">Jorge Facio<\/span><\/strong><\/a><\/td>\n<\/tr>\n<tr>\n<td style=\"text-align: center\" bgcolor=\"black\" height=\"40\"><span style=\"color: white\"> 11:45 &#8211; 12:15<\/span><\/td>\n<td style=\"text-align: center\" bgcolor=\"#f48fb1\"><a href=\"http:\/\/congresos.unlp.edu.ar\/xiwnmesc\/wp-content\/uploads\/sites\/88\/2024\/11\/Saltos.pdf\" target=\"_blank\" rel=\"noopener\"><strong><span style=\"color: #000000\">Harry Saltos S\u00e1nchez<\/span><\/strong><\/a><\/td>\n<td style=\"text-align: center\" bgcolor=\"#78ff49\"><a href=\"http:\/\/congresos.unlp.edu.ar\/xiwnmesc\/wp-content\/uploads\/sites\/88\/2024\/11\/Ramirez.pdf\" target=\"_blank\" rel=\"noopener\"><strong><span style=\"color: #000000\">Helena Ram\u00edrez<\/span><\/strong><\/a><\/td>\n<\/tr>\n<tr>\n<td bgcolor=\"black\" height=\"20\"><\/td>\n<td style=\"text-align: center;vertical-align: middle\" colspan=\"4\" rowspan=\"1\" align=\"center\" bgcolor=\"yellow\"><strong><span style=\"color: #000000\">L U N C H<\/span><\/strong><\/td>\n<\/tr>\n<tr>\n<td style=\"text-align: center\" bgcolor=\"black\" height=\"40\"><span style=\"color: white\"> 14:15 &#8211; 15:00 <\/span><\/td>\n<td style=\"text-align: center\" bgcolor=\"#f48fb1\"><a href=\"http:\/\/congresos.unlp.edu.ar\/xiwnmesc\/wp-content\/uploads\/sites\/88\/2024\/11\/Balbuena.pdf\" target=\"_blank\" rel=\"noopener\"><strong><span style=\"color: #000000\"> Perla Balbuena<\/span><\/strong><\/a><\/td>\n<td style=\"text-align: center\" bgcolor=\"#78ff49\"><a href=\"http:\/\/congresos.unlp.edu.ar\/xiwnmesc\/wp-content\/uploads\/sites\/88\/2024\/11\/Johannes.pdf\" target=\"_blank\" rel=\"noopener\"><strong><span style=\"color: #000000\">Michelle Johannes<\/span><\/strong><\/a><\/td>\n<\/tr>\n<tr>\n<td style=\"text-align: center\" bgcolor=\"black\" height=\"40\"><span style=\"color: white\"> 15:00 &#8211; 15:45 <\/span><\/td>\n<td style=\"text-align: center\" bgcolor=\"#f48fb1\"><a href=\"http:\/\/congresos.unlp.edu.ar\/xiwnmesc\/wp-content\/uploads\/sites\/88\/2024\/11\/Guzman.pdf\" target=\"_blank\" rel=\"noopener\"><strong><span style=\"color: #000000\"> Robert Guzm\u00e1n Arellano<\/span><\/strong><\/a><\/td>\n<td style=\"text-align: center\" bgcolor=\"#78ff49\"><a href=\"http:\/\/congresos.unlp.edu.ar\/xiwnmesc\/wp-content\/uploads\/sites\/88\/2024\/11\/Richter.pdf\" target=\"_blank\" rel=\"noopener\"><strong><span style=\"color: #000000\">Manuel Richter<\/span><\/strong><\/a><\/td>\n<\/tr>\n<tr>\n<td bgcolor=\"black\" height=\"20\"><\/td>\n<td style=\"text-align: center;vertical-align: middle\" colspan=\"4\" rowspan=\"1\" align=\"center\" bgcolor=\"yellow\"><strong><span style=\"color: #000000\"> B R E A K<\/span><\/strong><\/td>\n<\/tr>\n<tr>\n<td style=\"text-align: center\" bgcolor=\"black\" height=\"40\"><span style=\"color: white\"> 16:00 &#8211; 16:45 <\/span><\/td>\n<td style=\"text-align: center\" bgcolor=\"#f48fb1\"><a href=\"http:\/\/congresos.unlp.edu.ar\/xiwnmesc\/wp-content\/uploads\/sites\/88\/2024\/11\/Requejo.pdf\" target=\"_blank\" rel=\"noopener\"><strong><span style=\"color: #000000\">F\u00e9lix Requejo<\/span><\/strong><\/a><\/td>\n<td style=\"text-align: center\" bgcolor=\"#78ff49\"><a href=\"http:\/\/congresos.unlp.edu.ar\/xiwnmesc\/wp-content\/uploads\/sites\/88\/2024\/11\/Esteves.pdf\" target=\"_blank\" rel=\"noopener\"><strong><span style=\"color: #000000\">Mart\u00edn Esteves<\/span><\/strong><\/a><\/td>\n<\/tr>\n<tr>\n<td style=\"text-align: center\" bgcolor=\"black\" height=\"40\"><span style=\"color: white\"> 16:45 &#8211; 17:30 <\/span><\/td>\n<td style=\"text-align: center\" bgcolor=\"#f48fb1\"><a href=\"http:\/\/congresos.unlp.edu.ar\/xiwnmesc\/wp-content\/uploads\/sites\/88\/2024\/11\/Socolovsky.pdf\" target=\"_blank\" rel=\"noopener\"><strong><span style=\"color: #000000\">Leandro Socolovsky<\/span><\/strong><\/a><\/td>\n<td style=\"text-align: center\" bgcolor=\"#78ff49\"><a href=\"http:\/\/congresos.unlp.edu.ar\/xiwnmesc\/wp-content\/uploads\/sites\/88\/2024\/11\/Sanchez.pdf\" target=\"_blank\" rel=\"noopener\"><strong><span style=\"color: #000000\">Ver\u00f3nica S\u00e1nchez<\/span><\/strong><\/a><\/td>\n<\/tr>\n<\/tbody>\n<\/table>\n<h2><strong><span style=\"color: #ff0000\">&#8211; Abstracts book -&gt;<\/span> <a href=\"http:\/\/congresos.unlp.edu.ar\/xiwnmesc\/wp-content\/uploads\/sites\/88\/2024\/12\/resumenesXIworkshop2024.pdf\" target=\"_blank\" rel=\"noopener\"><span style=\"color: #0000ff\">here<\/span><\/a><\/strong><\/h2>\n<h3 data-weight=\"0.25\"><\/h3>\n<h3 data-weight=\"0.25\">Live screening in La Plata: classroom -205 (underground) Karacachoff building<\/h3>\n<h3 id=\"pgc-96-0-1\" class=\"panel-grid-cell panel-grid-cell-empty\" data-weight=\"0.25\"><span lang=\"EN-US\">The speakers confirmed so far are:<\/span><\/h3>\n<ul>\n<li><a href=\"http:\/\/congresos.unlp.edu.ar\/xiwnmesc\/wp-content\/uploads\/sites\/88\/2024\/11\/Asensio.pdf\" target=\"_blank\" rel=\"noopener\"><span style=\"color: #ff0000\"><strong>Mar\u00eda C. Asensio<\/strong><\/span><\/a> &#8211; Materials Science Institute of Madrid (ICMM), Spanish National Research Council (CSIC), Spain.<\/li>\n<li><a href=\"http:\/\/congresos.unlp.edu.ar\/xiwnmesc\/wp-content\/uploads\/sites\/88\/2024\/11\/Richter.pdf\" target=\"_blank\" rel=\"noopener\"><strong><span style=\"color: #ff0000\">Manuel Richter<\/span><\/strong><\/a> &#8211; Leibniz Institute for Solid State and Materials Research IFW Dresden, Germany.<\/li>\n<li><a href=\"http:\/\/congresos.unlp.edu.ar\/xiwnmesc\/wp-content\/uploads\/sites\/88\/2024\/11\/Facio.pdf\"><strong><span style=\"color: #ff0000\">Jorge Facio<\/span><\/strong><\/a> &#8211; CONICET, Instituto Balseiro, Centro At\u00f3mico Bariloche, Argentina.<\/li>\n<li><a href=\"http:\/\/congresos.unlp.edu.ar\/xiwnmesc\/wp-content\/uploads\/sites\/88\/2024\/11\/Saltos.pdf\" target=\"_blank\" rel=\"nofollow noopener\"><strong><span style=\"color: #ff0000\">Harry Saltos S\u00e1nchez<\/span><\/strong><\/a> &#8211; Universidad Nacional de La Plata, Argentina.<\/li>\n<li><a href=\"http:\/\/congresos.unlp.edu.ar\/xiwnmesc\/wp-content\/uploads\/sites\/88\/2024\/11\/Balbuena.pdf\" target=\"_blank\" rel=\"noopener\"><strong><span style=\"color: #ff0000\">Perla Balbuena<\/span><\/strong><\/a> &#8211; Department of Chemical Engineering, Texas A&amp;M University, USA.<\/li>\n<li><a href=\"http:\/\/congresos.unlp.edu.ar\/xiwnmesc\/wp-content\/uploads\/sites\/88\/2024\/11\/Guzman.pdf\" target=\"_blank\" rel=\"noopener\"><strong><span style=\"color: #ff0000\">Robert Guzm\u00e1n Arellano<\/span><\/strong><\/a> &#8211; Universidad Nacional Mayor de San Marcos, Per\u00fa.<\/li>\n<li><a href=\"http:\/\/congresos.unlp.edu.ar\/xiwnmesc\/wp-content\/uploads\/sites\/88\/2024\/11\/Requejo.pdf\" target=\"_blank\" rel=\"noopener sponsored\"><strong><span style=\"color: #ff0000\">F\u00e9lix Requejo<\/span><\/strong><\/a> &#8211; Instituto de Investigaciones Fisicoqu\u00edmicas Te\u00f3ricas y Aplicadas (INIFTA), Argentina.<\/li>\n<li><a href=\"http:\/\/congresos.unlp.edu.ar\/xiwnmesc\/wp-content\/uploads\/sites\/88\/2024\/11\/Socolovsky.pdf\" target=\"_blank\" rel=\"noopener\"><strong><span style=\"color: #ff0000\">Leandro Socolovsky<\/span><\/strong><\/a> &#8211; Instituto de Ciencias de la Tierra y Ambientales de la Pampa, CONICET, Argentina.<\/li>\n<li><a href=\"http:\/\/congresos.unlp.edu.ar\/xiwnmesc\/wp-content\/uploads\/sites\/88\/2024\/11\/Tumminello.pdf\" target=\"_blank\" rel=\"noopener\"><strong><span style=\"color: #ff0000\">Silvana Tumminello<\/span><\/strong><\/a> &#8211; German Aerospace Center DRL, Institute of Materials Research Metals and Hybrid Materials, Germany.<\/li>\n<li><a href=\"http:\/\/congresos.unlp.edu.ar\/xiwnmesc\/wp-content\/uploads\/sites\/88\/2024\/11\/Artacho.pdf\" target=\"_blank\" rel=\"noopener sponsored\"><strong><span style=\"color: #ff0000\">Emilio Artacho<\/span><\/strong><\/a> &#8211; Theory Group Nanogune, Spain &#8211; Theory of Condensed Matter, Cavendish Laboratory, University of Cambridge, UK.<\/li>\n<li><a href=\"http:\/\/congresos.unlp.edu.ar\/xiwnmesc\/wp-content\/uploads\/sites\/88\/2024\/11\/Ferrari.pdf\"><strong><span style=\"color: #ff0000\">Valeria Ferrari<\/span><\/strong><\/a> &#8211; Instituto de Nanociencia y Nanotecnolog\u00eda INN, CNEA, CONICET, Argentina.<\/li>\n<li><a href=\"http:\/\/congresos.unlp.edu.ar\/xiwnmesc\/wp-content\/uploads\/sites\/88\/2024\/11\/Ramirez.pdf\" target=\"_blank\" rel=\"nofollow noopener\"><strong><span style=\"color: #ff0000\">Helena Ramirez<\/span><\/strong><\/a> &#8211; Instituto Nacional de Tecnolog\u00eda Industrial INTI, Argentina.<\/li>\n<li><a href=\"http:\/\/congresos.unlp.edu.ar\/xiwnmesc\/wp-content\/uploads\/sites\/88\/2024\/11\/Johannes.pdf\" target=\"_blank\" rel=\"noopener\"><strong><span style=\"color: #ff0000\">Michelle Johannes<\/span><\/strong><\/a> &#8211; Center for Computational Materials Science, Naval Research Laboratory, USA.<\/li>\n<li><a href=\"http:\/\/congresos.unlp.edu.ar\/xiwnmesc\/wp-content\/uploads\/sites\/88\/2024\/12\/Esquinazi.pdf\" target=\"_blank\" rel=\"noopener\"><strong><span style=\"color: #ff0000\">Pablo D. Esquinazi<\/span><\/strong><\/a> &#8211; Felix Bloch Institute, University of Leipzig, Germany.<\/li>\n<li><a href=\"http:\/\/congresos.unlp.edu.ar\/xiwnmesc\/wp-content\/uploads\/sites\/88\/2024\/11\/Esteves.pdf\" target=\"_blank\" rel=\"nofollow noopener\"><strong><span style=\"color: #ff0000\">Mart\u00edn Esteves<\/span><\/strong><\/a> &#8211; Facultad de Qu\u00edmica, Universidad de la Rep\u00fablica, Uruguay.<\/li>\n<li><a href=\"http:\/\/congresos.unlp.edu.ar\/xiwnmesc\/wp-content\/uploads\/sites\/88\/2024\/11\/Sanchez.pdf\" target=\"_blank\" rel=\"noopener sponsored\"><strong><span style=\"color: #ff0000\">Ver\u00f3nica S\u00e1nchez<\/span><\/strong><\/a> &#8211; Instituto de Qu\u00edmica, F\u00edsica de los Materiales, Medio Ambiente y Energ\u00eda INQUIMAE, CONICET, Argentina.<\/li>\n<\/ul>\n","protected":false},"excerpt":{"rendered":"<p>&nbsp; Monday 16 Tuesday 17 09:00 &#8211; 09:15 Opening talk 09:15 &#8211; 10:00 Mar\u00eda C. Asensio Silvana Tumminello 10:00 &#8211; 10:45 Pablo Esquinazi Emilio Artacho B R E A K 11:00 &#8211; 11:45 Valeria Ferrari Jorge Facio 11:45 &#8211; 12:15 Harry Saltos S\u00e1nchez Helena Ram\u00edrez L U N C H 14:15 &#8211; 15:00 Perla Balbuena [&hellip;]<\/p>\n","protected":false},"author":202,"featured_media":0,"parent":0,"menu_order":0,"comment_status":"closed","ping_status":"closed","template":"","meta":{"advgb_blocks_editor_width":"","advgb_blocks_columns_visual_guide":"","footnotes":""},"class_list":["post-29","page","type-page","status-publish","hentry","post"],"aioseo_notices":[],"coauthors":[],"author_meta":{"author_link":"https:\/\/congresos.unlp.edu.ar\/xiwnmesc\/author\/ssoler\/","display_name":"ssoler"},"relative_dates":{"created":"Posted 2 years ago","modified":"Updated 1 year ago"},"absolute_dates":{"created":"Posted on 10 September, 2024","modified":"Updated on 10 December, 2024"},"absolute_dates_time":{"created":"Posted on 10 September, 2024 10:48 am","modified":"Updated on 10 December, 2024 11:25 am"},"featured_img_caption":"","featured_img":false,"series_order":"","_links":{"self":[{"href":"https:\/\/congresos.unlp.edu.ar\/xiwnmesc\/wp-json\/wp\/v2\/pages\/29","targetHints":{"allow":["GET"]}}],"collection":[{"href":"https:\/\/congresos.unlp.edu.ar\/xiwnmesc\/wp-json\/wp\/v2\/pages"}],"about":[{"href":"https:\/\/congresos.unlp.edu.ar\/xiwnmesc\/wp-json\/wp\/v2\/types\/page"}],"author":[{"embeddable":true,"href":"https:\/\/congresos.unlp.edu.ar\/xiwnmesc\/wp-json\/wp\/v2\/users\/202"}],"replies":[{"embeddable":true,"href":"https:\/\/congresos.unlp.edu.ar\/xiwnmesc\/wp-json\/wp\/v2\/comments?post=29"}],"version-history":[{"count":0,"href":"https:\/\/congresos.unlp.edu.ar\/xiwnmesc\/wp-json\/wp\/v2\/pages\/29\/revisions"}],"wp:attachment":[{"href":"https:\/\/congresos.unlp.edu.ar\/xiwnmesc\/wp-json\/wp\/v2\/media?parent=29"}],"curies":[{"name":"wp","href":"https:\/\/api.w.org\/{rel}","templated":true}]}}