{"id":8,"date":"2025-08-07T15:23:55","date_gmt":"2025-08-07T18:23:55","guid":{"rendered":"https:\/\/congresos.unlp.edu.ar\/xisiahc\/?page_id=8"},"modified":"2025-09-01T15:27:48","modified_gmt":"2025-09-01T18:27:48","slug":"comision-organizadora","status":"publish","type":"page","link":"https:\/\/congresos.unlp.edu.ar\/xisiahc\/comision-organizadora\/","title":{"rendered":"Comit\u00e9 acad\u00e9mico"},"content":{"rendered":"<p><strong>Comit\u00e9 acad\u00e9mico internacional<\/strong><\/p>\n<p>Carla Lois, I SIAHC, Universidad de Buenos Aires<br \/>\nJos\u00e9 Omar Moncada, II SIAHC, Universidad Nacional Aut\u00f3noma de M\u00e9xico<br \/>\nIris Kantor, III SIAHC, Universidade de S\u00e3o Paulo<br \/>\nFrancisco Roque de Oliveira, IV SIAHC, Universidade de Lisboa<br \/>\nSebastian D\u00edas Angel, V SIAHC, Universidad de Los Andes<br \/>\nAlejandra Vega, VI SIAHC, Universidad de Chile<br \/>\nSabrina Guerra Moscoso, VII SIAHC, Universidad San Francisco de Quito<br \/>\nCarme Montaner, VIII SIAHC, Institut Cartogr\u00e0fic i Geol\u00f2gic de Catalunya<br \/>\nElizabeth Monta\u00f1ez Sanabria, IX SIAHC, Pontificia Universidad Cat\u00f3lica del Per\u00fa<br \/>\nLuc\u00eda Rodr\u00edguez Arrillaga, X SIAHC, Universidad de la Republica<\/p>\n","protected":false},"excerpt":{"rendered":"<p>Comit\u00e9 acad\u00e9mico internacional Carla Lois, I SIAHC, Universidad de Buenos Aires Jos\u00e9 Omar Moncada, II SIAHC, Universidad Nacional Aut\u00f3noma de M\u00e9xico Iris Kantor, III SIAHC, Universidade de S\u00e3o Paulo Francisco Roque de Oliveira, IV SIAHC, Universidade de Lisboa Sebastian D\u00edas Angel, V SIAHC, Universidad de Los Andes Alejandra Vega, VI SIAHC, Universidad de Chile Sabrina [&hellip;]<\/p>\n","protected":false},"author":2,"featured_media":0,"parent":0,"menu_order":0,"comment_status":"closed","ping_status":"closed","template":"","meta":{"advgb_blocks_editor_width":"","advgb_blocks_columns_visual_guide":"","footnotes":""},"class_list":["post-8","page","type-page","status-publish","hentry","post"],"aioseo_notices":[],"coauthors":[],"author_meta":{"author_link":"https:\/\/congresos.unlp.edu.ar\/xisiahc\/author\/congresos\/","display_name":"congresos"},"relative_dates":{"created":"Posted 9 meses ago","modified":"Updated 8 meses ago"},"absolute_dates":{"created":"Posted on 7 agosto, 2025","modified":"Updated on 1 septiembre, 2025"},"absolute_dates_time":{"created":"Posted on 7 agosto, 2025 3:23 pm","modified":"Updated on 1 septiembre, 2025 3:27 pm"},"featured_img_caption":"","featured_img":false,"series_order":"","_links":{"self":[{"href":"https:\/\/congresos.unlp.edu.ar\/xisiahc\/wp-json\/wp\/v2\/pages\/8","targetHints":{"allow":["GET"]}}],"collection":[{"href":"https:\/\/congresos.unlp.edu.ar\/xisiahc\/wp-json\/wp\/v2\/pages"}],"about":[{"href":"https:\/\/congresos.unlp.edu.ar\/xisiahc\/wp-json\/wp\/v2\/types\/page"}],"author":[{"embeddable":true,"href":"https:\/\/congresos.unlp.edu.ar\/xisiahc\/wp-json\/wp\/v2\/users\/2"}],"replies":[{"embeddable":true,"href":"https:\/\/congresos.unlp.edu.ar\/xisiahc\/wp-json\/wp\/v2\/comments?post=8"}],"version-history":[{"count":0,"href":"https:\/\/congresos.unlp.edu.ar\/xisiahc\/wp-json\/wp\/v2\/pages\/8\/revisions"}],"wp:attachment":[{"href":"https:\/\/congresos.unlp.edu.ar\/xisiahc\/wp-json\/wp\/v2\/media?parent=8"}],"curies":[{"name":"wp","href":"https:\/\/api.w.org\/{rel}","templated":true}]}}