{"id":7,"date":"2025-08-07T15:23:55","date_gmt":"2025-08-07T18:23:55","guid":{"rendered":"https:\/\/congresos.unlp.edu.ar\/xisiahc\/?page_id=7"},"modified":"2026-03-27T17:15:07","modified_gmt":"2026-03-27T20:15:07","slug":"comite-organizador","status":"publish","type":"page","link":"https:\/\/congresos.unlp.edu.ar\/xisiahc\/comite-organizador\/","title":{"rendered":"Comit\u00e9 organizador"},"content":{"rendered":"<p><strong>El comit\u00e9 organizador del evento est\u00e1 conformado por<\/strong><\/p>\n<p>Malena Mazzitelli Mastricchio (CONICET-HiTePAC \/ IGeo-UBA)<\/p>\n<p>Carolina Mart\u00ednez (EH-UNSAM-CONICET)<\/p>\n<p>Nancy Bentivegna (IGeo-UBA \/ INIBI-UBA)<\/p>\n<p>Ludmila Cortizas (UNQ \/ CIG-IdiHCS-UNLP)<\/p>\n<p>Ana Gomez Pintus (CONICET-HiTePAC)<\/p>\n<p>Luna Azul Piva (IGeo-UBA)<\/p>\n","protected":false},"excerpt":{"rendered":"<p>El comit\u00e9 organizador del evento est\u00e1 conformado por Malena Mazzitelli Mastricchio (CONICET-HiTePAC \/ IGeo-UBA) Carolina Mart\u00ednez (EH-UNSAM-CONICET) Nancy Bentivegna (IGeo-UBA \/ INIBI-UBA) Ludmila Cortizas (UNQ \/ CIG-IdiHCS-UNLP) Ana Gomez Pintus (CONICET-HiTePAC) Luna Azul Piva (IGeo-UBA)<\/p>\n","protected":false},"author":2,"featured_media":0,"parent":0,"menu_order":0,"comment_status":"closed","ping_status":"closed","template":"","meta":{"advgb_blocks_editor_width":"","advgb_blocks_columns_visual_guide":"","footnotes":""},"class_list":["post-7","page","type-page","status-publish","hentry","post"],"aioseo_notices":[],"coauthors":[],"author_meta":{"author_link":"https:\/\/congresos.unlp.edu.ar\/xisiahc\/author\/congresos\/","display_name":"congresos"},"relative_dates":{"created":"Posted 9 meses ago","modified":"Updated 1 mes ago"},"absolute_dates":{"created":"Posted on 7 agosto, 2025","modified":"Updated on 27 marzo, 2026"},"absolute_dates_time":{"created":"Posted on 7 agosto, 2025 3:23 pm","modified":"Updated on 27 marzo, 2026 5:15 pm"},"featured_img_caption":"","featured_img":false,"series_order":"","_links":{"self":[{"href":"https:\/\/congresos.unlp.edu.ar\/xisiahc\/wp-json\/wp\/v2\/pages\/7","targetHints":{"allow":["GET"]}}],"collection":[{"href":"https:\/\/congresos.unlp.edu.ar\/xisiahc\/wp-json\/wp\/v2\/pages"}],"about":[{"href":"https:\/\/congresos.unlp.edu.ar\/xisiahc\/wp-json\/wp\/v2\/types\/page"}],"author":[{"embeddable":true,"href":"https:\/\/congresos.unlp.edu.ar\/xisiahc\/wp-json\/wp\/v2\/users\/2"}],"replies":[{"embeddable":true,"href":"https:\/\/congresos.unlp.edu.ar\/xisiahc\/wp-json\/wp\/v2\/comments?post=7"}],"version-history":[{"count":0,"href":"https:\/\/congresos.unlp.edu.ar\/xisiahc\/wp-json\/wp\/v2\/pages\/7\/revisions"}],"wp:attachment":[{"href":"https:\/\/congresos.unlp.edu.ar\/xisiahc\/wp-json\/wp\/v2\/media?parent=7"}],"curies":[{"name":"wp","href":"https:\/\/api.w.org\/{rel}","templated":true}]}}