{"id":150,"date":"2025-12-05T19:04:54","date_gmt":"2025-12-05T22:04:54","guid":{"rendered":"https:\/\/congresos.unlp.edu.ar\/xisiahc\/?page_id=150"},"modified":"2026-03-25T11:26:02","modified_gmt":"2026-03-25T14:26:02","slug":"informacion-general","status":"publish","type":"page","link":"https:\/\/congresos.unlp.edu.ar\/xisiahc\/informacion-general\/","title":{"rendered":"Informaci\u00f3n general"},"content":{"rendered":"<p>El <strong>XI Simposio Iberoamericano de Historia de la Cartograf\u00eda (XI SIAHC)<\/strong> tendr\u00e1 lugar en la ciudad de La Plata los d\u00edas 8, 9 y 10 de abril de 2026, y\u00a0 es organizado por el <a href=\"https:\/\/www.fau.unlp.edu.ar\/investigacion\/hitepac-instituto-de-investigaciones-en-historia-teoria-y-praxis-de-la-arquitectura-y-la-ciudad\/\" target=\"_blank\" rel=\"noopener\">Instituto de Historia, Teor\u00eda y Praxis de la Arquitectura y la Ciudad (HiTePAC)<\/a>, de la Facultad de Arquitectura y Urbanismo de la Universidad Nacional de La Plata (FAU\u2010UNLP) y del <a href=\"https:\/\/geografia.institutos.filo.uba.ar\/\" target=\"_blank\" rel=\"noopener\">Instituto de Geograf\u00eda Romualdo Ardissone<\/a> de la Facultad de Filosof\u00eda y Letras de la UBA; con el apoyo de la Red de Institutos de Geograf\u00eda y Estudios Territoriales del AMBA (REDIGET\u2010AMBA); el <a href=\"https:\/\/www.iaa.fadu.uba.ar\/\" target=\"_blank\" rel=\"noopener\">Instituto de Arte Americano<\/a> (IAA\u2010UBA) y el <a href=\"https:\/\/www.unsam.edu.ar\/escuelas\/eh\/lich\/\" target=\"_blank\" rel=\"noopener\">Laboratorio de Investigaci\u00f3n en Ciencias Humanas (LICH) de la Universidad Nacional de San Mart\u00edn (UNSAM-CONICET)<\/a><\/p>\n<p>Luego de la realizaci\u00f3n de los diez encuentros anteriores en Buenos Aires (2006), Ciudad de M\u00e9xico (2008), S\u00e3o Paulo (2010), Lisboa (2012), Bogot\u00e1 (2014), Santiago de Chile (2016), Quito (2018), Barcelona (2020), Lima (2022), y Montevideo (2024), este und\u00e9cimo simposio propone reflexionar en torno a las operaciones cartogr\u00e1ficas<br \/>\ninvolucradas en el dise\u00f1o y la proyecci\u00f3n de ciudades, territorios y paisajes, as\u00ed como celebrar los 20 a\u00f1os del primer simposio celebrado. La vigencia de este espacio acad\u00e9mico, que re\u00fane a especialistas de disciplinas diversas en torno a la historia de la cartograf\u00eda, invita a realizar un balance sobre el estado actual de este campo de estudio, y evaluar su proyecci\u00f3n en el mundo iberoamericano.<\/p>\n<p>Entre las <strong>actividades previstas<\/strong> se organizar\u00e1n mesas redondas, talleres, presentaciones de proyectos de investigaci\u00f3n en curso y de publicaciones recientes, y visitas a <a href=\"https:\/\/turismo.laplata.gob.ar\/circuitos-impredibles.html#\" target=\"_blank\" rel=\"noopener\">sitios emblem\u00e1ticos<\/a> de la ciudad de La Plata.<\/p>\n<p><strong>MI\u00c9RCOLES 8 DE ABRIL<\/strong><br \/>\nLugar de realizaci\u00f3n: Aula 3, Facultad de Arquitectura y Urbanismo, Universidad Nacional de La Plata, Calle 47, n\u00b0 162, esq. 117, B1900, La Plata<\/p>\n<p><strong>JUEVES 9 DE ABRIL y VIERNES 10 DE ABRIL<\/strong><br \/>\nLugar de realizaci\u00f3n: Aula 206, 2\u00b0 Subsuelo, Edificio Sergio Karakachoff, UNLP, Calle 48, n\u00b0 575, B1900AMW, La Plata<\/p>\n<p>Consulte el programa completo <a href=\"http:\/\/congresos.unlp.edu.ar\/xisiahc\/wp-content\/uploads\/sites\/100\/2026\/03\/Programa_-XI-Simposio-Iberoamericano-de-Historia-de-la-Cartografia-1.pdf\" target=\"_blank\" rel=\"noopener\">aqu\u00ed<\/a><\/p>\n<p>Si desea contactar al comit\u00e9 organizador, env\u00ede un correo a: xisiahc@gmail.com<\/p>\n<p>M\u00e1s informaci\u00f3n en: <a href=\"https:\/\/drive.google.com\/file\/d\/1SJdQ6J5c5ktuhkK35iPczddv41UynYPJ\/view?usp=sharing\">https:\/\/drive.google.com\/file\/d\/1SJdQ6J5c5ktuhkK35iPczddv41UynYPJ\/view?usp=sharing<\/a><\/p>\n","protected":false},"excerpt":{"rendered":"<p>El XI Simposio Iberoamericano de Historia de la Cartograf\u00eda (XI SIAHC) tendr\u00e1 lugar en la ciudad de La Plata los d\u00edas 8, 9 y 10 de abril de 2026, y\u00a0 es organizado por el Instituto de Historia, Teor\u00eda y Praxis de la Arquitectura y la Ciudad (HiTePAC), de la Facultad de Arquitectura y Urbanismo de [&hellip;]<\/p>\n","protected":false},"author":245,"featured_media":0,"parent":0,"menu_order":0,"comment_status":"closed","ping_status":"closed","template":"","meta":{"advgb_blocks_editor_width":"","advgb_blocks_columns_visual_guide":"","footnotes":""},"class_list":["post-150","page","type-page","status-publish","hentry","post"],"aioseo_notices":[],"coauthors":[],"author_meta":{"author_link":"https:\/\/congresos.unlp.edu.ar\/xisiahc\/author\/nbentivegna\/","display_name":"nbentivegna"},"relative_dates":{"created":"Posted 5 meses ago","modified":"Updated 1 mes ago"},"absolute_dates":{"created":"Posted on 5 diciembre, 2025","modified":"Updated on 25 marzo, 2026"},"absolute_dates_time":{"created":"Posted on 5 diciembre, 2025 7:04 pm","modified":"Updated on 25 marzo, 2026 11:26 am"},"featured_img_caption":"","featured_img":false,"series_order":"","_links":{"self":[{"href":"https:\/\/congresos.unlp.edu.ar\/xisiahc\/wp-json\/wp\/v2\/pages\/150","targetHints":{"allow":["GET"]}}],"collection":[{"href":"https:\/\/congresos.unlp.edu.ar\/xisiahc\/wp-json\/wp\/v2\/pages"}],"about":[{"href":"https:\/\/congresos.unlp.edu.ar\/xisiahc\/wp-json\/wp\/v2\/types\/page"}],"author":[{"embeddable":true,"href":"https:\/\/congresos.unlp.edu.ar\/xisiahc\/wp-json\/wp\/v2\/users\/245"}],"replies":[{"embeddable":true,"href":"https:\/\/congresos.unlp.edu.ar\/xisiahc\/wp-json\/wp\/v2\/comments?post=150"}],"version-history":[{"count":0,"href":"https:\/\/congresos.unlp.edu.ar\/xisiahc\/wp-json\/wp\/v2\/pages\/150\/revisions"}],"wp:attachment":[{"href":"https:\/\/congresos.unlp.edu.ar\/xisiahc\/wp-json\/wp\/v2\/media?parent=150"}],"curies":[{"name":"wp","href":"https:\/\/api.w.org\/{rel}","templated":true}]}}