{"id":145,"date":"2025-12-05T18:44:56","date_gmt":"2025-12-05T21:44:56","guid":{"rendered":"https:\/\/congresos.unlp.edu.ar\/xisiahc\/?page_id=145"},"modified":"2026-03-03T14:18:13","modified_gmt":"2026-03-03T17:18:13","slug":"recomendaciones-al-viajero","status":"publish","type":"page","link":"https:\/\/congresos.unlp.edu.ar\/xisiahc\/recomendaciones-al-viajero\/","title":{"rendered":"Recomendaciones al viajero"},"content":{"rendered":"<p><strong><a href=\"https:\/\/www.google.com.ar\/maps\/place\/La+Plata,+Buenos+Aires+Province\/@-34.9185375,-57.9613277,14z\/data=!4m6!3m5!1s0x95a2e62b1f0085a1:0xbcfc44f0547312e3!8m2!3d-34.9204948!4d-57.9535657!16zL20vMDIzYjk3?hl=en&amp;entry=ttu&amp;g_ep=EgoyMDI1MTIwMi4wIKXMDSoASAFQAw%3D%3D\" target=\"_blank\" rel=\"noopener\">La Plata<\/a> <\/strong>es la capital de la Provincia de Buenos Aires, Argentina. Fundada en 1882, es reconocida por su dise\u00f1o cuidadosamente planificado: un cuadrado perfecto atravesado por diagonales que forman rombos, salpicado de \u00e1reas verdes exactamente cada seis calles. La ciudad es la sede del gobierno de la Provincia. Goza de una animada vida cultural con varios teatros y museos, en particular el <a href=\"https:\/\/www.gba.gob.ar\/teatro_argentino?fbclid=IwAR2qJGF54jwfCeh-clVJFIWIBPQUchwOFgajGdESbrA2gBAinYyoZcKhUVQ\" target=\"_blank\" rel=\"noopener\">Teatro Argentino<\/a> (el segundo teatro de \u00f3pera m\u00e1s importante del pa\u00eds) y el <a href=\"https:\/\/www.museo.fcnym.unlp.edu.ar\/\" target=\"_blank\" rel=\"noopener\">Museo de Ciencias Naturales<\/a>. La monumental <a href=\"https:\/\/www.google.com\/maps\/place\/Catedral+de+La+Plata\/@-34.9228288,-57.9588304,485m\/data=!3m2!1e3!4b1!4m20!1m13!4m12!1m4!2m2!1d-58.0878336!2d-34.8585984!4e1!1m6!1m2!1s0x95a2e62dd769b9d7:0x8e5a62b28764b5ef!2scatedral+de+la+plata!2m2!1d-57.9562555!2d-34.9228288!3m5!1s0x95a2e62dd769b9d7:0x8e5a62b28764b5ef!8m2!3d-34.9228288!4d-57.9562555!16s%2Fm%2F03m6vg4?entry=ttu&amp;g_ep=EgoyMDI1MTIwMi4wIKXMDSoASAFQAw%3D%3D\" target=\"_blank\" rel=\"noopener\">Catedral<\/a> de La Plata, ubicada en el centro geogr\u00e1fico de la ciudad, es el templo neog\u00f3tico m\u00e1s grande de Sudam\u00e9rica. Otros edificios notables incluyen la <a href=\"https:\/\/www.capbacs.com\/capba-casa-curutchet\" target=\"_blank\" rel=\"noopener\">Casa Curutchet<\/a>, la \u00fanica obra del reconocido arquitecto Le Corbusier en Am\u00e9rica Latina, que ha sido designada Patrimonio de la Humanidad por la UNESCO.<\/p>\n<p><img loading=\"lazy\" decoding=\"async\" class=\"alignnone size-thumbnail wp-image-159\" src=\"http:\/\/congresos.unlp.edu.ar\/xisiahc\/wp-content\/uploads\/sites\/100\/2025\/12\/plaza_morenocatedral-1024x684-1-150x150.jpg\" alt=\"\" width=\"150\" height=\"150\" \/><\/p>\n<p><strong>\u00bfC\u00f3mo llegar?<\/strong><\/p>\n<p>La ciudad de La Plata est\u00e1 a unos 60 km de Buenos Aires. Los vuelos internacionales llegan al Aeropuerto Internacional de Ezeiza Ministro Pistarini ubicado en el partido de Ezeiza (Provincia de Buenos Aires), o al Aeropuerto Jorge Newbery (AEP), ubicado en la ciudad de Buenos Aires. La mayor\u00eda de los vuelos internacionales llegan al aeropuerto de Ezeiza, aunque los vuelos provenientes de pa\u00edses adyacentes a Argentina pueden llegar a cualquiera de los dos aeropuertos.<\/p>\n<p><strong>Desde el Aeropuerto de Ezeiza<\/strong><\/p>\n<p><em>En auto:<\/em> Desde el Aeropuerto Jorge Newbery, tome la autopista AU 1 a Buenos Aires y luego la autopista La Plata-Buenos Aires (Autopista La Plata-Buenos Aires). El viaje dura aproximadamente una hora.<\/p>\n<p><em>En taxis y buses:<\/em> Buenos Aires y La Plata est\u00e1n a aproximadamente 60 km de distancia. Las ciudades est\u00e1n f\u00e1cilmente conectadas por la Autopista La Plata-Buenos Aires (Autopista La Plata-Buenos Aires). Hay muchos servicios de taxi, por ejemplo: <a href=\"https:\/\/onbaires.com\/\" target=\"_blank\" rel=\"noopener\">https:\/\/onbaires.com<\/a> o <a href=\"https:\/\/taxiezeizaoficial.com\/\" target=\"_blank\" rel=\"noopener\">https:\/\/taxiezeizaoficial.com\/<\/a>. Puede reservar con anticipaci\u00f3n o directamente en el aeropuerto, el costo del viaje var\u00eda entre 65 y 80 USD. Tambi\u00e9n est\u00e1 disponible un servicio de autob\u00fas a Buenos Aires desde el aeropuerto, los billetes se pueden comprar dentro del aeropuerto en el stand de <a href=\"https:\/\/tiendaleon.com\/\" target=\"_blank\" rel=\"noopener\">Manuel Tienda Le\u00f3n<\/a>.<\/p>\n<p><em>Combis: <\/em>Son una buena opci\u00f3n para el\u00a0 traslado a la ciudad de La Plata desde los aeropuertos de Ezeiza y Aeroparque &#8220;Jorge Newberry&#8221;, en la ciudad de Buenos Aires<em>. <\/em>El Ente Municipal para la Actividad Tur\u00edstica (EMATUR) de La Plata, proporciona algunas sugerencias de transporte privado: <a href=\"https:\/\/drive.google.com\/file\/d\/157KB1aes-rw7rZjmTzYfQ1gBspx0wXCJ\/view\">https:\/\/drive.google.com\/file\/d\/157KB1aes-rw7rZjmTzYfQ1gBspx0wXCJ\/view<\/a><\/p>\n<p><em>En transporte p\u00fablico<\/em>: Buenos Aires y La Plata est\u00e1n muy bien conectadas por transporte p\u00fablico. Si prefiere viajar a La Plata en esta modalidad, puede tomar un autob\u00fas o un taxi hasta la terminal de autobuses llamada <a href=\"https:\/\/turismo.buenosaires.gob.ar\/es\/atractivo\/estaci%C3%B3n-retiro\" target=\"_blank\" rel=\"noopener\">&#8220;Estaci\u00f3n Retiro&#8221;<\/a>, y luego puede tomar el autob\u00fas 195 que va directo a la ciudad de La Plata y cuesta alrededor de 15 USD. Uber tambi\u00e9n est\u00e1 disponible como opci\u00f3n de transporte. En las salas de llegada del aeropuerto, varias personas suelen ofrecer transporte, no obstante debe tener en cuenta que estos servicios no est\u00e1n regulados.<\/p>\n<p><strong>Informaci\u00f3n adicional sobre transporte p\u00fablico<\/strong><\/p>\n<p>Si visita Argentina y planea usar el transporte p\u00fablico necesitar\u00e1 una tarjeta <a href=\"https:\/\/www.argentina.gob.ar\/sube\" target=\"_blank\" rel=\"noopener\">SUBE <\/a>\u00a0que debe presentar al momento de subir al transporte. Para ello, deber\u00e1 adquirir la tarjeta y realizar una &#8220;carga&#8221; de dinero que le permitir\u00e1 circular tanto en autob\u00fas como en tren y subterr\u00e1neo. El precio de la tarjeta puede variar levemente, pero generalmente ronda entre los ARS 1000 &#8211; 2000 (a partir de 2025).<\/p>\n<p>Algunas consideraciones:<\/p>\n<p>1. D\u00f3nde comprar una tarjeta SUBE:<\/p>\n<p>-Centros SUBE oficiales, quioscos y tiendas (buscar el cartel &#8220;SUBE&#8221;)<\/p>\n<p>-Estaciones de tren y subterr\u00e1neo<\/p>\n<p>-Algunos centros de informaci\u00f3n tur\u00edstica<\/p>\n<p>-Algunas oficinas de turismo (especialmente en Buenos Aires) ofrecen tarjetas SUBE con cr\u00e9dito precargado para mayor comodidad. Pregunte en el aeropuerto o en los principales centros tur\u00edsticos.<\/p>\n<p>2. C\u00f3mo cargar cr\u00e9dito:<\/p>\n<p>Para usar su tarjeta SUBE, debe agregar cr\u00e9dito. Puede hacerlo en quioscos, tiendas y m\u00e1quinas de autoservicio ubicadas en estaciones de subterr\u00e1neo, tren y autobuses.<\/p>\n<p>3. C\u00f3mo usar la tarjeta SUBE. Cuando suba a un autob\u00fas, tren o metro, simplemente acerque su tarjeta SUBE en el lector. El sistema deducir\u00e1 autom\u00e1ticamente la tarifa correcta.<\/p>\n<p>&nbsp;<\/p>\n<p><span style=\"color: #800080\"><strong>Alojamiento y circuitos tur\u00edsticos<\/strong><\/span><\/p>\n<p>La Plata ofrece diversas <a href=\"https:\/\/www.google.com\/maps\/d\/u\/4\/edit?mid=1hdC97SZzGPZrsVD1V-WYVFIVdr11ZQo&amp;ll=-34.92067449035399%2C-57.948193999999994&amp;z=13\" target=\"_blank\" rel=\"noopener\">opciones<\/a>, desde hoteles de cuatro estrellas hasta albergues y hostels. Puede encontrar recomendaciones en el <a href=\"https:\/\/turismo.laplata.gob.ar\/\" target=\"_blank\" rel=\"noopener\">Ente Municipal para la Actividad Tur\u00edstica de La Plata<\/a>, que ofrece una <a href=\"https:\/\/drive.google.com\/file\/d\/1--HctW9WGkIGH9emhSz6wscPLaK4Nxen\/view\" target=\"_blank\" rel=\"noopener\">gu\u00eda de hospedajes<\/a> recomendados y verificados.<\/p>\n<p>M\u00e1s informaci\u00f3n sobre opciones de alojamiento en: <a href=\"https:\/\/drive.google.com\/file\/d\/1SJdQ6J5c5ktuhkK35iPczddv41UynYPJ\/view?usp=sharing\">https:\/\/drive.google.com\/file\/d\/1SJdQ6J5c5ktuhkK35iPczddv41UynYPJ\/view?usp=sharing<\/a><\/p>\n<p><span style=\"color: #800080\"><strong>\u00bfD\u00f3nde comer?<\/strong><\/span><\/p>\n<p>La ciudad posee un gran <a href=\"https:\/\/turismo.laplata.gob.ar\/sabores-platenses.html\" target=\"_blank\" rel=\"noopener\">circuito gastron\u00f3mico<\/a>, con amplia variedad y <a href=\"https:\/\/www.google.com\/maps\/search\/restaurantes+en+la+plata\/@-34.9342167,-58.0123603,7762m\/data=!3m2!1e3!4b1?hl=en&amp;entry=ttu&amp;g_ep=EgoyMDI1MTIwMi4wIKXMDSoASAFQAw%3D%3D\">opciones<\/a> como restaurantes, parrillas para degustar carnes, bodegones, pizzer\u00edas, cervecer\u00edas artesanales, vinotecas, cocina de autor y cafeter\u00edas de especialidad.<\/p>\n","protected":false},"excerpt":{"rendered":"<p>La Plata es la capital de la Provincia de Buenos Aires, Argentina. Fundada en 1882, es reconocida por su dise\u00f1o cuidadosamente planificado: un cuadrado perfecto atravesado por diagonales que forman rombos, salpicado de \u00e1reas verdes exactamente cada seis calles. La ciudad es la sede del gobierno de la Provincia. Goza de una animada vida cultural [&hellip;]<\/p>\n","protected":false},"author":245,"featured_media":0,"parent":0,"menu_order":0,"comment_status":"closed","ping_status":"closed","template":"","meta":{"advgb_blocks_editor_width":"","advgb_blocks_columns_visual_guide":"","footnotes":""},"class_list":["post-145","page","type-page","status-publish","hentry","post"],"aioseo_notices":[],"coauthors":[],"author_meta":{"author_link":"https:\/\/congresos.unlp.edu.ar\/xisiahc\/author\/nbentivegna\/","display_name":"nbentivegna"},"relative_dates":{"created":"Posted 5 meses ago","modified":"Updated 2 meses ago"},"absolute_dates":{"created":"Posted on 5 diciembre, 2025","modified":"Updated on 3 marzo, 2026"},"absolute_dates_time":{"created":"Posted on 5 diciembre, 2025 6:44 pm","modified":"Updated on 3 marzo, 2026 2:18 pm"},"featured_img_caption":"","featured_img":false,"series_order":"","_links":{"self":[{"href":"https:\/\/congresos.unlp.edu.ar\/xisiahc\/wp-json\/wp\/v2\/pages\/145","targetHints":{"allow":["GET"]}}],"collection":[{"href":"https:\/\/congresos.unlp.edu.ar\/xisiahc\/wp-json\/wp\/v2\/pages"}],"about":[{"href":"https:\/\/congresos.unlp.edu.ar\/xisiahc\/wp-json\/wp\/v2\/types\/page"}],"author":[{"embeddable":true,"href":"https:\/\/congresos.unlp.edu.ar\/xisiahc\/wp-json\/wp\/v2\/users\/245"}],"replies":[{"embeddable":true,"href":"https:\/\/congresos.unlp.edu.ar\/xisiahc\/wp-json\/wp\/v2\/comments?post=145"}],"version-history":[{"count":0,"href":"https:\/\/congresos.unlp.edu.ar\/xisiahc\/wp-json\/wp\/v2\/pages\/145\/revisions"}],"wp:attachment":[{"href":"https:\/\/congresos.unlp.edu.ar\/xisiahc\/wp-json\/wp\/v2\/media?parent=145"}],"curies":[{"name":"wp","href":"https:\/\/api.w.org\/{rel}","templated":true}]}}