{"id":135,"date":"2025-12-05T16:28:38","date_gmt":"2025-12-05T19:28:38","guid":{"rendered":"https:\/\/congresos.unlp.edu.ar\/xisiahc\/?page_id=135"},"modified":"2026-03-09T08:25:35","modified_gmt":"2026-03-09T11:25:35","slug":"fechas-importantes","status":"publish","type":"page","link":"https:\/\/congresos.unlp.edu.ar\/xisiahc\/fechas-importantes\/","title":{"rendered":"Cronograma"},"content":{"rendered":"<h1>Fechas importantes<\/h1>\n<p><strong>Env\u00edo de res\u00famenes<\/strong> (hasta 3000 caracteres con espacio): hasta el 31 de agosto de 2025<\/p>\n<p><strong>Comunicaci\u00f3n de aceptaci\u00f3n de res\u00famenes<\/strong>: octubre de 2025<\/p>\n<p><strong>Env\u00edo res\u00famenes extendidos<\/strong> (hasta 12.000 caracteres con espacio): hasta el 2 marzo de 2026<\/p>\n<p>Formulario para el env\u00edo del resumen extendido\u2192\u00a0 <a href=\"https:\/\/forms.gle\/bR7kWYW4rukv9eVW8\">https:\/\/forms.gle\/bR7kWYW4rukv9eVW8<\/a><\/p>\n<p>&nbsp;<\/p>\n<h2 style=\"text-align: center\"><span style=\"color: #993366\">*IMPORTANTE*<\/span><\/h2>\n<p style=\"text-align: center\"><strong>Pr\u00f3rroga<\/strong> para la entrega de res\u00famenes extendidos<strong> hasta el 9 de marzo de 2026<\/strong><\/p>\n<p>&nbsp;<\/p>\n<p style=\"text-align: center\"><strong>Fecha de celebraci\u00f3n del XI Simposio<\/strong><\/p>\n<p style=\"text-align: center\">8, 9 y 10 de abril de 2026<\/p>\n<p>&nbsp;<\/p>\n","protected":false},"excerpt":{"rendered":"<p>Fechas importantes Env\u00edo de res\u00famenes (hasta 3000 caracteres con espacio): hasta el 31 de agosto de 2025 Comunicaci\u00f3n de aceptaci\u00f3n de res\u00famenes: octubre de 2025 Env\u00edo res\u00famenes extendidos (hasta 12.000 caracteres con espacio): hasta el 2 marzo de 2026 Formulario para el env\u00edo del resumen extendido\u2192\u00a0 https:\/\/forms.gle\/bR7kWYW4rukv9eVW8 &nbsp; *IMPORTANTE* Pr\u00f3rroga para la entrega de res\u00famenes [&hellip;]<\/p>\n","protected":false},"author":245,"featured_media":0,"parent":0,"menu_order":0,"comment_status":"closed","ping_status":"closed","template":"","meta":{"advgb_blocks_editor_width":"","advgb_blocks_columns_visual_guide":"","footnotes":""},"class_list":["post-135","page","type-page","status-publish","hentry","post"],"aioseo_notices":[],"coauthors":[],"author_meta":{"author_link":"https:\/\/congresos.unlp.edu.ar\/xisiahc\/author\/nbentivegna\/","display_name":"nbentivegna"},"relative_dates":{"created":"Posted 5 meses ago","modified":"Updated 2 meses ago"},"absolute_dates":{"created":"Posted on 5 diciembre, 2025","modified":"Updated on 9 marzo, 2026"},"absolute_dates_time":{"created":"Posted on 5 diciembre, 2025 4:28 pm","modified":"Updated on 9 marzo, 2026 8:25 am"},"featured_img_caption":"","featured_img":false,"series_order":"","_links":{"self":[{"href":"https:\/\/congresos.unlp.edu.ar\/xisiahc\/wp-json\/wp\/v2\/pages\/135","targetHints":{"allow":["GET"]}}],"collection":[{"href":"https:\/\/congresos.unlp.edu.ar\/xisiahc\/wp-json\/wp\/v2\/pages"}],"about":[{"href":"https:\/\/congresos.unlp.edu.ar\/xisiahc\/wp-json\/wp\/v2\/types\/page"}],"author":[{"embeddable":true,"href":"https:\/\/congresos.unlp.edu.ar\/xisiahc\/wp-json\/wp\/v2\/users\/245"}],"replies":[{"embeddable":true,"href":"https:\/\/congresos.unlp.edu.ar\/xisiahc\/wp-json\/wp\/v2\/comments?post=135"}],"version-history":[{"count":0,"href":"https:\/\/congresos.unlp.edu.ar\/xisiahc\/wp-json\/wp\/v2\/pages\/135\/revisions"}],"wp:attachment":[{"href":"https:\/\/congresos.unlp.edu.ar\/xisiahc\/wp-json\/wp\/v2\/media?parent=135"}],"curies":[{"name":"wp","href":"https:\/\/api.w.org\/{rel}","templated":true}]}}