{"id":10,"date":"2025-08-07T15:23:55","date_gmt":"2025-08-07T18:23:55","guid":{"rendered":"https:\/\/congresos.unlp.edu.ar\/xisiahc\/?page_id=10"},"modified":"2026-03-03T14:30:19","modified_gmt":"2026-03-03T17:30:19","slug":"mesas","status":"publish","type":"page","link":"https:\/\/congresos.unlp.edu.ar\/xisiahc\/mesas\/","title":{"rendered":"Mesas"},"content":{"rendered":"<h2><strong>Ejes tem\u00e1ticos<\/strong><\/h2>\n<p>1) Cartograf\u00edas y saberes del Estado: estados coloniales y nacionales. Naci\u00f3n planificaci\u00f3n, gesti\u00f3n y ciudades<br \/>\n2) Mapas celestes: instituciones, actores e im\u00e1genes del cielo<br \/>\n3) Bibliotecas, archivos y exposiciones<br \/>\n4) Cartograf\u00edas y cultura visual: artes, t\u00e9cnicas y tecnolog\u00edas<br \/>\n5) Cartografiar lo que no se ve. Mapear los conflictos y la percepci\u00f3n<br \/>\n6) Pr\u00e1cticas y trabajo de campo. Cartografiar el terreno y experiencias de mapeo<\/p>\n<p>&nbsp;<\/p>\n<p>&nbsp;<\/p>\n","protected":false},"excerpt":{"rendered":"<p>Ejes tem\u00e1ticos 1) Cartograf\u00edas y saberes del Estado: estados coloniales y nacionales. Naci\u00f3n planificaci\u00f3n, gesti\u00f3n y ciudades 2) Mapas celestes: instituciones, actores e im\u00e1genes del cielo 3) Bibliotecas, archivos y exposiciones 4) Cartograf\u00edas y cultura visual: artes, t\u00e9cnicas y tecnolog\u00edas 5) Cartografiar lo que no se ve. Mapear los conflictos y la percepci\u00f3n 6) Pr\u00e1cticas [&hellip;]<\/p>\n","protected":false},"author":2,"featured_media":0,"parent":0,"menu_order":0,"comment_status":"closed","ping_status":"closed","template":"","meta":{"advgb_blocks_editor_width":"","advgb_blocks_columns_visual_guide":"","footnotes":""},"class_list":["post-10","page","type-page","status-publish","hentry","post"],"aioseo_notices":[],"coauthors":[],"author_meta":{"author_link":"https:\/\/congresos.unlp.edu.ar\/xisiahc\/author\/congresos\/","display_name":"congresos"},"relative_dates":{"created":"Posted 9 meses ago","modified":"Updated 2 meses ago"},"absolute_dates":{"created":"Posted on 7 agosto, 2025","modified":"Updated on 3 marzo, 2026"},"absolute_dates_time":{"created":"Posted on 7 agosto, 2025 3:23 pm","modified":"Updated on 3 marzo, 2026 2:30 pm"},"featured_img_caption":"","featured_img":false,"series_order":"","_links":{"self":[{"href":"https:\/\/congresos.unlp.edu.ar\/xisiahc\/wp-json\/wp\/v2\/pages\/10","targetHints":{"allow":["GET"]}}],"collection":[{"href":"https:\/\/congresos.unlp.edu.ar\/xisiahc\/wp-json\/wp\/v2\/pages"}],"about":[{"href":"https:\/\/congresos.unlp.edu.ar\/xisiahc\/wp-json\/wp\/v2\/types\/page"}],"author":[{"embeddable":true,"href":"https:\/\/congresos.unlp.edu.ar\/xisiahc\/wp-json\/wp\/v2\/users\/2"}],"replies":[{"embeddable":true,"href":"https:\/\/congresos.unlp.edu.ar\/xisiahc\/wp-json\/wp\/v2\/comments?post=10"}],"version-history":[{"count":0,"href":"https:\/\/congresos.unlp.edu.ar\/xisiahc\/wp-json\/wp\/v2\/pages\/10\/revisions"}],"wp:attachment":[{"href":"https:\/\/congresos.unlp.edu.ar\/xisiahc\/wp-json\/wp\/v2\/media?parent=10"}],"curies":[{"name":"wp","href":"https:\/\/api.w.org\/{rel}","templated":true}]}}