{"id":992,"date":"2019-12-01T00:33:48","date_gmt":"2019-12-01T03:33:48","guid":{"rendered":"http:\/\/congresos.unlp.edu.ar\/xilapis\/?page_id=992"},"modified":"2025-04-04T13:40:37","modified_gmt":"2025-04-04T16:40:37","slug":"participants","status":"publish","type":"page","link":"https:\/\/congresos.unlp.edu.ar\/xilapis\/participants\/","title":{"rendered":"Participants"},"content":{"rendered":"<h1>Participants<\/h1>\n<p><span style=\"color: #ff0000\"><strong>All registered participants have been accepted to attend.\u00a0<\/strong><\/span><\/p>\n<table style=\"width: 1037px;border-collapse: collapse;height: 352px\" border=\"1\">\n<tbody>\n<tr>\n<th>Name<\/th>\n<th>Affilliation<\/th>\n<\/tr>\n<tr>\n<td>Agostina Filocomo<\/td>\n<td>FCAGLP<\/td>\n<\/tr>\n<tr>\n<td>Agustin Boland<\/td>\n<td>FCAGLP<\/td>\n<\/tr>\n<tr>\n<td>Ailen Callen<\/td>\n<td>OAC-UNC<\/td>\n<\/tr>\n<tr>\n<td>Aldana Alberici Adam<\/td>\n<td>Instituto de Astrof\u00edsica de La Plata (IALP) &#8211; CONICET<\/td>\n<\/tr>\n<tr>\n<td>Andrea Torres<\/td>\n<td>Facultad de Ciencias Astron\u00f3micas y Geof\u00edsicas (UNLP); Instituto de Astrof\u00edsica de La Plata (UNLP &#8211; CONICET)<\/td>\n<\/tr>\n<tr>\n<td>Anish Kalsi<\/td>\n<td><\/td>\n<\/tr>\n<tr>\n<td>Ariel Deluca<\/td>\n<td>FCAGLP-UNLP<\/td>\n<\/tr>\n<tr>\n<td>Axel Mendez Llorca<\/td>\n<td>Instituto de Astrof\u00edsica de La Plata<\/td>\n<\/tr>\n<tr>\n<td>Ayel\u00e9n Vismdvtzky<\/td>\n<td>FCAGLP<\/td>\n<\/tr>\n<tr>\n<td>Bian Lovato<\/td>\n<td>FCAG (UNLP)<\/td>\n<\/tr>\n<tr>\n<td>Briana Rojas<\/td>\n<td>FCAGLP<\/td>\n<\/tr>\n<tr>\n<td>Bruno De B\u00f3rtoli<\/td>\n<td>IALP (UNLP-CONICET)<\/td>\n<\/tr>\n<tr>\n<td>Bruno Giuliani<\/td>\n<td>Casleo<\/td>\n<\/tr>\n<tr>\n<td>Camila Ramos<\/td>\n<td>FCAGLP<\/td>\n<\/tr>\n<tr>\n<td>Candela Cerdosino<\/td>\n<td>IATE-FAMAF<\/td>\n<\/tr>\n<tr>\n<td>Carlos Arg\u00fcelles<\/td>\n<td>IALP<\/td>\n<\/tr>\n<tr>\n<td>Carlos Escudero<\/td>\n<td>IALP<\/td>\n<\/tr>\n<tr>\n<td>Carlos Feinstein<\/td>\n<td>FCAG-UNLP\/IALP-Conicet<\/td>\n<\/tr>\n<tr>\n<td>Catalina Izaguirre<\/td>\n<td>FCAG-UNLP<\/td>\n<\/tr>\n<tr>\n<td>Catalina Riveros Jara<\/td>\n<td>Universidad T\u00e9cnica Federico Santa Mar\u00eda<\/td>\n<\/tr>\n<tr>\n<td>Felipe Figueroa-Tapia<\/td>\n<td>Universidad de Valpara\u00edso<\/td>\n<\/tr>\n<tr>\n<td>Franco Piraino<\/td>\n<td>Universidad T\u00e9cnica Federico Santa Maria<\/td>\n<\/tr>\n<tr>\n<td>Gabriel Leon<\/td>\n<td>FCAG-UNLP<\/td>\n<\/tr>\n<tr>\n<td>Gabriel Sep\u00falveda<\/td>\n<td>Universidad de Talca<\/td>\n<\/tr>\n<tr>\n<td>Gast\u00f3n Escobar<\/td>\n<td>Instituto de Astrof\u00edsica de Canarias (IAC)<\/td>\n<\/tr>\n<tr>\n<td>Gustavo Luis Baume<\/td>\n<td>FCAG (UNLP) &#8211; IALP (Conicet-UNLP)<\/td>\n<\/tr>\n<tr>\n<td>Istenio Nunes de Morais<\/td>\n<td>Universidade do Vale do Para\u00edba (UNIVAP)<\/td>\n<\/tr>\n<tr>\n<td>Jerem\u00edas Ruta<\/td>\n<td>FCAGLP<\/td>\n<\/tr>\n<tr>\n<td>Joaquin Weiss<\/td>\n<td>Facultad de Ciencias Astron\u00f3micas y Geof\u00edsicas &#8211; FCAGLP<\/td>\n<\/tr>\n<tr>\n<td>Jordi Eguren Brown<\/td>\n<td>Facultad de Ciencias Astron\u00f3micas y Geof\u00edsicas &#8211; FCAGLP<\/td>\n<\/tr>\n<tr>\n<td>Jorge Federico Bustillos Rava<\/td>\n<td>Instituto de Astronom\u00eda Te\u00f3rica y Experimental (IATE-CONICET)<\/td>\n<\/tr>\n<tr>\n<td>Jose Cotrina<\/td>\n<td>FCAGLP<\/td>\n<\/tr>\n<tr>\n<td>Jos\u00e9 Ibarra<\/td>\n<td>Observat\u00f3rio do Valongo, UFRJ<\/td>\n<\/tr>\n<tr>\n<td>Jose M Alberto Faraldo Couchod<\/td>\n<td>FCAGLP<\/td>\n<\/tr>\n<tr>\n<td>Juan Ignacio Peralta<\/td>\n<td>IAFE \/ UNTREF<\/td>\n<\/tr>\n<tr>\n<td>Juan Pablo Caso<\/td>\n<td>IALP y FCAyG (CONICET &#8211; UNLP)<\/td>\n<\/tr>\n<tr>\n<td>Juan Pablo Varela<\/td>\n<td>FCAG-UNLP<\/td>\n<\/tr>\n<tr>\n<td>Juan Serrano Bell<\/td>\n<td>Instituto de Ciencias F\u00edsicas (ICIFI)<\/td>\n<\/tr>\n<tr>\n<td>Juli\u00e1n Vald\u00e9z<\/td>\n<td>Facultad de Ciencias Astron\u00f3micas y Geof\u00edsicas, UNLP<\/td>\n<\/tr>\n<tr>\n<td>Juliana Schujman<\/td>\n<td>FCAGLP-UNLP<\/td>\n<\/tr>\n<tr>\n<td>Lautaro Ezequiel Carranza<\/td>\n<td>FCAGLP<\/td>\n<\/tr>\n<tr>\n<td>Larissa Gon\u00e7alves Barcellos<\/td>\n<td>\u00a0Universidade Federal do Rio de Janeiro<\/td>\n<\/tr>\n<tr>\n<td>Leandro Sesto<\/td>\n<td>IALP-UNLP<\/td>\n<\/tr>\n<tr>\n<td>Lili Roman Aguilar<\/td>\n<td>FCAGLP &#8211; IALP<\/td>\n<\/tr>\n<tr>\n<td>Lorenzo Tagliapietra<\/td>\n<td>Universidad Nacional de La Plata<\/td>\n<\/tr>\n<tr>\n<td>Lucas Merlo<\/td>\n<td>FCAG-UNLP<\/td>\n<\/tr>\n<tr>\n<td>Luc\u00eda Ferrari<\/td>\n<td>IALP-CONICET<\/td>\n<\/tr>\n<tr>\n<td>Ludmila Elbich<\/td>\n<td>FCAGLP<\/td>\n<\/tr>\n<tr>\n<td>Luis Fernando Lomel\u00ed N\u00fa\u00f1ez<\/td>\n<td>Observatorio do Valongo<\/td>\n<\/tr>\n<tr>\n<td>Marcos Adrian Josue Baracchi<\/td>\n<td>FAMAF, UNC, OAC<\/td>\n<\/tr>\n<tr>\n<td>Maria Eugenia Ruda<\/td>\n<td>FCAGLP<\/td>\n<\/tr>\n<tr>\n<td>Mar\u00eda Florencia Chiliguay<\/td>\n<td>FCAG<\/td>\n<\/tr>\n<tr>\n<td>Margionet D\u00edaz<\/td>\n<td>IATE-UNC<\/td>\n<\/tr>\n<tr>\n<td>Martin Oscar Canullan Pascual<\/td>\n<td>FCAGLP<\/td>\n<\/tr>\n<tr>\n<td>Mart\u00edn Mestre<\/td>\n<td>IALP<\/td>\n<\/tr>\n<tr>\n<td>Matias Ruiz Diaz<\/td>\n<td>IALP-CONICET<\/td>\n<\/tr>\n<tr>\n<td>Maximiliano Blanco Flores<\/td>\n<td>Instituto de Astrof\u00edsica, Pontificia Universidad Cat\u00f3lica de Chile<\/td>\n<\/tr>\n<tr>\n<td>Melina Bersten<\/td>\n<td>IALP<\/td>\n<\/tr>\n<tr>\n<td>Mauro Juli\u00e1n Ritacco<\/td>\n<td>Facultad de Ciencias Astron\u00f3micas y Geof\u00edsicas<\/td>\n<\/tr>\n<tr>\n<td>Mijail Milicich<\/td>\n<td>FCAGLP<\/td>\n<\/tr>\n<tr>\n<td>Natalia Guevara<\/td>\n<td>IALP &#8211; CONICET<\/td>\n<\/tr>\n<tr>\n<td>Nelson Cruz Sanchez<\/td>\n<td>FCAG-UNLP<\/td>\n<\/tr>\n<tr>\n<td>Neri Ezequiel Cristaldo Gonzalez<\/td>\n<td>UNLP, FCAGLP<\/td>\n<\/tr>\n<tr>\n<td>Nicolas Vasquez<\/td>\n<td>Escuela Politecnica Nacional<\/td>\n<\/tr>\n<tr>\n<td>Nicholas Souza<\/td>\n<td>Laborat\u00f3rio Interinstitucional de e-Astronomia (LIneA)<\/td>\n<\/tr>\n<tr>\n<td>Paloma Diaz<\/td>\n<td>FCAGLP<\/td>\n<\/tr>\n<tr>\n<td>Patricio Colazo<\/td>\n<td>IATE<\/td>\n<\/tr>\n<tr>\n<td>Pedro Ger\u00f3nimo Villegas<\/td>\n<td>FCAGLP<\/td>\n<\/tr>\n<tr>\n<td>Sara Navarro-Umpi\u00e9rrez<\/td>\n<td>IAC<\/td>\n<\/tr>\n<tr>\n<td>Thiago Antognini<\/td>\n<td>FCAGLP-UNLP<\/td>\n<\/tr>\n<tr>\n<td>Tom\u00e1s Ans\u00edn<\/td>\n<td>IALP<\/td>\n<\/tr>\n<tr>\n<td>Tom\u00e1s Mazzei<\/td>\n<td>FCAGLP-UNLP<\/td>\n<\/tr>\n<tr>\n<td>Victoria Acosta<\/td>\n<td>FCAG, UNLP<\/td>\n<\/tr>\n<tr>\n<td>Victoria Bustelo<\/td>\n<td>FCAGLP, UNLP<\/td>\n<\/tr>\n<tr>\n<td>Yael Aidelman<\/td>\n<td>IALP (CONICET-UNLP)<\/td>\n<\/tr>\n<\/tbody>\n<\/table>\n<h3 style=\"text-align: center\"><\/h3>\n","protected":false},"excerpt":{"rendered":"<p>Participants All registered participants have been accepted to attend.\u00a0 Name Affilliation Agostina Filocomo FCAGLP Agustin Boland FCAGLP Ailen Callen OAC-UNC Aldana Alberici Adam Instituto de Astrof\u00edsica de La Plata (IALP) &#8211; CONICET Andrea Torres Facultad de Ciencias Astron\u00f3micas y Geof\u00edsicas (UNLP); Instituto de Astrof\u00edsica de La Plata (UNLP &#8211; CONICET) Anish Kalsi Ariel Deluca FCAGLP-UNLP [&hellip;]<\/p>\n","protected":false},"author":14,"featured_media":0,"parent":0,"menu_order":0,"comment_status":"closed","ping_status":"closed","template":"","meta":{"advgb_blocks_editor_width":"","advgb_blocks_columns_visual_guide":"","footnotes":""},"class_list":["post-992","page","type-page","status-publish","hentry","post"],"aioseo_notices":[],"coauthors":[],"author_meta":{"author_link":"https:\/\/congresos.unlp.edu.ar\/xilapis\/author\/jota\/","display_name":"jota"},"relative_dates":{"created":"Posted 6 years ago","modified":"Updated 1 year ago"},"absolute_dates":{"created":"Posted on 1 December, 2019","modified":"Updated on 4 April, 2025"},"absolute_dates_time":{"created":"Posted on 1 December, 2019 12:33 am","modified":"Updated on 4 April, 2025 1:40 pm"},"featured_img_caption":"","featured_img":false,"series_order":"","_links":{"self":[{"href":"https:\/\/congresos.unlp.edu.ar\/xilapis\/wp-json\/wp\/v2\/pages\/992","targetHints":{"allow":["GET"]}}],"collection":[{"href":"https:\/\/congresos.unlp.edu.ar\/xilapis\/wp-json\/wp\/v2\/pages"}],"about":[{"href":"https:\/\/congresos.unlp.edu.ar\/xilapis\/wp-json\/wp\/v2\/types\/page"}],"author":[{"embeddable":true,"href":"https:\/\/congresos.unlp.edu.ar\/xilapis\/wp-json\/wp\/v2\/users\/14"}],"replies":[{"embeddable":true,"href":"https:\/\/congresos.unlp.edu.ar\/xilapis\/wp-json\/wp\/v2\/comments?post=992"}],"version-history":[{"count":0,"href":"https:\/\/congresos.unlp.edu.ar\/xilapis\/wp-json\/wp\/v2\/pages\/992\/revisions"}],"wp:attachment":[{"href":"https:\/\/congresos.unlp.edu.ar\/xilapis\/wp-json\/wp\/v2\/media?parent=992"}],"curies":[{"name":"wp","href":"https:\/\/api.w.org\/{rel}","templated":true}]}}