{"id":10,"date":"2026-03-04T14:18:49","date_gmt":"2026-03-04T17:18:49","guid":{"rendered":"https:\/\/congresos.unlp.edu.ar\/xiilapis2026\/?page_id=10"},"modified":"2026-03-20T13:34:31","modified_gmt":"2026-03-20T16:34:31","slug":"venue","status":"publish","type":"page","link":"https:\/\/congresos.unlp.edu.ar\/xiilapis2026\/venue\/","title":{"rendered":"Venue"},"content":{"rendered":"<div id=\"pl-10\"  class=\"panel-layout\" ><div id=\"pg-10-0\"  class=\"panel-grid panel-no-style\" ><div id=\"pgc-10-0-0\"  class=\"panel-grid-cell\" ><div id=\"panel-10-0-0-0\" class=\"so-panel widget widget_sow-editor panel-first-child\" data-index=\"0\" ><div\n\t\t\t\n\t\t\tclass=\"so-widget-sow-editor so-widget-sow-editor-base\"\n\t\t\t\n\t\t><h3 class=\"widget-title\">Venue<\/h3>\n<div class=\"siteorigin-widget-tinymce textwidget\">\n\t<p><span style=\"font-weight: 400\">The school will take place at the <\/span><a href=\"https:\/\/www.fcaglp.unlp.edu.ar\/\"><b>Facultad de Ciencias Astron\u00f3micas y Geof\u00edsicas de la Universidad Nacional de La Plata<\/b><\/a><span style=\"font-weight: 400\">, home to the historic <\/span><b>Observatorio Astron\u00f3mico de La Plata<\/b><span style=\"font-weight: 400\">.<\/span><\/p>\n<p><span style=\"font-weight: 400\">Lectures will be held primarily in the <\/span><b>Sal\u00f3n Meridiano<\/b><span style=\"font-weight: 400\">, a fully equipped auditorium with projector, sound system, and air conditioning. Additional classrooms within the Faculty will be available for practical sessions, hands-on activities, and discussion groups.<\/span><\/p>\n<\/div>\n<\/div><\/div><div id=\"panel-10-0-0-1\" class=\"so-panel widget widget_sow-slider panel-last-child\" data-index=\"1\" ><div\n\t\t\t\n\t\t\tclass=\"so-widget-sow-slider so-widget-sow-slider-default-9397989f5a78-10\"\n\t\t\t\n\t\t>\t\t\t\t<div class=\"sow-slider-base\" style=\"display: none\" tabindex=\"0\">\n\t\t\t\t\t<ul\n\t\t\t\t\tclass=\"sow-slider-images\"\n\t\t\t\t\tdata-settings=\"{&quot;pagination&quot;:true,&quot;speed&quot;:400,&quot;timeout&quot;:1000,&quot;paused&quot;:false,&quot;pause_on_hover&quot;:true,&quot;swipe&quot;:true,&quot;nav_always_show_desktop&quot;:&quot;&quot;,&quot;nav_always_show_mobile&quot;:&quot;&quot;,&quot;breakpoint&quot;:&quot;780px&quot;,&quot;unmute&quot;:false,&quot;anchor&quot;:null}\"\n\t\t\t\t\t\t\t\t\t\tdata-anchor-id=\"\"\n\t\t\t\t>\t\t<li class=\"sow-slider-image\" style=\"visibility: visible;\" >\n\t\t\t\t\t\t<img loading=\"lazy\" decoding=\"async\" width=\"1024\" height=\"576\" src=\"https:\/\/congresos.unlp.edu.ar\/xiilapis2026\/wp-content\/uploads\/sites\/109\/2026\/03\/IMG_7238-1024x576-1.jpg\" class=\"sow-slider-background-image\" alt=\"\" style=\"height: 600px; width: auto; margin: 0 auto;\" srcset=\"https:\/\/congresos.unlp.edu.ar\/xiilapis2026\/wp-content\/uploads\/sites\/109\/2026\/03\/IMG_7238-1024x576-1.jpg 1024w, https:\/\/congresos.unlp.edu.ar\/xiilapis2026\/wp-content\/uploads\/sites\/109\/2026\/03\/IMG_7238-1024x576-1-300x169.jpg 300w, https:\/\/congresos.unlp.edu.ar\/xiilapis2026\/wp-content\/uploads\/sites\/109\/2026\/03\/IMG_7238-1024x576-1-768x432.jpg 768w\" sizes=\"auto, (max-width: 1024px) 100vw, 1024px\" \/>\t\t<\/li>\n\t\t\t\t<li class=\"sow-slider-image\" style=\"visibility: hidden;\" >\n\t\t\t\t\t\t<img loading=\"lazy\" decoding=\"async\" width=\"1024\" height=\"576\" src=\"https:\/\/congresos.unlp.edu.ar\/xiilapis2026\/wp-content\/uploads\/sites\/109\/2026\/03\/IMG_7220-1024x576-1.jpg\" class=\"sow-slider-background-image\" alt=\"\" style=\"height: 600px; width: auto; margin: 0 auto;\" srcset=\"https:\/\/congresos.unlp.edu.ar\/xiilapis2026\/wp-content\/uploads\/sites\/109\/2026\/03\/IMG_7220-1024x576-1.jpg 1024w, https:\/\/congresos.unlp.edu.ar\/xiilapis2026\/wp-content\/uploads\/sites\/109\/2026\/03\/IMG_7220-1024x576-1-300x169.jpg 300w, https:\/\/congresos.unlp.edu.ar\/xiilapis2026\/wp-content\/uploads\/sites\/109\/2026\/03\/IMG_7220-1024x576-1-768x432.jpg 768w\" sizes=\"auto, (max-width: 1024px) 100vw, 1024px\" \/>\t\t<\/li>\n\t\t\t\t<li class=\"sow-slider-image\" style=\"visibility: hidden;\" >\n\t\t\t\t\t\t<img loading=\"lazy\" decoding=\"async\" width=\"1024\" height=\"576\" src=\"https:\/\/congresos.unlp.edu.ar\/xiilapis2026\/wp-content\/uploads\/sites\/109\/2026\/03\/IMG_7211-1024x576-1.jpg\" class=\"sow-slider-background-image\" alt=\"\" style=\"height: 600px; width: auto; margin: 0 auto;\" srcset=\"https:\/\/congresos.unlp.edu.ar\/xiilapis2026\/wp-content\/uploads\/sites\/109\/2026\/03\/IMG_7211-1024x576-1.jpg 1024w, https:\/\/congresos.unlp.edu.ar\/xiilapis2026\/wp-content\/uploads\/sites\/109\/2026\/03\/IMG_7211-1024x576-1-300x169.jpg 300w, https:\/\/congresos.unlp.edu.ar\/xiilapis2026\/wp-content\/uploads\/sites\/109\/2026\/03\/IMG_7211-1024x576-1-768x432.jpg 768w\" sizes=\"auto, (max-width: 1024px) 100vw, 1024px\" \/>\t\t<\/li>\n\t\t\t\t<li class=\"sow-slider-image\" style=\"visibility: hidden;\" >\n\t\t\t\t\t\t<img loading=\"lazy\" decoding=\"async\" width=\"1024\" height=\"576\" src=\"https:\/\/congresos.unlp.edu.ar\/xiilapis2026\/wp-content\/uploads\/sites\/109\/2026\/03\/IMG_6872-1024x576-1.jpg\" class=\"sow-slider-background-image\" alt=\"\" style=\"height: 600px; width: auto; margin: 0 auto;\" srcset=\"https:\/\/congresos.unlp.edu.ar\/xiilapis2026\/wp-content\/uploads\/sites\/109\/2026\/03\/IMG_6872-1024x576-1.jpg 1024w, https:\/\/congresos.unlp.edu.ar\/xiilapis2026\/wp-content\/uploads\/sites\/109\/2026\/03\/IMG_6872-1024x576-1-300x169.jpg 300w, https:\/\/congresos.unlp.edu.ar\/xiilapis2026\/wp-content\/uploads\/sites\/109\/2026\/03\/IMG_6872-1024x576-1-768x432.jpg 768w\" sizes=\"auto, (max-width: 1024px) 100vw, 1024px\" \/>\t\t<\/li>\n\t\t\t\t<li class=\"sow-slider-image\" style=\"visibility: hidden;\" >\n\t\t\t\t\t\t<img loading=\"lazy\" decoding=\"async\" width=\"600\" height=\"399\" src=\"https:\/\/congresos.unlp.edu.ar\/xiilapis2026\/wp-content\/uploads\/sites\/109\/2026\/03\/34.jpg\" class=\"sow-slider-background-image\" alt=\"\" style=\"height: 600px; width: auto; margin: 0 auto;\" srcset=\"https:\/\/congresos.unlp.edu.ar\/xiilapis2026\/wp-content\/uploads\/sites\/109\/2026\/03\/34.jpg 600w, https:\/\/congresos.unlp.edu.ar\/xiilapis2026\/wp-content\/uploads\/sites\/109\/2026\/03\/34-300x200.jpg 300w, https:\/\/congresos.unlp.edu.ar\/xiilapis2026\/wp-content\/uploads\/sites\/109\/2026\/03\/34-272x182.jpg 272w\" sizes=\"auto, (max-width: 600px) 100vw, 600px\" \/>\t\t<\/li>\n\t\t\t\t<li class=\"sow-slider-image\" style=\"visibility: hidden;\" >\n\t\t\t\t\t\t<img loading=\"lazy\" decoding=\"async\" width=\"600\" height=\"399\" src=\"https:\/\/congresos.unlp.edu.ar\/xiilapis2026\/wp-content\/uploads\/sites\/109\/2026\/03\/33.jpg\" class=\"sow-slider-background-image\" alt=\"\" style=\"height: 600px; width: auto; margin: 0 auto;\" srcset=\"https:\/\/congresos.unlp.edu.ar\/xiilapis2026\/wp-content\/uploads\/sites\/109\/2026\/03\/33.jpg 600w, https:\/\/congresos.unlp.edu.ar\/xiilapis2026\/wp-content\/uploads\/sites\/109\/2026\/03\/33-300x200.jpg 300w, https:\/\/congresos.unlp.edu.ar\/xiilapis2026\/wp-content\/uploads\/sites\/109\/2026\/03\/33-272x182.jpg 272w\" sizes=\"auto, (max-width: 600px) 100vw, 600px\" \/>\t\t<\/li>\n\t\t\t\t<li class=\"sow-slider-image\" style=\"visibility: hidden;\" >\n\t\t\t\t\t\t<img loading=\"lazy\" decoding=\"async\" width=\"600\" height=\"450\" src=\"https:\/\/congresos.unlp.edu.ar\/xiilapis2026\/wp-content\/uploads\/sites\/109\/2026\/03\/20.jpg\" class=\"sow-slider-background-image\" alt=\"\" style=\"height: 600px; width: auto; margin: 0 auto;\" srcset=\"https:\/\/congresos.unlp.edu.ar\/xiilapis2026\/wp-content\/uploads\/sites\/109\/2026\/03\/20.jpg 600w, https:\/\/congresos.unlp.edu.ar\/xiilapis2026\/wp-content\/uploads\/sites\/109\/2026\/03\/20-300x225.jpg 300w\" sizes=\"auto, (max-width: 600px) 100vw, 600px\" \/>\t\t<\/li>\n\t\t\t\t<li class=\"sow-slider-image\" style=\"visibility: hidden;\" >\n\t\t\t\t\t\t<img loading=\"lazy\" decoding=\"async\" width=\"576\" height=\"575\" src=\"https:\/\/congresos.unlp.edu.ar\/xiilapis2026\/wp-content\/uploads\/sites\/109\/2026\/03\/IMG_0499-576x1024-1-e1773167343183.jpeg\" class=\"sow-slider-background-image\" alt=\"\" style=\"height: 600px; width: auto; margin: 0 auto;\" srcset=\"https:\/\/congresos.unlp.edu.ar\/xiilapis2026\/wp-content\/uploads\/sites\/109\/2026\/03\/IMG_0499-576x1024-1-e1773167343183.jpeg 576w, https:\/\/congresos.unlp.edu.ar\/xiilapis2026\/wp-content\/uploads\/sites\/109\/2026\/03\/IMG_0499-576x1024-1-e1773167343183-150x150.jpeg 150w, https:\/\/congresos.unlp.edu.ar\/xiilapis2026\/wp-content\/uploads\/sites\/109\/2026\/03\/IMG_0499-576x1024-1-e1773167343183-300x300.jpeg 300w\" sizes=\"auto, (max-width: 576px) 100vw, 576px\" \/>\t\t<\/li>\n\t\t\t\t<li class=\"sow-slider-image\" style=\"visibility: hidden;\" >\n\t\t\t\t\t\t<img loading=\"lazy\" decoding=\"async\" width=\"1024\" height=\"576\" src=\"https:\/\/congresos.unlp.edu.ar\/xiilapis2026\/wp-content\/uploads\/sites\/109\/2026\/03\/IMG_6911-1024x576-1.jpg\" class=\"sow-slider-background-image\" alt=\"\" style=\"height: 600px; width: auto; margin: 0 auto;\" srcset=\"https:\/\/congresos.unlp.edu.ar\/xiilapis2026\/wp-content\/uploads\/sites\/109\/2026\/03\/IMG_6911-1024x576-1.jpg 1024w, https:\/\/congresos.unlp.edu.ar\/xiilapis2026\/wp-content\/uploads\/sites\/109\/2026\/03\/IMG_6911-1024x576-1-300x169.jpg 300w, https:\/\/congresos.unlp.edu.ar\/xiilapis2026\/wp-content\/uploads\/sites\/109\/2026\/03\/IMG_6911-1024x576-1-768x432.jpg 768w\" sizes=\"auto, (max-width: 1024px) 100vw, 1024px\" \/>\t\t<\/li>\n\t\t\t\t<li class=\"sow-slider-image\" style=\"visibility: hidden;\" >\n\t\t\t\t\t\t<img loading=\"lazy\" decoding=\"async\" width=\"1024\" height=\"576\" src=\"https:\/\/congresos.unlp.edu.ar\/xiilapis2026\/wp-content\/uploads\/sites\/109\/2026\/03\/IMG_6880-1024x576-1.jpg\" class=\"sow-slider-background-image\" alt=\"\" style=\"height: 600px; width: auto; margin: 0 auto;\" srcset=\"https:\/\/congresos.unlp.edu.ar\/xiilapis2026\/wp-content\/uploads\/sites\/109\/2026\/03\/IMG_6880-1024x576-1.jpg 1024w, https:\/\/congresos.unlp.edu.ar\/xiilapis2026\/wp-content\/uploads\/sites\/109\/2026\/03\/IMG_6880-1024x576-1-300x169.jpg 300w, https:\/\/congresos.unlp.edu.ar\/xiilapis2026\/wp-content\/uploads\/sites\/109\/2026\/03\/IMG_6880-1024x576-1-768x432.jpg 768w\" sizes=\"auto, (max-width: 1024px) 100vw, 1024px\" \/>\t\t<\/li>\n\t\t\t\t<li class=\"sow-slider-image\" style=\"visibility: hidden;\" >\n\t\t\t\t\t\t<img loading=\"lazy\" decoding=\"async\" width=\"600\" height=\"575\" src=\"https:\/\/congresos.unlp.edu.ar\/xiilapis2026\/wp-content\/uploads\/sites\/109\/2026\/03\/24-e1773167981340.jpg\" class=\"sow-slider-background-image\" alt=\"\" style=\"height: 600px; width: auto; margin: 0 auto;\" srcset=\"https:\/\/congresos.unlp.edu.ar\/xiilapis2026\/wp-content\/uploads\/sites\/109\/2026\/03\/24-e1773167981340.jpg 600w, https:\/\/congresos.unlp.edu.ar\/xiilapis2026\/wp-content\/uploads\/sites\/109\/2026\/03\/24-e1773167981340-300x288.jpg 300w\" sizes=\"auto, (max-width: 600px) 100vw, 600px\" \/>\t\t<\/li>\n\t\t\t\t<li class=\"sow-slider-image\" style=\"visibility: hidden;\" >\n\t\t\t\t\t\t<img loading=\"lazy\" decoding=\"async\" width=\"1024\" height=\"576\" src=\"https:\/\/congresos.unlp.edu.ar\/xiilapis2026\/wp-content\/uploads\/sites\/109\/2026\/03\/IMG_6975-1024x576-1.jpg\" class=\"sow-slider-background-image\" alt=\"\" style=\"height: 600px; width: auto; margin: 0 auto;\" srcset=\"https:\/\/congresos.unlp.edu.ar\/xiilapis2026\/wp-content\/uploads\/sites\/109\/2026\/03\/IMG_6975-1024x576-1.jpg 1024w, https:\/\/congresos.unlp.edu.ar\/xiilapis2026\/wp-content\/uploads\/sites\/109\/2026\/03\/IMG_6975-1024x576-1-300x169.jpg 300w, https:\/\/congresos.unlp.edu.ar\/xiilapis2026\/wp-content\/uploads\/sites\/109\/2026\/03\/IMG_6975-1024x576-1-768x432.jpg 768w\" sizes=\"auto, (max-width: 1024px) 100vw, 1024px\" \/>\t\t<\/li>\n\t\t\t\t<li class=\"sow-slider-image\" style=\"visibility: hidden;\" >\n\t\t\t\t\t\t<img loading=\"lazy\" decoding=\"async\" width=\"600\" height=\"526\" src=\"https:\/\/congresos.unlp.edu.ar\/xiilapis2026\/wp-content\/uploads\/sites\/109\/2026\/03\/26-e1773167955892.jpg\" class=\"sow-slider-background-image\" alt=\"\" style=\"height: 600px; width: auto; margin: 0 auto;\" srcset=\"https:\/\/congresos.unlp.edu.ar\/xiilapis2026\/wp-content\/uploads\/sites\/109\/2026\/03\/26-e1773167955892.jpg 600w, https:\/\/congresos.unlp.edu.ar\/xiilapis2026\/wp-content\/uploads\/sites\/109\/2026\/03\/26-e1773167955892-300x263.jpg 300w\" sizes=\"auto, (max-width: 600px) 100vw, 600px\" \/>\t\t<\/li>\n\t\t<\/ul>\t\t\t\t<ol class=\"sow-slider-pagination\">\n\t\t\t\t\t\t\t\t\t\t\t<li><a href=\"#\" data-goto=\"0\" aria-label=\"Display slide 1\"><\/a><\/li>\n\t\t\t\t\t\t\t\t\t\t\t<li><a href=\"#\" data-goto=\"1\" aria-label=\"Display slide 2\"><\/a><\/li>\n\t\t\t\t\t\t\t\t\t\t\t<li><a href=\"#\" data-goto=\"2\" aria-label=\"Display slide 3\"><\/a><\/li>\n\t\t\t\t\t\t\t\t\t\t\t<li><a href=\"#\" data-goto=\"3\" aria-label=\"Display slide 4\"><\/a><\/li>\n\t\t\t\t\t\t\t\t\t\t\t<li><a href=\"#\" data-goto=\"4\" aria-label=\"Display slide 5\"><\/a><\/li>\n\t\t\t\t\t\t\t\t\t\t\t<li><a href=\"#\" data-goto=\"5\" aria-label=\"Display slide 6\"><\/a><\/li>\n\t\t\t\t\t\t\t\t\t\t\t<li><a href=\"#\" data-goto=\"6\" aria-label=\"Display slide 7\"><\/a><\/li>\n\t\t\t\t\t\t\t\t\t\t\t<li><a href=\"#\" data-goto=\"7\" aria-label=\"Display slide 8\"><\/a><\/li>\n\t\t\t\t\t\t\t\t\t\t\t<li><a href=\"#\" data-goto=\"8\" aria-label=\"Display slide 9\"><\/a><\/li>\n\t\t\t\t\t\t\t\t\t\t\t<li><a href=\"#\" data-goto=\"9\" aria-label=\"Display slide 10\"><\/a><\/li>\n\t\t\t\t\t\t\t\t\t\t\t<li><a href=\"#\" data-goto=\"10\" aria-label=\"Display slide 11\"><\/a><\/li>\n\t\t\t\t\t\t\t\t\t\t\t<li><a href=\"#\" data-goto=\"11\" aria-label=\"Display slide 12\"><\/a><\/li>\n\t\t\t\t\t\t\t\t\t\t\t<li><a href=\"#\" data-goto=\"12\" aria-label=\"Display slide 13\"><\/a><\/li>\n\t\t\t\t\t\t\t\t\t<\/ol>\n\n\t\t\t\t<div class=\"sow-slide-nav sow-slide-nav-next\">\n\t\t\t\t\t<a href=\"#\" data-goto=\"next\" aria-label=\"Next slide\" data-action=\"next\">\n\t\t\t\t\t\t<em class=\"sow-sld-icon-thin-right\"><\/em>\n\t\t\t\t\t<\/a>\n\t\t\t\t<\/div>\n\n\t\t\t\t<div class=\"sow-slide-nav sow-slide-nav-prev\">\n\t\t\t\t\t<a href=\"#\" data-goto=\"previous\" aria-label=\"Previous slide\" data-action=\"prev\">\n\t\t\t\t\t\t<em class=\"sow-sld-icon-thin-left\"><\/em>\n\t\t\t\t\t<\/a>\n\t\t\t\t<\/div>\n\t\t\t\t<\/div><\/div><\/div><\/div><\/div><div id=\"pg-10-1\"  class=\"panel-grid panel-no-style\" ><div id=\"pgc-10-1-0\"  class=\"panel-grid-cell\" ><div id=\"panel-10-1-0-0\" class=\"so-panel widget widget_sow-editor panel-first-child panel-last-child\" data-index=\"2\" ><div\n\t\t\t\n\t\t\tclass=\"so-widget-sow-editor so-widget-sow-editor-base\"\n\t\t\t\n\t\t><h3 class=\"widget-title\">The Observatory and the Campus<\/h3>\n<div class=\"siteorigin-widget-tinymce textwidget\">\n\t<p><span style=\"font-weight: 400\">The <\/span><b>Observatorio Astron\u00f3mico de La Plata<\/b><span style=\"font-weight: 400\"> was founded in the late 19th century, shortly before the establishment of the city itself. The observatory complex preserves several historic buildings and telescopes and remains one of the most distinctive scientific landmarks of <\/span><b>La Plata<\/b><span style=\"font-weight: 400\">.<\/span><\/p>\n<p><span style=\"font-weight: 400\">The campus is located within <\/span><b>El Bosque<\/b><span style=\"font-weight: 400\">, the city\u2019s main park, which also hosts the renowned <\/span><a href=\"https:\/\/www.museo.fcnym.unlp.edu.ar\/\"><b>Museo de La Plata<\/b><span style=\"font-weight: 400\">.<\/span><\/a><\/p>\n<\/div>\n<\/div><\/div><\/div><\/div><div id=\"pg-10-2\"  class=\"panel-grid panel-no-style\" ><div id=\"pgc-10-2-0\"  class=\"panel-grid-cell\" ><div id=\"panel-10-2-0-0\" class=\"so-panel widget widget_sow-editor panel-first-child\" data-index=\"3\" ><div\n\t\t\t\n\t\t\tclass=\"so-widget-sow-editor so-widget-sow-editor-base\"\n\t\t\t\n\t\t><h3 class=\"widget-title\">The City of La Plata<\/h3>\n<div class=\"siteorigin-widget-tinymce textwidget\">\n\t<p><b>La Plata<\/b><span style=\"font-weight: 400\"> is the capital city of the <\/span><b>Buenos Aires Province<\/b><span style=\"font-weight: 400\">, located approximately 60 km from <\/span><b>Buenos Aires<\/b><span style=\"font-weight: 400\">.<\/span><\/p>\n<p><span style=\"font-weight: 400\">The city is internationally known for its<\/span> <span style=\"font-weight: 400\">unique urban design. Carefully planned, its central district follows a precise geometric layout forming a perfect square crossed by diagonal avenues running northeast\u2013southwest and northwest\u2013southeast. Numerous parks and green spaces are distributed regularly throughout the city. <\/span><\/p>\n<p><span style=\"font-weight: 400\">Along the main civic axis stand several notable architectural landmarks, including: the neo-Gothic <\/span><a href=\"https:\/\/catedraldelaplata.com.ar\/\"><b>Catedral de La Plata<\/b><\/a><b>, <\/b><span style=\"font-weight: 400\">the brutalist <\/span><a href=\"https:\/\/teatroargentino.gba.gob.ar\/\"><b>Teatro Argentino de La Plata,<\/b><\/a> <span style=\"font-weight: 400\">the historic <\/span><b>Pasaje Dardo Rocha, <\/b><span style=\"font-weight: 400\">the <\/span><b>City Hall <\/b><span style=\"font-weight: 400\">of the city<\/span><b> , <\/b><span style=\"font-weight: 400\">and<\/span> <span style=\"font-weight: 400\">the iconic <\/span><a href=\"https:\/\/www.instagram.com\/casacurutchet.capba\/?hl=es\"><b>Casa Curutchet<\/b><span style=\"font-weight: 400\">,<\/span><\/a><span style=\"font-weight: 400\"> the only building in Latin America designed by Le Corbusier, among others.<\/span><\/p>\n<p><span style=\"font-weight: 400\">The city\u2019s tourism office also offers <\/span><b>guided walking tours<\/b><span style=\"font-weight: 400\"> of the main landmarks: <\/span><a href=\"https:\/\/turismo.laplata.gob.ar\/walking-tours.html\"><span style=\"font-weight: 400\">https:\/\/turismo.laplata.gob.ar\/walking-tours.html<\/span><\/a><\/p>\n<\/div>\n<\/div><\/div><div id=\"panel-10-2-0-1\" class=\"so-panel widget widget_sow-editor panel-last-child\" data-index=\"4\" ><div\n\t\t\t\n\t\t\tclass=\"so-widget-sow-editor so-widget-sow-editor-base\"\n\t\t\t\n\t\t>\n<div class=\"siteorigin-widget-tinymce textwidget\">\n\t<p><strong>Images and Video Credits: Facultad de Ciencias Astron\u00f3micas y Geof\u00edsicas de Universidad Nacional de La Plata<\/strong><\/p>\n<\/div>\n<\/div><\/div><\/div><\/div><\/div>","protected":false},"excerpt":{"rendered":"<p>The school will take place at the Facultad de Ciencias Astron\u00f3micas y Geof\u00edsicas de la Universidad Nacional de La Plata, home to the historic Observatorio Astron\u00f3mico de La Plata. Lectures will be held primarily in the Sal\u00f3n Meridiano, a fully equipped auditorium with projector, sound system, and air conditioning. Additional classrooms within the Faculty will [&hellip;]<\/p>\n","protected":false},"author":2,"featured_media":0,"parent":0,"menu_order":0,"comment_status":"closed","ping_status":"closed","template":"","meta":{"advgb_blocks_editor_width":"","advgb_blocks_columns_visual_guide":"","footnotes":""},"class_list":["post-10","page","type-page","status-publish","hentry","post"],"aioseo_notices":[],"coauthors":[],"author_meta":{"author_link":"https:\/\/congresos.unlp.edu.ar\/xiilapis2026\/author\/congresos\/","display_name":"congresos"},"relative_dates":{"created":"Posted 2 months ago","modified":"Updated 2 months ago"},"absolute_dates":{"created":"Posted on 4 March, 2026","modified":"Updated on 20 March, 2026"},"absolute_dates_time":{"created":"Posted on 4 March, 2026 2:18 pm","modified":"Updated on 20 March, 2026 1:34 pm"},"featured_img_caption":"","featured_img":false,"series_order":"","_links":{"self":[{"href":"https:\/\/congresos.unlp.edu.ar\/xiilapis2026\/wp-json\/wp\/v2\/pages\/10","targetHints":{"allow":["GET"]}}],"collection":[{"href":"https:\/\/congresos.unlp.edu.ar\/xiilapis2026\/wp-json\/wp\/v2\/pages"}],"about":[{"href":"https:\/\/congresos.unlp.edu.ar\/xiilapis2026\/wp-json\/wp\/v2\/types\/page"}],"author":[{"embeddable":true,"href":"https:\/\/congresos.unlp.edu.ar\/xiilapis2026\/wp-json\/wp\/v2\/users\/2"}],"replies":[{"embeddable":true,"href":"https:\/\/congresos.unlp.edu.ar\/xiilapis2026\/wp-json\/wp\/v2\/comments?post=10"}],"version-history":[{"count":0,"href":"https:\/\/congresos.unlp.edu.ar\/xiilapis2026\/wp-json\/wp\/v2\/pages\/10\/revisions"}],"wp:attachment":[{"href":"https:\/\/congresos.unlp.edu.ar\/xiilapis2026\/wp-json\/wp\/v2\/media?parent=10"}],"curies":[{"name":"wp","href":"https:\/\/api.w.org\/{rel}","templated":true}]}}