{"id":9,"date":"2021-06-11T15:28:23","date_gmt":"2021-06-11T18:28:23","guid":{"rendered":"https:\/\/congresos.unlp.edu.ar\/xiicnec\/?page_id=9"},"modified":"2021-07-01T20:18:14","modified_gmt":"2021-07-01T23:18:14","slug":"primera-circular","status":"publish","type":"page","link":"https:\/\/congresos.unlp.edu.ar\/xiicnec\/primera-circular\/","title":{"rendered":"Primera circular &#8211; abril 2021"},"content":{"rendered":"<p><span style=\"color: #ff0000\"><strong>Presentaci\u00f3n\/fundamento<\/strong><\/span><\/p>\n<p>La <strong>Asociaci\u00f3n Argentina de Estudios Coreanos<\/strong> y el <strong>Instituto de Relaciones Internacionales de la Universidad Nacional de La Plata<\/strong> convocan al XII Congreso de Estudios Coreanos <em>\u201cCorea ante un nuevo cambio de \u00e9poca. Aproximaciones desde el Sur Global\u201d<\/em>, a realizarse los d\u00edas 23 y 24 de noviembre de manera virtual en la Ciudad de La Plata.<\/p>\n<p>Desde 2005, a\u00f1o en que se realiz\u00f3 el Primer Congreso en la Universidad Nacional de Rosario, se han llevado adelante once ediciones en las que participaron cientos de especialistas, investigadores formados y en formaci\u00f3n, y estudiantes de grado que se iniciaban en los estudios coreanos. Su continuidad por m\u00e1s de una d\u00e9cada y media demuestra la vigencia y la pujanza de esta disciplina, as\u00ed como el incansable trabajo de la Asociaci\u00f3n, que gracias al gran apoyo financiero de la Academy of Korean Studies y el auspicio la Embajada de la Rep\u00fablica de Corea en Argentina y la C\u00e1mara Argentina de Comercio, Industria y Agropecuaria Coreanas, no ha cesado incluso en el contexto de pandemia que actualmente nos atraviesa.<br \/>\nPara esta ocasi\u00f3n se ha formado un comit\u00e9 acad\u00e9mico compuesto por expertos en el \u00e1rea, miembros de la Asociaci\u00f3n Argentina de Estudios Coreanos, y del Centro de Estudios Coreanos del Departamento de Asia y el Pac\u00edfico del Instituto de Relaciones Internacionales, que evaluar\u00e1 las presentaciones hechas por los participantes. Asimismo, esta convocatoria coincide con la invitaci\u00f3n de la Comisi\u00f3n Directiva de la Asociaci\u00f3n Argentina de Estudios Coreanos a profesores e investigadores de diversas casas de altos estudios, comprometidos con la promoci\u00f3n y difusi\u00f3n de los estudios coreanos, a participar de la misma.<\/p>\n<p><span style=\"color: #ff0000\"><strong>Convocatoria presentaci\u00f3n de res\u00famenes<\/strong><\/span><\/p>\n<p>Podr\u00e1n participar investigadores, docentes, graduados y estudiantes universitarios dedicados a los estudios coreanos. El Comit\u00e9 Acad\u00e9mico priorizar\u00e1 propuestas que analicen fen\u00f3menos concernientes a la Pen\u00ednsula de Corea considerando las siguientes tem\u00e1ticas:<br \/>\n<strong>Sociedad y pandemia,<\/strong><br \/>\n<strong>Desarrollo econ\u00f3mico y comercio exterior<\/strong><br \/>\n<strong>Historia y pol\u00edtica interna<\/strong><br \/>\n<strong>Estudios culturales y de g\u00e9nero<\/strong><br \/>\n<strong>Educaci\u00f3n e idioma<\/strong><br \/>\n<strong>Relaciones Internacionales y seguridad<\/strong><br \/>\n<strong>Religi\u00f3n y Filosof\u00eda<\/strong><br \/>\nAsimismo tambi\u00e9n se evaluar\u00e1n propuestas afines a las de este listado.<br \/>\nLas mesas tem\u00e1ticas se organizar\u00e1n en funci\u00f3n de los res\u00famenes recibidos y se dar\u00e1n a conocer en una pr\u00f3xima circular.<\/p>\n<p>2. Los res\u00famenes y ponencias finales deben ser enviadas al correo dispuesto por la organizaci\u00f3n para tal fin: <strong>xiicongresoestudioscoreanos@gmail.com<\/strong><br \/>\nEl asunto del correo se deber\u00e1 aclarar de la siguiente manera:<br \/>\napellido-resumen\/congreso, apellido-ponencia\/congreso respectivamente.<br \/>\nLas presentaciones deben ser enviadas en formato word.<\/p>\n<p>3. Los trabajos deber\u00e1n ser originales e in\u00e9ditos. No puede, bajo ning\u00fan punto de vista, estar comprometida su publicaci\u00f3n en otro medio. Los art\u00edculos deber\u00e1n estar redactados en espa\u00f1ol, no se aceptar\u00e1n trabajos en ingl\u00e9s u otros idiomas.<\/p>\n<p><span style=\"color: #ff0000\"><strong>Formato presentaci\u00f3n de res\u00famenes<\/strong><\/span><\/p>\n<p>Todo el documento debe estar presentado en letra Times New Roman tama\u00f1o 12, a simple espacio y justificado. (No debe colocarse en ning\u00fan caso informaci\u00f3n adicional como ser el nombre del encuentro u otro).El resumen debe ser de m\u00e1ximo 300 palabras (en min\u00fascula, justificado y a espaciado simple) y 5 (cinco) palabras clave.En el resumen deber\u00e1 incorporarse la siguiente informaci\u00f3n:<br \/>\n-T\u00edtulo: Centrado, con may\u00fasculas y negritas<br \/>\n\u2013 Nombre y Apellido completos, en negrita<br \/>\n\u2013 Pertenencia institucional<br \/>\n\u2013 Correo electr\u00f3nico (de todos los autores)<br \/>\n\u2013 Formato\/nombre del archivo, Ej: Resumen-L\u00f3pez.doc<\/p>\n<p><span style=\"color: #ff0000\"><strong>Formato presentaci\u00f3n de ponencias<\/strong><\/span><\/p>\n<p>La extensi\u00f3n de los trabajos no podr\u00e1 ser menor a 12 p\u00e1ginas ni mayor de 18 (incluyendo gr\u00e1ficos, tablas, cuadros y bibliograf\u00eda), a espacio y medio, en Times New Roman, cuerpo 12; en papel tama\u00f1o A4, con numeraci\u00f3n consecutiva de todas las p\u00e1ginas incluyendo la portada y bibliograf\u00eda. M\u00e1rgenes: 1,5 cm derecha. 2,5 cm izquierda. 2,5 cm superior, 2 cm inferior. Los t\u00edtulos deber\u00e1n estar numerados y en negrita.<br \/>\nLos gr\u00e1ficos, tablas y cuadros deben presentarse en blanco y negro, o escala de grises. Deber\u00e1n ser enviados de manera separada en formato JPG o PNG.<br \/>\nEn la primera p\u00e1gina del trabajo debe indicarse: t\u00edtulo de la ponencia (Time New Roman 16), nombre y apellidos del\/os autor\/es (Time New Roman 12), filiaci\u00f3n institucional (Time New Roman 10).<br \/>\nCon una nota al pie en el Apellido del autor, deber\u00e1 presentarse una breve CV, no superior a cuatro l\u00edneas e indicar un correo electr\u00f3nico de contacto.<\/p>\n<p>4. Los trabajos deber\u00e1n incluir un resumen del contenido que no exceder\u00e1 las 300 palabras. Tambi\u00e9n deber\u00e1n presentarse tres palabras claves. Las citas y notas ser\u00e1n en formato APA (http:\/\/normasapa.com)<\/p>\n<p><span style=\"color: #ff0000\"><strong>Cronograma\/ Fechas previstas<\/strong><\/span><\/p>\n<p>Inscripciones: Hasta el 13 de agosto por medio del siguiente formulario: https:\/\/forms.gle\/6h8k9zaNAkbkMUJK9<br \/>\nEnv\u00edo de res\u00famenes: Hasta el 13 de agosto<br \/>\nAprobaci\u00f3n o rechazo de las propuestas: Hasta el 27 de agosto<br \/>\nEnv\u00edo de las ponencias: Hasta 1 de octubre<br \/>\nAprobaci\u00f3n o rechazo de las ponencias: Hasta el 5 de noviembre<\/p>\n<p>El Comit\u00e9 de Organizaci\u00f3n se reserva el derecho de aceptaci\u00f3n o rechazo de los res\u00famenes y ponencias en los casos en los que no se cumplan los requisitos de presentaci\u00f3n y las fechas de entregas.<\/p>\n<p><span style=\"color: #ff0000\"><strong>Comit\u00e9 Organizador<\/strong><\/span><\/p>\n<p><strong>Dra. B\u00e1rbara Bavoleo<\/strong> Coordinadora del Centro de Estudios Coreanos \u2013 IRI \u2013 UNLP<\/p>\n<p><strong>Lic. Ezequiel Ramoneda<\/strong> Secretario del Departamento de Asia y el Pac\u00edfico -IRI \u2013 UNLP<\/p>\n<p><strong>Lic. Mat\u00edas Ben\u00edtez<\/strong> Centro de Estudios Coreanos \u2013 IRI \u2013 UNLP<\/p>\n<p><strong>Lic. Desir\u00e9e Chaure<\/strong> Centro de Estudios Coreanos \u2013 IRI \u2013 UNLP<\/p>\n<p><span style=\"color: #ff0000\"><strong>Comit\u00e9 Acad\u00e9mico<\/strong><\/span><\/p>\n<p><strong>Prof. Liliana Palacios de Cosiansi<\/strong> Universidad Nacional de Tucum\u00e1n- Presidenta de la Asociaci\u00f3n Argentina de Estudios Coreanos<\/p>\n<p><strong>Dra. Celeste Castiglione<\/strong> Universidad Nacional de Jos\u00e9 C. Paz- Vicepresidenta de la Asociaci\u00f3n Argentina de Estudios Coreanos<\/p>\n<p><strong>Dra. B\u00e1rbara Bavoleo<\/strong> Universidad Nacional de La Plata- Secretar\u00eda de la Asociaci\u00f3n Argentina de Estudios Coreanos<\/p>\n<p><strong>Lic. Jorge Santarrosa<\/strong> Universidad Nacional de C\u00f3rdoba- Vocal de la Asociaci\u00f3n Argentina de Estudios Coreanos<\/p>\n<p><strong>Dr. Luciano Bolinaga<\/strong> Universidad Austral \u2013 Vocal de la Asociaci\u00f3n Argentina de Estudios Coreanos<\/p>\n<p><strong>Dra. Luc\u00eda Rud<\/strong> Universidad de Buenos Aires- Facultad de Filosof\u00eda y Letras<\/p>\n<p>Informes: xiicongresoestudioscoreanos@gmail.com<\/p>\n","protected":false},"excerpt":{"rendered":"<p>Presentaci\u00f3n\/fundamento La Asociaci\u00f3n Argentina de Estudios Coreanos y el Instituto de Relaciones Internacionales de la Universidad Nacional de La Plata convocan al XII Congreso de Estudios Coreanos \u201cCorea ante un nuevo cambio de \u00e9poca. Aproximaciones desde el Sur Global\u201d, a realizarse los d\u00edas 23 y 24 de noviembre de manera virtual en la Ciudad de [&hellip;]<\/p>\n","protected":false},"author":2,"featured_media":0,"parent":0,"menu_order":0,"comment_status":"closed","ping_status":"closed","template":"","meta":{"advgb_blocks_editor_width":"","advgb_blocks_columns_visual_guide":"","footnotes":""},"class_list":["post-9","page","type-page","status-publish","hentry","post"],"aioseo_notices":[],"coauthors":[],"author_meta":{"author_link":"https:\/\/congresos.unlp.edu.ar\/xiicnec\/author\/congresos\/","display_name":"congresos"},"relative_dates":{"created":"Posted 5 a\u00f1os ago","modified":"Updated 5 a\u00f1os ago"},"absolute_dates":{"created":"Posted on 11 junio, 2021","modified":"Updated on 1 julio, 2021"},"absolute_dates_time":{"created":"Posted on 11 junio, 2021 3:28 pm","modified":"Updated on 1 julio, 2021 8:18 pm"},"featured_img_caption":"","featured_img":false,"series_order":"","_links":{"self":[{"href":"https:\/\/congresos.unlp.edu.ar\/xiicnec\/wp-json\/wp\/v2\/pages\/9","targetHints":{"allow":["GET"]}}],"collection":[{"href":"https:\/\/congresos.unlp.edu.ar\/xiicnec\/wp-json\/wp\/v2\/pages"}],"about":[{"href":"https:\/\/congresos.unlp.edu.ar\/xiicnec\/wp-json\/wp\/v2\/types\/page"}],"author":[{"embeddable":true,"href":"https:\/\/congresos.unlp.edu.ar\/xiicnec\/wp-json\/wp\/v2\/users\/2"}],"replies":[{"embeddable":true,"href":"https:\/\/congresos.unlp.edu.ar\/xiicnec\/wp-json\/wp\/v2\/comments?post=9"}],"version-history":[{"count":0,"href":"https:\/\/congresos.unlp.edu.ar\/xiicnec\/wp-json\/wp\/v2\/pages\/9\/revisions"}],"wp:attachment":[{"href":"https:\/\/congresos.unlp.edu.ar\/xiicnec\/wp-json\/wp\/v2\/media?parent=9"}],"curies":[{"name":"wp","href":"https:\/\/api.w.org\/{rel}","templated":true}]}}