{"id":78,"date":"2021-10-01T17:27:51","date_gmt":"2021-10-01T20:27:51","guid":{"rendered":"https:\/\/congresos.unlp.edu.ar\/xiicnec\/?page_id=78"},"modified":"2021-10-01T18:12:31","modified_gmt":"2021-10-01T21:12:31","slug":"cuarta-circular","status":"publish","type":"page","link":"https:\/\/congresos.unlp.edu.ar\/xiicnec\/cuarta-circular\/","title":{"rendered":"Cuarta circular &#8211; octubre 2021"},"content":{"rendered":"<p><span style=\"color: #ff0000\"><strong>Convocatoria a presentaci\u00f3n de ponencias-pr\u00f3rroga<\/strong><\/span><\/p>\n<p><strong>1.<\/strong> La recepci\u00f3n de ponencias se extiende hasta el <strong>1\u00b0 de noviembre<\/strong>. Las ponencias finales deben ser enviadas al correo dispuesto por la organizaci\u00f3n para tal fin: xiicongresoestudioscoreanos@gmail.com<br \/>\nEl asunto del correo se deber\u00e1 aclarar de la siguiente manera: apellido-ponencia\/congreso.<br \/>\nLas presentaciones deben ser enviadas en formato word o pdf.<\/p>\n<p><strong>2.<\/strong> Los trabajos deber\u00e1n ser originales e in\u00e9ditos. No puede, bajo ning\u00fan punto de vista, estar comprometida su publicaci\u00f3n en otro medio. Los art\u00edculos deber\u00e1n estar redactados en espa\u00f1ol, no se aceptar\u00e1n trabajos en ingl\u00e9s u otros idiomas.<\/p>\n<p><span style=\"color: #ff0000\"><strong>Formato presentaci\u00f3n de ponencias<\/strong><\/span><\/p>\n<p>La extensi\u00f3n de los trabajos no podr\u00e1 ser menor a 12 p\u00e1ginas ni mayor de 18 (incluyendo gr\u00e1ficos, tablas, cuadros y bibliograf\u00eda), a espacio y medio, en Times New Roman, cuerpo 12; en papel tama\u00f1o A4, con numeraci\u00f3n consecutiva de todas las p\u00e1ginas incluyendo la portada y bibliograf\u00eda. M\u00e1rgenes: 1,5 cm derecha. 2,5 cm izquierda. 2,5 cm superior, 2 cm inferior. Los t\u00edtulos deber\u00e1n estar numerados y en negrita.<br \/>\nLos gr\u00e1ficos, tablas y cuadros deben presentarse en blanco y negro, o escala de grises. Deber\u00e1n ser enviados de manera separada en formato JPG o PNG.<br \/>\nEn la primera p\u00e1gina del trabajo debe indicarse: t\u00edtulo de la ponencia (Time New Roman 16), nombre y apellidos del\/os autor\/es (Time New Roman 12), filiaci\u00f3n institucional (Time New Roman 10).<br \/>\nCon una nota al pie en el Apellido del autor, deber\u00e1 presentarse una breve CV, no superior a cuatro l\u00edneas e indicar un correo electr\u00f3nico de contacto.<br \/>\n4. Los trabajos deber\u00e1n incluir un resumen del contenido que no exceder\u00e1 las 300 palabras. Tambi\u00e9n deber\u00e1n presentarse tres palabras claves. Las citas y notas ser\u00e1n en formato APA (http:\/\/normasapa.com)<\/p>\n<p><span style=\"color: #ff0000\"><strong>Cronograma\/ Fechas previstas<\/strong><\/span><\/p>\n<p><strong>1.<\/strong> Inscripciones: <span style=\"color: #ff0000\">Hasta el 1\u00b0 de noviembre por medio del siguiente formulario:<\/span> https:\/\/forms.gle\/6h8k9zaNAkbkMUJK9<br \/>\n<strong>2.<\/strong> Env\u00edo de res\u00famenes: <span style=\"color: #ff0000\">Hasta el 27 de agosto<\/span><br \/>\n<strong>3.<\/strong> Aprobaci\u00f3n o rechazo de las propuestas: <span style=\"color: #ff0000\">Hasta el 10 de septiembre<\/span><br \/>\n<strong>4.<\/strong> Env\u00edo de las ponencias: <span style=\"color: #ff0000\">Hasta 1\u00b0 de noviembre<\/span><br \/>\n<strong>5.<\/strong> Aprobaci\u00f3n o rechazo de las ponencias: <span style=\"color: #ff0000\">Hasta el 15 de noviembre<\/span><\/p>\n<p>El Comit\u00e9 de Organizaci\u00f3n se reserva el derecho de aceptaci\u00f3n o rechazo de los res\u00famenes y ponencias en los casos en los que no se cumplan los requisitos de presentaci\u00f3n y las fechas de entregas.<\/p>\n<p><strong><span style=\"color: #ff0000\">Comit\u00e9 Organizador<\/span><\/strong><\/p>\n<p><strong>Dra. B\u00e1rbara Bavoleo<\/strong><br \/>\nCoordinadora del Centro de Estudios Coreanos &#8211; IRI &#8211; UNLP<\/p>\n<p><strong>Lic. Ezequiel Ramoneda<\/strong><br \/>\nSecretario del Departamento de Asia y el Pac\u00edfico -IRI &#8211; UNLP<\/p>\n<p><strong>Lic. Mat\u00edas Ben\u00edtez<\/strong><br \/>\nCentro de Estudios Coreanos &#8211; IRI &#8211; UNLP<\/p>\n<p><strong>Lic. Desir\u00e9e Chaure<\/strong><br \/>\nCentro de Estudios Coreanos &#8211; IRI &#8211; UNLP<\/p>\n<p><strong><span style=\"color: #ff0000\">Comit\u00e9 Acad\u00e9mico<\/span><\/strong><\/p>\n<p><strong>Prof. Liliana Palacios de Cosiansi<\/strong><br \/>\nUniversidad Nacional de Tucum\u00e1n- Presidenta de la Asociaci\u00f3n Argentina de Estudios Coreanos<\/p>\n<p><strong>Dra. Celeste Castiglione<\/strong><br \/>\nUniversidad Nacional de Jos\u00e9 C. Paz- Vicepresidenta de la Asociaci\u00f3n Argentina de Estudios Coreanos<\/p>\n<p><strong>Dra. B\u00e1rbara Bavoleo<\/strong><br \/>\nUniversidad Nacional de La Plata- Secretar\u00eda de la Asociaci\u00f3n Argentina de Estudios Coreanos<\/p>\n<p><strong>Lic. Jorge Santarrosa<\/strong><br \/>\nUniversidad Nacional de C\u00f3rdoba- Vocal de la Asociaci\u00f3n Argentina de Estudios Coreanos<\/p>\n<p><strong>Dr. Luciano Bolinaga<\/strong><br \/>\nUniversidad Austral &#8211; Vocal de la Asociaci\u00f3n Argentina de Estudios Coreanos<\/p>\n<p><strong>Dra. Luc\u00eda Rud<\/strong><br \/>\nUniversidad de Buenos Aires- Facultad de Filosof\u00eda y Letras<\/p>\n<p>&nbsp;<\/p>\n<p><strong>Informes<\/strong>: xiicongresoestudioscoreanos@gmail.com<\/p>\n","protected":false},"excerpt":{"rendered":"<p>Convocatoria a presentaci\u00f3n de ponencias-pr\u00f3rroga 1. La recepci\u00f3n de ponencias se extiende hasta el 1\u00b0 de noviembre. Las ponencias finales deben ser enviadas al correo dispuesto por la organizaci\u00f3n para tal fin: xiicongresoestudioscoreanos@gmail.com El asunto del correo se deber\u00e1 aclarar de la siguiente manera: apellido-ponencia\/congreso. Las presentaciones deben ser enviadas en formato word o pdf. [&hellip;]<\/p>\n","protected":false},"author":92,"featured_media":0,"parent":0,"menu_order":0,"comment_status":"closed","ping_status":"closed","template":"","meta":{"advgb_blocks_editor_width":"","advgb_blocks_columns_visual_guide":"","footnotes":""},"class_list":["post-78","page","type-page","status-publish","hentry","post"],"aioseo_notices":[],"coauthors":[],"author_meta":{"author_link":"https:\/\/congresos.unlp.edu.ar\/xiicnec\/author\/juana\/","display_name":"juana"},"relative_dates":{"created":"Posted 5 a\u00f1os ago","modified":"Updated 5 a\u00f1os ago"},"absolute_dates":{"created":"Posted on 1 octubre, 2021","modified":"Updated on 1 octubre, 2021"},"absolute_dates_time":{"created":"Posted on 1 octubre, 2021 5:27 pm","modified":"Updated on 1 octubre, 2021 6:12 pm"},"featured_img_caption":"","featured_img":false,"series_order":"","_links":{"self":[{"href":"https:\/\/congresos.unlp.edu.ar\/xiicnec\/wp-json\/wp\/v2\/pages\/78","targetHints":{"allow":["GET"]}}],"collection":[{"href":"https:\/\/congresos.unlp.edu.ar\/xiicnec\/wp-json\/wp\/v2\/pages"}],"about":[{"href":"https:\/\/congresos.unlp.edu.ar\/xiicnec\/wp-json\/wp\/v2\/types\/page"}],"author":[{"embeddable":true,"href":"https:\/\/congresos.unlp.edu.ar\/xiicnec\/wp-json\/wp\/v2\/users\/92"}],"replies":[{"embeddable":true,"href":"https:\/\/congresos.unlp.edu.ar\/xiicnec\/wp-json\/wp\/v2\/comments?post=78"}],"version-history":[{"count":0,"href":"https:\/\/congresos.unlp.edu.ar\/xiicnec\/wp-json\/wp\/v2\/pages\/78\/revisions"}],"wp:attachment":[{"href":"https:\/\/congresos.unlp.edu.ar\/xiicnec\/wp-json\/wp\/v2\/media?parent=78"}],"curies":[{"name":"wp","href":"https:\/\/api.w.org\/{rel}","templated":true}]}}