{"id":66,"date":"2021-08-16T12:18:50","date_gmt":"2021-08-16T15:18:50","guid":{"rendered":"https:\/\/congresos.unlp.edu.ar\/xiicnec\/?page_id=66"},"modified":"2021-08-16T17:43:40","modified_gmt":"2021-08-16T20:43:40","slug":"tercera-circular","status":"publish","type":"page","link":"https:\/\/congresos.unlp.edu.ar\/xiicnec\/tercera-circular\/","title":{"rendered":"Tercera circular &#8211; agosto 2021"},"content":{"rendered":"<p><span style=\"color: #ff0000\"><strong>Convocatoria presentaci\u00f3n de res\u00famenes-pr\u00f3rroga<\/strong><\/span><\/p>\n<ol>\n<li>La recepci\u00f3n de propuesta <strong>se extiende hasta el 27 de agosto<\/strong>. Podr\u00e1n participar investigadores, docentes, graduados y estudiantes universitarios dedicados a los estudios coreanos.<br \/>\nPodr\u00e1n participar investigadores, docentes, graduados y estudiantes universitarios dedicados a los estudios El Comit\u00e9 Acad\u00e9mico priorizar\u00e1 propuestas que analicen fen\u00f3menos concernientes a la Pen\u00ednsula de Corea considerando las siguientes tem\u00e1ticas:<\/li>\n<\/ol>\n<p>Sociedad y pandemia,<br \/>\nDesarrollo econ\u00f3mico y comercio exterior Historia y pol\u00edtica interna<br \/>\nEstudios culturales y de g\u00e9nero Educaci\u00f3n e idioma<br \/>\nRelaciones Internacionales y seguridad Religi\u00f3n y Filosof\u00eda<\/p>\n<p>Asimismo tambi\u00e9n se evaluar\u00e1n propuestas a\ufb01nes a las de este listado.<br \/>\nLas mesas tem\u00e1ticas se organizar\u00e1n en funci\u00f3n de los res\u00famenes recibidos y se dar\u00e1n a conocer en una pr\u00f3xima circular.<\/p>\n<ol start=\"2\">\n<li>Los res\u00famenes y ponencias \ufb01nales deben ser enviadas al correo dispuesto por la organizaci\u00f3n para tal \ufb01n:<br \/>\n<strong>xiicongresoestudioscoreanos@gmail.com<\/strong><br \/>\nEl asunto del correo se deber\u00e1 aclarar de la siguiente manera:<br \/>\napellido-resumen\/congreso, apellido-ponencia\/congreso respectivamente. Las presentaciones debe ser enviadas en formato word\/pdf<\/li>\n<li>Los trabajos deber\u00e1n ser originales e in\u00e9ditos. No puede, bajo ning\u00fan punto de vista, estar comprometida su publicaci\u00f3n en otro Los art\u00edculos deber\u00e1n estar redactados en espa\u00f1ol, no se aceptar\u00e1n trabajos en ingl\u00e9s u otros idiomas.<\/li>\n<\/ol>\n<p><span style=\"color: #ff0000\"><strong>Formato presentaci\u00f3n de res\u00famenes<\/strong><\/span><\/p>\n<p>Todo el documento debe estar presentado en letra Times New Roman tama\u00f1o 12, a simple espacio y justi\ufb01cado. (No debe colocarse en ning\u00fan caso informaci\u00f3n adicional como ser el nombre del encuentro u otro).<br \/>\nEl resumen debe ser de m\u00e1ximo 300 palabras (en min\u00fascula, justi\ufb01cado y a espaciado simple) y 5 (cinco) Palabras<br \/>\nEn el resumen deber\u00e1 incorporarse la siguiente informaci\u00f3n:<\/p>\n<p>-T\u00edtulo: Centrado, con may\u00fasculas y negritas<br \/>\nNombre y Apellido completos, en negrita<br \/>\nPertenencia institucional<br \/>\nCorreo electr\u00f3nico (de todos los autores)<br \/>\nFormato\/nombre del archivo, Ej: Resumen-L\u00f3pez.doc<\/p>\n<p>El resumen debe enviarse a xiicongresoestudioscoreanos@gmail.com indicando en el asunto el apellido del autor ,Ej: L\u00f3pez-resumen.<\/p>\n<p><span style=\"color: #ff0000\"><strong>Cronograma\/ Fechas previstas<\/strong><\/span><\/p>\n<p><strong>Inscripciones:<\/strong> Hasta el 27 de agosto por medio del siguiente formulario: https:\/\/forms.gle\/6h8k9zaNAkbkMUJK9<br \/>\n<strong>Env\u00edo de res\u00famenes:<\/strong> Hasta el 27 de agosto<br \/>\n<strong>Aprobaci\u00f3n o rechazo de las propuestas:<\/strong> Hasta el 10 de septiembre<br \/>\n<strong>Env\u00edo de las ponencias: <\/strong>Hasta 1 de octubre<br \/>\n<strong>Aprobaci\u00f3n o rechazo de las ponencias:<\/strong> Hasta el 5 de noviembre<\/p>\n<p>El Comit\u00e9 de Organizaci\u00f3n se reserva el derecho de aceptaci\u00f3n o rechazo de los res\u00famenes y ponencias en los casos en los que no se cumplan los requisitos de presentaci\u00f3n y las fechas de entregas.<\/p>\n<p>La participaci\u00f3n en el Congreso, ya sea como asistente o expositor es <strong>gratuita.<\/strong><\/p>\n<p><span style=\"color: #ff0000\"><strong>Comit\u00e9 Organizador<\/strong><\/span><\/p>\n<p><strong>Dra. B\u00e1rbara Bavoleo<\/strong>\u00a0Coordinadora del Centro de Estudios Coreanos \u2013 IRI \u2013 UNLP<\/p>\n<p><strong>Lic. Ezequiel Ramoneda<\/strong>\u00a0Secretario del Departamento de Asia y el Pac\u00ed\ufb01co -IRI \u2013 UNLP<\/p>\n<p><strong>Lic. Mat\u00edas Ben\u00edtez<\/strong>\u00a0Centro de Estudios Coreanos \u2013 IRI \u2013 UNLP<\/p>\n<p><strong>Lic. Desir\u00e9e Chaure<\/strong>\u00a0Centro de Estudios Coreanos \u2013 IRI \u2013 UNLP<\/p>\n<p><span style=\"color: #ff0000\"><strong>Comit\u00e9 Acad\u00e9mico<\/strong><\/span><\/p>\n<p><strong>Prof. Liliana Palacios de Cosiansi<\/strong>\u00a0Universidad Nacional de Tucum\u00e1n- Presidenta de la Asociaci\u00f3n Argentina de Estudios Coreanos<br \/>\n<strong>Dra. Celeste Castiglione<\/strong>\u00a0Universidad Nacional de Jos\u00e9 C. Paz- Vicepresidenta de la Asociaci\u00f3n Argentina de Estudios Coreanos<br \/>\n<strong>Dra. B\u00e1rbara Bavoleo<\/strong>\u00a0Universidad Nacional de La Plata- Secretar\u00eda de la Asociaci\u00f3n Argentina de Estudios Coreanos<br \/>\n<strong>Lic. Jorge Santarrosa<\/strong>\u00a0Universidad Nacional de C\u00f3rdoba- Vocal de la Asociaci\u00f3n Argentina de Estudios Coreanos<br \/>\n<strong>Dr. Luciano Bolinaga<\/strong>\u00a0Universidad Austral \u2013 Vocal de la Asociaci\u00f3n Argentina de Estudios Coreanos<br \/>\n<strong>Dra. Luc\u00eda Rud<\/strong>\u00a0Universidad de Buenos Aires- Facultad de Filosof\u00eda y Letras<\/p>\n<p><strong>Informes:<\/strong> xiicongresoestudioscoreanos@gmail.com<\/p>\n","protected":false},"excerpt":{"rendered":"<p>Convocatoria presentaci\u00f3n de res\u00famenes-pr\u00f3rroga La recepci\u00f3n de propuesta se extiende hasta el 27 de agosto. Podr\u00e1n participar investigadores, docentes, graduados y estudiantes universitarios dedicados a los estudios coreanos. Podr\u00e1n participar investigadores, docentes, graduados y estudiantes universitarios dedicados a los estudios El Comit\u00e9 Acad\u00e9mico priorizar\u00e1 propuestas que analicen fen\u00f3menos concernientes a la Pen\u00ednsula de Corea considerando [&hellip;]<\/p>\n","protected":false},"author":92,"featured_media":0,"parent":0,"menu_order":0,"comment_status":"closed","ping_status":"closed","template":"","meta":{"advgb_blocks_editor_width":"","advgb_blocks_columns_visual_guide":"","footnotes":""},"class_list":["post-66","page","type-page","status-publish","hentry","post"],"aioseo_notices":[],"coauthors":[],"author_meta":{"author_link":"https:\/\/congresos.unlp.edu.ar\/xiicnec\/author\/juana\/","display_name":"juana"},"relative_dates":{"created":"Posted 5 a\u00f1os ago","modified":"Updated 5 a\u00f1os ago"},"absolute_dates":{"created":"Posted on 16 agosto, 2021","modified":"Updated on 16 agosto, 2021"},"absolute_dates_time":{"created":"Posted on 16 agosto, 2021 12:18 pm","modified":"Updated on 16 agosto, 2021 5:43 pm"},"featured_img_caption":"","featured_img":false,"series_order":"","_links":{"self":[{"href":"https:\/\/congresos.unlp.edu.ar\/xiicnec\/wp-json\/wp\/v2\/pages\/66","targetHints":{"allow":["GET"]}}],"collection":[{"href":"https:\/\/congresos.unlp.edu.ar\/xiicnec\/wp-json\/wp\/v2\/pages"}],"about":[{"href":"https:\/\/congresos.unlp.edu.ar\/xiicnec\/wp-json\/wp\/v2\/types\/page"}],"author":[{"embeddable":true,"href":"https:\/\/congresos.unlp.edu.ar\/xiicnec\/wp-json\/wp\/v2\/users\/92"}],"replies":[{"embeddable":true,"href":"https:\/\/congresos.unlp.edu.ar\/xiicnec\/wp-json\/wp\/v2\/comments?post=66"}],"version-history":[{"count":0,"href":"https:\/\/congresos.unlp.edu.ar\/xiicnec\/wp-json\/wp\/v2\/pages\/66\/revisions"}],"wp:attachment":[{"href":"https:\/\/congresos.unlp.edu.ar\/xiicnec\/wp-json\/wp\/v2\/media?parent=66"}],"curies":[{"name":"wp","href":"https:\/\/api.w.org\/{rel}","templated":true}]}}