{"id":36,"date":"2021-07-01T15:17:37","date_gmt":"2021-07-01T18:17:37","guid":{"rendered":"https:\/\/congresos.unlp.edu.ar\/xiicnec\/?page_id=36"},"modified":"2021-07-01T20:27:05","modified_gmt":"2021-07-01T23:27:05","slug":"segunda-circular","status":"publish","type":"page","link":"https:\/\/congresos.unlp.edu.ar\/xiicnec\/segunda-circular\/","title":{"rendered":"Segunda circular &#8211; junio 2021"},"content":{"rendered":"<p><span style=\"color: #ff0000\"><strong>Convocatoria presentaci\u00f3n de res\u00famenes<\/strong><\/span><\/p>\n<p>1. Se recibir\u00e1n propuestas hasta el 13 de agosto. Podr\u00e1n participar investigadores, docentes, graduados y estudiantes universitarios dedicados a los estudios coreanos.<br \/>\nPodr\u00e1n participar investigadores, docentes, graduados y estudiantes universitarios dedicados a los estudios El Comit\u00e9 Acad\u00e9mico priorizar\u00e1 propuestas que analicen fen\u00f3menos concernientes a la Pen\u00ednsula de Corea considerando las siguientes tem\u00e1ticas:<\/p>\n<p>Sociedad y pandemia,<br \/>\nDesarrollo econ\u00f3mico y comercio exterior Historia y pol\u00edtica interna<br \/>\nEstudios culturales y de g\u00e9nero Educaci\u00f3n e idioma<br \/>\nRelaciones Internacionales y seguridad Religi\u00f3n y Filosof\u00eda<\/p>\n<p>Asimismo tambi\u00e9n se evaluar\u00e1n propuestas a\ufb01nes a las de este listado.<br \/>\nLas mesas tem\u00e1ticas se organizar\u00e1n en funci\u00f3n de los res\u00famenes recibidos y se dar\u00e1n a conocer en una pr\u00f3xima circular.<\/p>\n<p>2. Los res\u00famenes y ponencias \ufb01nales deben ser enviadas al correo dispuesto por la organizaci\u00f3n para tal \ufb01n:<br \/>\nxiicongresoestudioscoreanos@gmail.com<br \/>\nEl asunto del correo se deber\u00e1 aclarar de la siguiente manera:<br \/>\napellido-resumen\/congreso, apellido-ponencia\/congreso respectivamente. Las presentaciones debe ser enviadas en formato word\/pdf<\/p>\n<p>3. Los trabajos deber\u00e1n ser originales e in\u00e9ditos. No puede, bajo ning\u00fan punto de vista, estar comprometida su publicaci\u00f3n en otro Los art\u00edculos deber\u00e1n estar redactados en espa\u00f1ol, no se aceptar\u00e1n trabajos en ingl\u00e9s u otros idiomas.<\/p>\n<p><span style=\"color: #ff0000\"><strong>Formato presentaci\u00f3n de res\u00famenes<\/strong><\/span><\/p>\n<p>Todo el documento debe estar presentado en letra Times New Roman tama\u00f1o 12, a simple espacio y justi\ufb01cado. (No debe colocarse en ning\u00fan caso informaci\u00f3n adicional como ser el nombre del encuentro u otro).<br \/>\nEl resumen debe ser de m\u00e1ximo 300 palabras (en min\u00fascula, justi\ufb01cado y a espaciado simple) y 5 (cinco) Palabras<br \/>\nEn el resumen deber\u00e1 incorporarse la siguiente informaci\u00f3n:<\/p>\n<p>-T\u00edtulo: Centrado, con may\u00fasculas y negritas<br \/>\nNombre y Apellido completos, en negrita<br \/>\nPertenencia institucional<br \/>\nCorreo electr\u00f3nico (de todos los autores)<br \/>\nFormato\/nombre del archivo, Ej: Resumen-L\u00f3pez.doc<\/p>\n<p>El resumen debe enviarse a xiicongresoestudioscoreanos@gmail.com indicando en el asunto el apellido del autor ,Ej: L\u00f3pez-resumen.<\/p>\n<p><span style=\"color: #ff0000\"><strong>Cronograma\/ Fechas previstas<\/strong><\/span><\/p>\n<p>Inscripciones: Hasta el 13 de agosto por medio del siguiente formulario: https:\/\/forms.gle\/6h8k9zaNAkbkMUJK9<br \/>\nEnv\u00edo de res\u00famenes: Hasta el 13 de agosto<br \/>\nAprobaci\u00f3n o rechazo de las propuestas: Hasta el 27 de agosto<br \/>\nEnv\u00edo de las ponencias: Hasta 1 de octubre<br \/>\nAprobaci\u00f3n o rechazo de las ponencias: Hasta el 5 de noviembre<\/p>\n<p>El Comit\u00e9 de Organizaci\u00f3n se reserva el derecho de aceptaci\u00f3n o rechazo de los res\u00famenes y ponencias en los casos en los que no se cumplan los requisitos de presentaci\u00f3n y las fechas de entregas.<\/p>\n<p><span style=\"color: #ff0000\"><strong>Comit\u00e9 Organizador<\/strong><\/span><\/p>\n<p><strong>Dra. B\u00e1rbara Bavoleo<\/strong> Coordinadora del Centro de Estudios Coreanos \u2013 IRI \u2013 UNLP<\/p>\n<p><strong>Lic. Ezequiel Ramoneda<\/strong> Secretario del Departamento de Asia y el Pac\u00ed\ufb01co -IRI \u2013 UNLP<\/p>\n<p><strong>Lic. Mat\u00edas Ben\u00edtez<\/strong> Centro de Estudios Coreanos \u2013 IRI \u2013 UNLP<\/p>\n<p><strong>Lic. Desir\u00e9e Chaure<\/strong> Centro de Estudios Coreanos \u2013 IRI \u2013 UNLP<\/p>\n<p><span style=\"color: #ff0000\"><strong>Comit\u00e9 Acad\u00e9mico<\/strong><\/span><\/p>\n<p><strong>Prof. Liliana Palacios de Cosiansi<\/strong> Universidad Nacional de Tucum\u00e1n- Presidenta de la Asociaci\u00f3n Argentina de Estudios Coreanos<br \/>\n<strong>Dra. Celeste Castiglione<\/strong> Universidad Nacional de Jos\u00e9 C. Paz- Vicepresidenta de la Asociaci\u00f3n Argentina de Estudios Coreanos<br \/>\n<strong>Dra. B\u00e1rbara Bavoleo<\/strong> Universidad Nacional de La Plata- Secretar\u00eda de la Asociaci\u00f3n Argentina de Estudios Coreanos<br \/>\n<strong>Lic. Jorge Santarrosa<\/strong> Universidad Nacional de C\u00f3rdoba- Vocal de la Asociaci\u00f3n Argentina de Estudios Coreanos<br \/>\n<strong>Dr. Luciano Bolinaga<\/strong> Universidad Austral \u2013 Vocal de la Asociaci\u00f3n Argentina de Estudios Coreanos<br \/>\n<strong>Dra. Luc\u00eda Rud<\/strong> Universidad de Buenos Aires- Facultad de Filosof\u00eda y Letras<\/p>\n<p>Informes: xiicongresoestudioscoreanos@gmail.com<\/p>\n","protected":false},"excerpt":{"rendered":"<p>Convocatoria presentaci\u00f3n de res\u00famenes 1. Se recibir\u00e1n propuestas hasta el 13 de agosto. Podr\u00e1n participar investigadores, docentes, graduados y estudiantes universitarios dedicados a los estudios coreanos. Podr\u00e1n participar investigadores, docentes, graduados y estudiantes universitarios dedicados a los estudios El Comit\u00e9 Acad\u00e9mico priorizar\u00e1 propuestas que analicen fen\u00f3menos concernientes a la Pen\u00ednsula de Corea considerando las siguientes [&hellip;]<\/p>\n","protected":false},"author":92,"featured_media":0,"parent":0,"menu_order":0,"comment_status":"closed","ping_status":"closed","template":"","meta":{"advgb_blocks_editor_width":"","advgb_blocks_columns_visual_guide":"","footnotes":""},"class_list":["post-36","page","type-page","status-publish","hentry","post"],"aioseo_notices":[],"coauthors":[],"author_meta":{"author_link":"https:\/\/congresos.unlp.edu.ar\/xiicnec\/author\/juana\/","display_name":"juana"},"relative_dates":{"created":"Posted 5 a\u00f1os ago","modified":"Updated 5 a\u00f1os ago"},"absolute_dates":{"created":"Posted on 1 julio, 2021","modified":"Updated on 1 julio, 2021"},"absolute_dates_time":{"created":"Posted on 1 julio, 2021 3:17 pm","modified":"Updated on 1 julio, 2021 8:27 pm"},"featured_img_caption":"","featured_img":false,"series_order":"","_links":{"self":[{"href":"https:\/\/congresos.unlp.edu.ar\/xiicnec\/wp-json\/wp\/v2\/pages\/36","targetHints":{"allow":["GET"]}}],"collection":[{"href":"https:\/\/congresos.unlp.edu.ar\/xiicnec\/wp-json\/wp\/v2\/pages"}],"about":[{"href":"https:\/\/congresos.unlp.edu.ar\/xiicnec\/wp-json\/wp\/v2\/types\/page"}],"author":[{"embeddable":true,"href":"https:\/\/congresos.unlp.edu.ar\/xiicnec\/wp-json\/wp\/v2\/users\/92"}],"replies":[{"embeddable":true,"href":"https:\/\/congresos.unlp.edu.ar\/xiicnec\/wp-json\/wp\/v2\/comments?post=36"}],"version-history":[{"count":0,"href":"https:\/\/congresos.unlp.edu.ar\/xiicnec\/wp-json\/wp\/v2\/pages\/36\/revisions"}],"wp:attachment":[{"href":"https:\/\/congresos.unlp.edu.ar\/xiicnec\/wp-json\/wp\/v2\/media?parent=36"}],"curies":[{"name":"wp","href":"https:\/\/api.w.org\/{rel}","templated":true}]}}