{"id":19,"date":"2021-06-11T15:29:38","date_gmt":"2021-06-11T18:29:38","guid":{"rendered":"https:\/\/congresos.unlp.edu.ar\/xiicnec\/?page_id=19"},"modified":"2021-07-06T11:49:15","modified_gmt":"2021-07-06T14:49:15","slug":"formalidades-de-presentacion","status":"publish","type":"page","link":"https:\/\/congresos.unlp.edu.ar\/xiicnec\/formalidades-de-presentacion\/","title":{"rendered":"Formalidades de presentaci\u00f3n"},"content":{"rendered":"<p><span style=\"color: #ff0000\"><strong>Formato presentaci\u00f3n de res\u00famenes<\/strong><\/span><\/p>\n<p>Todo el documento debe estar presentado en tipograf\u00eda Times New Roman tama\u00f1o 12, a simple espacio y justi\ufb01cado. (No debe colocarse en ning\u00fan caso informaci\u00f3n adicional como ser el nombre del encuentro u otro).<br \/>\nEl resumen debe ser de m\u00e1ximo 300 palabras (en min\u00fascula, justi\ufb01cado y a espaciado simple) y 5 (cinco) palabras clave<br \/>\nEn el resumen deber\u00e1 incorporarse la siguiente informaci\u00f3n:<\/p>\n<p>-T\u00edtulo: Centrado, con may\u00fasculas y negritas<br \/>\n&#8211; Nombre y Apellido completos, en negrita<br \/>\n&#8211; Pertenencia institucional<br \/>\n&#8211; Correo electr\u00f3nico (de todos los autores)<br \/>\n&#8211; Formato\/nombre del archivo, Ej: Resumen-L\u00f3pez.doc<\/p>\n<p>El resumen debe enviarse a xiicongresoestudioscoreanos@gmail.com indicando en el asunto el apellido del autor ,Ej: L\u00f3pez-resumen.<\/p>\n<p><span style=\"color: #ff0000\"><strong>Formato presentaci\u00f3n de ponencias<\/strong><\/span><\/p>\n<p>La extensi\u00f3n de los trabajos no podr\u00e1 ser menor a 12 p\u00e1ginas ni mayor de 18 (incluyendo gr\u00e1ficos, tablas, cuadros y bibliograf\u00eda), a espacio y medio, compuesto en tipograf\u00eda Times New Roman, cuerpo 12; en hoja tama\u00f1o A4, con numeraci\u00f3n consecutiva de todas las p\u00e1ginas incluyendo la portada y bibliograf\u00eda. M\u00e1rgenes: 1,5 cm derecha. 2,5 cm izquierda. 2,5 cm superior, 2 cm inferior. Los t\u00edtulos deber\u00e1n estar numerados y en negrita.<br \/>\nLos gr\u00e1ficos, tablas y cuadros deben presentarse en blanco y negro, o escala de grises. Deber\u00e1n ser enviados de manera separada en formato JPG o PNG.<br \/>\nEn la primera p\u00e1gina del trabajo debe indicarse: t\u00edtulo de la ponencia (Time New Roman 16), nombre y apellidos del\/os autor\/es (Time New Roman 12), filiaci\u00f3n institucional (Time New Roman 10).<br \/>\nCon una nota al pie en el Apellido del autor, deber\u00e1 presentarse un breve CV, no superior a cuatro l\u00edneas e indicar un correo electr\u00f3nico de contacto.<br \/>\nLos trabajos deber\u00e1n incluir un resumen del contenido que no exceder\u00e1 las 300 palabras. Tambi\u00e9n deber\u00e1n presentarse tres palabras claves. Las citas y notas ser\u00e1n en formato APA (http:\/\/normasapa.com)<\/p>\n","protected":false},"excerpt":{"rendered":"<p>Formato presentaci\u00f3n de res\u00famenes Todo el documento debe estar presentado en tipograf\u00eda Times New Roman tama\u00f1o 12, a simple espacio y justi\ufb01cado. (No debe colocarse en ning\u00fan caso informaci\u00f3n adicional como ser el nombre del encuentro u otro). El resumen debe ser de m\u00e1ximo 300 palabras (en min\u00fascula, justi\ufb01cado y a espaciado simple) y 5 [&hellip;]<\/p>\n","protected":false},"author":2,"featured_media":0,"parent":0,"menu_order":0,"comment_status":"closed","ping_status":"closed","template":"","meta":{"advgb_blocks_editor_width":"","advgb_blocks_columns_visual_guide":"","footnotes":""},"class_list":["post-19","page","type-page","status-publish","hentry","post"],"aioseo_notices":[],"coauthors":[],"author_meta":{"author_link":"https:\/\/congresos.unlp.edu.ar\/xiicnec\/author\/congresos\/","display_name":"congresos"},"relative_dates":{"created":"Posted 5 a\u00f1os ago","modified":"Updated 5 a\u00f1os ago"},"absolute_dates":{"created":"Posted on 11 junio, 2021","modified":"Updated on 6 julio, 2021"},"absolute_dates_time":{"created":"Posted on 11 junio, 2021 3:29 pm","modified":"Updated on 6 julio, 2021 11:49 am"},"featured_img_caption":"","featured_img":false,"series_order":"","_links":{"self":[{"href":"https:\/\/congresos.unlp.edu.ar\/xiicnec\/wp-json\/wp\/v2\/pages\/19","targetHints":{"allow":["GET"]}}],"collection":[{"href":"https:\/\/congresos.unlp.edu.ar\/xiicnec\/wp-json\/wp\/v2\/pages"}],"about":[{"href":"https:\/\/congresos.unlp.edu.ar\/xiicnec\/wp-json\/wp\/v2\/types\/page"}],"author":[{"embeddable":true,"href":"https:\/\/congresos.unlp.edu.ar\/xiicnec\/wp-json\/wp\/v2\/users\/2"}],"replies":[{"embeddable":true,"href":"https:\/\/congresos.unlp.edu.ar\/xiicnec\/wp-json\/wp\/v2\/comments?post=19"}],"version-history":[{"count":0,"href":"https:\/\/congresos.unlp.edu.ar\/xiicnec\/wp-json\/wp\/v2\/pages\/19\/revisions"}],"wp:attachment":[{"href":"https:\/\/congresos.unlp.edu.ar\/xiicnec\/wp-json\/wp\/v2\/media?parent=19"}],"curies":[{"name":"wp","href":"https:\/\/api.w.org\/{rel}","templated":true}]}}