{"id":682,"date":"2022-06-01T11:59:27","date_gmt":"2022-06-01T14:59:27","guid":{"rendered":"https:\/\/congresos.unlp.edu.ar\/xicae2021\/?page_id=682"},"modified":"2022-06-01T12:02:18","modified_gmt":"2022-06-01T15:02:18","slug":"actividades-extra-academicas","status":"publish","type":"page","link":"https:\/\/congresos.unlp.edu.ar\/xicae2021\/actividades-extra-academicas\/","title":{"rendered":"Actividades extra acad\u00e9micas"},"content":{"rendered":"<p>Como parte de las propuestas que planteamos dentro del marco del <strong>XI Congreso Argentino y XII Congreso Latinoamericano de Entomolog\u00eda<\/strong>, queremos invitarlos a disfrutar de algunas de las maravillas que ofrece la cuidad de la Plata.<\/p>\n<p>Luego de las actividades acad\u00e9micas diarias podr\u00e1n encontrar diversas actividades culturales.<\/p>\n<p><strong>LUNES<\/strong>. \u00c1gape de bienvenida donde nos deleitaremos con la m\u00fasica de uno de los elencos estables de la Universidad de La Plata.<\/p>\n<p><strong>MARTES<\/strong>. Visita guiada al Planetario y al Museo de Astronom\u00eda y Geof\u00edsica de la Ciudad de La Plata. <a href=\"http:\/\/planetario.unlp.edu.ar\/\">http:\/\/planetario.unlp.edu.ar\/<\/a><\/p>\n<p><strong>MI\u00c9RCOLES<\/strong>. Visita guiada crepuscular a una de las instituciones m\u00e1s emblem\u00e1ticas de la ciudad, el <strong>Museo de La Plata<\/strong>. Para los inscriptos online: el viernes por la tarde se realizar\u00e1 una visita guiada virtual al Museo de La Plata. \u00a1No se la pierdan!! <a href=\"https:\/\/www.museo.fcnym.unlp.edu.ar\/\">https:\/\/www.museo.fcnym.unlp.edu.ar\/<\/a><\/p>\n<p><strong>JUEVES<\/strong>. Fiesta de cierre de Congreso.<\/p>\n","protected":false},"excerpt":{"rendered":"<p>Como parte de las propuestas que planteamos dentro del marco del XI Congreso Argentino y XII Congreso Latinoamericano de Entomolog\u00eda, queremos invitarlos a disfrutar de algunas de las maravillas que ofrece la cuidad de la Plata. Luego de las actividades acad\u00e9micas diarias podr\u00e1n encontrar diversas actividades culturales. LUNES. \u00c1gape de bienvenida donde nos deleitaremos con [&hellip;]<\/p>\n","protected":false},"author":59,"featured_media":0,"parent":0,"menu_order":0,"comment_status":"closed","ping_status":"closed","template":"","meta":{"advgb_blocks_editor_width":"","advgb_blocks_columns_visual_guide":"","footnotes":""},"class_list":["post-682","page","type-page","status-publish","hentry","post"],"aioseo_notices":[],"coauthors":[],"author_meta":{"author_link":"https:\/\/congresos.unlp.edu.ar\/xicae2021\/author\/mlucia\/","display_name":"mlucia"},"relative_dates":{"created":"Posted 4 a\u00f1os ago","modified":"Updated 4 a\u00f1os ago"},"absolute_dates":{"created":"Posted on 1 junio, 2022","modified":"Updated on 1 junio, 2022"},"absolute_dates_time":{"created":"Posted on 1 junio, 2022 11:59 am","modified":"Updated on 1 junio, 2022 12:02 pm"},"featured_img_caption":"","featured_img":false,"series_order":"","_links":{"self":[{"href":"https:\/\/congresos.unlp.edu.ar\/xicae2021\/wp-json\/wp\/v2\/pages\/682","targetHints":{"allow":["GET"]}}],"collection":[{"href":"https:\/\/congresos.unlp.edu.ar\/xicae2021\/wp-json\/wp\/v2\/pages"}],"about":[{"href":"https:\/\/congresos.unlp.edu.ar\/xicae2021\/wp-json\/wp\/v2\/types\/page"}],"author":[{"embeddable":true,"href":"https:\/\/congresos.unlp.edu.ar\/xicae2021\/wp-json\/wp\/v2\/users\/59"}],"replies":[{"embeddable":true,"href":"https:\/\/congresos.unlp.edu.ar\/xicae2021\/wp-json\/wp\/v2\/comments?post=682"}],"version-history":[{"count":0,"href":"https:\/\/congresos.unlp.edu.ar\/xicae2021\/wp-json\/wp\/v2\/pages\/682\/revisions"}],"wp:attachment":[{"href":"https:\/\/congresos.unlp.edu.ar\/xicae2021\/wp-json\/wp\/v2\/media?parent=682"}],"curies":[{"name":"wp","href":"https:\/\/api.w.org\/{rel}","templated":true}]}}