{"id":671,"date":"2022-05-30T11:36:16","date_gmt":"2022-05-30T14:36:16","guid":{"rendered":"https:\/\/congresos.unlp.edu.ar\/xicae2021\/?page_id=671"},"modified":"2022-10-17T14:51:00","modified_gmt":"2022-10-17T17:51:00","slug":"orales","status":"publish","type":"page","link":"https:\/\/congresos.unlp.edu.ar\/xicae2021\/orales\/","title":{"rendered":"Orales"},"content":{"rendered":"<p><strong>Las presentaciones orales presenciales<\/strong> se organizar\u00e1n en sesiones de una o dos horas de acuerdo con los ejes tem\u00e1ticos del Congreso. Cada expositor dispondr\u00e1 de 10 minutos para la presentaci\u00f3n incluyendo el tiempo para las preguntas. Las preguntas podr\u00e1n ser realizadas tanto por el p\u00fablico presencial en vivo, como por el p\u00fablico virtual mediante el chat dispuesto para cada exposici\u00f3n.<\/p>\n<p><strong>Las presentaciones orales virtuales<\/strong> (en video) ser\u00e1n alojadas en el espacio virtual asignado, el que estar\u00e1 disponible durante todo el transcurso del evento. En las presentaciones orales virtuales, se contar\u00e1 con un muro interactivo para dejar mensajes y consultas a los autores, y se dispondr\u00e1 de una Sala Virtual de encuentro para intercambiar preguntas.<\/p>\n<p><a href=\"https:\/\/congresos.unlp.edu.ar\/xicae2021\/wp-content\/uploads\/sites\/26\/2022\/09\/INSTRUCCIONES-PARA-PRESENTACIONES-ORALES.pdf\" target=\"_blank\" rel=\"noopener\"><u>Aqu\u00ed<\/u> <\/a>encontrar\u00e1 una gu\u00eda para la preparaci\u00f3n de su presentaci\u00f3n.<\/p>\n<p>Las presentaciones deben ser enviadas a envios@xicae.net.ar.\u00a0 Las presentaciones virtuales (MP4 o AVI) deben ser enviadas antes del s\u00e1bado 15 de octubre, a fin de ser incorporadas a la plataforma virtual y estar\u00e1n disponibles durante toda la semana del evento.<\/p>\n<p>Las presentaciones presenciales (.ppt o .pptx) ser\u00e1n recibidas hasta el martes 18 de octubre. No podr\u00e1n incorporarse presentaciones luego de las fechas indicadas.<\/p>\n<p>Al enviar las presentaciones orales, se solicita que el t\u00edtulo del email contenga la palabra \u201cOral:\u201d + \u00e1rea tem\u00e1tica + apellido del autor + inicio del t\u00edtulo. Ej: \u201cOral: Sistem\u00e1tica, Taxonom\u00eda y Morfolog\u00eda, L\u00f3pez, Tres nuevas especies de cole\u00f3pteros. \u201d<\/p>\n<p>En el siguiente <a href=\"https:\/\/docs.google.com\/spreadsheets\/d\/1NKu2oglr6FNVaRiVvUKc7Esqs-uj4dim\/edit?usp=sharing&amp;ouid=103764661300593690289&amp;rtpof=true&amp;sd=true\" target=\"_blank\" rel=\"noopener\">link<\/a> podr\u00e1n descargar el listado completo de las presentaciones orales virtuales<\/p>\n","protected":false},"excerpt":{"rendered":"<p>Las presentaciones orales presenciales se organizar\u00e1n en sesiones de una o dos horas de acuerdo con los ejes tem\u00e1ticos del Congreso. Cada expositor dispondr\u00e1 de 10 minutos para la presentaci\u00f3n incluyendo el tiempo para las preguntas. Las preguntas podr\u00e1n ser realizadas tanto por el p\u00fablico presencial en vivo, como por el p\u00fablico virtual mediante el [&hellip;]<\/p>\n","protected":false},"author":59,"featured_media":0,"parent":0,"menu_order":0,"comment_status":"closed","ping_status":"closed","template":"","meta":{"advgb_blocks_editor_width":"","advgb_blocks_columns_visual_guide":"","footnotes":""},"class_list":["post-671","page","type-page","status-publish","hentry","post"],"aioseo_notices":[],"coauthors":[],"author_meta":{"author_link":"https:\/\/congresos.unlp.edu.ar\/xicae2021\/author\/mlucia\/","display_name":"mlucia"},"relative_dates":{"created":"Posted 4 a\u00f1os ago","modified":"Updated 3 a\u00f1os ago"},"absolute_dates":{"created":"Posted on 30 mayo, 2022","modified":"Updated on 17 octubre, 2022"},"absolute_dates_time":{"created":"Posted on 30 mayo, 2022 11:36 am","modified":"Updated on 17 octubre, 2022 2:51 pm"},"featured_img_caption":"","featured_img":false,"series_order":"","_links":{"self":[{"href":"https:\/\/congresos.unlp.edu.ar\/xicae2021\/wp-json\/wp\/v2\/pages\/671","targetHints":{"allow":["GET"]}}],"collection":[{"href":"https:\/\/congresos.unlp.edu.ar\/xicae2021\/wp-json\/wp\/v2\/pages"}],"about":[{"href":"https:\/\/congresos.unlp.edu.ar\/xicae2021\/wp-json\/wp\/v2\/types\/page"}],"author":[{"embeddable":true,"href":"https:\/\/congresos.unlp.edu.ar\/xicae2021\/wp-json\/wp\/v2\/users\/59"}],"replies":[{"embeddable":true,"href":"https:\/\/congresos.unlp.edu.ar\/xicae2021\/wp-json\/wp\/v2\/comments?post=671"}],"version-history":[{"count":0,"href":"https:\/\/congresos.unlp.edu.ar\/xicae2021\/wp-json\/wp\/v2\/pages\/671\/revisions"}],"wp:attachment":[{"href":"https:\/\/congresos.unlp.edu.ar\/xicae2021\/wp-json\/wp\/v2\/media?parent=671"}],"curies":[{"name":"wp","href":"https:\/\/api.w.org\/{rel}","templated":true}]}}