{"id":645,"date":"2022-05-17T12:11:13","date_gmt":"2022-05-17T15:11:13","guid":{"rendered":"https:\/\/congresos.unlp.edu.ar\/xicae2021\/?page_id=645"},"modified":"2022-06-14T16:49:50","modified_gmt":"2022-06-14T19:49:50","slug":"conferencias-plenarias","status":"publish","type":"page","link":"https:\/\/congresos.unlp.edu.ar\/xicae2021\/conferencias-plenarias\/","title":{"rendered":"Conferencistas"},"content":{"rendered":"<div id=\"pl-645\"  class=\"panel-layout\" ><div id=\"pg-645-0\"  class=\"panel-grid panel-no-style\" ><div id=\"pgc-645-0-0\"  class=\"panel-grid-cell\" ><div id=\"panel-645-0-0-0\" class=\"so-panel widget widget_sow-editor panel-first-child\" data-index=\"0\" ><div\n\t\t\t\n\t\t\tclass=\"so-widget-sow-editor so-widget-sow-editor-base\"\n\t\t\t\n\t\t>\n<div class=\"siteorigin-widget-tinymce textwidget\">\n\t<p><img loading=\"lazy\" decoding=\"async\" class=\"alignnone size-medium wp-image-640 alignleft\" src=\"http:\/\/congresos.unlp.edu.ar\/xicae2021\/wp-content\/uploads\/sites\/26\/2022\/05\/Juan_Morrone_FOTO-225x300.jpg\" alt=\"\" width=\"225\" height=\"300\" srcset=\"https:\/\/congresos.unlp.edu.ar\/xicae2021\/wp-content\/uploads\/sites\/26\/2022\/05\/Juan_Morrone_FOTO-225x300.jpg 225w, https:\/\/congresos.unlp.edu.ar\/xicae2021\/wp-content\/uploads\/sites\/26\/2022\/05\/Juan_Morrone_FOTO.jpg 720w\" sizes=\"auto, (max-width: 225px) 100vw, 225px\" \/><\/p>\n<p><strong>Juan J. Morrone<\/strong><\/p>\n<p style=\"text-align: left\">Dr. Juan J. Morrone es profesor titular de tiempo completo, definitivo de Sistem\u00e1tica, Biogeograf\u00eda y Biolog\u00eda Evolutiva en la Facultad de Ciencias de la Universidad Nacional Aut\u00f3noma de M\u00e9xico (UNAM), e investigador nivel III del Sistema Nacional de Investigadores de M\u00e9xico. Estudi\u00f3 la licenciatura en Biolog\u00eda y el Doctorado en Ciencias Naturales en la Facultad de Ciencias Naturales y Museo de la Universidad Nacional de La Plata (UNLP), Argentina. Ha dictado 134 cursos y 131 conferencias en M\u00e9xico y otros pa\u00edses de Am\u00e9rica Latina. Ha publicado 35 libros y m\u00e1s de 300 trabajos cient\u00edficos sobre biogeograf\u00eda evolutiva y sistem\u00e1tica, con \u00e9nfasis en la evoluci\u00f3n bi\u00f3tica y regionalizaci\u00f3n de las regiones Neotropical y Andina, en particular de la Zona de Transici\u00f3n Mexicana. Sus intereses de investigaci\u00f3n principales abarcan la biogeograf\u00eda evolutiva, la regionalizaci\u00f3n biogeogr\u00e1fica, la sistem\u00e1tica filogen\u00e9tica, y la historia y filosof\u00eda de la biolog\u00eda evolutiva. En el 2002 ingres\u00f3 a la Academia Mexicana de Ciencias.<\/p>\n<\/div>\n<\/div><\/div><div id=\"panel-645-0-0-1\" class=\"so-panel widget widget_sow-editor\" data-index=\"1\" ><div\n\t\t\t\n\t\t\tclass=\"so-widget-sow-editor so-widget-sow-editor-base\"\n\t\t\t\n\t\t>\n<div class=\"siteorigin-widget-tinymce textwidget\">\n\t<p><img loading=\"lazy\" decoding=\"async\" class=\"alignnone size-medium wp-image-650 alignleft\" src=\"http:\/\/congresos.unlp.edu.ar\/xicae2021\/wp-content\/uploads\/sites\/26\/2022\/05\/C_Weirauch_FOTO-300x253.jpg\" alt=\"\" width=\"300\" height=\"253\" srcset=\"https:\/\/congresos.unlp.edu.ar\/xicae2021\/wp-content\/uploads\/sites\/26\/2022\/05\/C_Weirauch_FOTO-300x253.jpg 300w, https:\/\/congresos.unlp.edu.ar\/xicae2021\/wp-content\/uploads\/sites\/26\/2022\/05\/C_Weirauch_FOTO-1024x865.jpg 1024w, https:\/\/congresos.unlp.edu.ar\/xicae2021\/wp-content\/uploads\/sites\/26\/2022\/05\/C_Weirauch_FOTO-768x649.jpg 768w, https:\/\/congresos.unlp.edu.ar\/xicae2021\/wp-content\/uploads\/sites\/26\/2022\/05\/C_Weirauch_FOTO.jpg 1302w\" sizes=\"auto, (max-width: 300px) 100vw, 300px\" \/><\/p>\n<p><strong>Christiane Weirauch<\/strong><\/p>\n<p style=\"text-align: left\"><strong>\u00a0<\/strong>Dr. Christiane Weirauch received a \u201cDiplom\u201d in biology form Eberhard Karls Universit\u00e4t in T\u00fcbingen (working on the assassin bug fauna of a small nature reserve in Southern Brazil) and obtained her PhD from Freie\u00a0 Universit\u00e4t Berlin studying systematics of Reduviidae. She then moved to New York and became a post doc in the PBI (Planetary Biodiversity Inventory) project on Plant Bugs, where she focused on the taxonomy of the mirid subfamily Phylinae. Christiane joined the faculty in Entomology at the University of California, Riverside in 2007 as a systematic entomologist. Her interest is in systematic research on Heteroptera, focusing on biodiversity, phylogenetics, and evolution. Her emphasis is on Reduviidae, Miridae, and Dipsocoromorpha, on combining morphological and molecular data, and on using these phylogenies to better understand\u00a0the evolution of these groups, e.g. different predatory strategies\u00a0in assassin bugs.<\/p>\n<\/div>\n<\/div><\/div><div id=\"panel-645-0-0-2\" class=\"so-panel widget widget_sow-editor\" data-index=\"2\" ><div\n\t\t\t\n\t\t\tclass=\"so-widget-sow-editor so-widget-sow-editor-base\"\n\t\t\t\n\t\t>\n<div class=\"siteorigin-widget-tinymce textwidget\">\n\t<p><img loading=\"lazy\" decoding=\"async\" class=\"alignnone size-medium wp-image-651 alignleft\" src=\"http:\/\/congresos.unlp.edu.ar\/xicae2021\/wp-content\/uploads\/sites\/26\/2022\/05\/Hojun-Song_FOTO-300x296.jpg\" alt=\"\" width=\"300\" height=\"296\" srcset=\"https:\/\/congresos.unlp.edu.ar\/xicae2021\/wp-content\/uploads\/sites\/26\/2022\/05\/Hojun-Song_FOTO-300x296.jpg 300w, https:\/\/congresos.unlp.edu.ar\/xicae2021\/wp-content\/uploads\/sites\/26\/2022\/05\/Hojun-Song_FOTO-1024x1011.jpg 1024w, https:\/\/congresos.unlp.edu.ar\/xicae2021\/wp-content\/uploads\/sites\/26\/2022\/05\/Hojun-Song_FOTO-768x758.jpg 768w, https:\/\/congresos.unlp.edu.ar\/xicae2021\/wp-content\/uploads\/sites\/26\/2022\/05\/Hojun-Song_FOTO-1536x1517.jpg 1536w, https:\/\/congresos.unlp.edu.ar\/xicae2021\/wp-content\/uploads\/sites\/26\/2022\/05\/Hojun-Song_FOTO-2048x2022.jpg 2048w\" sizes=\"auto, (max-width: 300px) 100vw, 300px\" \/><\/p>\n<p><strong>Hojun Song, Ph.D.<\/strong><\/p>\n<p>Dr. Hojun Song received his B.S. in Entomology from Cornell University, and M.S. and Ph.D. in Entomology from the Ohio State University. After postdoctoral training at Brigham Young University, Dr. Song joined the Department of Biology at the University of Central Florida as an Assistant Professor in 2010. He then moved his lab to the Department of Entomology at Texas A&amp;M University, where he was promoted to an Associate Professor in 2016 and a Full Professor in 2022. Dr. Song\u2019s research focuses on documenting biodiversity and understanding evolutionary relationships in the insect order Orthoptera, which includes grasshoppers, katydids and crickets. He also studies the evolution and mechanisms of phenotypic plasticity using swarming locusts as a model system. Dr. Song has received over $16 million in external research funding from the National Science Foundation and the United States Department of Agriculture. He is Co-Editor-in-Chief of the journal\u00a0<em>Insect Systematics &amp; Diversity<\/em>. Dr. Song has written over 80 peer-reviewed articles and several book chapters. He received the NSF CAREER award in 2013, the Fulbright Scholarship in 2019, and the Distinguished Achievement Awards in Teaching from the Entomological Society of America (Southwestern Branch) in 2021.<\/p>\n<p>&nbsp;<\/p>\n<\/div>\n<\/div><\/div><div id=\"panel-645-0-0-3\" class=\"so-panel widget widget_sow-editor\" data-index=\"3\" ><div\n\t\t\t\n\t\t\tclass=\"so-widget-sow-editor so-widget-sow-editor-base\"\n\t\t\t\n\t\t>\n<div class=\"siteorigin-widget-tinymce textwidget\">\n\t<p><img loading=\"lazy\" decoding=\"async\" class=\"alignnone size-medium wp-image-652 alignleft\" src=\"http:\/\/congresos.unlp.edu.ar\/xicae2021\/wp-content\/uploads\/sites\/26\/2022\/05\/Lira-Noriega_FOTO-243x300.jpg\" alt=\"\" width=\"243\" height=\"300\" srcset=\"https:\/\/congresos.unlp.edu.ar\/xicae2021\/wp-content\/uploads\/sites\/26\/2022\/05\/Lira-Noriega_FOTO-243x300.jpg 243w, https:\/\/congresos.unlp.edu.ar\/xicae2021\/wp-content\/uploads\/sites\/26\/2022\/05\/Lira-Noriega_FOTO-830x1024.jpg 830w, https:\/\/congresos.unlp.edu.ar\/xicae2021\/wp-content\/uploads\/sites\/26\/2022\/05\/Lira-Noriega_FOTO-768x948.jpg 768w, https:\/\/congresos.unlp.edu.ar\/xicae2021\/wp-content\/uploads\/sites\/26\/2022\/05\/Lira-Noriega_FOTO-1244x1536.jpg 1244w, https:\/\/congresos.unlp.edu.ar\/xicae2021\/wp-content\/uploads\/sites\/26\/2022\/05\/Lira-Noriega_FOTO-1659x2048.jpg 1659w\" sizes=\"auto, (max-width: 243px) 100vw, 243px\" \/><\/p>\n<p><strong>Andr\u00e9s Lira-Noriega<\/strong><\/p>\n<p>Dr. Andr\u00e9s Lira-Noriega es bi\u00f3logo, especializado en estudios de ecolog\u00eda y biolog\u00eda evolutiva (Ph.D. The University of Kansas, 2014). Su investigaci\u00f3n se centra en el an\u00e1lisis de la distribuci\u00f3n de especies a m\u00faltiples escalas espaciales y temporales. Actualmente es Investigador por M\u00e9xico (CONACYT) adscrito al Instituto de Ecolog\u00eda, A.C. (INECOL).<\/p>\n<\/div>\n<\/div><\/div><div id=\"panel-645-0-0-4\" class=\"so-panel widget widget_sow-editor\" data-index=\"4\" ><div\n\t\t\t\n\t\t\tclass=\"so-widget-sow-editor so-widget-sow-editor-base\"\n\t\t\t\n\t\t>\n<div class=\"siteorigin-widget-tinymce textwidget\">\n\t<p><img loading=\"lazy\" decoding=\"async\" class=\"alignnone size-medium wp-image-653 alignleft\" src=\"http:\/\/congresos.unlp.edu.ar\/xicae2021\/wp-content\/uploads\/sites\/26\/2022\/05\/McKenna_FOTO-234x300.jpg\" alt=\"\" width=\"234\" height=\"300\" srcset=\"https:\/\/congresos.unlp.edu.ar\/xicae2021\/wp-content\/uploads\/sites\/26\/2022\/05\/McKenna_FOTO-234x300.jpg 234w, https:\/\/congresos.unlp.edu.ar\/xicae2021\/wp-content\/uploads\/sites\/26\/2022\/05\/McKenna_FOTO.jpg 658w\" sizes=\"auto, (max-width: 234px) 100vw, 234px\" \/><\/p>\n<p><strong>Duane McKenna\u00a0<\/strong><\/p>\n<p>Dr.\u00a0McKenna is William D. Hill Professor of Biology\u00a0at the University of Memphis (<a href=\"http:\/\/www.duanemckenna.com\/\">www.duanemckenna.com<\/a>).\u00a0Research in his lab is\u00a0focused on insect systematics,\u00a0and the\u00a0ecology, evolution, and genomic basis of insect-plant\u00a0interactions. Most\u00a0studies involve the order Coleoptera (beetles), especially the\u00a0species-rich clade Phytophaga (leaf, longhorn, and weevil beetles), which\u00a0typically feed on plants\u00a0or fungi. His research program is\u00a0broadly collaborative and involves field, collections, and\u00a0laboratory work, all grounded in a deep appreciation for organismal\u00a0natural history.\u00a0Currently, he is leading a multidisciplinary\u00a0collaboration funded by NSF to study the evolution of\u00a0chemically-mediated interactions in longhorn\u00a0beetles, and pursuing studies\u00a0of beetle genome evolution\u2014primarily focused on the genomic basis of\u00a0specialized plant-feeding. He is the founding Director of the University\u00a0of\u00a0Memphis Center for Biodiversity Research (<a href=\"http:\/\/www.umbiodiversity.org\/\">www.umbiodiversity.org<\/a>)\u00a0and the Director of the University of Memphis Agri-Tech Research Cluster. Beyond research,\u00a0he is engaged in\u00a0education, advocacy, and policy development\u00a0relevant to biodiversity science and conservation.<\/p>\n<\/div>\n<\/div><\/div><div id=\"panel-645-0-0-5\" class=\"so-panel widget widget_sow-editor\" data-index=\"5\" ><div\n\t\t\t\n\t\t\tclass=\"so-widget-sow-editor so-widget-sow-editor-base\"\n\t\t\t\n\t\t>\n<div class=\"siteorigin-widget-tinymce textwidget\">\n\t<p><img loading=\"lazy\" decoding=\"async\" class=\"alignnone size-medium wp-image-657 alignleft\" src=\"http:\/\/congresos.unlp.edu.ar\/xicae2021\/wp-content\/uploads\/sites\/26\/2022\/05\/Sin-titulo-1-300x300.jpg\" alt=\"\" width=\"300\" height=\"300\" srcset=\"https:\/\/congresos.unlp.edu.ar\/xicae2021\/wp-content\/uploads\/sites\/26\/2022\/05\/Sin-titulo-1-300x300.jpg 300w, https:\/\/congresos.unlp.edu.ar\/xicae2021\/wp-content\/uploads\/sites\/26\/2022\/05\/Sin-titulo-1-1024x1024.jpg 1024w, https:\/\/congresos.unlp.edu.ar\/xicae2021\/wp-content\/uploads\/sites\/26\/2022\/05\/Sin-titulo-1-150x150.jpg 150w, https:\/\/congresos.unlp.edu.ar\/xicae2021\/wp-content\/uploads\/sites\/26\/2022\/05\/Sin-titulo-1-768x768.jpg 768w, https:\/\/congresos.unlp.edu.ar\/xicae2021\/wp-content\/uploads\/sites\/26\/2022\/05\/Sin-titulo-1-1536x1536.jpg 1536w, https:\/\/congresos.unlp.edu.ar\/xicae2021\/wp-content\/uploads\/sites\/26\/2022\/05\/Sin-titulo-1-2048x2048.jpg 2048w\" sizes=\"auto, (max-width: 300px) 100vw, 300px\" \/><strong>George Heimpel<\/strong><\/p>\n<p>Es Profesor de Control biol\u00f3gico y Comportamiento de insectos, en el Departamento de Entomolog\u00eda de la Universidad de Minnesota, EE. UU.\u00a0Sus \u00e1reas de inter\u00e9s son la biolog\u00eda de los parasitoides, el control biol\u00f3gico, la conservaci\u00f3n. Sus investigaciones van desde la gen\u00e9tica hasta la ecolog\u00eda de comunidades, con \u00e9nfasis en la ecolog\u00eda evolutiva, poblacional y de comportamiento de los parasitoides en el contexto del control biol\u00f3gico. Los proyectos actuales incluyen el control biol\u00f3gico cl\u00e1sico y por conservaci\u00f3n del pulg\u00f3n de la soja en los Estados Unidos, el control biol\u00f3gico cl\u00e1sico de un par\u00e1sito de los pinzones de Darwin en las Islas Gal\u00e1pagos y el control biol\u00f3gico cl\u00e1sico del gusano de la col importado en los Estados Unidos. En t\u00e9rminos m\u00e1s generales, los intereses en el laboratorio se centran en aspectos de la especificidad del hospedador en los parasitoides, las interacciones indirectas en los sistemas naturales y agr\u00edcolas, la determinaci\u00f3n del sexo en las avispas parasitoides, la evoluci\u00f3n de las estrategias reproductivas de los parasitoides y los servicios ecosist\u00e9micos (control biol\u00f3gico) asociados con los sistemas de cultivo de biocombustibles.<\/p>\n<\/div>\n<\/div><\/div><div id=\"panel-645-0-0-6\" class=\"so-panel widget widget_sow-editor panel-last-child\" data-index=\"6\" ><div\n\t\t\t\n\t\t\tclass=\"so-widget-sow-editor so-widget-sow-editor-base\"\n\t\t\t\n\t\t>\n<div class=\"siteorigin-widget-tinymce textwidget\">\n\t<p><img loading=\"lazy\" decoding=\"async\" class=\"alignnone size-medium wp-image-698 alignleft\" src=\"http:\/\/congresos.unlp.edu.ar\/xicae2021\/wp-content\/uploads\/sites\/26\/2022\/06\/Flavio-Roces-April-2022-foto-256x300.jpg\" alt=\"\" width=\"256\" height=\"300\" srcset=\"https:\/\/congresos.unlp.edu.ar\/xicae2021\/wp-content\/uploads\/sites\/26\/2022\/06\/Flavio-Roces-April-2022-foto-256x300.jpg 256w, https:\/\/congresos.unlp.edu.ar\/xicae2021\/wp-content\/uploads\/sites\/26\/2022\/06\/Flavio-Roces-April-2022-foto-875x1024.jpg 875w, https:\/\/congresos.unlp.edu.ar\/xicae2021\/wp-content\/uploads\/sites\/26\/2022\/06\/Flavio-Roces-April-2022-foto-768x899.jpg 768w, https:\/\/congresos.unlp.edu.ar\/xicae2021\/wp-content\/uploads\/sites\/26\/2022\/06\/Flavio-Roces-April-2022-foto-1312x1536.jpg 1312w, https:\/\/congresos.unlp.edu.ar\/xicae2021\/wp-content\/uploads\/sites\/26\/2022\/06\/Flavio-Roces-April-2022-foto-1749x2048.jpg 1749w, https:\/\/congresos.unlp.edu.ar\/xicae2021\/wp-content\/uploads\/sites\/26\/2022\/06\/Flavio-Roces-April-2022-foto.jpg 1786w\" sizes=\"auto, (max-width: 256px) 100vw, 256px\" \/><strong>Prof. Dr. Flavio Roces<\/strong><\/p>\n<p>Dr. Flavio Roces es profesor titular en el Instituto de Fisiolog\u00eda del Comportamiento y Sociobiolog\u00eda de la Universidad de W\u00fcrzburg, Alemania, donde dirige un grupo de investigaci\u00f3n sobre ecolog\u00eda del comportamiento en hormigas. Despu\u00e9s de su doctorado en la FCEyN de la Universidad de Buenos Aires, realiz\u00f3 postdoctorados en la Univ. de Erlangen y de W\u00fcrzburg, ambas en Alemania. El objetivo de sus investigaciones es entender la interrelaci\u00f3n entre el comportamiento individual y la emergencia del comportamiento colectivo a nivel de la colonia. Los estudios principales se centran en la comunicaci\u00f3n y la toma de decisiones durante de recolecci\u00f3n de alimento, el control clim\u00e1tico y el comportamiento de construcci\u00f3n de nidos, y combinan investigaciones ecofisiol\u00f3gicas de laboratorio y de campo.<\/p>\n<\/div>\n<\/div><\/div><\/div><\/div><\/div>","protected":false},"excerpt":{"rendered":"<p>Juan J. Morrone Dr. Juan J. Morrone es profesor titular de tiempo completo, definitivo de Sistem\u00e1tica, Biogeograf\u00eda y Biolog\u00eda Evolutiva en la Facultad de Ciencias de la Universidad Nacional Aut\u00f3noma de M\u00e9xico (UNAM), e investigador nivel III del Sistema Nacional de Investigadores de M\u00e9xico. Estudi\u00f3 la licenciatura en Biolog\u00eda y el Doctorado en Ciencias Naturales [&hellip;]<\/p>\n","protected":false},"author":59,"featured_media":0,"parent":0,"menu_order":0,"comment_status":"closed","ping_status":"closed","template":"","meta":{"advgb_blocks_editor_width":"","advgb_blocks_columns_visual_guide":"","footnotes":""},"class_list":["post-645","page","type-page","status-publish","hentry","post"],"aioseo_notices":[],"coauthors":[],"author_meta":{"author_link":"https:\/\/congresos.unlp.edu.ar\/xicae2021\/author\/mlucia\/","display_name":"mlucia"},"relative_dates":{"created":"Posted 4 a\u00f1os ago","modified":"Updated 4 a\u00f1os ago"},"absolute_dates":{"created":"Posted on 17 mayo, 2022","modified":"Updated on 14 junio, 2022"},"absolute_dates_time":{"created":"Posted on 17 mayo, 2022 12:11 pm","modified":"Updated on 14 junio, 2022 4:49 pm"},"featured_img_caption":"","featured_img":false,"series_order":"","_links":{"self":[{"href":"https:\/\/congresos.unlp.edu.ar\/xicae2021\/wp-json\/wp\/v2\/pages\/645","targetHints":{"allow":["GET"]}}],"collection":[{"href":"https:\/\/congresos.unlp.edu.ar\/xicae2021\/wp-json\/wp\/v2\/pages"}],"about":[{"href":"https:\/\/congresos.unlp.edu.ar\/xicae2021\/wp-json\/wp\/v2\/types\/page"}],"author":[{"embeddable":true,"href":"https:\/\/congresos.unlp.edu.ar\/xicae2021\/wp-json\/wp\/v2\/users\/59"}],"replies":[{"embeddable":true,"href":"https:\/\/congresos.unlp.edu.ar\/xicae2021\/wp-json\/wp\/v2\/comments?post=645"}],"version-history":[{"count":0,"href":"https:\/\/congresos.unlp.edu.ar\/xicae2021\/wp-json\/wp\/v2\/pages\/645\/revisions"}],"wp:attachment":[{"href":"https:\/\/congresos.unlp.edu.ar\/xicae2021\/wp-json\/wp\/v2\/media?parent=645"}],"curies":[{"name":"wp","href":"https:\/\/api.w.org\/{rel}","templated":true}]}}