{"id":63,"date":"2020-08-19T11:18:52","date_gmt":"2020-08-19T14:18:52","guid":{"rendered":"http:\/\/congresos.unlp.edu.ar\/xicae2021\/?page_id=63"},"modified":"2022-07-11T14:09:38","modified_gmt":"2022-07-11T17:09:38","slug":"envio-de-trabajos","status":"publish","type":"page","link":"https:\/\/congresos.unlp.edu.ar\/xicae2021\/envio-de-trabajos\/","title":{"rendered":"Env\u00edo de trabajos"},"content":{"rendered":"<div id=\"pl-63\"  class=\"panel-layout\" ><div id=\"pg-63-0\"  class=\"panel-grid panel-no-style\" ><div id=\"pgc-63-0-0\"  class=\"panel-grid-cell\" ><div id=\"panel-63-0-0-0\" class=\"so-panel widget widget_circleicon-widget panel-first-child\" data-index=\"0\" >\t\t<div class=\"circle-icon-box circle-icon-position-top circle-icon-hide-box circle-icon-size-large \">\n\t\t\t\t\t\t\t<div class=\"circle-icon-wrapper\">\n\t\t\t\t\t\t\t\t\t\t<div class=\"circle-icon\" >\n\t\t\t\t\t\t\t\t\t\t\t\t\t<div\n\t\t\t\t\t\t\t\tclass=\"fa fa-calendar\"\n\t\t\t\t\t\t\t\tstyle=\"color: #0a0a0a\"\t\t\t\t\t\t\t><\/div>\n\t\t\t\t\t\t\t\t\t\t\t<\/div>\n\t\t\t\t\t\t\t\t\t<\/div>\n\t\t\t\n\t\t\t\t\t\t\t\t\t\n\t\t\t\t\t\t\t<p class=\"text\" >\n\t\t\t\tFechas importantes \/ Important dates\t\t\t<\/p>\n\t\t\t\t\t\t\t\t<\/div>\n\t\t<\/div><div id=\"panel-63-0-0-1\" class=\"so-panel widget widget_sow-editor panel-last-child\" data-index=\"1\" ><div\n\t\t\t\n\t\t\tclass=\"so-widget-sow-editor so-widget-sow-editor-base\"\n\t\t\t\n\t\t>\n<div class=\"siteorigin-widget-tinymce textwidget\">\n\t<p style=\"text-align: center\"><span style=\"color: #33cccc\"><strong>Fecha de inicio de recepci\u00f3n de res\u00famenes: 01\/12\/2021<\/strong><\/span><\/p>\n<p style=\"text-align: center\"><span style=\"color: #33cccc\"><strong>Fecha l\u00edmite de recepci\u00f3n de res\u00famenes: 01\/07\/2022<\/strong><\/span><\/p>\n<p>&nbsp;<\/p>\n<p>&nbsp;<\/p>\n<p style=\"text-align: center\"><span style=\"color: #33cccc\"><strong>Abstract submission opening date: 01\/12\/2021<\/strong><\/span><\/p>\n<p style=\"text-align: center\"><span style=\"color: #33cccc\"><strong>Abstract submission closing date: 01\/July\/2022<\/strong><\/span><\/p>\n<\/div>\n<\/div><\/div><\/div><div id=\"pgc-63-0-1\"  class=\"panel-grid-cell\" ><div id=\"panel-63-0-1-0\" class=\"so-panel widget widget_circleicon-widget panel-first-child\" data-index=\"2\" >\t\t<div class=\"circle-icon-box circle-icon-position-top circle-icon-hide-box circle-icon-size-medium \">\n\t\t\t\t\t\t\t<div class=\"circle-icon-wrapper\">\n\t\t\t\t\t\t\t\t\t\t<a href=\"http:\/\/congresos.unlp.edu.ar\/xicae2021\/wp-content\/uploads\/sites\/26\/2022\/05\/Guia-para-la-presentacion-de-resumenes.pdf\" class=\"link-icon\" target=\"_blank\">\t\t\t\t\t<div class=\"circle-icon\" >\n\t\t\t\t\t\t\t\t\t\t\t\t\t<div\n\t\t\t\t\t\t\t\tclass=\"fa fa-file-pdf-o\"\n\t\t\t\t\t\t\t\tstyle=\"color: #0a0a0a\"\t\t\t\t\t\t\t><\/div>\n\t\t\t\t\t\t\t\t\t\t\t<\/div>\n\t\t\t\t\t<\/a>\t\t\t\t<\/div>\n\t\t\t\n\t\t\t\t\t\t\t<a\n\t\t\t\t\thref=\"http:\/\/congresos.unlp.edu.ar\/xicae2021\/wp-content\/uploads\/sites\/26\/2022\/05\/Guia-para-la-presentacion-de-resumenes.pdf\"\n\t\t\t\t\tclass=\"link-title\" target=&quot;_blank&quot;\t\t\t\t>\n\t\t\t\t\t\t\t\t\t\t\t\t\t<\/a>\n\t\t\t\n\t\t\t\t\t\t\t<p class=\"text\" >\n\t\t\t\tInstrucciones para resumenes\t\t\t<\/p>\n\t\t\t\t\t\t\t\t\t\t<a\n\t\t\t\t\thref=\"http:\/\/congresos.unlp.edu.ar\/xicae2021\/wp-content\/uploads\/sites\/26\/2022\/05\/Guia-para-la-presentacion-de-resumenes.pdf\"\n\t\t\t\t\tclass=\"more-button\"\n\t\t\t\t\ttarget=&quot;_blank&quot;\t\t\t\t>\n\t\t\t\t\tDescargar\t\t\t\t\t<i><\/i>\n\t\t\t\t<\/a>\n\t\t\t\t\t<\/div>\n\t\t<\/div><div id=\"panel-63-0-1-1\" class=\"so-panel widget widget_circleicon-widget panel-last-child\" data-index=\"3\" >\t\t<div class=\"circle-icon-box circle-icon-position-top circle-icon-hide-box circle-icon-size-medium \">\n\t\t\t\t\t\t\t<div class=\"circle-icon-wrapper\">\n\t\t\t\t\t\t\t\t\t\t<a href=\"https:\/\/congresos.unlp.edu.ar\/xicae2021\/wp-content\/uploads\/sites\/26\/2021\/11\/Plantilla-resumen-CAE2022-25-11.docx\" class=\"link-icon\" target=\"_blank\">\t\t\t\t\t<div class=\"circle-icon\" >\n\t\t\t\t\t\t\t\t\t\t\t\t\t<div\n\t\t\t\t\t\t\t\tclass=\"fa fa-file-word-o\"\n\t\t\t\t\t\t\t\tstyle=\"color: #0a0a0a\"\t\t\t\t\t\t\t><\/div>\n\t\t\t\t\t\t\t\t\t\t\t<\/div>\n\t\t\t\t\t<\/a>\t\t\t\t<\/div>\n\t\t\t\n\t\t\t\t\t\t\t<a\n\t\t\t\t\thref=\"https:\/\/congresos.unlp.edu.ar\/xicae2021\/wp-content\/uploads\/sites\/26\/2021\/11\/Plantilla-resumen-CAE2022-25-11.docx\"\n\t\t\t\t\tclass=\"link-title\" target=&quot;_blank&quot;\t\t\t\t>\n\t\t\t\t\t\t\t\t\t\t\t\t\t<\/a>\n\t\t\t\n\t\t\t\t\t\t\t<p class=\"text\" >\n\t\t\t\tPlantilla de res\u00famen (Espa\u00f1ol)\t\t\t<\/p>\n\t\t\t\t\t\t\t\t\t\t<a\n\t\t\t\t\thref=\"https:\/\/congresos.unlp.edu.ar\/xicae2021\/wp-content\/uploads\/sites\/26\/2021\/11\/Plantilla-resumen-CAE2022-25-11.docx\"\n\t\t\t\t\tclass=\"more-button\"\n\t\t\t\t\ttarget=&quot;_blank&quot;\t\t\t\t>\n\t\t\t\t\tDescargar\t\t\t\t\t<i><\/i>\n\t\t\t\t<\/a>\n\t\t\t\t\t<\/div>\n\t\t<\/div><\/div><div id=\"pgc-63-0-2\"  class=\"panel-grid-cell\" ><div id=\"panel-63-0-2-0\" class=\"so-panel widget widget_circleicon-widget panel-first-child\" data-index=\"4\" >\t\t<div class=\"circle-icon-box circle-icon-position-top circle-icon-hide-box circle-icon-size-medium \">\n\t\t\t\t\t\t\t<div class=\"circle-icon-wrapper\">\n\t\t\t\t\t\t\t\t\t\t<a href=\"http:\/\/congresos.unlp.edu.ar\/xicae2021\/wp-content\/uploads\/sites\/26\/2022\/03\/Guidelines-for-abstract-submission.pdf\" class=\"link-icon\" target=\"_blank\">\t\t\t\t\t<div class=\"circle-icon\" >\n\t\t\t\t\t\t\t\t\t\t\t\t\t<div\n\t\t\t\t\t\t\t\tclass=\"fa fa-file-pdf-o\"\n\t\t\t\t\t\t\t\tstyle=\"color: #0a0a0a\"\t\t\t\t\t\t\t><\/div>\n\t\t\t\t\t\t\t\t\t\t\t<\/div>\n\t\t\t\t\t<\/a>\t\t\t\t<\/div>\n\t\t\t\n\t\t\t\t\t\t\t<a\n\t\t\t\t\thref=\"http:\/\/congresos.unlp.edu.ar\/xicae2021\/wp-content\/uploads\/sites\/26\/2022\/03\/Guidelines-for-abstract-submission.pdf\"\n\t\t\t\t\tclass=\"link-title\" target=&quot;_blank&quot;\t\t\t\t>\n\t\t\t\t\t\t\t\t\t\t\t\t\t<\/a>\n\t\t\t\n\t\t\t\t\t\t\t<p class=\"text\" >\n\t\t\t\tAbstract instructions\t\t\t<\/p>\n\t\t\t\t\t\t\t\t\t\t<a\n\t\t\t\t\thref=\"http:\/\/congresos.unlp.edu.ar\/xicae2021\/wp-content\/uploads\/sites\/26\/2022\/03\/Guidelines-for-abstract-submission.pdf\"\n\t\t\t\t\tclass=\"more-button\"\n\t\t\t\t\ttarget=&quot;_blank&quot;\t\t\t\t>\n\t\t\t\t\tDownload\t\t\t\t\t<i><\/i>\n\t\t\t\t<\/a>\n\t\t\t\t\t<\/div>\n\t\t<\/div><div id=\"panel-63-0-2-1\" class=\"so-panel widget widget_circleicon-widget panel-last-child\" data-index=\"5\" >\t\t<div class=\"circle-icon-box circle-icon-position-top circle-icon-hide-box circle-icon-size-medium \">\n\t\t\t\t\t\t\t<div class=\"circle-icon-wrapper\">\n\t\t\t\t\t\t\t\t\t\t<a href=\"https:\/\/congresos.unlp.edu.ar\/xicae2021\/wp-content\/uploads\/sites\/26\/2021\/11\/Template-abstract-CAE2022-25-11.docx\" class=\"link-icon\" target=\"_blank\">\t\t\t\t\t<div class=\"circle-icon\" >\n\t\t\t\t\t\t\t\t\t\t\t\t\t<div\n\t\t\t\t\t\t\t\tclass=\"fa fa-file-word-o\"\n\t\t\t\t\t\t\t\tstyle=\"color: #0a0a0a\"\t\t\t\t\t\t\t><\/div>\n\t\t\t\t\t\t\t\t\t\t\t<\/div>\n\t\t\t\t\t<\/a>\t\t\t\t<\/div>\n\t\t\t\n\t\t\t\t\t\t\t<a\n\t\t\t\t\thref=\"https:\/\/congresos.unlp.edu.ar\/xicae2021\/wp-content\/uploads\/sites\/26\/2021\/11\/Template-abstract-CAE2022-25-11.docx\"\n\t\t\t\t\tclass=\"link-title\" target=&quot;_blank&quot;\t\t\t\t>\n\t\t\t\t\t\t\t\t\t\t\t\t\t<\/a>\n\t\t\t\n\t\t\t\t\t\t\t<p class=\"text\" >\n\t\t\t\tAbstract template (English)\t\t\t<\/p>\n\t\t\t\t\t\t\t\t\t\t<a\n\t\t\t\t\thref=\"https:\/\/congresos.unlp.edu.ar\/xicae2021\/wp-content\/uploads\/sites\/26\/2021\/11\/Template-abstract-CAE2022-25-11.docx\"\n\t\t\t\t\tclass=\"more-button\"\n\t\t\t\t\ttarget=&quot;_blank&quot;\t\t\t\t>\n\t\t\t\t\tDescargar\t\t\t\t\t<i><\/i>\n\t\t\t\t<\/a>\n\t\t\t\t\t<\/div>\n\t\t<\/div><\/div><\/div><div id=\"pg-63-1\"  class=\"panel-grid panel-no-style\" ><div id=\"pgc-63-1-0\"  class=\"panel-grid-cell\" ><div id=\"panel-63-1-0-0\" class=\"so-panel widget widget_sow-editor panel-first-child panel-last-child\" data-index=\"6\" ><div\n\t\t\t\n\t\t\tclass=\"so-widget-sow-editor so-widget-sow-editor-base\"\n\t\t\t\n\t\t>\n<div class=\"siteorigin-widget-tinymce textwidget\">\n\t<h2><strong>Gu\u00eda para la presentaci\u00f3n de res\u00famenes<\/strong><\/h2>\n<p><span style=\"color: #33cccc\"><strong>Fecha de inicio de recepci\u00f3n de res\u00famenes: 01\/12\/2021<\/strong><\/span><\/p>\n<p><span style=\"color: #33cccc\"><strong>Fecha l\u00edmite de recepci\u00f3n de res\u00famenes: 01\/07\/2022<\/strong><\/span><\/p>\n<p>Se podr\u00e1 enviar el resumen en el mismo proceso de inscripci\u00f3n al congreso, o posteriormente.\u00a0 Lo deber\u00e1 enviar \u00fanicamente el autor que ser\u00e1 el expositor del mismo.<\/p>\n<p>Se podr\u00e1 enviar al Congreso un m\u00e1ximo de dos res\u00famenes por inscripci\u00f3n como expositor.<\/p>\n<p>Cada autor podr\u00e1 realizar solo una presentaci\u00f3n oral como expositor. La Comisi\u00f3n Cient\u00edfica podr\u00e1 cambiar la modalidad y el eje tem\u00e1tico de los res\u00famenes en funci\u00f3n del programa y la disponibilidad de salas para presentaciones orales, lo cual se notificar\u00e1 con antelaci\u00f3n suficiente.<\/p>\n<p>Los res\u00famenes de simposios ser\u00e1n enviados \u00fanicamente al organizador del mismo, el cual los reunir\u00e1 y luego los enviar\u00e1 a la Comisi\u00f3n.<\/p>\n<h2><em>Presentaci\u00f3n de res\u00famenes<\/em><\/h2>\n<p>Los res\u00famenes ser\u00e1n evaluados por pares designados por la Comisi\u00f3n Cient\u00edfica. En caso de necesitar realizar modificaciones para su aceptaci\u00f3n, los autores dispondr\u00e1n de dos semanas luego de la fecha del env\u00edo del resumen revisado para enviar la versi\u00f3n corregida para su re-evaluaci\u00f3n. Una vez que el resumen del trabajo haya sido aceptado, no podr\u00e1 ser modificado.<\/p>\n<p>Los res\u00famenes aceptados ser\u00e1n publicados en el Libro de Res\u00famenes del XI Congreso Argentino de Entomolog\u00eda y XII Congreso Latinoamericano de Entomolog\u00eda, el cual ser\u00e1 una publicaci\u00f3n especial de la SEA, en formato digital.<\/p>\n<p>Los autores deber\u00e1n indicar la modalidad (sesi\u00f3n oral o poster) y el eje tem\u00e1tico preferido para cada presentaci\u00f3n.<\/p>\n<p><strong>Los ejes tem\u00e1ticos para la presentaci\u00f3n de res\u00famenes son las siguientes:<\/strong><\/p>\n<ol>\n<li><strong>Biodiversidad, Biogeograf\u00eda y Conservaci\u00f3n<\/strong><\/li>\n<li><strong>Ecolog\u00eda<\/strong><\/li>\n<li><strong>Entomolog\u00eda Agr\u00edcola, Forestal y Urbana<\/strong><\/li>\n<li><strong>Entomolog\u00eda M\u00e9dica, Veterinaria y Forense<\/strong><\/li>\n<li><strong>Evoluci\u00f3n y\u00a0Filogenia<\/strong><\/li>\n<li><strong>Fisiolog\u00eda, Desarrollo y Comportamiento<\/strong><\/li>\n<li><strong>Gen\u00e9tica y Gen\u00f3mica<\/strong><\/li>\n<li><strong>Servicios ecosist\u00e9micos, Manejo de plagas y Patolog\u00eda de insectos<\/strong><\/li>\n<li><strong>Sistem\u00e1tica,\u00a0Taxonom\u00eda\u00a0y Morfolog\u00eda<\/strong><\/li>\n<li><strong>Mirmecolog\u00eda (RAM)<\/strong><\/li>\n<li><strong>Temas especiales (por ejemplo, Etnoentomolog\u00eda)<\/strong><\/li>\n<\/ol>\n<h3><em>Formato de Res\u00famenes. <\/em><\/h3>\n<p><strong>Utilizar plantilla disponible en <a href=\"https:\/\/congresos.unlp.edu.ar\/xicae2021\/wp-content\/uploads\/sites\/26\/2021\/11\/Plantilla-resumen-CAE2022-25-11.docx\">espa\u00f1ol <\/a>e <a href=\"https:\/\/congresos.unlp.edu.ar\/xicae2021\/wp-content\/uploads\/sites\/26\/2021\/11\/Template-abstract-CAE2022-25-11.docx\">ingl\u00e9s<\/a>.<\/strong><\/p>\n<p>-Los res\u00famenes deber\u00e1n ser confeccionados en un archivo de Word (*.doc; *docx), en hoja A4, en sentido vertical, dejando m\u00e1rgenes de 2,5 cm. El resumen completo (t\u00edtulo, autores, filiaciones y cuerpo del resumen) no deber\u00e1 superar las 400 palabras y podr\u00e1 ser redactado en espa\u00f1ol o ingl\u00e9s.<\/p>\n<p>-El nombre del archivo deber\u00e1 estar iniciado por el n\u00famero de eje tem\u00e1tico (n\u00famero del 1 al 11), seguido por el apellido del presentador, gui\u00f3n bajo, las iniciales de su nombre, gui\u00f3n bajo, y el n\u00famero 1 o 2, de acuerdo al n\u00famero de trabajos presentados como primer autor. Ejemplo: 3Garc\u00eda_LA_1.doc (Trabajo enviado para el eje tem\u00e1tico 3, por Garc\u00eda Luciano An\u00edbal, y es el trabajo n\u00famero 1)<\/p>\n<p>-El resumen deber\u00e1 contener:<\/p>\n<p>T\u00edtulo (Arial 12, negrita). Debe estar escrito en may\u00fasculas \/ min\u00fasculas, centrado, en un m\u00e1ximo de 2 renglones. Los t\u00edtulos que incluyan nombres gen\u00e9ricos o espec\u00edficos no deben mencionar a sus autores; el orden y la familia a la que pertenecen deben aparecer separados por dos puntos y entre par\u00e9ntesis. Los nombres cient\u00edficos deben ir en cursiva.<\/p>\n<p><strong>Ejemplo:<\/strong> Revisi\u00f3n sistem\u00e1tica del g\u00e9nero <em>Barypus<\/em> (Coleoptera: Carabidae)<\/p>\n<p>Autores (Arial 11, subrayado el autor que presentar\u00e1 el trabajo). El apellido debe indicarse en may\u00fasculas, seguido del nombre y la inicial del segundo nombre despu\u00e9s de una coma.<\/p>\n<p><strong>\u00a0\u00a0\u00a0\u00a0\u00a0Ejemplos:<\/strong>\u00a0\u00a0\u00a0\u00a0 G\u00d3MEZ, Pedro E.<\/p>\n<p>G\u00d3MEZ, Pedro E. &amp; <u>GONZ\u00c1LEZ, Mar\u00eda M.<\/u><\/p>\n<p>G\u00d3MEZ, Pedro E., <u>GONZ\u00c1LEZ, Mar\u00eda M.<\/u> &amp; P\u00c9REZ, Fernando<\/p>\n<p>Filiaci\u00f3n (Arial 10). Indicar mediante super\u00edndices el lugar de trabajo de los autores, usando n\u00fameros consecutivos para diferentes lugares de trabajo. \u00a0Incluir la direcci\u00f3n electr\u00f3nica del expositor del trabajo.<\/p>\n<p>Cuerpo del resumen (Arial 11). En un solo p\u00e1rrafo, alineaci\u00f3n izquierda, con interlineado simple y sin sangr\u00edas. En su desarrollo, el texto deber\u00e1 incluir: introducci\u00f3n, objetivos, materiales y m\u00e9todos, resultados y discusi\u00f3n\/conclusiones del trabajo.<\/p>\n<p>El resumen no debe contener subt\u00edtulos, cuadros, tablas, figuras, ni citas bibliogr\u00e1ficas. Evitar el uso de s\u00edmbolos poco usuales y abreviaturas innecesarias.<\/p>\n<p>Nota: Los res\u00famenes que no cumplan con el formato solicitado no ser\u00e1n evaluados y ser\u00e1n devueltos para su correcci\u00f3n.<\/p>\n<\/div>\n<\/div><\/div><\/div><\/div><\/div>","protected":false},"excerpt":{"rendered":"<p>Fecha de inicio de recepci\u00f3n de res\u00famenes: 01\/12\/2021 Fecha l\u00edmite de recepci\u00f3n de res\u00famenes: 01\/07\/2022 &nbsp; &nbsp; Abstract submission opening date: 01\/12\/2021 Abstract submission closing date: 01\/July\/2022 Gu\u00eda para la presentaci\u00f3n de res\u00famenes Fecha de inicio de recepci\u00f3n de res\u00famenes: 01\/12\/2021 Fecha l\u00edmite de recepci\u00f3n de res\u00famenes: 01\/07\/2022 Se podr\u00e1 enviar el resumen en el [&hellip;]<\/p>\n","protected":false},"author":2,"featured_media":0,"parent":0,"menu_order":0,"comment_status":"closed","ping_status":"closed","template":"","meta":{"advgb_blocks_editor_width":"","advgb_blocks_columns_visual_guide":"","footnotes":""},"class_list":["post-63","page","type-page","status-publish","hentry","post"],"aioseo_notices":[],"coauthors":[],"author_meta":{"author_link":"https:\/\/congresos.unlp.edu.ar\/xicae2021\/author\/congresos\/","display_name":"congresos"},"relative_dates":{"created":"Posted 6 a\u00f1os ago","modified":"Updated 4 a\u00f1os ago"},"absolute_dates":{"created":"Posted on 19 agosto, 2020","modified":"Updated on 11 julio, 2022"},"absolute_dates_time":{"created":"Posted on 19 agosto, 2020 11:18 am","modified":"Updated on 11 julio, 2022 2:09 pm"},"featured_img_caption":"","featured_img":false,"series_order":"","_links":{"self":[{"href":"https:\/\/congresos.unlp.edu.ar\/xicae2021\/wp-json\/wp\/v2\/pages\/63","targetHints":{"allow":["GET"]}}],"collection":[{"href":"https:\/\/congresos.unlp.edu.ar\/xicae2021\/wp-json\/wp\/v2\/pages"}],"about":[{"href":"https:\/\/congresos.unlp.edu.ar\/xicae2021\/wp-json\/wp\/v2\/types\/page"}],"author":[{"embeddable":true,"href":"https:\/\/congresos.unlp.edu.ar\/xicae2021\/wp-json\/wp\/v2\/users\/2"}],"replies":[{"embeddable":true,"href":"https:\/\/congresos.unlp.edu.ar\/xicae2021\/wp-json\/wp\/v2\/comments?post=63"}],"version-history":[{"count":0,"href":"https:\/\/congresos.unlp.edu.ar\/xicae2021\/wp-json\/wp\/v2\/pages\/63\/revisions"}],"wp:attachment":[{"href":"https:\/\/congresos.unlp.edu.ar\/xicae2021\/wp-json\/wp\/v2\/media?parent=63"}],"curies":[{"name":"wp","href":"https:\/\/api.w.org\/{rel}","templated":true}]}}