{"id":603,"date":"2022-04-05T14:10:46","date_gmt":"2022-04-05T17:10:46","guid":{"rendered":"https:\/\/congresos.unlp.edu.ar\/xicae2021\/?page_id=603"},"modified":"2022-10-23T17:06:51","modified_gmt":"2022-10-23T20:06:51","slug":"gastronomia","status":"publish","type":"page","link":"https:\/\/congresos.unlp.edu.ar\/xicae2021\/gastronomia\/","title":{"rendered":"Gastronom\u00eda"},"content":{"rendered":"<p><a href=\"https:\/\/turismo.laplata.gob.ar\/portfolio\/gastronomia\/\" target=\"_blank\" rel=\"noopener\">Gastronom\u00eda en La Plata<\/a><\/p>\n<p>&nbsp;<\/p>\n<p class=\"moz-quote-pre\">Los siguientes locales gastron\u00f3micos ofrecen descuentos:<b><\/p>\n<p>BAXAR<br \/>\nMercado gastron\u00f3mico\/Terraza cervecera<br \/>\n<\/b><br \/>\n<a href=\"https:\/\/baxar.com.ar\/\" target=\"_blank\" rel=\"noopener\">Website<\/a><\/p>\n<p class=\"moz-quote-pre\"><strong>Direcci\u00f3n:<\/strong> Accesos por calle 50 y Avenida 51, entre 5 y 6.<\/p>\n<p>Los siguientes locales ofrecen un 10% de descuento con cualquier medio de pago (Para hacer<br \/>\nefectivo el descuento deber\u00e1 presentar la credencial del congreso).<\/p>\n<p class=\"moz-quote-pre\">1. Paesano Cuore Azurro.<\/p>\n<p class=\"moz-quote-pre\">2. Masse Coffee Roaster.<\/p>\n<p class=\"moz-quote-pre\">3. La Cabrera al Paso Baxar.<\/p>\n<p class=\"moz-quote-pre\">4. Meatpacking.<\/p>\n<p class=\"moz-quote-pre\">5. John Doe Baxar.<\/p>\n<p class=\"moz-quote-pre\">6. Vicco.<\/p>\n<p>&nbsp;<\/p>\n<p class=\"moz-quote-pre\"><strong>LLAMA<\/strong> <strong>Coffee Roasters<\/strong><\/p>\n<p><a href=\"https:\/\/www.llamacoffeeroasters.com\/\" target=\"_blank\" rel=\"noopener\">Website<\/a><\/p>\n<p class=\"moz-quote-pre\"><strong>Direcci\u00f3n: <\/strong>Av. 51 esq. 3<\/p>\n<p>Este local ofrece un 15% de descuento con cualquier medio de pago (Para hacer<br \/>\nefectivo el descuento deber\u00e1 presentar la credencial del congreso).<\/p>\n<p class=\"moz-quote-pre\">\n<p><strong>DENIRO HAMBURGUESER\u00cdA<\/strong><\/p>\n<p><a href=\"https:\/\/www.denirohamburgueseria.com.ar\/\" target=\"_blank\" rel=\"noopener\">Website<\/a><\/p>\n<p><strong>Direcci\u00f3n:<\/strong> Calle 11 N\u00ba871 entre 49 y 50.<\/p>\n<p>Este local ofrece un 10% de descuento con cualquier medio de pago (Para hacer<br \/>\nefectivo el descuento deber\u00e1 presentar la credencial del congreso).<\/p>\n<p><strong><br \/>\nIZAKAYA el Bar de Sushi POP<br \/>\n<\/strong><br \/>\n<a href=\"https:\/\/www.sushipopizakaya.com.ar\/\" target=\"_blank\" rel=\"noopener\">Website<\/a><\/p>\n<p><strong>Direcci\u00f3n:\u00a0 <\/strong>Diagonal 74 N 1594 (entre calles 11 y 48)<\/p>\n<p>Este local ofrece un 10% de descuento con cualquier medio de pago (Para hacer<br \/>\nefectivo el descuento deber\u00e1 presentar la credencial del congreso).<\/p>\n<p>&nbsp;<\/p>\n<p><strong>Mercado 55<\/strong><\/p>\n<p><a href=\"http:\/\/mercado55.com.ar\" target=\"_blank\" rel=\"noopener\">Website<\/a><\/p>\n<p><strong>Direcci\u00f3n: <\/strong>Av. 1\u00a0 n\u00ba 1100 y 55.<\/p>\n<p>Este local ofrece un 10% de descuento con cualquier medio de pago (Para hacer<br \/>\nefectivo el descuento deber\u00e1 presentar la credencial del congreso).<\/p>\n<p>&nbsp;<\/p>\n<p><strong>Como Hermanos BY M55<\/strong><\/p>\n<p><a href=\"mercado55.com.ar\" target=\"_blank\" rel=\"noopener\">Webside<\/a><\/p>\n<p><strong>Direcci\u00f3n: <\/strong>Av. 1\u00a0 n\u00ba 1100 y 55.<\/p>\n<p>Este local ofrece un 10% de descuento con cualquier medio de pago (Para hacer<br \/>\nefectivo el descuento deber\u00e1 presentar la credencial del congreso).<\/p>\n<h1 class=\"chakra-text css-6oec1p\"><\/h1>\n","protected":false},"excerpt":{"rendered":"<p>Gastronom\u00eda en La Plata &nbsp; Los siguientes locales gastron\u00f3micos ofrecen descuentos: BAXAR Mercado gastron\u00f3mico\/Terraza cervecera Website Direcci\u00f3n: Accesos por calle 50 y Avenida 51, entre 5 y 6. Los siguientes locales ofrecen un 10% de descuento con cualquier medio de pago (Para hacer efectivo el descuento deber\u00e1 presentar la credencial del congreso). 1. Paesano Cuore [&hellip;]<\/p>\n","protected":false},"author":59,"featured_media":0,"parent":0,"menu_order":0,"comment_status":"closed","ping_status":"closed","template":"","meta":{"advgb_blocks_editor_width":"","advgb_blocks_columns_visual_guide":"","footnotes":""},"class_list":["post-603","page","type-page","status-publish","hentry","post"],"aioseo_notices":[],"coauthors":[],"author_meta":{"author_link":"https:\/\/congresos.unlp.edu.ar\/xicae2021\/author\/mlucia\/","display_name":"mlucia"},"relative_dates":{"created":"Posted 4 a\u00f1os ago","modified":"Updated 3 a\u00f1os ago"},"absolute_dates":{"created":"Posted on 5 abril, 2022","modified":"Updated on 23 octubre, 2022"},"absolute_dates_time":{"created":"Posted on 5 abril, 2022 2:10 pm","modified":"Updated on 23 octubre, 2022 5:06 pm"},"featured_img_caption":"","featured_img":false,"series_order":"","_links":{"self":[{"href":"https:\/\/congresos.unlp.edu.ar\/xicae2021\/wp-json\/wp\/v2\/pages\/603","targetHints":{"allow":["GET"]}}],"collection":[{"href":"https:\/\/congresos.unlp.edu.ar\/xicae2021\/wp-json\/wp\/v2\/pages"}],"about":[{"href":"https:\/\/congresos.unlp.edu.ar\/xicae2021\/wp-json\/wp\/v2\/types\/page"}],"author":[{"embeddable":true,"href":"https:\/\/congresos.unlp.edu.ar\/xicae2021\/wp-json\/wp\/v2\/users\/59"}],"replies":[{"embeddable":true,"href":"https:\/\/congresos.unlp.edu.ar\/xicae2021\/wp-json\/wp\/v2\/comments?post=603"}],"version-history":[{"count":0,"href":"https:\/\/congresos.unlp.edu.ar\/xicae2021\/wp-json\/wp\/v2\/pages\/603\/revisions"}],"wp:attachment":[{"href":"https:\/\/congresos.unlp.edu.ar\/xicae2021\/wp-json\/wp\/v2\/media?parent=603"}],"curies":[{"name":"wp","href":"https:\/\/api.w.org\/{rel}","templated":true}]}}