{"id":6,"date":"2020-08-18T14:17:21","date_gmt":"2020-08-18T17:17:21","guid":{"rendered":"http:\/\/congresos.unlp.edu.ar\/xicae2021\/?page_id=6"},"modified":"2022-11-20T09:33:46","modified_gmt":"2022-11-20T12:33:46","slug":"inicio","status":"publish","type":"page","link":"https:\/\/congresos.unlp.edu.ar\/xicae2021\/","title":{"rendered":"Inicio"},"content":{"rendered":"<div id=\"pl-6\"  class=\"panel-layout\" ><div id=\"pg-6-0\"  class=\"panel-grid panel-no-style\" ><div id=\"pgc-6-0-0\"  class=\"panel-grid-cell\" ><div id=\"panel-6-0-0-0\" class=\"so-panel widget widget_text panel-first-child panel-last-child\" data-index=\"0\" ><div class=\"panel-widget-style panel-widget-style-for-6-0-0-0\" >\t\t\t<div class=\"textwidget\"><p>El d\u00eda <strong>15 de agosto<\/strong> finaliza el segundo tramo de inscripci\u00f3n para asistir al XI Congreso Argentino y XII Congreso Latinoamericano de Entomolog\u00eda de manera presencial.<\/p>\n<p><em>A partir del 16 de agosto solo permanecer\u00e1 abierta la inscripci\u00f3n para la modalidad de participaci\u00f3n virtual.<\/em><\/p>\n<hr \/>\n<p><strong>On August 15,<\/strong> the second registration period ends to attend the conference in person.\u00a0As of August 16, only registration for the virtual participation modality will remain open.<\/p>\n<hr \/>\n<p><strong>No dia 15 de agosto<\/strong> termina o segundo per\u00edodo de inscri\u00e7\u00e3o para participar presencialmente na confer\u00eancia. A partir de 16 de agosto, permanecer\u00e3o abertas apenas as inscri\u00e7\u00f5es para a modalidade de participa\u00e7\u00e3o virtual.<\/p>\n<\/div>\n\t\t<\/div><\/div><\/div><\/div><div id=\"pg-6-1\"  class=\"panel-grid panel-no-style\" ><div id=\"pgc-6-1-0\"  class=\"panel-grid-cell\" ><div id=\"panel-6-1-0-0\" class=\"so-panel widget widget_text panel-first-child panel-last-child\" data-index=\"1\" >\t\t\t<div class=\"textwidget\"><p><strong>OTRAS NOVEDADES<\/strong><\/p>\n<\/div>\n\t\t<\/div><\/div><\/div><div id=\"pg-6-2\"  class=\"panel-grid panel-has-style\" ><div class=\"programa panel-row-style panel-row-style-for-6-2\" id=\"programa\" ><div id=\"pgc-6-2-0\"  class=\"panel-grid-cell\" ><div id=\"panel-6-2-0-0\" class=\"so-panel widget widget_sow-editor panel-first-child panel-last-child\" data-index=\"2\" ><div\n\t\t\t\n\t\t\tclass=\"so-widget-sow-editor so-widget-sow-editor-base\"\n\t\t\t\n\t\t>\n<div class=\"siteorigin-widget-tinymce textwidget\">\n\t<p style=\"text-align: center\"><strong>Outros idiomas \/ Other languages<\/strong><\/p>\n<p style=\"text-align: center\">Baixe os an\u00fancios em portugu\u00eas <a href=\"https:\/\/congresos.unlp.edu.ar\/xicae2021\/circulares\/\">aqui<\/a>.<\/p>\n<p style=\"text-align: center\">Download the announcements in English <a href=\"https:\/\/congresos.unlp.edu.ar\/xicae2021\/circulares\/\">here<\/a>.<\/p>\n<\/div>\n<\/div><\/div><\/div><div id=\"pgc-6-2-1\"  class=\"panel-grid-cell\" ><div id=\"panel-6-2-1-0\" class=\"so-panel widget widget_circleicon-widget panel-first-child panel-last-child\" data-index=\"3\" >\t\t<div class=\"circle-icon-box circle-icon-position-top circle-icon-hide-box circle-icon-size-medium \">\n\t\t\t\t\t\t\t<div class=\"circle-icon-wrapper\">\n\t\t\t\t\t\t\t\t\t\t<a href=\"https:\/\/drive.google.com\/drive\/folders\/1B4iGydebCrxAs-eINFGmixfL5sH06rCm?usp=share_link\" class=\"link-icon\" target=\"_blank\">\t\t\t\t\t<div class=\"circle-icon icon-style-set\" style=\"background-image: url(https:\/\/drive.google.com\/drive\/folders\/1B4iGydebCrxAs-eINFGmixfL5sH06rCm?usp=share_link);background-color: #15afaf\">\n\t\t\t\t\t\t\t\t\t\t\t\t\t<div\n\t\t\t\t\t\t\t\tclass=\"fa fa-file-pdf-o  icon-style-set\"\n\t\t\t\t\t\t\t\tstyle=\"color: #ffffff\"\t\t\t\t\t\t\t><\/div>\n\t\t\t\t\t\t\t\t\t\t\t<\/div>\n\t\t\t\t\t<\/a>\t\t\t\t<\/div>\n\t\t\t\n\t\t\t\t\t\t\t<a\n\t\t\t\t\thref=\"https:\/\/drive.google.com\/drive\/folders\/1B4iGydebCrxAs-eINFGmixfL5sH06rCm?usp=share_link\"\n\t\t\t\t\tclass=\"link-title\" target=&quot;_blank&quot;\t\t\t\t>\n\t\t\t\t\t\t\t\t\t\t<h4 style=\"color: #1e73be\">\n\t\t\t\t\tCertificados XI Congreso Argentino y XII Congreso Latinoamericano de Entomolog\u00eda\t\t\t\t<\/h4>\n\t\t\t\t\t\t\t\t\t\t<\/a>\n\t\t\t\n\t\t\t\t\t\t\t<p class=\"text\" >\n\t\t\t\tDescargar Certificados\t\t\t<\/p>\n\t\t\t\t\t\t\t\t\t\t<a\n\t\t\t\t\thref=\"https:\/\/drive.google.com\/drive\/folders\/1B4iGydebCrxAs-eINFGmixfL5sH06rCm?usp=share_link\"\n\t\t\t\t\tclass=\"more-button\"\n\t\t\t\t\ttarget=&quot;_blank&quot;\t\t\t\t>\n\t\t\t\t\tDescargar\t\t\t\t\t<i><\/i>\n\t\t\t\t<\/a>\n\t\t\t\t\t<\/div>\n\t\t<\/div><\/div><div id=\"pgc-6-2-2\"  class=\"panel-grid-cell\" ><div id=\"panel-6-2-2-0\" class=\"so-panel widget widget_circleicon-widget panel-first-child panel-last-child\" data-index=\"4\" >\t\t<div class=\"circle-icon-box circle-icon-position-top circle-icon-hide-box circle-icon-size-medium \">\n\t\t\t\t\t\t\t<div class=\"circle-icon-wrapper\">\n\t\t\t\t\t\t\t\t\t\t<a href=\"https:\/\/drive.google.com\/file\/d\/1E9sluxn9bwnOy46AvdTH-7kh7cHjJZuy\/view?usp=share_link\" class=\"link-icon\" target=\"_blank\">\t\t\t\t\t<div class=\"circle-icon icon-style-set\" style=\"background-image: url(https:\/\/drive.google.com\/file\/d\/1E9sluxn9bwnOy46AvdTH-7kh7cHjJZuy\/view?usp=share_link);background-color: #15afaf\">\n\t\t\t\t\t\t\t\t\t\t\t\t\t<div\n\t\t\t\t\t\t\t\tclass=\"fa fa-file-pdf-o  icon-style-set\"\n\t\t\t\t\t\t\t\tstyle=\"color: #ffffff\"\t\t\t\t\t\t\t><\/div>\n\t\t\t\t\t\t\t\t\t\t\t<\/div>\n\t\t\t\t\t<\/a>\t\t\t\t<\/div>\n\t\t\t\n\t\t\t\t\t\t\t<a\n\t\t\t\t\thref=\"https:\/\/drive.google.com\/file\/d\/1E9sluxn9bwnOy46AvdTH-7kh7cHjJZuy\/view?usp=share_link\"\n\t\t\t\t\tclass=\"link-title\" target=&quot;_blank&quot;\t\t\t\t>\n\t\t\t\t\t\t\t\t\t\t<h4 style=\"color: #1e73be\">\n\t\t\t\t\tLibro de Res\u00famenes. XI Congreso Argentino y XII Congreso Latinoamericano de Entomolog\u00eda\t\t\t\t<\/h4>\n\t\t\t\t\t\t\t\t\t\t<\/a>\n\t\t\t\n\t\t\t\t\t\t\t<p class=\"text\" >\n\t\t\t\tDescargar Libro de Res\u00famenes\t\t\t<\/p>\n\t\t\t\t\t\t\t\t\t\t<a\n\t\t\t\t\thref=\"https:\/\/drive.google.com\/file\/d\/1E9sluxn9bwnOy46AvdTH-7kh7cHjJZuy\/view?usp=share_link\"\n\t\t\t\t\tclass=\"more-button\"\n\t\t\t\t\ttarget=&quot;_blank&quot;\t\t\t\t>\n\t\t\t\t\tDescargar\t\t\t\t\t<i><\/i>\n\t\t\t\t<\/a>\n\t\t\t\t\t<\/div>\n\t\t<\/div><\/div><div id=\"pgc-6-2-3\"  class=\"panel-grid-cell\" ><div id=\"panel-6-2-3-0\" class=\"so-panel widget widget_circleicon-widget panel-first-child panel-last-child\" data-index=\"5\" >\t\t<div class=\"circle-icon-box circle-icon-position-top circle-icon-hide-box circle-icon-size-medium \">\n\t\t\t\t\t\t\t<div class=\"circle-icon-wrapper\">\n\t\t\t\t\t\t\t\t\t\t<a href=\"http:\/\/congresos.unlp.edu.ar\/xicae2021\/wp-content\/uploads\/sites\/26\/2022\/09\/5ta-Circular-XICAE-y-XIICLE.pdf\" class=\"link-icon\" target=\"_blank\">\t\t\t\t\t<div class=\"circle-icon icon-style-set\" style=\"background-image: url(http:\/\/congresos.unlp.edu.ar\/xicae2021\/wp-content\/uploads\/sites\/26\/2022\/09\/5ta-Circular-XICAE-y-XIICLE.pdf);background-color: #15afaf\">\n\t\t\t\t\t\t\t\t\t\t\t\t\t<div\n\t\t\t\t\t\t\t\tclass=\"fa fa-file-pdf-o  icon-style-set\"\n\t\t\t\t\t\t\t\tstyle=\"color: #ffffff\"\t\t\t\t\t\t\t><\/div>\n\t\t\t\t\t\t\t\t\t\t\t<\/div>\n\t\t\t\t\t<\/a>\t\t\t\t<\/div>\n\t\t\t\n\t\t\t\t\t\t\t<a\n\t\t\t\t\thref=\"http:\/\/congresos.unlp.edu.ar\/xicae2021\/wp-content\/uploads\/sites\/26\/2022\/09\/5ta-Circular-XICAE-y-XIICLE.pdf\"\n\t\t\t\t\tclass=\"link-title\" target=&quot;_blank&quot;\t\t\t\t>\n\t\t\t\t\t\t\t\t\t\t<h4 style=\"color: #1e73be\">\n\t\t\t\t\tQuinta circular\t\t\t\t<\/h4>\n\t\t\t\t\t\t\t\t\t\t<\/a>\n\t\t\t\n\t\t\t\t\t\t\t<p class=\"text\" >\n\t\t\t\tDescargar Cuarta circular\t\t\t<\/p>\n\t\t\t\t\t\t\t\t\t\t<a\n\t\t\t\t\thref=\"http:\/\/congresos.unlp.edu.ar\/xicae2021\/wp-content\/uploads\/sites\/26\/2022\/09\/5ta-Circular-XICAE-y-XIICLE.pdf\"\n\t\t\t\t\tclass=\"more-button\"\n\t\t\t\t\ttarget=&quot;_blank&quot;\t\t\t\t>\n\t\t\t\t\tDescargar\t\t\t\t\t<i><\/i>\n\t\t\t\t<\/a>\n\t\t\t\t\t<\/div>\n\t\t<\/div><\/div><div id=\"pgc-6-2-4\"  class=\"panel-grid-cell\" ><div id=\"panel-6-2-4-0\" class=\"so-panel widget widget_circleicon-widget panel-first-child panel-last-child\" data-index=\"6\" >\t\t<div class=\"circle-icon-box circle-icon-position-top circle-icon-hide-box circle-icon-size-medium \">\n\t\t\t\t\t\t\t<div class=\"circle-icon-wrapper\">\n\t\t\t\t\t\t\t\t\t\t<a href=\"http:\/\/congresos.unlp.edu.ar\/xicae2021\/wp-content\/uploads\/sites\/26\/2022\/10\/Programa.pdf\" class=\"link-icon\" target=\"_blank\">\t\t\t\t\t<div class=\"circle-icon icon-style-set\" style=\"background-image: url(http:\/\/congresos.unlp.edu.ar\/xicae2021\/wp-content\/uploads\/sites\/26\/2022\/10\/Programa.pdf);background-color: #15afaf\">\n\t\t\t\t\t\t\t\t\t\t\t\t\t<div\n\t\t\t\t\t\t\t\tclass=\"fa fa-file-pdf-o  icon-style-set\"\n\t\t\t\t\t\t\t\tstyle=\"color: #ffffff\"\t\t\t\t\t\t\t><\/div>\n\t\t\t\t\t\t\t\t\t\t\t<\/div>\n\t\t\t\t\t<\/a>\t\t\t\t<\/div>\n\t\t\t\n\t\t\t\t\t\t\t<a\n\t\t\t\t\thref=\"http:\/\/congresos.unlp.edu.ar\/xicae2021\/wp-content\/uploads\/sites\/26\/2022\/10\/Programa.pdf\"\n\t\t\t\t\tclass=\"link-title\" target=&quot;_blank&quot;\t\t\t\t>\n\t\t\t\t\t\t\t\t\t\t<h4 style=\"color: #1e73be\">\n\t\t\t\t\tPrograma\t\t\t\t<\/h4>\n\t\t\t\t\t\t\t\t\t\t<\/a>\n\t\t\t\n\t\t\t\t\t\t\t<p class=\"text\" >\n\t\t\t\tDescargar Programa\t\t\t<\/p>\n\t\t\t\t\t\t\t\t\t\t<a\n\t\t\t\t\thref=\"http:\/\/congresos.unlp.edu.ar\/xicae2021\/wp-content\/uploads\/sites\/26\/2022\/10\/Programa.pdf\"\n\t\t\t\t\tclass=\"more-button\"\n\t\t\t\t\ttarget=&quot;_blank&quot;\t\t\t\t>\n\t\t\t\t\tDescargar\t\t\t\t\t<i><\/i>\n\t\t\t\t<\/a>\n\t\t\t\t\t<\/div>\n\t\t<\/div><\/div><\/div><\/div><div id=\"pg-6-3\"  class=\"panel-grid panel-no-style\" ><div id=\"pgc-6-3-0\"  class=\"panel-grid-cell\" ><div id=\"panel-6-3-0-0\" class=\"so-panel widget widget_sow-editor panel-first-child panel-last-child\" data-index=\"7\" ><div\n\t\t\t\n\t\t\tclass=\"so-widget-sow-editor so-widget-sow-editor-base\"\n\t\t\t\n\t\t>\n<div class=\"siteorigin-widget-tinymce textwidget\">\n\t<h3>Lugar del evento<\/h3>\n<h4><span style=\"color: #000000\">Centro de Posgrado, Edificio \u201cSergio Karakachoff\u201d (48 e\/ 6 y 7) | La Plata, Buenos Aires<\/span><\/h4>\n<\/div>\n<\/div><\/div><\/div><\/div><div id=\"pg-6-4\"  class=\"panel-grid panel-no-style\" ><div id=\"pgc-6-4-0\"  class=\"panel-grid-cell\" ><div id=\"panel-6-4-0-0\" class=\"widget_text so-panel widget widget_custom_html panel-first-child panel-last-child\" data-index=\"8\" ><div class=\"textwidget custom-html-widget\"><iframe loading=\"lazy\" src=\"https:\/\/www.google.com\/maps\/embed?pb=!1m14!1m8!1m3!1d13086.946602491013!2d-57.9507863!3d-34.9130578!3m2!1i1024!2i768!4f13.1!3m3!1m2!1s0x0%3A0xf80aa4ebe40a2507!2sCentro%20de%20Posgrado%20Sergio%20Karakachoff%20-%20Universidad%20Nacional%20de%20La%20Plata!5e0!3m2!1ses!2sar!4v1598989319236!5m2!1ses!2sar\" width=\"600\" height=\"450\" frameborder=\"0\" style=\"border:0;\" allowfullscreen=\"\" aria-hidden=\"false\" tabindex=\"0\"><\/iframe><\/div><\/div><\/div><div id=\"pgc-6-4-1\"  class=\"panel-grid-cell\" ><div id=\"panel-6-4-1-0\" class=\"so-panel widget widget_sow-image panel-first-child panel-last-child\" data-index=\"9\" ><div\n\t\t\t\n\t\t\tclass=\"so-widget-sow-image so-widget-sow-image-default-8b5b6f678277-6\"\n\t\t\t\n\t\t>\n<div class=\"sow-image-container\">\n\t\t<img \n\tsrc=\"https:\/\/congresos.unlp.edu.ar\/xicae2021\/wp-content\/uploads\/sites\/26\/2020\/08\/Lamina-para-lugar-de-evento.jpg\" width=\"8535\" height=\"6525\" srcset=\"https:\/\/congresos.unlp.edu.ar\/xicae2021\/wp-content\/uploads\/sites\/26\/2020\/08\/Lamina-para-lugar-de-evento.jpg 8535w, https:\/\/congresos.unlp.edu.ar\/xicae2021\/wp-content\/uploads\/sites\/26\/2020\/08\/Lamina-para-lugar-de-evento-300x229.jpg 300w, https:\/\/congresos.unlp.edu.ar\/xicae2021\/wp-content\/uploads\/sites\/26\/2020\/08\/Lamina-para-lugar-de-evento-1024x783.jpg 1024w, https:\/\/congresos.unlp.edu.ar\/xicae2021\/wp-content\/uploads\/sites\/26\/2020\/08\/Lamina-para-lugar-de-evento-768x587.jpg 768w\" sizes=\"(max-width: 8535px) 100vw, 8535px\" title=\"Lamina para lugar de evento\" alt=\"\" \t\tclass=\"so-widget-image\"\/>\n\t<\/div>\n\n<\/div><\/div><\/div><\/div><\/div>","protected":false},"excerpt":{"rendered":"<p>El d\u00eda 15 de agosto finaliza el segundo tramo de inscripci\u00f3n para asistir al XI Congreso Argentino y XII Congreso Latinoamericano de Entomolog\u00eda de manera presencial. A partir del 16 de agosto solo permanecer\u00e1 abierta la inscripci\u00f3n para la modalidad de participaci\u00f3n virtual. On August 15, the second registration period ends to attend the conference [&hellip;]<\/p>\n","protected":false},"author":2,"featured_media":0,"parent":0,"menu_order":0,"comment_status":"closed","ping_status":"closed","template":"home-panels.php","meta":{"advgb_blocks_editor_width":"","advgb_blocks_columns_visual_guide":"","footnotes":""},"class_list":["post-6","page","type-page","status-publish","hentry","post"],"aioseo_notices":[],"coauthors":[],"author_meta":{"author_link":"https:\/\/congresos.unlp.edu.ar\/xicae2021\/author\/congresos\/","display_name":"congresos"},"relative_dates":{"created":"Posted 6 a\u00f1os ago","modified":"Updated 3 a\u00f1os ago"},"absolute_dates":{"created":"Posted on 18 agosto, 2020","modified":"Updated on 20 noviembre, 2022"},"absolute_dates_time":{"created":"Posted on 18 agosto, 2020 2:17 pm","modified":"Updated on 20 noviembre, 2022 9:33 am"},"featured_img_caption":"","featured_img":false,"series_order":"","_links":{"self":[{"href":"https:\/\/congresos.unlp.edu.ar\/xicae2021\/wp-json\/wp\/v2\/pages\/6","targetHints":{"allow":["GET"]}}],"collection":[{"href":"https:\/\/congresos.unlp.edu.ar\/xicae2021\/wp-json\/wp\/v2\/pages"}],"about":[{"href":"https:\/\/congresos.unlp.edu.ar\/xicae2021\/wp-json\/wp\/v2\/types\/page"}],"author":[{"embeddable":true,"href":"https:\/\/congresos.unlp.edu.ar\/xicae2021\/wp-json\/wp\/v2\/users\/2"}],"replies":[{"embeddable":true,"href":"https:\/\/congresos.unlp.edu.ar\/xicae2021\/wp-json\/wp\/v2\/comments?post=6"}],"version-history":[{"count":0,"href":"https:\/\/congresos.unlp.edu.ar\/xicae2021\/wp-json\/wp\/v2\/pages\/6\/revisions"}],"wp:attachment":[{"href":"https:\/\/congresos.unlp.edu.ar\/xicae2021\/wp-json\/wp\/v2\/media?parent=6"}],"curies":[{"name":"wp","href":"https:\/\/api.w.org\/{rel}","templated":true}]}}