{"id":546,"date":"2022-03-23T11:45:28","date_gmt":"2022-03-23T14:45:28","guid":{"rendered":"https:\/\/congresos.unlp.edu.ar\/xicae2021\/?page_id=546"},"modified":"2022-10-17T14:52:46","modified_gmt":"2022-10-17T17:52:46","slug":"posters","status":"publish","type":"page","link":"https:\/\/congresos.unlp.edu.ar\/xicae2021\/posters\/","title":{"rendered":"P\u00f3steres"},"content":{"rendered":"<div id=\"pl-546\"  class=\"panel-layout\" ><div id=\"pg-546-0\"  class=\"panel-grid panel-no-style\" ><div id=\"pgc-546-0-0\"  class=\"panel-grid-cell\" ><div id=\"panel-546-0-0-0\" class=\"so-panel widget widget_sow-editor panel-first-child\" data-index=\"0\" ><div\n\t\t\t\n\t\t\tclass=\"so-widget-sow-editor so-widget-sow-editor-base\"\n\t\t\t\n\t\t>\n<div class=\"siteorigin-widget-tinymce textwidget\">\n\t<p><strong>Todas las presentaciones seran en formato eP\u00f3ster (no se debe traer impreso el p\u00f3ster)<\/strong><\/p>\n<p>Los trabajos aceptados ser\u00e1n presentados durante el congreso en formato de eP\u00f3sters.<\/p>\n<p>El p\u00f3ster consiste en una \u00fanica hoja en formato PDF (m\u00e1x 40Mb), con texto e im\u00e1genes est\u00e1ticas, en las proporciones de tama\u00f1o A0 horizontal. El t\u00edtulo y los nombres de los autores, junto con el logo de la <a href=\"https:\/\/chooser-beta.creativecommons.org\/\" target=\"_blank\" rel=\"noopener\">licencia Creative Commons<\/a> elegida por los autores, deben aparecer en la parte superior del p\u00f3ster.<\/p>\n<p><strong>Puede descargar un instructivo de c\u00f3mo agregar una licencia Creative Commons a su trabajo <a href=\"http:\/\/congresos.unlp.edu.ar\/xicae2021\/wp-content\/uploads\/sites\/26\/2022\/10\/Instrucciones-licencia-CC.pdf\" target=\"_blank\" rel=\"noopener\">desde aqu\u00ed<\/a>. <\/strong>No es necesario agregar m\u00e1s informaci\u00f3n que las im\u00e1genes pertinentes a la licencia seleccionada.<\/p>\n<p>Como forma de ampliar y mejorar la divulgaci\u00f3n de los resultados presentados en los p\u00f3steres, aquellos p\u00f3steres aceptados podr\u00e1n proveer adem\u00e1s <strong>Twitter P\u00f3ster<\/strong> para exhibir junto con el archivo PDF, y a trav\u00e9s de las redes sociales del congreso. El Twitter P\u00f3ster consiste en una breve presentaci\u00f3n en formato gif animado, que explica brevemente el contenido del estudio de forma sint\u00e9tica y f\u00e1cil de comprender.<\/p>\n<p><a href=\"https:\/\/congresos.unlp.edu.ar\/xicae2021\/wp-content\/uploads\/sites\/26\/2022\/03\/Plantilla-TW-Poster.pptx\">Instrucciones y plantilla para armar el Twitter P\u00f3ster (formato PPTX)<\/a><\/p>\n<p>Los p\u00f3steres deben ser enviados a envios@xicae.net.ar antes del s\u00e1bado 15 de octubre a fin de ser incorporados a la plataforma virtual, y estar\u00e1n disponibles durante toda la semana del evento. Cada p\u00f3ster contar\u00e1 con un muro interactivo para dejar mensajes y consultas a los autores, y se dispondr\u00e1 de una Sala Virtual de encuentro para intercambiar preguntas, organizada por eje tem\u00e1tico (ver cronograma).<\/p>\n<p>Al enviar el p\u00f3ster, se solicita que el t\u00edtulo del email contenga la palabra \u201cP\u00f3ster:\u201d + \u00e1rea tem\u00e1tica + apellido del autor + inicio del t\u00edtulo. Ej: \u201cP\u00f3ster: Sistem\u00e1tica, Taxonom\u00eda y Morfolog\u00eda, L\u00f3pez, Tres nuevas especies de cole\u00f3pteros. \u201d<\/p>\n<p>En el siguiente <a href=\"https:\/\/docs.google.com\/spreadsheets\/d\/170PVICUTP8bexzN11sVCDnrgEvguPQrh\/edit?usp=sharing&amp;ouid=103764661300593690289&amp;rtpof=true&amp;sd=true\" target=\"_blank\" rel=\"noopener\">link<\/a> podr\u00e1n encontrar la lista completa de los p\u00f3steres virtuales.<\/p>\n<\/div>\n<\/div><\/div><div id=\"panel-546-0-0-1\" class=\"so-panel widget widget_sow-editor panel-last-child\" data-index=\"1\" ><div\n\t\t\t\n\t\t\tclass=\"so-widget-sow-editor so-widget-sow-editor-base\"\n\t\t\t\n\t\t>\n<div class=\"siteorigin-widget-tinymce textwidget\">\n\t<h3>Un ejemplo de Twitter P\u00f3ster (por <a href=\"http:\/\/www.twitter.com\/DimiAbrams\">Dimitri Abrahamsson<\/a>)<\/h3>\n<div style=\"width: 720px;\" class=\"wp-video\"><!--[if lt IE 9]><script>document.createElement('video');<\/script><![endif]-->\n<video class=\"wp-video-shortcode\" id=\"video-546-1\" width=\"720\" height=\"540\" preload=\"metadata\" controls=\"controls\"><source type=\"video\/mp4\" src=\"http:\/\/congresos.unlp.edu.ar\/xicae2021\/wp-content\/uploads\/sites\/26\/2022\/03\/Ej-twitter-poster.mp4?_=1\" \/><a href=\"http:\/\/congresos.unlp.edu.ar\/xicae2021\/wp-content\/uploads\/sites\/26\/2022\/03\/Ej-twitter-poster.mp4\">http:\/\/congresos.unlp.edu.ar\/xicae2021\/wp-content\/uploads\/sites\/26\/2022\/03\/Ej-twitter-poster.mp4<\/a><\/video><\/div>\n<\/div>\n<\/div><\/div><\/div><\/div><\/div>","protected":false},"excerpt":{"rendered":"<p>Todas las presentaciones seran en formato eP\u00f3ster (no se debe traer impreso el p\u00f3ster) Los trabajos aceptados ser\u00e1n presentados durante el congreso en formato de eP\u00f3sters. El p\u00f3ster consiste en una \u00fanica hoja en formato PDF (m\u00e1x 40Mb), con texto e im\u00e1genes est\u00e1ticas, en las proporciones de tama\u00f1o A0 horizontal. El t\u00edtulo y los nombres [&hellip;]<\/p>\n","protected":false},"author":59,"featured_media":0,"parent":0,"menu_order":0,"comment_status":"closed","ping_status":"closed","template":"","meta":{"advgb_blocks_editor_width":"","advgb_blocks_columns_visual_guide":"","footnotes":""},"class_list":["post-546","page","type-page","status-publish","hentry","post"],"aioseo_notices":[],"coauthors":[],"author_meta":{"author_link":"https:\/\/congresos.unlp.edu.ar\/xicae2021\/author\/mlucia\/","display_name":"mlucia"},"relative_dates":{"created":"Posted 4 a\u00f1os ago","modified":"Updated 3 a\u00f1os ago"},"absolute_dates":{"created":"Posted on 23 marzo, 2022","modified":"Updated on 17 octubre, 2022"},"absolute_dates_time":{"created":"Posted on 23 marzo, 2022 11:45 am","modified":"Updated on 17 octubre, 2022 2:52 pm"},"featured_img_caption":"","featured_img":false,"series_order":"","_links":{"self":[{"href":"https:\/\/congresos.unlp.edu.ar\/xicae2021\/wp-json\/wp\/v2\/pages\/546","targetHints":{"allow":["GET"]}}],"collection":[{"href":"https:\/\/congresos.unlp.edu.ar\/xicae2021\/wp-json\/wp\/v2\/pages"}],"about":[{"href":"https:\/\/congresos.unlp.edu.ar\/xicae2021\/wp-json\/wp\/v2\/types\/page"}],"author":[{"embeddable":true,"href":"https:\/\/congresos.unlp.edu.ar\/xicae2021\/wp-json\/wp\/v2\/users\/59"}],"replies":[{"embeddable":true,"href":"https:\/\/congresos.unlp.edu.ar\/xicae2021\/wp-json\/wp\/v2\/comments?post=546"}],"version-history":[{"count":0,"href":"https:\/\/congresos.unlp.edu.ar\/xicae2021\/wp-json\/wp\/v2\/pages\/546\/revisions"}],"wp:attachment":[{"href":"https:\/\/congresos.unlp.edu.ar\/xicae2021\/wp-json\/wp\/v2\/media?parent=546"}],"curies":[{"name":"wp","href":"https:\/\/api.w.org\/{rel}","templated":true}]}}