{"id":454,"date":"2021-11-26T17:47:39","date_gmt":"2021-11-26T20:47:39","guid":{"rendered":"https:\/\/congresos.unlp.edu.ar\/xicae2021\/?page_id=454"},"modified":"2022-10-23T16:29:24","modified_gmt":"2022-10-23T19:29:24","slug":"aranceles-y-modos-de-pago","status":"publish","type":"page","link":"https:\/\/congresos.unlp.edu.ar\/xicae2021\/aranceles-y-modos-de-pago\/","title":{"rendered":"Aranceles y modos de pago"},"content":{"rendered":"<div id=\"pl-454\"  class=\"panel-layout\" ><div id=\"pg-454-0\"  class=\"panel-grid panel-no-style\" ><div id=\"pgc-454-0-0\"  class=\"panel-grid-cell\" ><div id=\"panel-454-0-0-0\" class=\"so-panel widget widget_sow-tabs panel-first-child panel-last-child\" data-index=\"0\" ><div\n\t\t\t\n\t\t\tclass=\"so-widget-sow-tabs so-widget-sow-tabs-default-02e4508ec074-454\"\n\t\t\t\n\t\t><div class=\"sow-tabs\">\n\t<div class=\"sow-tabs-tab-container\" role=\"tablist\">\n\t\t\t<div\n\t\t\tclass=\"sow-tabs-tab\n\t\t\t sow-tabs-tab-selected\t\t\t\"\n\t\t\trole=\"tab\"\n\t\t\tdata-anchor-id=\"espanol\"\n\t\t\taria-selected=\"true\"\n\t\t\ttabindex=\"0\"\n\t\t>\n\t\t\t<div class=\"sow-tabs-title sow-tabs-title-icon-left\">\n\t\t\t\t\t\t\t\tEspa\u00f1ol\t\t\t\t\t\t\t<\/div>\n\t\t<\/div>\n\t\t\t<div\n\t\t\tclass=\"sow-tabs-tab\n\t\t\t\t\t\t\"\n\t\t\trole=\"tab\"\n\t\t\tdata-anchor-id=\"english\"\n\t\t\taria-selected=\"false\"\n\t\t\ttabindex=\"0\"\n\t\t>\n\t\t\t<div class=\"sow-tabs-title sow-tabs-title-icon-left\">\n\t\t\t\t\t\t\t\tEnglish\t\t\t\t\t\t\t<\/div>\n\t\t<\/div>\n\t\t\t<div\n\t\t\tclass=\"sow-tabs-tab\n\t\t\t\t\t\t\"\n\t\t\trole=\"tab\"\n\t\t\tdata-anchor-id=\"portuguese\"\n\t\t\taria-selected=\"false\"\n\t\t\ttabindex=\"0\"\n\t\t>\n\t\t\t<div class=\"sow-tabs-title sow-tabs-title-icon-left\">\n\t\t\t\t\t\t\t\tPortuguese\t\t\t\t\t\t\t<\/div>\n\t\t<\/div>\n\t\t<\/div>\n\n\t<div class=\"sow-tabs-panel-container\">\n\t\t\t<div class=\"sow-tabs-panel\">\n\t\t\t<div\n\t\t\t\tclass=\"sow-tabs-panel-content\"\n\t\t\t\trole=\"tabpanel\"\n\t\t\t\taria-hidden=\"false\"\n\t\t\t>\n\t\t\t\t<h3><strong>TARIFAS DE INSCRIPCI\u00d3N<\/strong><\/h3>\n<table width=\"852\">\n<tbody>\n<tr>\n<td style=\"text-align: center\" width=\"194\"><\/td>\n<td style=\"background-color: lightgray;text-align: center\" width=\"234\"><strong>1\/Dic\/2021 - 1\/May\/2022<\/strong><\/td>\n<td style=\"background-color: lightgray;text-align: center\" width=\"211\"><strong>2\/May- 15\/Ago\/2022<\/strong><\/td>\n<td style=\"background-color: lightgray;text-align: center\" width=\"213\"><strong>16\/Ago - 24\/Oct\/2022<\/strong><\/td>\n<\/tr>\n<tr>\n<td style=\"text-align: center\" width=\"194\"><\/td>\n<td style=\"background-color: lightgray;text-align: center\" width=\"234\"><strong>Socio SEA\/ No socio SEA<\/strong><\/td>\n<td style=\"background-color: lightgray;text-align: center\" width=\"211\"><strong>Socio SEA\/ No socio SEA<\/strong><\/td>\n<td style=\"background-color: lightgray;text-align: center\" width=\"213\"><strong>Socio SEA\/ No socio SEA<\/strong><\/td>\n<\/tr>\n<tr>\n<td style=\"background-color: lightgray\" width=\"194\"><strong>PRESENCIAL<\/strong><\/td>\n<td style=\"background-color: lightgray\" width=\"234\"><\/td>\n<td style=\"background-color: lightgray\" width=\"211\"><\/td>\n<td style=\"background-color: lightgray\" width=\"213\"><\/td>\n<\/tr>\n<tr>\n<td width=\"194\"><strong>Estudiante de grado<\/strong><\/td>\n<td style=\"text-align: center\" width=\"234\">$ 4.400\/ $ 5.100<\/td>\n<td style=\"text-align: center\" width=\"211\">$ 5.940\/ $ 6.940<\/td>\n<td style=\"text-align: center\" width=\"213\"><\/td>\n<\/tr>\n<tr>\n<td width=\"194\"><strong>Estudiante de postgrado<\/strong><\/td>\n<td style=\"text-align: center\" width=\"234\">$ 6.500\/ $ 8.100<\/td>\n<td style=\"text-align: center\" width=\"211\">$ 8.775\/ $ 10.775<\/td>\n<td style=\"text-align: center\" width=\"213\"><\/td>\n<\/tr>\n<tr>\n<td width=\"194\"><strong>Profesional<\/strong><\/td>\n<td style=\"text-align: center\" width=\"234\">$ 9.500\/ $ 11.100<\/td>\n<td style=\"text-align: center\" width=\"211\">$ 12.825\/$ 14.825<\/td>\n<td style=\"text-align: center\" width=\"213\"><\/td>\n<\/tr>\n<tr>\n<td width=\"194\"><strong>Profesional extranjero<\/strong><\/td>\n<td style=\"text-align: center\" width=\"234\">U$S 100\/U$S 135<\/td>\n<td style=\"text-align: center\" width=\"211\">U$S 100\/U$S 135<\/td>\n<td style=\"text-align: center\" width=\"213\"><\/td>\n<\/tr>\n<tr>\n<td width=\"194\"><strong>Estudiantes de grado y postgrado extranjeros<\/strong><\/td>\n<td style=\"text-align: center\" width=\"234\">U$S 75\/U$S 110<\/td>\n<td style=\"text-align: center\" width=\"211\">U$S 75\/U$S 110<\/td>\n<td style=\"text-align: center\" width=\"213\"><\/td>\n<\/tr>\n<tr>\n<td style=\"background-color: lightgray\" width=\"194\"><strong>ONLINE<\/strong><\/td>\n<td style=\"background-color: lightgray\" width=\"234\"><\/td>\n<td style=\"background-color: lightgray\" width=\"211\"><\/td>\n<td style=\"background-color: lightgray\" width=\"213\"><\/td>\n<\/tr>\n<tr>\n<td width=\"194\"><strong>Estudiante de grado<\/strong><\/td>\n<td style=\"text-align: center\" width=\"234\">$ 3.400\/ $ 4.100<\/td>\n<td style=\"text-align: center\" width=\"211\">$ 4.590\/ $ 5.590<\/td>\n<td style=\"text-align: center\" width=\"213\">$ 6.196\/ $ 7.196<\/td>\n<\/tr>\n<tr>\n<td width=\"194\"><strong>Estudiante de postgrado<\/strong><\/td>\n<td style=\"text-align: center\" width=\"234\">$ 4.500\/ $ 6.100<\/td>\n<td style=\"text-align: center\" width=\"211\">$ 6.075 \/$ 8.075<\/td>\n<td style=\"text-align: center\" width=\"213\">$ 8.200\/ $ 10.200<\/td>\n<\/tr>\n<tr>\n<td width=\"194\"><strong>Profesional<\/strong><\/td>\n<td style=\"text-align: center\" width=\"234\">$ 7.000 \/ $ 8.600<\/td>\n<td style=\"text-align: center\" width=\"211\">$ 9.450\/ $ 11.450<\/td>\n<td style=\"text-align: center\" width=\"213\">$ 12.757\/ $ 14.757<\/td>\n<\/tr>\n<tr>\n<td width=\"194\"><strong>Profesional extranjero<\/strong><\/td>\n<td style=\"text-align: center\" width=\"234\">U$S 100\/U$S 135<\/td>\n<td style=\"text-align: center\" width=\"211\">U$S 100\/U$S 135<\/td>\n<td style=\"text-align: center\" width=\"213\">U$S 100\/U$S 135<\/td>\n<\/tr>\n<tr>\n<td width=\"194\"><strong>Estudiantes de grado y postgrado extranjeros<\/strong><\/td>\n<td style=\"text-align: center\" width=\"234\">U$S 75\/U$S 110<\/td>\n<td style=\"text-align: center\" width=\"211\">U$S 75\/U$S 110<\/td>\n<td style=\"text-align: center\" width=\"213\">U$S 75\/U$S 110<\/td>\n<\/tr>\n<\/tbody>\n<\/table>\n<p><span style=\"color: #ff0000\">IMPORTANTE<\/span>: Recuerde descargar el comprobante para adjuntar en la planilla de inscripci\u00f3n.<\/p>\n<p><span style=\"color: #ff0000\"><strong>ATENCI\u00d3N<\/strong><\/span>: Para hacer efectiva la inscripci\u00f3n al evento, es necesario que los participantes completen la <strong>Ficha de inscripci\u00f3n<\/strong> y adjunten el comprobante de pago. Tambi\u00e9n podr\u00e1n adjuntar el o los res\u00famenes en esta instancia, o podr\u00e1n hacerlo luego.<\/p>\n<p>&nbsp;<\/p>\n<p><strong>Pol\u00edtica de reembolso<\/strong><\/p>\n<p>Las cancelaciones <strong>NO<\/strong> ser\u00e1n reembolsables, alternativamente, la inscripci\u00f3n puede ser transferida a otro participante de la misma categor\u00eda, sin cargo hasta el 25 de septiembre de 2022. La transferencia de la inscripci\u00f3n debe solicitarse por correo electr\u00f3nico con la secretaria del CAE y esta debe ser aprobada por el comit\u00e9 organizador.<\/p>\n<p>Los cambios de modalidad, de virtual a presencial fueron cancelados, desde el cierre de la inscripci\u00f3n presencial (15\/8).<\/p>\n<p>Por cualquier otra consulta contactarse con <a href=\"mailto:CAE2021.tesoreria@gmail.com\">CAE2021.tesoreria@gmail.com<\/a><\/p>\n<p>&nbsp;<\/p>\n\t\t\t<\/div>\n\t\t<\/div>\n\t\t\t<div class=\"sow-tabs-panel\">\n\t\t\t<div\n\t\t\t\tclass=\"sow-tabs-panel-content\"\n\t\t\t\trole=\"tabpanel\"\n\t\t\t\taria-hidden=\"true\"\n\t\t\t>\n\t\t\t\t<h3><strong>REGISTRATION FEES<\/strong><\/h3>\n<table width=\"852\">\n<tbody>\n<tr>\n<td style=\"text-align: center\" width=\"194\"><\/td>\n<td style=\"background-color: lightgray;text-align: center\" width=\"234\"><strong>1\/Dec\/2021 - 1\/May\/2022<\/strong><\/td>\n<td style=\"background-color: lightgray;text-align: center\" width=\"211\"><strong>2\/May- 15\/Aug\/2022<\/strong><\/td>\n<td style=\"background-color: lightgray;text-align: center\" width=\"213\"><strong>16\/Aug - 24\/Oct\/2022<\/strong><\/td>\n<\/tr>\n<tr>\n<td style=\"text-align: center\" width=\"194\"><\/td>\n<td style=\"background-color: lightgray;text-align: center\" width=\"234\"><strong>SEA member \/ Non-SEA member<\/strong><\/td>\n<td style=\"background-color: lightgray;text-align: center\" width=\"211\"><strong>SEA member \/ Non-SEA member<\/strong><\/td>\n<td style=\"background-color: lightgray;text-align: center\" width=\"213\"><strong>SEA member \/ Non-SEA member<\/strong><\/td>\n<\/tr>\n<tr>\n<td style=\"background-color: lightgray\" width=\"194\"><strong>PRESENCIAL<\/strong><\/td>\n<td style=\"background-color: lightgray\" width=\"234\"><\/td>\n<td style=\"background-color: lightgray\" width=\"211\"><\/td>\n<td style=\"background-color: lightgray\" width=\"213\"><\/td>\n<\/tr>\n<tr>\n<td width=\"194\"><strong>Grad student<\/strong><\/td>\n<td style=\"text-align: center\" width=\"234\">$ 4.400\/ $ 5.100<\/td>\n<td style=\"text-align: center\" width=\"211\">$ 5.940\/ $ 6.940<\/td>\n<td style=\"text-align: center\" width=\"213\"><\/td>\n<\/tr>\n<tr>\n<td width=\"194\"><strong>Postgrad (PhD, master) student<\/strong><\/td>\n<td style=\"text-align: center\" width=\"234\">$ 6.500\/ $ 8.100<\/td>\n<td style=\"text-align: center\" width=\"211\">$ 8.775\/ $ 10.775<\/td>\n<td style=\"text-align: center\" width=\"213\"><\/td>\n<\/tr>\n<tr>\n<td width=\"194\"><strong>Professionals - Posdocs<\/strong><\/td>\n<td style=\"text-align: center\" width=\"234\">$ 9.500\/ $ 11.100<\/td>\n<td style=\"text-align: center\" width=\"211\">$ 12.825\/$ 14.825<\/td>\n<td style=\"text-align: center\" width=\"213\"><\/td>\n<\/tr>\n<tr>\n<td width=\"194\"><strong>Non-Argentinian Professionals\u00a0<\/strong><\/td>\n<td style=\"text-align: center\" width=\"234\">U$S 100\/U$S 135<\/td>\n<td style=\"text-align: center\" width=\"211\">U$S 100\/U$S 135<\/td>\n<td style=\"text-align: center\" width=\"213\"><\/td>\n<\/tr>\n<tr>\n<td width=\"194\"><strong>Non-Argentinian Grad\/Postgrad students<\/strong><\/td>\n<td style=\"text-align: center\" width=\"234\">U$S 75\/U$S 110<\/td>\n<td style=\"text-align: center\" width=\"211\">U$S 75\/U$S 110<\/td>\n<td style=\"text-align: center\" width=\"213\"><\/td>\n<\/tr>\n<tr>\n<td style=\"background-color: lightgray\" width=\"194\"><strong>ONLINE<\/strong><\/td>\n<td style=\"background-color: lightgray\" width=\"234\"><\/td>\n<td style=\"background-color: lightgray\" width=\"211\"><\/td>\n<td style=\"background-color: lightgray\" width=\"213\"><\/td>\n<\/tr>\n<tr>\n<td width=\"194\"><strong>Grad student<\/strong><\/td>\n<td style=\"text-align: center\" width=\"234\">$ 3.400\/ $ 4.100<\/td>\n<td style=\"text-align: center\" width=\"211\">$ 4.590\/ $ 5.590<\/td>\n<td style=\"text-align: center\" width=\"213\">$ 6.196\/ $ 7.196<\/td>\n<\/tr>\n<tr>\n<td width=\"194\"><strong>Postgrad (PhD, master) student<\/strong><\/td>\n<td style=\"text-align: center\" width=\"234\">$ 4.500\/ $ 6.100<\/td>\n<td style=\"text-align: center\" width=\"211\">$ 6.075 \/$ 8.075<\/td>\n<td style=\"text-align: center\" width=\"213\">$ 8.200\/ $ 10.200<\/td>\n<\/tr>\n<tr>\n<td width=\"194\"><strong>Professionals - Posdocs<\/strong><\/td>\n<td style=\"text-align: center\" width=\"234\">$ 7.000 \/ $ 8.600<\/td>\n<td style=\"text-align: center\" width=\"211\">$ 9.450\/ $ 11.450<\/td>\n<td style=\"text-align: center\" width=\"213\">$ 12.757\/ $ 14.757<\/td>\n<\/tr>\n<tr>\n<td width=\"194\"><strong>Non-Argentinian Professionals\u00a0<\/strong><\/td>\n<td style=\"text-align: center\" width=\"234\">U$S 100\/U$S 135<\/td>\n<td style=\"text-align: center\" width=\"211\">U$S 100\/U$S 135<\/td>\n<td style=\"text-align: center\" width=\"213\">U$S 100\/U$S 135<\/td>\n<\/tr>\n<tr>\n<td width=\"194\"><strong>Non-Argentinian Grad\/Postgrad student<\/strong><\/td>\n<td style=\"text-align: center\" width=\"234\">U$S 75\/U$S 110<\/td>\n<td style=\"text-align: center\" width=\"211\">U$S 75\/U$S 110<\/td>\n<td style=\"text-align: center\" width=\"213\">U$S 75\/U$S 110<\/td>\n<\/tr>\n<\/tbody>\n<\/table>\n<p>&nbsp;<\/p>\n<p><span style=\"color: #ff0000\">IMPORTANT<\/span>: Remember to download the proof of payment to attach to the registration form.<\/p>\n<p><span style=\"color: #ff0000\"><strong>ATTENTION<\/strong><\/span>: To make the registration for the event effective, it is necessary for the participants to complete the <strong>Registration Form and to<\/strong> attach the proof of payment. Participants will have the possibility to attach the summary of the works to be presented in the same moment, or also later.<\/p>\n<div dir=\"auto\">Refund policy<\/div>\n<div dir=\"auto\"><\/div>\n<div dir=\"auto\">Cancellations are NOT refundable and the registration fee can be transferred to another participant of the same category, free of charge until September 25, 2022. The registration transfer must be requested by email to the CAE Secretary and approved by the organizing committee.<\/div>\n<div dir=\"auto\">The changes of modality, from virtual to face-to-face, were cancelled, since the closing of face-to-face registration (15\/8).<\/div>\n<div dir=\"auto\">For any other questions, contact <a href=\"mailto:CAE2021.tesoreria@gmail.com\">CAE2021.tesoreria@gmail.com<\/a><\/div>\n\t\t\t<\/div>\n\t\t<\/div>\n\t\t\t<div class=\"sow-tabs-panel\">\n\t\t\t<div\n\t\t\t\tclass=\"sow-tabs-panel-content\"\n\t\t\t\trole=\"tabpanel\"\n\t\t\t\taria-hidden=\"true\"\n\t\t\t>\n\t\t\t\t<h3><strong>TAXAS DE REGISTRO<\/strong><\/h3>\n<table style=\"margin-left: 40px\" width=\"852\">\n<tbody style=\"padding-left: 40px\">\n<tr style=\"padding-left: 40px\">\n<td style=\"text-align: center;padding-left: 40px\" width=\"194\"><\/td>\n<td style=\"background-color: lightgray;text-align: center;padding-left: 40px\" width=\"234\"><strong>1\/Dez\/2021 - 1\/Mai\/2022<\/strong><\/td>\n<td style=\"background-color: lightgray;text-align: center;padding-left: 40px\" width=\"211\"><strong>2\/Mai- 15\/Ago\/2022<\/strong><\/td>\n<td style=\"background-color: lightgray;text-align: center;padding-left: 40px\" width=\"213\"><strong>16\/Ago - 24\/Out\/2022<\/strong><\/td>\n<\/tr>\n<tr style=\"padding-left: 40px\">\n<td style=\"text-align: center;padding-left: 40px\" width=\"194\"><\/td>\n<td style=\"background-color: lightgray;text-align: center;padding-left: 40px\" width=\"234\"><strong>Membro SEA\/ No Membro SEA<\/strong><\/td>\n<td style=\"background-color: lightgray;text-align: center;padding-left: 40px\" width=\"211\"><strong>Membro SEA\/ No Membro SEA<\/strong><\/td>\n<td style=\"background-color: lightgray;text-align: center;padding-left: 40px\" width=\"213\"><strong>Membro SEA\/ No Membro SEA<\/strong><\/td>\n<\/tr>\n<tr style=\"padding-left: 40px\">\n<td style=\"background-color: lightgray;padding-left: 40px\" width=\"194\"><strong>PRESENCIAL<\/strong><\/td>\n<td style=\"background-color: lightgray;padding-left: 40px\" width=\"234\"><\/td>\n<td style=\"background-color: lightgray;padding-left: 40px\" width=\"211\"><\/td>\n<td style=\"background-color: lightgray;padding-left: 40px\" width=\"213\"><\/td>\n<\/tr>\n<tr style=\"padding-left: 40px\">\n<td style=\"padding-left: 40px\" width=\"194\"><strong>Aluno da gradua\u00e7\u00e3o<\/strong><\/td>\n<td style=\"text-align: center;padding-left: 40px\" width=\"234\">$ 4.400\/ $ 5.100<\/td>\n<td style=\"text-align: center;padding-left: 40px\" width=\"211\">$ 5.940\/ $ 6.940<\/td>\n<td style=\"text-align: center;padding-left: 40px\" width=\"213\"><\/td>\n<\/tr>\n<tr style=\"padding-left: 40px\">\n<td style=\"padding-left: 40px\" width=\"194\"><strong>Aluno da p\u00f3s-gradua\u00e7\u00e3o<\/strong><\/td>\n<td style=\"text-align: center;padding-left: 40px\" width=\"234\">$ 6.500\/ $ 8.100<\/td>\n<td style=\"text-align: center;padding-left: 40px\" width=\"211\">$ 8.775\/ $ 10.775<\/td>\n<td style=\"text-align: center;padding-left: 40px\" width=\"213\"><\/td>\n<\/tr>\n<tr style=\"padding-left: 40px\">\n<td style=\"padding-left: 40px\" width=\"194\"><strong>Profissionais<\/strong><\/td>\n<td style=\"text-align: center;padding-left: 40px\" width=\"234\">$ 9.500\/ $ 11.100<\/td>\n<td style=\"text-align: center;padding-left: 40px\" width=\"211\">$ 12.825\/$ 14.825<\/td>\n<td style=\"text-align: center;padding-left: 40px\" width=\"213\"><\/td>\n<\/tr>\n<tr style=\"padding-left: 40px\">\n<td style=\"padding-left: 40px\" width=\"194\"><strong>Profissionais estrangeiro<\/strong><\/td>\n<td style=\"text-align: center;padding-left: 40px\" width=\"234\">U$S 100\/U$S 135<\/td>\n<td style=\"text-align: center;padding-left: 40px\" width=\"211\">U$S 100\/U$S 135<\/td>\n<td style=\"text-align: center;padding-left: 40px\" width=\"213\"><\/td>\n<\/tr>\n<tr style=\"padding-left: 40px\">\n<td style=\"padding-left: 40px\" width=\"194\"><strong>Aluno da gradua\u00e7\u00e3o e p\u00f3s-gradua\u00e7\u00e3o estrangeiro<\/strong><\/td>\n<td style=\"text-align: center;padding-left: 40px\" width=\"234\">U$S 75\/U$S 110<\/td>\n<td style=\"text-align: center;padding-left: 40px\" width=\"211\">U$S 75\/U$S 110<\/td>\n<td style=\"text-align: center;padding-left: 40px\" width=\"213\"><\/td>\n<\/tr>\n<tr style=\"padding-left: 40px\">\n<td style=\"background-color: lightgray;padding-left: 40px\" width=\"194\"><strong>ONLINE<\/strong><\/td>\n<td style=\"background-color: lightgray;padding-left: 40px\" width=\"234\"><\/td>\n<td style=\"background-color: lightgray;padding-left: 40px\" width=\"211\"><\/td>\n<td style=\"background-color: lightgray;padding-left: 40px\" width=\"213\"><\/td>\n<\/tr>\n<tr style=\"padding-left: 40px\">\n<td style=\"padding-left: 40px\" width=\"194\"><strong>Aluno da gradua\u00e7\u00e3o<\/strong><\/td>\n<td style=\"text-align: center;padding-left: 40px\" width=\"234\">$ 3.400\/ $ 4.100<\/td>\n<td style=\"text-align: center;padding-left: 40px\" width=\"211\">$ 4.590\/ $ 5.590<\/td>\n<td style=\"text-align: center;padding-left: 40px\" width=\"213\">$ 6.196\/ $ 7.196<\/td>\n<\/tr>\n<tr style=\"padding-left: 40px\">\n<td style=\"padding-left: 40px\" width=\"194\"><strong>Aluno da p\u00f3s-gradua\u00e7\u00e3o<\/strong><\/td>\n<td style=\"text-align: center;padding-left: 40px\" width=\"234\">$ 4.500\/ $ 6.100<\/td>\n<td style=\"text-align: center;padding-left: 40px\" width=\"211\">$ 6.075 \/$ 8.075<\/td>\n<td style=\"text-align: center;padding-left: 40px\" width=\"213\">$ 8.200\/ $ 10.200<\/td>\n<\/tr>\n<tr style=\"padding-left: 40px\">\n<td style=\"padding-left: 40px\" width=\"194\"><strong>Profissionais<\/strong><\/td>\n<td style=\"text-align: center;padding-left: 40px\" width=\"234\">$ 7.000 \/ $ 8.600<\/td>\n<td style=\"text-align: center;padding-left: 40px\" width=\"211\">$ 9.450\/ $ 11.450<\/td>\n<td style=\"text-align: center;padding-left: 40px\" width=\"213\">$ 12.757\/ $ 14.757<\/td>\n<\/tr>\n<tr style=\"padding-left: 40px\">\n<td style=\"padding-left: 40px\" width=\"194\"><strong>Profissionais estrangeiro<\/strong><\/td>\n<td style=\"text-align: center;padding-left: 40px\" width=\"234\">U$S 100\/U$S 135<\/td>\n<td style=\"text-align: center;padding-left: 40px\" width=\"211\">U$S 100\/U$S 135<\/td>\n<td style=\"text-align: center;padding-left: 40px\" width=\"213\">U$S 100\/U$S 135<\/td>\n<\/tr>\n<tr style=\"padding-left: 40px\">\n<td style=\"padding-left: 40px\" width=\"194\"><strong>Aluno da gradua\u00e7\u00e3oc e p\u00f3s-gradua\u00e7\u00e3o estrangeiro<\/strong><\/td>\n<td style=\"text-align: center;padding-left: 40px\" width=\"234\">U$S 75\/U$S 110<\/td>\n<td style=\"text-align: center;padding-left: 40px\" width=\"211\">U$S 75\/U$S 110<\/td>\n<td style=\"text-align: center;padding-left: 40px\" width=\"213\">U$S 75\/U$S 110<\/td>\n<\/tr>\n<\/tbody>\n<\/table>\n<p>&nbsp;<\/p>\n<p><span style=\"color: #ff0000\"><strong>ATEN\u00c7\u00c3O<\/strong><\/span>: Para efetivar a inscri\u00e7\u00e3o no evento, \u00e9 necess\u00e1rio que os participantes preencham a <strong>Ficha de Inscri\u00e7\u00e3o<\/strong>, e anexem o comprovante de pagamento. O resumo dos trabalhos a serem apresentados poderan ser anexados ao mesmo tempo, ou posteriormente.<\/p>\n<p><strong>Politica de reembolso<\/strong><\/p>\n<p>Cancelamentos ou mudan\u00e7as de modalidade (presencial para virtual) <strong>n\u00e3o <\/strong>ser\u00e3o reembols\u00e1veis, em alternativa, a inscri\u00e7\u00e3o poder\u00e1 ser transferida para outro participante da mesma categoria, gratuitamente at\u00e9 25 de setembro de 2022. A transfer\u00eancia da inscri\u00e7\u00e3o dever\u00e1 ser solicitado por e-mail com o secret\u00e1rio do CAE e deve ser aprovado pela comiss\u00e3o organizadora.<\/p>\n<p>Para qualquer outra pergunta, entre em contato <a href=\"mailto:CAE2021.tesoreria@gmail.com\">CAE2021.tesoreria@gmail.com<\/a><\/p>\n\t\t\t<\/div>\n\t\t<\/div>\n\t\t<\/div>\n<\/div>\n<\/div><\/div><\/div><\/div><\/div>","protected":false},"excerpt":{"rendered":"<p>Espa\u00f1ol English Portuguese TARIFAS DE INSCRIPCI\u00d3N 1\/Dic\/2021 &#8211; 1\/May\/2022 2\/May- 15\/Ago\/2022 16\/Ago &#8211; 24\/Oct\/2022 Socio SEA\/ No socio SEA Socio SEA\/ No socio SEA Socio SEA\/ No socio SEA PRESENCIAL Estudiante de grado $ 4.400\/ $ 5.100 $ 5.940\/ $ 6.940 Estudiante de postgrado $ 6.500\/ $ 8.100 $ 8.775\/ $ 10.775 Profesional $ 9.500\/ [&hellip;]<\/p>\n","protected":false},"author":59,"featured_media":0,"parent":0,"menu_order":0,"comment_status":"closed","ping_status":"closed","template":"","meta":{"advgb_blocks_editor_width":"","advgb_blocks_columns_visual_guide":"","footnotes":""},"class_list":["post-454","page","type-page","status-publish","hentry","post"],"aioseo_notices":[],"coauthors":[],"author_meta":{"author_link":"https:\/\/congresos.unlp.edu.ar\/xicae2021\/author\/mlucia\/","display_name":"mlucia"},"relative_dates":{"created":"Posted 4 a\u00f1os ago","modified":"Updated 3 a\u00f1os ago"},"absolute_dates":{"created":"Posted on 26 noviembre, 2021","modified":"Updated on 23 octubre, 2022"},"absolute_dates_time":{"created":"Posted on 26 noviembre, 2021 5:47 pm","modified":"Updated on 23 octubre, 2022 4:29 pm"},"featured_img_caption":"","featured_img":false,"series_order":"","_links":{"self":[{"href":"https:\/\/congresos.unlp.edu.ar\/xicae2021\/wp-json\/wp\/v2\/pages\/454","targetHints":{"allow":["GET"]}}],"collection":[{"href":"https:\/\/congresos.unlp.edu.ar\/xicae2021\/wp-json\/wp\/v2\/pages"}],"about":[{"href":"https:\/\/congresos.unlp.edu.ar\/xicae2021\/wp-json\/wp\/v2\/types\/page"}],"author":[{"embeddable":true,"href":"https:\/\/congresos.unlp.edu.ar\/xicae2021\/wp-json\/wp\/v2\/users\/59"}],"replies":[{"embeddable":true,"href":"https:\/\/congresos.unlp.edu.ar\/xicae2021\/wp-json\/wp\/v2\/comments?post=454"}],"version-history":[{"count":0,"href":"https:\/\/congresos.unlp.edu.ar\/xicae2021\/wp-json\/wp\/v2\/pages\/454\/revisions"}],"wp:attachment":[{"href":"https:\/\/congresos.unlp.edu.ar\/xicae2021\/wp-json\/wp\/v2\/media?parent=454"}],"curies":[{"name":"wp","href":"https:\/\/api.w.org\/{rel}","templated":true}]}}