{"id":35,"date":"2020-08-18T14:47:21","date_gmt":"2020-08-18T17:47:21","guid":{"rendered":"http:\/\/congresos.unlp.edu.ar\/xicae2021\/?page_id=35"},"modified":"2021-12-09T17:04:11","modified_gmt":"2021-12-09T20:04:11","slug":"ejes-tematicos","status":"publish","type":"page","link":"https:\/\/congresos.unlp.edu.ar\/xicae2021\/ejes-tematicos\/","title":{"rendered":"Ejes tem\u00e1ticos"},"content":{"rendered":"<ol>\n<li>Biodiversidad, Biogeograf\u00eda y Conservaci\u00f3n<\/li>\n<li>Ecolog\u00eda<\/li>\n<li>Entomolog\u00eda Agr\u00edcola, Forestal y Urbana<\/li>\n<li>Entomolog\u00eda M\u00e9dica, Veterinaria y Forense<\/li>\n<li>Evoluci\u00f3n y\u00a0Filogenia<\/li>\n<li>Fisiolog\u00eda, Desarrollo y Comportamiento<\/li>\n<li>Gen\u00e9tica y Gen\u00f3mica<\/li>\n<li>Servicios ecosist\u00e9micos, Manejo de plagas y Patolog\u00eda de insectos<\/li>\n<li>Sistem\u00e1tica,\u00a0Taxonom\u00eda\u00a0y Morfolog\u00eda<\/li>\n<li>Mirmecolog\u00eda (RAM)<\/li>\n<li>Temas especiales (e.g., Etnoentomolog\u00eda)<\/li>\n<\/ol>\n","protected":false},"excerpt":{"rendered":"<p>Biodiversidad, Biogeograf\u00eda y Conservaci\u00f3n Ecolog\u00eda Entomolog\u00eda Agr\u00edcola, Forestal y Urbana Entomolog\u00eda M\u00e9dica, Veterinaria y Forense Evoluci\u00f3n y\u00a0Filogenia Fisiolog\u00eda, Desarrollo y Comportamiento Gen\u00e9tica y Gen\u00f3mica Servicios ecosist\u00e9micos, Manejo de plagas y Patolog\u00eda de insectos Sistem\u00e1tica,\u00a0Taxonom\u00eda\u00a0y Morfolog\u00eda Mirmecolog\u00eda (RAM) Temas especiales (e.g., Etnoentomolog\u00eda)<\/p>\n","protected":false},"author":2,"featured_media":0,"parent":0,"menu_order":0,"comment_status":"closed","ping_status":"closed","template":"","meta":{"advgb_blocks_editor_width":"","advgb_blocks_columns_visual_guide":"","footnotes":""},"class_list":["post-35","page","type-page","status-publish","hentry","post"],"aioseo_notices":[],"coauthors":[],"author_meta":{"author_link":"https:\/\/congresos.unlp.edu.ar\/xicae2021\/author\/congresos\/","display_name":"congresos"},"relative_dates":{"created":"Posted 6 a\u00f1os ago","modified":"Updated 4 a\u00f1os ago"},"absolute_dates":{"created":"Posted on 18 agosto, 2020","modified":"Updated on 9 diciembre, 2021"},"absolute_dates_time":{"created":"Posted on 18 agosto, 2020 2:47 pm","modified":"Updated on 9 diciembre, 2021 5:04 pm"},"featured_img_caption":"","featured_img":false,"series_order":"","_links":{"self":[{"href":"https:\/\/congresos.unlp.edu.ar\/xicae2021\/wp-json\/wp\/v2\/pages\/35","targetHints":{"allow":["GET"]}}],"collection":[{"href":"https:\/\/congresos.unlp.edu.ar\/xicae2021\/wp-json\/wp\/v2\/pages"}],"about":[{"href":"https:\/\/congresos.unlp.edu.ar\/xicae2021\/wp-json\/wp\/v2\/types\/page"}],"author":[{"embeddable":true,"href":"https:\/\/congresos.unlp.edu.ar\/xicae2021\/wp-json\/wp\/v2\/users\/2"}],"replies":[{"embeddable":true,"href":"https:\/\/congresos.unlp.edu.ar\/xicae2021\/wp-json\/wp\/v2\/comments?post=35"}],"version-history":[{"count":0,"href":"https:\/\/congresos.unlp.edu.ar\/xicae2021\/wp-json\/wp\/v2\/pages\/35\/revisions"}],"wp:attachment":[{"href":"https:\/\/congresos.unlp.edu.ar\/xicae2021\/wp-json\/wp\/v2\/media?parent=35"}],"curies":[{"name":"wp","href":"https:\/\/api.w.org\/{rel}","templated":true}]}}