{"id":32,"date":"2020-08-18T14:46:49","date_gmt":"2020-08-18T17:46:49","guid":{"rendered":"http:\/\/congresos.unlp.edu.ar\/xicae2021\/?page_id=32"},"modified":"2022-04-01T14:53:22","modified_gmt":"2022-04-01T17:53:22","slug":"integrantes","status":"publish","type":"page","link":"https:\/\/congresos.unlp.edu.ar\/xicae2021\/integrantes\/","title":{"rendered":"Integrantes"},"content":{"rendered":"<div id=\"pl-32\"  class=\"panel-layout\" ><div id=\"pg-32-0\"  class=\"panel-grid panel-no-style\" ><div id=\"pgc-32-0-0\"  class=\"panel-grid-cell\" ><div id=\"panel-32-0-0-0\" class=\"so-panel widget widget_sow-editor panel-first-child panel-last-child\" data-index=\"0\" ><div\n\t\t\t\n\t\t\tclass=\"so-widget-sow-editor so-widget-sow-editor-base\"\n\t\t\t\n\t\t>\n<div class=\"siteorigin-widget-tinymce textwidget\">\n\t<p style=\"text-align: center\"><strong> PRESIDENTE HONORARIO<br \/>\n<\/strong>Anal\u00eda Lanteri (MLP)<strong><br \/>\nPRESIDENTE<br \/>\n<\/strong>Pablo M. Dellap\u00e9 (MLP)<strong><br \/>\nVICEPRESIDENTE<br \/>\n<\/strong>Nancy Greco (CEPAVE)<strong><br \/>\nSECRETARIAS<br \/>\n<\/strong>Mar\u00eda Fernanda Cingolani (CEPAVE) y Margarita Rocca (CEPAVE)<strong><br \/>\nPROSECRETARIA<br \/>\n<\/strong>Nadia Salas Gervassio (CEPAVE)<strong><br \/>\nTESORERA<br \/>\n<\/strong>Mar\u00eda Cecilia Melo (MLP)<strong><br \/>\nPROTESORERA<br \/>\n<\/strong>Carla Cazorla (MLP)<strong><br \/>\nREPRESENTANTE SEA<br \/>\n<\/strong>Guillermo Cabrera Walsh (FUEDEI)<strong><br \/>\n<\/strong><\/p>\n<\/div>\n<\/div><\/div><\/div><\/div><div id=\"pg-32-1\"  class=\"panel-grid panel-no-style\" ><div id=\"pgc-32-1-0\"  class=\"panel-grid-cell\" ><div id=\"panel-32-1-0-0\" class=\"so-panel widget widget_sow-editor panel-first-child\" data-index=\"1\" ><div\n\t\t\t\n\t\t\tclass=\"so-widget-sow-editor so-widget-sow-editor-base\"\n\t\t\t\n\t\t>\n<div class=\"siteorigin-widget-tinymce textwidget\">\n\t<p style=\"padding-left: 80px\"><strong>COMISI\u00d3N CIENT\u00cdFICA<\/strong><br \/>\n<strong>Coordinadoras<\/strong><br \/>\nMar\u00eda Marta Cigliano (CEPAVE)<br \/>\ny Adriana Marvaldi (MLP)<\/p>\n<p style=\"padding-left: 80px\">Luc\u00eda Claps (INSUE)<br \/>\nGuadalupe del R\u00edo (MLP)<br \/>\nAnal\u00eda Lanteri (MLP)<br \/>\nSantiago Plischuk (CEPAVE)<br \/>\nMar\u00eda Gabriela Luna (CEPAVE)<br \/>\nMar\u00eda Victoria Micieli (CEPAVE)<br \/>\nSara Montemayor (MLP)<br \/>\nMartina E. Pocco (CEPAVE)<\/p>\n<\/div>\n<\/div><\/div><div id=\"panel-32-1-0-1\" class=\"so-panel widget widget_text panel-last-child\" data-index=\"2\" >\t\t\t<div class=\"textwidget\"><p>&nbsp;<\/p>\n<p>&nbsp;<\/p>\n<p>&nbsp;<\/p>\n<p>&nbsp;<\/p>\n<hr \/>\n<p><strong>Servicio t\u00e9cnico y organizaci\u00f3n de actividades virtuales<\/strong><\/p>\n<p>Joaqu\u00edn Cochero<\/p>\n<\/div>\n\t\t<\/div><\/div><div id=\"pgc-32-1-1\"  class=\"panel-grid-cell\" ><div id=\"panel-32-1-1-0\" class=\"so-panel widget widget_sow-editor panel-first-child panel-last-child\" data-index=\"3\" ><div\n\t\t\t\n\t\t\tclass=\"so-widget-sow-editor so-widget-sow-editor-base\"\n\t\t\t\n\t\t>\n<div class=\"siteorigin-widget-tinymce textwidget\">\n\t<p style=\"text-align: left\"><strong>COMISI\u00d3N PRENSA Y DIFUSI\u00d3N<\/strong><\/p>\n<p style=\"text-align: left\">Leopoldo \u00c1lvarez (MLP)<\/p>\n<p style=\"text-align: left\">Gimena Dellap\u00e9 (MLP)<\/p>\n<p style=\"text-align: left\">Mariano Lucia (MLP)<\/p>\n<p style=\"text-align: left\"><strong>\u00a0 \u00a0 \u00a0 \u00a0 \u00a0 \u00a0 \u00a0 \u00a0 \u00a0 \u00a0 \u00a0 \u00a0 \u00a0 \u00a0 \u00a0 \u00a0 \u00a0 \u00a0 \u00a0 \u00a0<\/strong><\/p>\n<\/div>\n<\/div><\/div><\/div><div id=\"pgc-32-1-2\"  class=\"panel-grid-cell\" ><div id=\"panel-32-1-2-0\" class=\"so-panel widget widget_sow-editor panel-first-child panel-last-child\" data-index=\"4\" ><div\n\t\t\t\n\t\t\tclass=\"so-widget-sow-editor so-widget-sow-editor-base\"\n\t\t\t\n\t\t>\n<div class=\"siteorigin-widget-tinymce textwidget\">\n\t<p><strong>COMISI\u00d3N RECEPCI\u00d3N Y ACTOS SOCIALES<\/strong><\/p>\n<p>Daniel Aquino (CEPAVE)<br \/>\nCarla Baliotte (MLP)<br \/>\nMar\u00eda Candela Barakat (CEPAVE)<br \/>\nB\u00e1rbara Defea (CEPAVE)<br \/>\nMar\u00eda Florencia D\u00edaz Lucas (CEPAVE)<br \/>\n\u00c1lvaro Foieri (MLP)<br \/>\nEugenia Minguetti (MLP)<br \/>\nLeonela Olivera (MLP)<br \/>\nCeleste Scattolini (CEPAVE)<br \/>\nConsuelo Vallina (CEPAVE)<br \/>\nPablo Varela (MLP)<\/p>\n<\/div>\n<\/div><\/div><\/div><\/div><\/div>","protected":false},"excerpt":{"rendered":"<p>PRESIDENTE HONORARIO Anal\u00eda Lanteri (MLP) PRESIDENTE Pablo M. Dellap\u00e9 (MLP) VICEPRESIDENTE Nancy Greco (CEPAVE) SECRETARIAS Mar\u00eda Fernanda Cingolani (CEPAVE) y Margarita Rocca (CEPAVE) PROSECRETARIA Nadia Salas Gervassio (CEPAVE) TESORERA Mar\u00eda Cecilia Melo (MLP) PROTESORERA Carla Cazorla (MLP) REPRESENTANTE SEA Guillermo Cabrera Walsh (FUEDEI) COMISI\u00d3N CIENT\u00cdFICA Coordinadoras Mar\u00eda Marta Cigliano (CEPAVE) y Adriana Marvaldi (MLP) Luc\u00eda [&hellip;]<\/p>\n","protected":false},"author":2,"featured_media":0,"parent":0,"menu_order":0,"comment_status":"closed","ping_status":"closed","template":"","meta":{"advgb_blocks_editor_width":"","advgb_blocks_columns_visual_guide":"","footnotes":""},"class_list":["post-32","page","type-page","status-publish","hentry","post"],"aioseo_notices":[],"coauthors":[],"author_meta":{"author_link":"https:\/\/congresos.unlp.edu.ar\/xicae2021\/author\/congresos\/","display_name":"congresos"},"relative_dates":{"created":"Posted 6 a\u00f1os ago","modified":"Updated 4 a\u00f1os ago"},"absolute_dates":{"created":"Posted on 18 agosto, 2020","modified":"Updated on 1 abril, 2022"},"absolute_dates_time":{"created":"Posted on 18 agosto, 2020 2:46 pm","modified":"Updated on 1 abril, 2022 2:53 pm"},"featured_img_caption":"","featured_img":false,"series_order":"","_links":{"self":[{"href":"https:\/\/congresos.unlp.edu.ar\/xicae2021\/wp-json\/wp\/v2\/pages\/32","targetHints":{"allow":["GET"]}}],"collection":[{"href":"https:\/\/congresos.unlp.edu.ar\/xicae2021\/wp-json\/wp\/v2\/pages"}],"about":[{"href":"https:\/\/congresos.unlp.edu.ar\/xicae2021\/wp-json\/wp\/v2\/types\/page"}],"author":[{"embeddable":true,"href":"https:\/\/congresos.unlp.edu.ar\/xicae2021\/wp-json\/wp\/v2\/users\/2"}],"replies":[{"embeddable":true,"href":"https:\/\/congresos.unlp.edu.ar\/xicae2021\/wp-json\/wp\/v2\/comments?post=32"}],"version-history":[{"count":0,"href":"https:\/\/congresos.unlp.edu.ar\/xicae2021\/wp-json\/wp\/v2\/pages\/32\/revisions"}],"wp:attachment":[{"href":"https:\/\/congresos.unlp.edu.ar\/xicae2021\/wp-json\/wp\/v2\/media?parent=32"}],"curies":[{"name":"wp","href":"https:\/\/api.w.org\/{rel}","templated":true}]}}