{"id":257,"date":"2020-09-04T18:23:28","date_gmt":"2020-09-04T21:23:28","guid":{"rendered":"http:\/\/congresos.unlp.edu.ar\/xicae2021\/?page_id=257"},"modified":"2022-09-19T14:24:53","modified_gmt":"2022-09-19T17:24:53","slug":"simposios","status":"publish","type":"page","link":"https:\/\/congresos.unlp.edu.ar\/xicae2021\/simposios\/","title":{"rendered":"Simposios"},"content":{"rendered":"<p><strong>SIMPOSIOS<\/strong><\/p>\n<p>Los simposistas podr\u00e1n exponer de manera <strong>presencial en vivo<\/strong>, o de manera <strong>virtual<\/strong> mediante una presentaci\u00f3n pre-grabada.<\/p>\n<p>Cada expositor dispondr\u00e1, como m\u00e1ximo, de 15 minutos para realizar la presentaci\u00f3n y cinco minutos para responder preguntas.<\/p>\n<p><strong>Presentaci\u00f3n presencial en vivo:<\/strong><\/p>\n<p>El expositor podr\u00e1 utilizar una presentaci\u00f3n en la pantalla principal de la sala para asistir su exposici\u00f3n. La misma deber\u00e1 estar en formato PowerPoint (.ppt o .pptx) y deber\u00e1 ser enviada al organizador del simposio antes del 15 de octubre, qui\u00e9n luego enviar\u00e1 todas las presentaciones de su simposio a <a href=\"mailto:simposios.cae@gmail.com\">simposios.cae@gmail.com<\/a><\/p>\n<p>Las preguntas las realizar\u00e1 el p\u00fablico presencial en vivo, o el p\u00fablico virtual mediante el chat dispuesto para cada simposio.<\/p>\n<p><strong>Presentaci\u00f3n virtual<\/strong><\/p>\n<p>El expositor deber\u00e1 enviar su presentaci\u00f3n grabada en video para que se reproduzca durante el tiempo asignado. La misma deber\u00e1 ser enviada al organizador del simposio antes del 15 de octubre, qui\u00e9n luego enviar\u00e1 todas las presentaciones de su simposio a <a href=\"mailto:simposios.cae@gmail.com\">simposios.cae@gmail.com<\/a><\/p>\n<p>Adicionalmente, el expositor deber\u00e1 conectarse mediante una videollamada para contestar a las preguntas en vivo del p\u00fablico. La informaci\u00f3n para participar de la videollamada ser\u00e1 provista en una fecha cercana al comienzo de la conferencia.<\/p>\n<p>El video deber\u00e1 tener las siguientes caracter\u00edsticas:<\/p>\n<ul>\n<li>Formato: MP4 o AVI, con buena calidad de sonido.<\/li>\n<li>Mostrar tanto la presentaci\u00f3n del expositor como a su persona.<\/li>\n<\/ul>\n<p><a href=\"https:\/\/congresos.unlp.edu.ar\/xicae2021\/wp-content\/uploads\/sites\/26\/2022\/09\/INSTRUCCIONES-SIMPOSIOS.pdf\" target=\"_blank\" rel=\"noopener\"><strong>Aqu\u00ed encontrar\u00e1 una gu\u00eda para la preparaci\u00f3n de su presentaci\u00f3n<\/strong><\/a><strong>.<\/strong><\/p>\n<p><span style=\"color: #ff0000\">Nota: Si requiere ayuda grabando o editando su presentaci\u00f3n, por favor cont\u00e1ctese con support@xicae.net.ar antes del 30 de septiembre.<\/span><\/p>\n<p>&nbsp;<\/p>\n<p>&nbsp;<\/p>\n<p><strong>A continuaci\u00f3n se listan los Simposios aprobados por la Comisi\u00f3n Cient\u00edfica del XI CAE y XIICLE<\/strong><\/p>\n<p>&nbsp;<\/p>\n<p><strong>BIODIVERSIDAD, BIOGEOGRAF\u00cdA Y CONSERVACI\u00d3N <\/strong><\/p>\n<ul>\n<li>El uso de artr\u00f3podos terrestres en estudios de impacto ambiental y de Conservaci\u00f3n. Sergio Roig Ju\u00f1ent (IADIZA); Germ\u00e1n Horacio Cheli (CENPAT); Rodolfo Carrara (IADIZA).<\/li>\n<li>I simposio neotropical de Thysanoptera. \u00c9lison Fabr\u00edcio Bezerra Lima (UFPI-Brasil); Mar\u00eda In\u00e9s Zamar (UNJu).<\/li>\n<li>I Simposio Argentino de Diptera (parte 1): Biodiversidad, Biogeograf\u00eda y Conservaci\u00f3n. Pablo Ricardo Mulieri (MACN); Moira Batt\u00e1n Horenstein (IMBIV).<\/li>\n<\/ul>\n<p>&nbsp;<\/p>\n<p><strong>ECOLOG\u00cdA\u00a0\u00a0 <\/strong><\/p>\n<ul>\n<li>Repensando a los insectos como holobiontes: caracterizaci\u00f3n gen\u00e9tica y funcional de asociaciones simbi\u00f3ticas entre insectos y microorganismos. M. Eugenia Brentassi (FCNyM, UNLP); Alejandro Sosa (FUEDEI).<\/li>\n<li>Ecolog\u00eda qu\u00edmica: La qu\u00edmica detr\u00e1s de las Interacciones en insectos. Alicia Lorenzo Figueiras (IBBEA-CONICET, DBBE-UBA); Sol Balbuena (IFIBYNE).<\/li>\n<li>Los vol\u00e1tiles de las plantas como mediadores de m\u00faltiples interacciones bi\u00f3ticas. Patricia C. Fern\u00e1ndez (CIHIDECAR); Jorge A. Zavala (INBA).<\/li>\n<\/ul>\n<p>&nbsp;<\/p>\n<p><strong>ENTOMOLOG\u00cdA AGR\u00cdCOLA, FORESTAL Y URBANA\u00a0\u00a0 <\/strong><\/p>\n<ul>\n<li>Ort\u00f3pteros sudamericanos: Estudios ecol\u00f3gicos, evolutivos, filogen\u00e9ticos y de manejo. Yanina Mariottini (UNICEN); Mar\u00eda Celeste Scattolini (CEPAVE).<\/li>\n<li>Situaci\u00f3n y perspectivas de la Acarolog\u00eda Agr\u00edcola en Latinoam\u00e9rica. Marisa Regonat (SENASA); Denise Navia (CENARGEN-EMBRAPA).<\/li>\n<\/ul>\n<p>&nbsp;<\/p>\n<p><strong>ENTOMOLOG\u00cdA M\u00c9DICA, VETERINARIA Y FORENSE\u00a0 <\/strong><\/p>\n<ul>\n<li>Abordaje integral del envenenamiento por lepid\u00f3pteros en Sudam\u00e9rica: aspectos ecoepidemiol\u00f3gicos, toxinol\u00f3gicos y sus posibles aplicaciones biom\u00e9dicas. Mar\u00eda Elisa Peichoto (INMET).<\/li>\n<li>\u00c1caros par\u00e1sitos y vectores, avances de su conocimiento en Latinoam\u00e9rica. Marcela Lareschi (CEPAVE); Marisa Regonat (SENASA).<\/li>\n<li>Vectores y leishmaniasis en Argentina: emergencia, re-emergencia, dispersi\u00f3n y urbanizaci\u00f3n. Oscar Daniel Salom\u00f3n (INMET\/ANLIS-Iguaz\u00fa); Mar\u00eda Soledad Santini (ANLIS-CABA).<\/li>\n<li>Red de Resistencia a Plaguicidas (RAReP): interrelaci\u00f3n entre Ciencia y Gesti\u00f3n en Salud. Mariana Manteca Acosta (CeNDIE-ANLIS).<\/li>\n<li>Entomolog\u00eda Forense: Actualizaciones en investigaci\u00f3n b\u00e1sica y presentaci\u00f3n de estudios de caso. N\u00e9stor Centeno (LEAF); Moira Batt\u00e1n Horenstein (IMBIV).<\/li>\n<li>Presente y Futuro de la Entomolog\u00eda M\u00e9dica en Argentina. Ana Laura Carbajal de la Fuente (CENDIE); Raquel Gleiser (CREAN).<\/li>\n<\/ul>\n<p>&nbsp;<\/p>\n<p><strong>FISIOLOG\u00cdA, DESARROLLO Y COMPORTAMIENTO\u00a0\u00a0\u00a0\u00a0 <\/strong><\/p>\n<ul>\n<li>Neurobiolog\u00eda de Insectos. Sheila Ons (CREG); Pablo Guerenstein (CICyTTP \/ UNER).<\/li>\n<\/ul>\n<p>&nbsp;<\/p>\n<p><strong>GEN\u00c9TICA Y GEN\u00d3MICA\u00a0\u00a0 <\/strong><\/p>\n<ul>\n<li>ARN interferente y sus aplicaciones en entomolog\u00eda. Ricardo Salvador (INTA).<\/li>\n<\/ul>\n<p>&nbsp;<\/p>\n<p><strong>SERVICIOS ECOSIST\u00c9MICOS, MANEJO DE PLAGAS Y PATOLOG\u00cdA DE INSECTOS\u00a0\u00a0\u00a0\u00a0\u00a0\u00a0\u00a0\u00a0 <\/strong><\/p>\n<ul>\n<li>Dise\u00f1o de un proyecto de control biol\u00f3gico: desde la detecci\u00f3n del problema hasta la evaluaci\u00f3n de resultados. Guillermo Cabrera Walsh (FUEDEI).<\/li>\n<li>Alternativas sustentables para el control del cole\u00f3ptero de la cama de pollo (Alphitobius diaperinus). Luis Francisco Angeli Alves (Univ. Paran\u00e1, Brasil).<\/li>\n<li>Los depredadores como controladores biol\u00f3gicos. Juan Pedro Bouvet (INTA).<\/li>\n<\/ul>\n<p>&nbsp;<\/p>\n<p><strong>SISTEM\u00c1TICA, TAXONOM\u00cdA Y MORFOLOG\u00cdA\u00a0\u00a0 <\/strong><\/p>\n<ul>\n<li>Heter\u00f3pteros (Hemiptera) Neotropicales: diversidad, filogenia, especies de importancia sanitaria y control. Mar\u00eda Cecilia Melo (FCNyM, UNLP); Mar\u00eda Fernanda Cingolani (CEPAVE); Claudia Vassena (CIPEIN).<\/li>\n<li>I Simposio Argentino de Diptera (parte 2): Sistem\u00e1tica. Pablo Ricardo Mulieri (MACN); Florentina D\u00edaz (CEPAVE).<\/li>\n<\/ul>\n<p>&nbsp;<\/p>\n<p><strong>MIRMECOLOG\u00cdA (RAM3)\u00a0\u00a0<\/strong><\/p>\n<ul>\n<li>T\u00f3picos y actualizaciones en el estudio de hormigas. Patricia Folgarait (UNQ); Roxana Josens (IFIBYNE).<\/li>\n<\/ul>\n<p>&nbsp;<\/p>\n<p><strong>TEMAS ESPECIALES\u00a0\u00a0\u00a0\u00a0\u00a0\u00a0\u00a0\u00a0\u00a0 <\/strong><\/p>\n<ul>\n<li>La ense\u00f1anza de la Entomolog\u00eda \/ Zoolog\u00eda agr\u00edcola en Argentina \u00bfQu\u00e9 profesionales queremos \/ necesitamos? Leonor Guardia (UNT); Jorge Frana (INTA).<\/li>\n<\/ul>\n<p>&nbsp;<\/p>\n<p>&nbsp;<\/p>\n<p>&nbsp;<\/p>\n","protected":false},"excerpt":{"rendered":"<p>SIMPOSIOS Los simposistas podr\u00e1n exponer de manera presencial en vivo, o de manera virtual mediante una presentaci\u00f3n pre-grabada. Cada expositor dispondr\u00e1, como m\u00e1ximo, de 15 minutos para realizar la presentaci\u00f3n y cinco minutos para responder preguntas. Presentaci\u00f3n presencial en vivo: El expositor podr\u00e1 utilizar una presentaci\u00f3n en la pantalla principal de la sala para asistir [&hellip;]<\/p>\n","protected":false},"author":2,"featured_media":0,"parent":0,"menu_order":0,"comment_status":"closed","ping_status":"closed","template":"","meta":{"advgb_blocks_editor_width":"","advgb_blocks_columns_visual_guide":"","footnotes":""},"class_list":["post-257","page","type-page","status-publish","hentry","post"],"aioseo_notices":[],"coauthors":[],"author_meta":{"author_link":"https:\/\/congresos.unlp.edu.ar\/xicae2021\/author\/congresos\/","display_name":"congresos"},"relative_dates":{"created":"Posted 6 a\u00f1os ago","modified":"Updated 4 a\u00f1os ago"},"absolute_dates":{"created":"Posted on 4 septiembre, 2020","modified":"Updated on 19 septiembre, 2022"},"absolute_dates_time":{"created":"Posted on 4 septiembre, 2020 6:23 pm","modified":"Updated on 19 septiembre, 2022 2:24 pm"},"featured_img_caption":"","featured_img":false,"series_order":"","_links":{"self":[{"href":"https:\/\/congresos.unlp.edu.ar\/xicae2021\/wp-json\/wp\/v2\/pages\/257","targetHints":{"allow":["GET"]}}],"collection":[{"href":"https:\/\/congresos.unlp.edu.ar\/xicae2021\/wp-json\/wp\/v2\/pages"}],"about":[{"href":"https:\/\/congresos.unlp.edu.ar\/xicae2021\/wp-json\/wp\/v2\/types\/page"}],"author":[{"embeddable":true,"href":"https:\/\/congresos.unlp.edu.ar\/xicae2021\/wp-json\/wp\/v2\/users\/2"}],"replies":[{"embeddable":true,"href":"https:\/\/congresos.unlp.edu.ar\/xicae2021\/wp-json\/wp\/v2\/comments?post=257"}],"version-history":[{"count":0,"href":"https:\/\/congresos.unlp.edu.ar\/xicae2021\/wp-json\/wp\/v2\/pages\/257\/revisions"}],"wp:attachment":[{"href":"https:\/\/congresos.unlp.edu.ar\/xicae2021\/wp-json\/wp\/v2\/media?parent=257"}],"curies":[{"name":"wp","href":"https:\/\/api.w.org\/{rel}","templated":true}]}}