{"id":96,"date":"2019-07-10T12:30:39","date_gmt":"2019-07-10T15:30:39","guid":{"rendered":"https:\/\/congresos.unlp.edu.ar\/viiiwnmesc\/?page_id=96"},"modified":"2021-10-19T14:52:06","modified_gmt":"2021-10-19T17:52:06","slug":"speakers","status":"publish","type":"page","link":"https:\/\/congresos.unlp.edu.ar\/wnmesc\/speakers\/","title":{"rendered":"Speakers"},"content":{"rendered":"<div id=\"pl-96\" class=\"panel-layout\">\n<div id=\"pg-96-0\" class=\"panel-grid panel-no-style\" data-style=\"{&quot;background_image_attachment&quot;:false,&quot;background_display&quot;:&quot;tile&quot;,&quot;cell_alignment&quot;:&quot;flex-start&quot;}\" data-ratio=\"1\" data-ratio-direction=\"right\">\n<div id=\"pgc-96-0-0\" class=\"panel-grid-cell panel-grid-cell-empty\" data-weight=\"0.25\"><\/div>\n<h3 id=\"pgc-96-0-1\" class=\"panel-grid-cell panel-grid-cell-empty\" data-weight=\"0.25\"><span lang=\"EN-US\">The speakers confirmed so far are:<\/span><\/h3>\n<\/div>\n<div data-weight=\"0.25\"><\/div>\n<div id=\"pg-96-0\" class=\"panel-grid panel-no-style\" data-style=\"{&quot;background_image_attachment&quot;:false,&quot;background_display&quot;:&quot;tile&quot;,&quot;cell_alignment&quot;:&quot;flex-start&quot;}\" data-ratio=\"1\" data-ratio-direction=\"right\">\n<ul>\n<li id=\"pgc-96-0-2\" class=\"panel-grid-cell panel-grid-cell-empty panel-grid-cell-mobile-last\" data-weight=\"0.25\">\n<h3><a href=\"https:\/\/congresos.unlp.edu.ar\/wnmesc\/wp-content\/uploads\/sites\/6\/2021\/10\/resumen_Kohanoff.pdf\" target=\"_blank\" rel=\"noopener\"><span style=\"color: #0000ff\">Jorge Kohanoff<\/span><\/a> &#8211; Instituto de Fusi\u00f3n Nuclear &#8220;Guillermo Velarde&#8221;, Universidad Polit\u00e9cnica de Madrid, Madrid &#8211; Spain.<\/h3>\n<\/li>\n<li class=\"panel-grid-cell panel-grid-cell-empty panel-grid-cell-mobile-last\" data-weight=\"0.25\">\n<h3><a href=\"https:\/\/congresos.unlp.edu.ar\/wnmesc\/wp-content\/uploads\/sites\/6\/2021\/09\/resumen_Menendez.pdf\" target=\"_blank\" rel=\"noopener\"><span style=\"color: #0000ff\">Eduardo Men\u00e9ndez Proupin<\/span><\/a> &#8211; Departamento de F\u00edsica Aplicada I, Escuela Polit\u00e9cnica Superior, Universidad de Sevilla, Sevilla &#8211; Spain.<\/h3>\n<\/li>\n<li class=\"panel-grid-cell panel-grid-cell-empty panel-grid-cell-mobile-last\" data-weight=\"0.25\">\n<h3><a href=\"https:\/\/congresos.unlp.edu.ar\/wnmesc\/wp-content\/uploads\/sites\/6\/2021\/09\/resumen_Lustemberg.pdf\" target=\"_blank\" rel=\"noopener\"><span style=\"color: #0000ff\">Pablo Lustemberg<\/span><\/a> &#8211; Instituto de Cat\u00e1lisis y Petroleoqu\u00edmica (ICP-CSIC), Madrid &#8211; Spain.<\/h3>\n<\/li>\n<li class=\"panel-grid-cell panel-grid-cell-empty panel-grid-cell-mobile-last\" data-weight=\"0.25\">\n<h3><a href=\"https:\/\/congresos.unlp.edu.ar\/wnmesc\/wp-content\/uploads\/sites\/6\/2021\/09\/resumen_Mombru.pdf\" target=\"_blank\" rel=\"noopener\"><span style=\"color: #0000ff\">Alvaro Mombr\u00fa<\/span><\/a> &#8211; \u00c1rea F\u00edsica. Facultad de Qu\u00edmica. Universidad de la Rep\u00fablica, Montevideo &#8211; Uruguay.<\/h3>\n<\/li>\n<li class=\"panel-grid-cell panel-grid-cell-empty panel-grid-cell-mobile-last\" data-weight=\"0.25\">\n<h3><a href=\"https:\/\/congresos.unlp.edu.ar\/wnmesc\/wp-content\/uploads\/sites\/6\/2021\/10\/resumen_Blaha.pdf\" target=\"_blank\" rel=\"noopener\"><span style=\"color: #0000ff\">Peter Blaha<\/span><\/a> &#8211; Institute of Materials Chemistry of the Vienna University of Technology, Vienna &#8211; Austria.<\/h3>\n<\/li>\n<li class=\"panel-grid-cell panel-grid-cell-empty panel-grid-cell-mobile-last\" data-weight=\"0.25\">\n<h3><a href=\"https:\/\/congresos.unlp.edu.ar\/wnmesc\/wp-content\/uploads\/sites\/6\/2021\/09\/resumen_Goni.pdf\" target=\"_blank\" rel=\"noopener\"><span style=\"color: #0000ff\">Alejandro Go\u00f1i<\/span><\/a> &#8211; Instituto de Ciencia de los Materiales de Barcelona, CSIC, Barcelona &#8211; Spain.<\/h3>\n<\/li>\n<li class=\"panel-grid-cell panel-grid-cell-empty panel-grid-cell-mobile-last\" data-weight=\"0.25\">\n<h3><a href=\"https:\/\/congresos.unlp.edu.ar\/wnmesc\/wp-content\/uploads\/sites\/6\/2021\/09\/resumen_Sofo.pdf\" target=\"_blank\" rel=\"noopener\"><span style=\"color: #0000ff\">Jorge Sofo<\/span><\/a> &#8211; Department of Physics, Department of Materials Science and Engineering, and Materials Research Institute, The Pennsylvania State University, Penn State &#8211; USA.<\/h3>\n<\/li>\n<li class=\"panel-grid-cell panel-grid-cell-empty panel-grid-cell-mobile-last\" data-weight=\"0.25\">\n<h3><a href=\"https:\/\/congresos.unlp.edu.ar\/wnmesc\/wp-content\/uploads\/sites\/6\/2021\/10\/resumen_Petrilli.pdf\" target=\"_blank\" rel=\"noopener\"><span style=\"color: #0000ff\">Helena Petrilli<\/span><\/a> &#8211; Instituto de Fisica, Universidade de S\u00e3o Paulo, S\u00e3o Paulo &#8211; Brasil.<\/h3>\n<\/li>\n<li class=\"panel-grid-cell panel-grid-cell-empty panel-grid-cell-mobile-last\" data-weight=\"0.25\">\n<h3><a href=\"https:\/\/congresos.unlp.edu.ar\/wnmesc\/wp-content\/uploads\/sites\/6\/2021\/09\/resumen_Faccio.pdf\" target=\"_blank\" rel=\"noopener\"><span style=\"color: #0000ff\">Ricardo Faccio<\/span><\/a> &#8211; \u00c1rea F\u00edsica. DETEMA. Facultad de Qu\u00edmica. Universidad de la Rep\u00fablica, Montevideo &#8211; Uruguay.<\/h3>\n<\/li>\n<li class=\"panel-grid-cell panel-grid-cell-empty panel-grid-cell-mobile-last\" data-weight=\"0.25\">\n<h3><a href=\"https:\/\/congresos.unlp.edu.ar\/wnmesc\/wp-content\/uploads\/sites\/6\/2021\/10\/resumen_Cottenier-1.pdf\" target=\"_blank\" rel=\"noopener\"><span style=\"color: #0000ff\">Stefaan Cottenier<\/span><\/a> &#8211; Center for Molecular Modeling, University of Ghent, Ghent &#8211; Belgium.<\/h3>\n<\/li>\n<li class=\"panel-grid-cell panel-grid-cell-empty panel-grid-cell-mobile-last\" data-weight=\"0.25\">\n<h3><a href=\"https:\/\/congresos.unlp.edu.ar\/wnmesc\/wp-content\/uploads\/sites\/6\/2021\/09\/resumen_Richter.pdf\" target=\"_blank\" rel=\"noopener\"><span style=\"color: #0000ff\">Manuel Richter<\/span><\/a> &#8211; Leibniz Institute for Solid State and Materials Research, Dresden &#8211; Germany.<\/h3>\n<\/li>\n<li class=\"panel-grid-cell panel-grid-cell-empty panel-grid-cell-mobile-last\" data-weight=\"0.25\">\n<h3><a href=\"https:\/\/congresos.unlp.edu.ar\/wnmesc\/wp-content\/uploads\/sites\/6\/2021\/10\/resumen_Draxl.pdf\" target=\"_blank\" rel=\"noopener\"><span style=\"color: #0000ff\">Claudia Draxl<\/span><\/a> &#8211; Humboldt-Universit\u00e4t zu Berlin, Institut f\u00fcr Physik and IRIS Adlershof, Berlin &#8211; Germany.<\/h3>\n<\/li>\n<li class=\"panel-grid-cell panel-grid-cell-empty panel-grid-cell-mobile-last\" data-weight=\"0.25\">\n<h3><a href=\"https:\/\/congresos.unlp.edu.ar\/wnmesc\/wp-content\/uploads\/sites\/6\/2021\/09\/resumen_Proetto.pdf\" target=\"_blank\" rel=\"noopener\"><span style=\"color: #0000ff\">C\u00e9sar Proetto<\/span><\/a> &#8211; Instituto Balseiro, Centro At\u00f3mico Bariloche, CNEA, Bariloche &#8211; Argentina.<\/h3>\n<\/li>\n<li class=\"panel-grid-cell panel-grid-cell-empty panel-grid-cell-mobile-last\" data-weight=\"0.25\">\n<h3><a href=\"https:\/\/congresos.unlp.edu.ar\/wnmesc\/wp-content\/uploads\/sites\/6\/2021\/09\/resumen_Juan.pdf\" target=\"_blank\" rel=\"noopener\"><span style=\"color: #0000ff\">Alfredo Juan<\/span><\/a> &#8211; Departamento de F\u00edsica, Universidad Nacional del Sur, Buenos Aires &#8211; Argentina.<\/h3>\n<\/li>\n<li class=\"panel-grid-cell panel-grid-cell-empty panel-grid-cell-mobile-last\" data-weight=\"0.25\">\n<h3><a href=\"https:\/\/congresos.unlp.edu.ar\/wnmesc\/wp-content\/uploads\/sites\/6\/2021\/10\/resumen_Scandolo.pdf\" target=\"_blank\" rel=\"noopener\"><span style=\"color: #0000ff\">Sandro Scandolo<\/span><\/a> &#8211; International Centre for Theoretical Physics &#8211; ICTP, Trieste &#8211; Italy.<\/h3>\n<\/li>\n<li class=\"panel-grid-cell panel-grid-cell-empty panel-grid-cell-mobile-last\" data-weight=\"0.25\">\n<h3><a href=\"https:\/\/congresos.unlp.edu.ar\/wnmesc\/wp-content\/uploads\/sites\/6\/2021\/09\/resumen_Ganduglia.pdf\" target=\"_blank\" rel=\"noopener\"><span style=\"color: #0000ff\">Ver\u00f3nica Ganduglia Pirovano<\/span><\/a> &#8211; Institute of Catalysis and Petroleochemistry, CSIC, Madrid &#8211; Spain.<\/h3>\n<\/li>\n<li data-weight=\"0.25\">\n<h3><a href=\"https:\/\/congresos.unlp.edu.ar\/wnmesc\/wp-content\/uploads\/sites\/6\/2021\/09\/resumen_Vildosola.pdf\" target=\"_blank\" rel=\"noopener\"><span style=\"color: #0000ff\">Ver\u00f3nica Vildosola<\/span><\/a> &#8211; Departamento de F\u00edsica de la Materia Condensada, CAC-CNEA, Instituto de Nanociencia y Nanotecnolog\u00eda, CNEA-CONICET, Buenos Aires &#8211; Argentina.<\/h3>\n<\/li>\n<\/ul>\n<div id=\"pgc-96-0-3\" class=\"panel-grid-cell panel-grid-cell-empty\" data-weight=\"0.25\"><\/div>\n<\/div>\n<\/div>\n","protected":false},"excerpt":{"rendered":"<p>The speakers confirmed so far are: Jorge Kohanoff &#8211; Instituto de Fusi\u00f3n Nuclear &#8220;Guillermo Velarde&#8221;, Universidad Polit\u00e9cnica de Madrid, Madrid &#8211; Spain. Eduardo Men\u00e9ndez Proupin &#8211; Departamento de F\u00edsica Aplicada I, Escuela Polit\u00e9cnica Superior, Universidad de Sevilla, Sevilla &#8211; Spain. Pablo Lustemberg &#8211; Instituto de Cat\u00e1lisis y Petroleoqu\u00edmica (ICP-CSIC), Madrid &#8211; Spain. Alvaro Mombr\u00fa &#8211; [&hellip;]<\/p>\n","protected":false},"author":2,"featured_media":0,"parent":0,"menu_order":0,"comment_status":"closed","ping_status":"closed","template":"","meta":{"advgb_blocks_editor_width":"","advgb_blocks_columns_visual_guide":"","footnotes":""},"class_list":["post-96","page","type-page","status-publish","hentry","post"],"aioseo_notices":[],"coauthors":[],"author_meta":{"author_link":"https:\/\/congresos.unlp.edu.ar\/wnmesc\/author\/congresos\/","display_name":"congresos"},"relative_dates":{"created":"Posted 7 a\u00f1os ago","modified":"Updated 4 a\u00f1os ago"},"absolute_dates":{"created":"Posted on 10 julio, 2019","modified":"Updated on 19 octubre, 2021"},"absolute_dates_time":{"created":"Posted on 10 julio, 2019 12:30 pm","modified":"Updated on 19 octubre, 2021 2:52 pm"},"featured_img_caption":"","featured_img":false,"series_order":"","_links":{"self":[{"href":"https:\/\/congresos.unlp.edu.ar\/wnmesc\/wp-json\/wp\/v2\/pages\/96","targetHints":{"allow":["GET"]}}],"collection":[{"href":"https:\/\/congresos.unlp.edu.ar\/wnmesc\/wp-json\/wp\/v2\/pages"}],"about":[{"href":"https:\/\/congresos.unlp.edu.ar\/wnmesc\/wp-json\/wp\/v2\/types\/page"}],"author":[{"embeddable":true,"href":"https:\/\/congresos.unlp.edu.ar\/wnmesc\/wp-json\/wp\/v2\/users\/2"}],"replies":[{"embeddable":true,"href":"https:\/\/congresos.unlp.edu.ar\/wnmesc\/wp-json\/wp\/v2\/comments?post=96"}],"version-history":[{"count":0,"href":"https:\/\/congresos.unlp.edu.ar\/wnmesc\/wp-json\/wp\/v2\/pages\/96\/revisions"}],"wp:attachment":[{"href":"https:\/\/congresos.unlp.edu.ar\/wnmesc\/wp-json\/wp\/v2\/media?parent=96"}],"curies":[{"name":"wp","href":"https:\/\/api.w.org\/{rel}","templated":true}]}}