{"id":37,"date":"2019-07-03T07:18:56","date_gmt":"2019-07-03T10:18:56","guid":{"rendered":"https:\/\/congresos.unlp.edu.ar\/viiiwnmesc\/?page_id=37"},"modified":"2021-11-12T09:00:34","modified_gmt":"2021-11-12T12:00:34","slug":"program","status":"publish","type":"page","link":"https:\/\/congresos.unlp.edu.ar\/wnmesc\/program\/","title":{"rendered":"Program"},"content":{"rendered":"<table class=\"egt\" style=\"height: 100px\" border=\"2\" width=\"100%\">\n<tbody>\n<tr>\n<td><\/td>\n<th style=\"text-align: center\" bgcolor=\"black\" height=\"40\"><span style=\"color: white\"><b>Wednesday 10<\/b><\/span><\/th>\n<th style=\"text-align: center\" bgcolor=\"black\"><span style=\"color: white\">Friday 12<\/span><\/th>\n<th style=\"text-align: center\" bgcolor=\"black\"><span style=\"color: white\">Wednesday 17<\/span><\/th>\n<th style=\"text-align: center\" bgcolor=\"black\"><span style=\"color: white\">Friday 19<\/span><\/th>\n<\/tr>\n<tr>\n<td bgcolor=\"black\" height=\"40\"><span style=\"color: white\"> 09:00 <\/span><\/td>\n<td style=\"text-align: center\" bgcolor=\"#f48fb1\"><span style=\"color: #000000\"><strong>Opening talk (9:45)<\/strong><\/span><\/td>\n<td style=\"text-align: center\" bgcolor=\"#78ff49\"><strong><a href=\"https:\/\/congresos.unlp.edu.ar\/wnmesc\/wp-content\/uploads\/sites\/6\/2021\/11\/resumen_Kohanoff.pdf\" target=\"_blank\" rel=\"noopener\"><span style=\"color: #000000\">Jorge Kohanoff<\/span><\/a><\/strong><\/td>\n<td style=\"text-align: center\" bgcolor=\"#f48fb1\"><strong><a href=\"https:\/\/congresos.unlp.edu.ar\/wnmesc\/wp-content\/uploads\/sites\/6\/2021\/10\/resumen_Draxl.pdf\" target=\"_blank\" rel=\"noopener\"><span style=\"color: #000000\">Claudia Draxl<\/span><\/a><\/strong><\/td>\n<td style=\"text-align: center\" bgcolor=\"#78ff49\"><strong><a href=\"https:\/\/congresos.unlp.edu.ar\/wnmesc\/wp-content\/uploads\/sites\/6\/2021\/10\/resumen_Petrilli.pdf\" target=\"_blank\" rel=\"noopener\"><span style=\"color: #000000\">Helena Petrilli<\/span><\/a><\/strong><\/td>\n<\/tr>\n<tr>\n<td bgcolor=\"black\" height=\"40\"><span style=\"color: white\"> 10:00 <\/span><\/td>\n<td style=\"text-align: center\" bgcolor=\"#f48fb1\"><strong><a href=\"https:\/\/congresos.unlp.edu.ar\/wnmesc\/wp-content\/uploads\/sites\/6\/2021\/09\/resumen_Menendez.pdf\" target=\"_blank\" rel=\"noopener\"><span style=\"color: #000000\">Eduardo Men\u00e9ndez Proupin<\/span><\/a><\/strong><\/td>\n<td style=\"text-align: center\" bgcolor=\"#78ff49\"><strong><a href=\"https:\/\/congresos.unlp.edu.ar\/wnmesc\/wp-content\/uploads\/sites\/6\/2021\/10\/resumen_Blaha.pdf\" target=\"_blank\" rel=\"noopener\"><span style=\"color: #000000\">Peter Blaha<\/span><\/a><\/strong><\/td>\n<td style=\"text-align: center\" bgcolor=\"#f48fb1\"><strong><a href=\"https:\/\/congresos.unlp.edu.ar\/wnmesc\/wp-content\/uploads\/sites\/6\/2021\/09\/resumen_Richter.pdf\" target=\"_blank\" rel=\"noopener\"><span style=\"color: #000000\">Manuel Richter<\/span><\/a><\/strong><\/td>\n<td style=\"text-align: center\" bgcolor=\"#78ff49\"><strong><a href=\"https:\/\/congresos.unlp.edu.ar\/wnmesc\/wp-content\/uploads\/sites\/6\/2021\/10\/resumen_Scandolo.pdf\" target=\"_blank\" rel=\"noopener\"><span style=\"color: #000000\">Sandro Scandolo<\/span><\/a><\/strong><\/td>\n<\/tr>\n<tr>\n<td bgcolor=\"black\" height=\"40\"><span style=\"color: white\"> 11:00 <\/span><\/td>\n<td style=\"text-align: center\" bgcolor=\"#f48fb1\"><strong><a href=\"https:\/\/congresos.unlp.edu.ar\/wnmesc\/wp-content\/uploads\/sites\/6\/2021\/10\/resumen_Cottenier-1.pdf\" target=\"_blank\" rel=\"noopener\"><span style=\"color: #000000\">Stefaan Cottenier<\/span><\/a><\/strong><\/td>\n<td style=\"text-align: center\" bgcolor=\"#78ff49\"><strong><a href=\"https:\/\/congresos.unlp.edu.ar\/wnmesc\/wp-content\/uploads\/sites\/6\/2021\/09\/resumen_Goni.pdf\" target=\"_blank\" rel=\"noopener\"><span style=\"color: #000000\">Alejandro Go\u00f1i<\/span><\/a><\/strong><\/td>\n<td style=\"text-align: center\" bgcolor=\"#74ffe8\"><a href=\"https:\/\/congresos.unlp.edu.ar\/wnmesc\/posters\/\"><strong>Posters session<\/strong><\/a><\/td>\n<td style=\"text-align: center\" bgcolor=\"#78ff49\"><strong><a href=\"https:\/\/congresos.unlp.edu.ar\/wnmesc\/wp-content\/uploads\/sites\/6\/2021\/09\/resumen_Ganduglia.pdf\" target=\"_blank\" rel=\"noopener\"><span style=\"color: #000000\">Ver\u00f3nica Ganduglia Pirovano<\/span><\/a><\/strong><\/td>\n<\/tr>\n<tr>\n<td bgcolor=\"black\" height=\"20\"><span style=\"color: white\"> 13:00 <\/span><\/td>\n<td style=\"text-align: center;vertical-align: middle\" colspan=\"4\" rowspan=\"1\" align=\"center\" bgcolor=\"yellow\"><strong><span style=\"color: #000000\">B R E A K<\/span><\/strong><\/td>\n<\/tr>\n<tr>\n<td bgcolor=\"black\" height=\"40\"><span style=\"color: white\"> 14:00 <\/span><\/td>\n<td style=\"text-align: center\" bgcolor=\"#f48fb1\"><strong><a href=\"https:\/\/congresos.unlp.edu.ar\/wnmesc\/wp-content\/uploads\/sites\/6\/2021\/09\/resumen_Proetto.pdf\" target=\"_blank\" rel=\"noopener\"><span style=\"color: #000000\">C\u00e9sar Proetto<\/span><\/a><\/strong><\/td>\n<td style=\"text-align: center\" bgcolor=\"#78ff49\"><strong><a href=\"https:\/\/congresos.unlp.edu.ar\/wnmesc\/wp-content\/uploads\/sites\/6\/2021\/09\/resumen_Faccio.pdf\" target=\"_blank\" rel=\"noopener\"><span style=\"color: #000000\">Ricardo Faccio<\/span><\/a><\/strong><\/td>\n<td style=\"text-align: center\" bgcolor=\"#f48fb1\"><strong><a href=\"https:\/\/congresos.unlp.edu.ar\/wnmesc\/wp-content\/uploads\/sites\/6\/2021\/09\/resumen_Lustemberg.pdf\" target=\"_blank\" rel=\"noopener\"><span style=\"color: #000000\">Pablo Lustemberg<\/span><\/a><\/strong><\/td>\n<td style=\"text-align: center\" bgcolor=\"#78ff49\"><strong><a href=\"https:\/\/congresos.unlp.edu.ar\/wnmesc\/wp-content\/uploads\/sites\/6\/2021\/09\/resumen_Vildosola.pdf\" target=\"_blank\" rel=\"noopener\"><span style=\"color: #000000\">Ver\u00f3nica Vildosola<\/span><\/a><\/strong><\/td>\n<\/tr>\n<tr>\n<td bgcolor=\"black\" height=\"40\"><span style=\"color: white\"> 15:00 <\/span><\/td>\n<td style=\"text-align: center\" bgcolor=\"#f48fb1\"><strong><a href=\"https:\/\/congresos.unlp.edu.ar\/wnmesc\/wp-content\/uploads\/sites\/6\/2021\/09\/resumen_Mombru.pdf\" target=\"_blank\" rel=\"noopener\"><span style=\"color: #000000\">\u00c1lvaro Mombr\u00fa<\/span><\/a><\/strong><\/td>\n<td style=\"text-align: center\" bgcolor=\"#78ff49\"><strong><a href=\"https:\/\/congresos.unlp.edu.ar\/wnmesc\/wp-content\/uploads\/sites\/6\/2021\/09\/resumen_Sofo.pdf\" target=\"_blank\" rel=\"noopener\"><span style=\"color: #000000\">Jorge Sofo<\/span><\/a><\/strong><\/td>\n<td style=\"text-align: center\" bgcolor=\"#f48fb1\"><strong><a href=\"https:\/\/congresos.unlp.edu.ar\/wnmesc\/wp-content\/uploads\/sites\/6\/2021\/09\/resumen_Juan.pdf\" target=\"_blank\" rel=\"noopener\"><span style=\"color: #000000\">Alfredo Juan<\/span><\/a><\/strong><\/td>\n<td style=\"text-align: center\" bgcolor=\"#78ff49\"><strong><span style=\"color: #000000\">&#8230;<\/span><\/strong><\/td>\n<\/tr>\n<tr>\n<td bgcolor=\"black\" height=\"40\"><span style=\"color: white\"> 16:00 <\/span><\/td>\n<td style=\"text-align: center\" bgcolor=\"#f48fb1\"><span style=\"color: #000000\">&#8230;<\/span><\/td>\n<td style=\"text-align: center\" bgcolor=\"#78ff49\"><span style=\"color: #000000\">&#8230;<\/span><\/td>\n<td style=\"text-align: center\" bgcolor=\"#f48fb1\">&#8230;<\/td>\n<td style=\"text-align: center\" bgcolor=\"#78ff49\"><span style=\"color: #000000\">&#8230;<\/span><\/td>\n<\/tr>\n<\/tbody>\n<\/table>\n<h3><span style=\"color: #ff0000\">The full abstract book can be downloaded <a href=\"https:\/\/congresos.unlp.edu.ar\/wnmesc\/wp-content\/uploads\/sites\/6\/2021\/11\/WorkshopBook2021.pdf\" target=\"_blank\" rel=\"noopener\">here<\/a><\/span><\/h3>\n<h3><\/h3>\n","protected":false},"excerpt":{"rendered":"<p>Wednesday 10 Friday 12 Wednesday 17 Friday 19 09:00 Opening talk (9:45) Jorge Kohanoff Claudia Draxl Helena Petrilli 10:00 Eduardo Men\u00e9ndez Proupin Peter Blaha Manuel Richter Sandro Scandolo 11:00 Stefaan Cottenier Alejandro Go\u00f1i Posters session Ver\u00f3nica Ganduglia Pirovano 13:00 B R E A K 14:00 C\u00e9sar Proetto Ricardo Faccio Pablo Lustemberg Ver\u00f3nica Vildosola 15:00 \u00c1lvaro [&hellip;]<\/p>\n","protected":false},"author":10,"featured_media":0,"parent":0,"menu_order":0,"comment_status":"closed","ping_status":"closed","template":"","meta":{"advgb_blocks_editor_width":"","advgb_blocks_columns_visual_guide":"","footnotes":""},"class_list":["post-37","page","type-page","status-publish","hentry","post"],"aioseo_notices":[],"coauthors":[],"author_meta":{"author_link":"https:\/\/congresos.unlp.edu.ar\/wnmesc\/author\/arlesv\/","display_name":"arlesv"},"relative_dates":{"created":"Posted 7 a\u00f1os ago","modified":"Updated 4 a\u00f1os ago"},"absolute_dates":{"created":"Posted on 3 julio, 2019","modified":"Updated on 12 noviembre, 2021"},"absolute_dates_time":{"created":"Posted on 3 julio, 2019 7:18 am","modified":"Updated on 12 noviembre, 2021 9:00 am"},"featured_img_caption":"","featured_img":false,"series_order":"","_links":{"self":[{"href":"https:\/\/congresos.unlp.edu.ar\/wnmesc\/wp-json\/wp\/v2\/pages\/37","targetHints":{"allow":["GET"]}}],"collection":[{"href":"https:\/\/congresos.unlp.edu.ar\/wnmesc\/wp-json\/wp\/v2\/pages"}],"about":[{"href":"https:\/\/congresos.unlp.edu.ar\/wnmesc\/wp-json\/wp\/v2\/types\/page"}],"author":[{"embeddable":true,"href":"https:\/\/congresos.unlp.edu.ar\/wnmesc\/wp-json\/wp\/v2\/users\/10"}],"replies":[{"embeddable":true,"href":"https:\/\/congresos.unlp.edu.ar\/wnmesc\/wp-json\/wp\/v2\/comments?post=37"}],"version-history":[{"count":0,"href":"https:\/\/congresos.unlp.edu.ar\/wnmesc\/wp-json\/wp\/v2\/pages\/37\/revisions"}],"wp:attachment":[{"href":"https:\/\/congresos.unlp.edu.ar\/wnmesc\/wp-json\/wp\/v2\/media?parent=37"}],"curies":[{"name":"wp","href":"https:\/\/api.w.org\/{rel}","templated":true}]}}