{"id":7,"date":"2019-10-09T14:39:17","date_gmt":"2019-10-09T17:39:17","guid":{"rendered":"http:\/\/congresos.unlp.edu.ar\/wccb\/?page_id=7"},"modified":"2020-02-18T09:09:10","modified_gmt":"2020-02-18T12:09:10","slug":"inicio","status":"publish","type":"page","link":"https:\/\/congresos.unlp.edu.ar\/wccb\/","title":{"rendered":"Inicio"},"content":{"rendered":"<div id=\"pl-7\"  class=\"panel-layout\" ><div id=\"pg-7-0\"  class=\"panel-grid panel-no-style\" ><div id=\"pgc-7-0-0\"  class=\"panel-grid-cell\" ><div id=\"panel-7-0-0-0\" class=\"so-panel widget widget_sow-image panel-first-child panel-last-child\" data-index=\"0\" ><div\n\t\t\t\n\t\t\tclass=\"so-widget-sow-image so-widget-sow-image-default-8b5b6f678277-7\"\n\t\t\t\n\t\t><\/div><\/div><\/div><\/div><div id=\"pg-7-1\"  class=\"panel-grid panel-no-style\" ><div id=\"pgc-7-1-0\"  class=\"panel-grid-cell\" ><div id=\"panel-7-1-0-0\" class=\"so-panel widget widget_circleicon-widget panel-first-child panel-last-child\" data-index=\"1\" >\t\t<div class=\"circle-icon-box circle-icon-position-top circle-icon-hide-box circle-icon-size-small \">\n\t\t\t\t\t\t\t<div class=\"circle-icon-wrapper\">\n\t\t\t\t\t\t\t\t\t\t<div class=\"circle-icon\" >\n\t\t\t\t\t\t\t\t\t\t\t\t\t<div\n\t\t\t\t\t\t\t\tclass=\"fa fa-calendar\"\n\t\t\t\t\t\t\t\t\t\t\t\t\t\t\t><\/div>\n\t\t\t\t\t\t\t\t\t\t\t<\/div>\n\t\t\t\t\t\t\t\t\t<\/div>\n\t\t\t\n\t\t\t\t\t\t\t\t\t\t<h4 >\n\t\t\t\t\t9 al 13 de marzo 2020\t\t\t\t<\/h4>\n\t\t\t\t\t\t\n\t\t\t\t\t\t\t\t\t\t<a\n\t\t\t\t\thref=\"https:\/\/congresos.unlp.edu.ar\/wccb\/#contenidos\"\n\t\t\t\t\tclass=\"more-button\"\n\t\t\t\t\t\t\t\t\t>\n\t\t\t\t\tVer contenidos\t\t\t\t\t<i><\/i>\n\t\t\t\t<\/a>\n\t\t\t\t\t<\/div>\n\t\t<\/div><\/div><div id=\"pgc-7-1-1\"  class=\"panel-grid-cell\" ><div id=\"panel-7-1-1-0\" class=\"so-panel widget widget_circleicon-widget panel-first-child panel-last-child\" data-index=\"2\" >\t\t<div class=\"circle-icon-box circle-icon-position-top circle-icon-hide-box circle-icon-size-small \">\n\t\t\t\t\t\t\t<div class=\"circle-icon-wrapper\">\n\t\t\t\t\t\t\t\t\t\t<div class=\"circle-icon\" >\n\t\t\t\t\t\t\t\t\t\t\t\t\t<div\n\t\t\t\t\t\t\t\tclass=\"fa fa-building\"\n\t\t\t\t\t\t\t\t\t\t\t\t\t\t\t><\/div>\n\t\t\t\t\t\t\t\t\t\t\t<\/div>\n\t\t\t\t\t\t\t\t\t<\/div>\n\t\t\t\n\t\t\t\t\t\t\t\t\t\t<h4 >\n\t\t\t\t\tMuseo de Ciencias Naturales de La Plata\t\t\t\t<\/h4>\n\t\t\t\t\t\t\n\t\t\t\t\t\t\t\t\t\t<a\n\t\t\t\t\thref=\"https:\/\/g.page\/MuseoLP?share\"\n\t\t\t\t\tclass=\"more-button\"\n\t\t\t\t\t\t\t\t\t>\n\t\t\t\t\tVer mapa\t\t\t\t\t<i><\/i>\n\t\t\t\t<\/a>\n\t\t\t\t\t<\/div>\n\t\t<\/div><\/div><div id=\"pgc-7-1-2\"  class=\"panel-grid-cell\" ><div id=\"panel-7-1-2-0\" class=\"so-panel widget widget_circleicon-widget panel-first-child panel-last-child\" data-index=\"3\" >\t\t<div class=\"circle-icon-box circle-icon-position-top circle-icon-hide-box circle-icon-size-small \">\n\t\t\t\t\t\t\t<div class=\"circle-icon-wrapper\">\n\t\t\t\t\t\t\t\t\t\t<a href=\"http:\/\/congresos.unlp.edu.ar\/wccb\/wp-content\/uploads\/sites\/13\/2020\/02\/Lista-selecci\u00f3n.docx.pdf\" class=\"link-icon\" target=\"_blank\">\t\t\t\t\t<div class=\"circle-icon\" >\n\t\t\t\t\t\t\t\t\t\t\t\t\t<div\n\t\t\t\t\t\t\t\tclass=\"fa fa-upload\"\n\t\t\t\t\t\t\t\t\t\t\t\t\t\t\t><\/div>\n\t\t\t\t\t\t\t\t\t\t\t<\/div>\n\t\t\t\t\t<\/a>\t\t\t\t<\/div>\n\t\t\t\n\t\t\t\t\t\t\t<a\n\t\t\t\t\thref=\"http:\/\/congresos.unlp.edu.ar\/wccb\/wp-content\/uploads\/sites\/13\/2020\/02\/Lista-selecci\u00f3n.docx.pdf\"\n\t\t\t\t\tclass=\"link-title\" target=&quot;_blank&quot;\t\t\t\t>\n\t\t\t\t\t\t\t\t\t\t<h4 >\n\t\t\t\t\tParticipantes\t\t\t\t<\/h4>\n\t\t\t\t\t\t\t\t\t\t<\/a>\n\t\t\t\n\t\t\t\t\t\t\t<p class=\"text\" >\n\t\t\t\tListado de participantes\t\t\t<\/p>\n\t\t\t\t\t\t\t\t\t\t<a\n\t\t\t\t\thref=\"http:\/\/congresos.unlp.edu.ar\/wccb\/wp-content\/uploads\/sites\/13\/2020\/02\/Lista-selecci\u00f3n.docx.pdf\"\n\t\t\t\t\tclass=\"more-button\"\n\t\t\t\t\ttarget=&quot;_blank&quot;\t\t\t\t>\n\t\t\t\t\tVer listado\t\t\t\t\t<i><\/i>\n\t\t\t\t<\/a>\n\t\t\t\t\t<\/div>\n\t\t<\/div><\/div><\/div><div id=\"pg-7-2\"  class=\"panel-grid panel-has-style\" ><div class=\"wide-grey panel-row-style panel-row-style-for-7-2\" ><div id=\"pgc-7-2-0\"  class=\"panel-grid-cell\" ><div id=\"panel-7-2-0-0\" class=\"so-panel widget widget_headline-widget panel-first-child\" data-index=\"4\" >\t\t<h1>Destinatarios y objetivos<\/h1>\n\t\t<div class=\"decoration\"><div class=\"decoration-inside\"><\/div><\/div>\n\t\t<h3><\/h3>\n\t\t<\/div><div id=\"panel-7-2-0-1\" class=\"so-panel widget widget_text\" data-index=\"5\" >\t\t\t<div class=\"textwidget\"><p><span style=\"font-weight: 400\">El workshop est\u00e1 destinado a bi\u00f3logos o profesiones afines, l\u00edderes comunitarios, representantes de academia, de instituciones, de organizaciones o de programas de cooperaci\u00f3n ciudadana, relacionados a alg\u00fan proyecto de <\/span><b>ciencia ciudadana o participativa<\/b><span style=\"font-weight: 400\"> en<\/span><b> tem\u00e1ticas de biodiversidad<\/b><span style=\"font-weight: 400\"> en alg\u00fan territorio o comunidad.<\/span><\/p>\n<\/div>\n\t\t<\/div><div id=\"panel-7-2-0-2\" class=\"so-panel widget widget_text panel-last-child\" data-index=\"6\" >\t\t\t<div class=\"textwidget\"><p><b>El objetivo general del workshop <\/b><span style=\"font-weight: 400\">es fortalecer iniciativas de monitoreo participativo de biodiversidad a partir de bases conceptuales, herramientas metodol\u00f3gicas, tecnol\u00f3gicas y el intercambio de experiencias, que \u200bpermitan \u200bexpandir \u200bsu \u200bimpacto \u200bpositivo.<\/span><\/p>\n<\/div>\n\t\t<\/div><\/div><\/div><\/div><div id=\"pg-7-3\"  class=\"panel-grid panel-has-style\" ><div id=\"contenidos\" class=\"panel-row-style panel-row-style-for-7-3\" ><div id=\"pgc-7-3-0\"  class=\"panel-grid-cell\" ><div id=\"panel-7-3-0-0\" class=\"so-panel widget widget_headline-widget panel-first-child\" data-index=\"7\" >\t\t<h1>Contenidos<\/h1>\n\t\t<div class=\"decoration\"><div class=\"decoration-inside\"><\/div><\/div>\n\t\t<h3><\/h3>\n\t\t<\/div><div id=\"panel-7-3-0-1\" class=\"so-panel widget widget_text panel-last-child\" data-index=\"8\" >\t\t\t<div class=\"textwidget\"><p>El programa definitivo del evento se publicar\u00e1 cercanamente a la fecha.<\/p>\n<p><span style=\"font-weight: 400\">Brevemente, el workshop consistir\u00e1 de cuatro unidades de trabajo.<\/span><\/p>\n<p><b>1: Generalidades y definiciones en la ciencia ciudadana\u00a0<\/b><\/p>\n<p><b>2: Dise\u00f1o y caracter\u00edsticas de proyectos de ciencia ciudadana<\/b><\/p>\n<p><b>3: Calidad de datos, buenas pr\u00e1cticas y vinculaci\u00f3n con bases de datos centralizadas<\/b><\/p>\n<p><b>4: Continuidad de los proyectos<\/b><\/p>\n<p><span style=\"font-weight: 400\">El programa resumido del workshop puede verse desde aqu\u00ed.<\/span><span style=\"font-weight: 400\"> El programa detallado se dispondr\u00e1 en el sitio web del workshop.<\/span><\/p>\n<p><span style=\"font-weight: 400\">El formato del encuentro ser\u00e1 con una modalidad de taller, con actividades l\u00fadicas \u200bde \u200bdiagn\u00f3stico y \u200bco-creaci\u00f3n \u200bcolectivas.<\/span><\/p>\n<\/div>\n\t\t<\/div><\/div><\/div><\/div><div id=\"pg-7-4\"  class=\"panel-grid panel-has-style\" ><div class=\"wide-grey panel-row-style panel-row-style-for-7-4\" ><div id=\"pgc-7-4-0\"  class=\"panel-grid-cell\" ><div id=\"panel-7-4-0-0\" class=\"so-panel widget widget_headline-widget panel-first-child\" data-index=\"9\" >\t\t<h1>Inscripci\u00f3n y selecci\u00f3n de participantes<\/h1>\n\t\t<div class=\"decoration\"><div class=\"decoration-inside\"><\/div><\/div>\n\t\t<h3><\/h3>\n\t\t<\/div><div id=\"panel-7-4-0-1\" class=\"so-panel widget widget_text\" data-index=\"10\" ><h3 class=\"widget-title\">Cupos y Becas<\/h3>\t\t\t<div class=\"textwidget\"><p><span style=\"font-weight: 400\">El cupo m\u00e1ximo del curso es de 30 personas.<\/span><\/p>\n<p><span style=\"font-weight: 400\">Habr\u00e1 disponibilidad de <\/span><b>20 becas<\/b><span style=\"font-weight: 400\"> para la compra de pasajes (en colectivo, ida y vuelta) y para vi\u00e1ticos diarios de los participantes. Los montos ser\u00e1n fijos y depender\u00e1n de la ciudad de origen del participante seleccionado, no necesariamente cubriendo todos los costos requeridos por el participante para la realizaci\u00f3n del curso.\u00a0<\/span><\/p>\n<p><i><span style=\"font-weight: 400\">Se proveer\u00e1 de una lista de posibles alojamientos en la ciudad como referencia, aunque las becas NO contemplar\u00e1n el alojamiento, y el mismo debe ser reservado por cada participante.<\/span><\/i><\/p>\n<\/div>\n\t\t<\/div><div id=\"panel-7-4-0-2\" class=\"so-panel widget widget_text panel-last-child\" data-index=\"11\" >\t\t\t<div class=\"textwidget\"><p><span style=\"font-weight: 400\">Los interesados en realizar el workshop deben completar el <\/span><a href=\"https:\/\/forms.gle\/AkPcGPhcHyHoxRiL8\"><span style=\"font-weight: 400\">formulario de inscripci\u00f3n<\/span><\/a><span style=\"font-weight: 400\">.<\/span><\/p>\n<p><span style=\"font-weight: 400\">De los postulantes, el grupo coordinador seleccionar\u00e1 a los que podr\u00e1n participar del workshop y a aquellos que se les adjudicar\u00e1 una beca para su realizaci\u00f3n. Los participantes seleccionados deber\u00e1n confirmar su participaci\u00f3n o ser\u00e1n dados de baja y se proseguir\u00e1 con el orden de m\u00e9ritos.<\/span><\/p>\n<p><span style=\"font-weight: 400\">Los criterios de selecci\u00f3n se basar\u00e1n en la compatibilidad del perfil del participante en tem\u00e1ticas relacionadas a la ciencia ciudadana en biodiversidad, a su participaci\u00f3n en proyectos de la tem\u00e1tica y a su perfil espec\u00edfico dentro de los proyectos. Se dar\u00e1 prioridad a personas que ya est\u00e9n participando (o hayan participado) activamente de un proyecto de ciencia ciudadana o participativa.\u00a0<\/span><\/p>\n<\/div>\n\t\t<\/div><\/div><\/div><\/div><div id=\"pg-7-5\"  class=\"panel-grid panel-has-style\" ><div class=\"wide-grey panel-row-style panel-row-style-for-7-5\" ><div id=\"pgc-7-5-0\"  class=\"panel-grid-cell\" ><div id=\"panel-7-5-0-0\" class=\"so-panel widget widget_headline-widget panel-first-child\" data-index=\"12\" >\t\t<h1>Fechas importantes<\/h1>\n\t\t<div class=\"decoration\"><div class=\"decoration-inside\"><\/div><\/div>\n\t\t<h3><\/h3>\n\t\t<\/div><div id=\"panel-7-5-0-1\" class=\"so-panel widget widget_text panel-last-child\" data-index=\"13\" >\t\t\t<div class=\"textwidget\"><p>&nbsp;<\/p>\n<table>\n<tbody>\n<tr>\n<td><span style=\"font-weight: 400\">Apertura de inscripci\u00f3n<\/span><\/td>\n<td><span style=\"font-weight: 400\">23 diciembre 2019<\/span><\/td>\n<\/tr>\n<tr>\n<td><span style=\"font-weight: 400\">Cierre de inscripci\u00f3n<\/span><\/td>\n<td><span style=\"font-weight: 400\">14 febrero 2020<\/span><\/td>\n<\/tr>\n<tr>\n<td><span style=\"font-weight: 400\">Comunicaci\u00f3n de los resultados de la selecci\u00f3n de participantes y becas<\/span><\/td>\n<td><span style=\"font-weight: 400\">17 febrero 2020<\/span><\/td>\n<\/tr>\n<tr>\n<td><span style=\"font-weight: 400\">Fecha l\u00edmite para confirmar participaci\u00f3n\u00a0<\/span><\/td>\n<td><span style=\"font-weight: 400\">19 febrero 2020\u00a0<\/span><\/td>\n<\/tr>\n<tr>\n<td><span style=\"font-weight: 400\">Inicio del Curso<\/span><\/td>\n<td><span style=\"font-weight: 400\">9 de marzo<\/span><\/td>\n<\/tr>\n<tr>\n<td><span style=\"font-weight: 400\">Finalizaci\u00f3n del curso<\/span><\/td>\n<td><span style=\"font-weight: 400\">13 de marzo<\/span><\/td>\n<\/tr>\n<\/tbody>\n<\/table>\n<\/div>\n\t\t<\/div><\/div><\/div><\/div><div id=\"pg-7-6\"  class=\"panel-grid panel-has-style\" ><div class=\"wide-grey panel-row-style panel-row-style-for-7-6\" ><div id=\"pgc-7-6-0\"  class=\"panel-grid-cell\" ><div id=\"panel-7-6-0-0\" class=\"so-panel widget widget_headline-widget panel-first-child panel-last-child\" data-index=\"14\" ><div class=\"panel-widget-style panel-widget-style-for-7-6-0-0\" >\t\t<h1>Organizan<\/h1>\n\t\t<div class=\"decoration\"><div class=\"decoration-inside\"><\/div><\/div>\n\t\t<h3><\/h3>\n\t\t<\/div><\/div><\/div><\/div><\/div><div id=\"pg-7-7\"  class=\"panel-grid panel-has-style\" ><div class=\"panel-row-style panel-row-style-for-7-7\" ><div id=\"pgc-7-7-0\"  class=\"panel-grid-cell\" ><div id=\"panel-7-7-0-0\" class=\"so-panel widget widget_media_image panel-first-child panel-last-child\" data-index=\"15\" ><img decoding=\"async\" width=\"300\" height=\"199\" data-src=\"https:\/\/congresos.unlp.edu.ar\/wccb\/wp-content\/uploads\/sites\/13\/2019\/12\/GBIF-2015.png\" class=\"image wp-image-33  attachment-full size-full lazyload\" alt=\"\" style=\"--smush-placeholder-width: 300px; --smush-placeholder-aspect-ratio: 300\/199;max-width: 100%; height: auto;\" src=\"data:image\/svg+xml;base64,PHN2ZyB3aWR0aD0iMSIgaGVpZ2h0PSIxIiB4bWxucz0iaHR0cDovL3d3dy53My5vcmcvMjAwMC9zdmciPjwvc3ZnPg==\" \/><\/div><\/div><div id=\"pgc-7-7-1\"  class=\"panel-grid-cell\" ><div id=\"panel-7-7-1-0\" class=\"so-panel widget widget_media_image panel-first-child panel-last-child\" data-index=\"16\" ><img decoding=\"async\" width=\"292\" height=\"132\" data-src=\"https:\/\/congresos.unlp.edu.ar\/wccb\/wp-content\/uploads\/sites\/13\/2019\/12\/logo_datos_biologicos.png\" class=\"image wp-image-34  attachment-full size-full lazyload\" alt=\"\" style=\"--smush-placeholder-width: 292px; --smush-placeholder-aspect-ratio: 292\/132;max-width: 100%; height: auto;\" src=\"data:image\/svg+xml;base64,PHN2ZyB3aWR0aD0iMSIgaGVpZ2h0PSIxIiB4bWxucz0iaHR0cDovL3d3dy53My5vcmcvMjAwMC9zdmciPjwvc3ZnPg==\" \/><\/div><\/div><div id=\"pgc-7-7-2\"  class=\"panel-grid-cell\" ><div id=\"panel-7-7-2-0\" class=\"so-panel widget widget_media_image panel-first-child panel-last-child\" data-index=\"17\" ><img decoding=\"async\" width=\"440\" height=\"125\" data-src=\"https:\/\/congresos.unlp.edu.ar\/wccb\/wp-content\/uploads\/sites\/13\/2019\/12\/Marca-Museo-de-la-Plata.png\" class=\"image wp-image-37  attachment-full size-full lazyload\" alt=\"\" style=\"--smush-placeholder-width: 440px; --smush-placeholder-aspect-ratio: 440\/125;max-width: 100%; height: auto;\" data-srcset=\"https:\/\/congresos.unlp.edu.ar\/wccb\/wp-content\/uploads\/sites\/13\/2019\/12\/Marca-Museo-de-la-Plata.png 440w, https:\/\/congresos.unlp.edu.ar\/wccb\/wp-content\/uploads\/sites\/13\/2019\/12\/Marca-Museo-de-la-Plata-300x85.png 300w, https:\/\/congresos.unlp.edu.ar\/wccb\/wp-content\/uploads\/sites\/13\/2019\/12\/Marca-Museo-de-la-Plata-436x125.png 436w\" data-sizes=\"(max-width: 440px) 100vw, 440px\" src=\"data:image\/svg+xml;base64,PHN2ZyB3aWR0aD0iMSIgaGVpZ2h0PSIxIiB4bWxucz0iaHR0cDovL3d3dy53My5vcmcvMjAwMC9zdmciPjwvc3ZnPg==\" \/><\/div><\/div><div id=\"pgc-7-7-3\"  class=\"panel-grid-cell\" ><div id=\"panel-7-7-3-0\" class=\"so-panel widget widget_media_image panel-first-child panel-last-child\" data-index=\"18\" ><img decoding=\"async\" width=\"250\" height=\"183\" data-src=\"https:\/\/congresos.unlp.edu.ar\/wccb\/wp-content\/uploads\/sites\/13\/2019\/12\/Macn_logo-e1577371618362.png\" class=\"image wp-image-36  attachment-full size-full lazyload\" alt=\"\" style=\"--smush-placeholder-width: 250px; --smush-placeholder-aspect-ratio: 250\/183;max-width: 100%; height: auto;\" src=\"data:image\/svg+xml;base64,PHN2ZyB3aWR0aD0iMSIgaGVpZ2h0PSIxIiB4bWxucz0iaHR0cDovL3d3dy53My5vcmcvMjAwMC9zdmciPjwvc3ZnPg==\" \/><\/div><\/div><div id=\"pgc-7-7-4\"  class=\"panel-grid-cell\" ><div id=\"panel-7-7-4-0\" class=\"so-panel widget widget_media_image panel-first-child panel-last-child\" data-index=\"19\" ><img decoding=\"async\" width=\"1633\" height=\"459\" data-src=\"https:\/\/congresos.unlp.edu.ar\/wccb\/wp-content\/uploads\/sites\/13\/2019\/12\/Logo-AppEAR.png\" class=\"image wp-image-35  attachment-full size-full lazyload\" alt=\"\" style=\"--smush-placeholder-width: 1633px; --smush-placeholder-aspect-ratio: 1633\/459;max-width: 100%; height: auto;\" data-srcset=\"https:\/\/congresos.unlp.edu.ar\/wccb\/wp-content\/uploads\/sites\/13\/2019\/12\/Logo-AppEAR.png 1633w, https:\/\/congresos.unlp.edu.ar\/wccb\/wp-content\/uploads\/sites\/13\/2019\/12\/Logo-AppEAR-300x84.png 300w, https:\/\/congresos.unlp.edu.ar\/wccb\/wp-content\/uploads\/sites\/13\/2019\/12\/Logo-AppEAR-1024x288.png 1024w, https:\/\/congresos.unlp.edu.ar\/wccb\/wp-content\/uploads\/sites\/13\/2019\/12\/Logo-AppEAR-768x216.png 768w, https:\/\/congresos.unlp.edu.ar\/wccb\/wp-content\/uploads\/sites\/13\/2019\/12\/Logo-AppEAR-1536x432.png 1536w\" data-sizes=\"(max-width: 1633px) 100vw, 1633px\" src=\"data:image\/svg+xml;base64,PHN2ZyB3aWR0aD0iMSIgaGVpZ2h0PSIxIiB4bWxucz0iaHR0cDovL3d3dy53My5vcmcvMjAwMC9zdmciPjwvc3ZnPg==\" \/><\/div><\/div><div id=\"pgc-7-7-5\"  class=\"panel-grid-cell\" ><div id=\"panel-7-7-5-0\" class=\"so-panel widget widget_media_image panel-first-child panel-last-child\" data-index=\"20\" ><img decoding=\"async\" width=\"848\" height=\"335\" data-src=\"https:\/\/congresos.unlp.edu.ar\/wccb\/wp-content\/uploads\/sites\/13\/2019\/12\/cientopolis.png\" class=\"image wp-image-38  attachment-full size-full lazyload\" alt=\"\" style=\"--smush-placeholder-width: 848px; --smush-placeholder-aspect-ratio: 848\/335;max-width: 100%; height: auto;\" data-srcset=\"https:\/\/congresos.unlp.edu.ar\/wccb\/wp-content\/uploads\/sites\/13\/2019\/12\/cientopolis.png 848w, https:\/\/congresos.unlp.edu.ar\/wccb\/wp-content\/uploads\/sites\/13\/2019\/12\/cientopolis-300x119.png 300w, https:\/\/congresos.unlp.edu.ar\/wccb\/wp-content\/uploads\/sites\/13\/2019\/12\/cientopolis-768x303.png 768w\" data-sizes=\"(max-width: 848px) 100vw, 848px\" src=\"data:image\/svg+xml;base64,PHN2ZyB3aWR0aD0iMSIgaGVpZ2h0PSIxIiB4bWxucz0iaHR0cDovL3d3dy53My5vcmcvMjAwMC9zdmciPjwvc3ZnPg==\" \/><\/div><\/div><div id=\"pgc-7-7-6\"  class=\"panel-grid-cell\" ><div id=\"panel-7-7-6-0\" class=\"so-panel widget widget_media_image panel-first-child panel-last-child\" data-index=\"21\" ><img decoding=\"async\" width=\"304\" height=\"92\" data-src=\"https:\/\/congresos.unlp.edu.ar\/wccb\/wp-content\/uploads\/sites\/13\/2020\/01\/logo-lifia.png\" class=\"image wp-image-42  attachment-full size-full lazyload\" alt=\"\" style=\"--smush-placeholder-width: 304px; --smush-placeholder-aspect-ratio: 304\/92;max-width: 100%; height: auto;\" data-srcset=\"https:\/\/congresos.unlp.edu.ar\/wccb\/wp-content\/uploads\/sites\/13\/2020\/01\/logo-lifia.png 304w, https:\/\/congresos.unlp.edu.ar\/wccb\/wp-content\/uploads\/sites\/13\/2020\/01\/logo-lifia-300x91.png 300w\" data-sizes=\"(max-width: 304px) 100vw, 304px\" src=\"data:image\/svg+xml;base64,PHN2ZyB3aWR0aD0iMSIgaGVpZ2h0PSIxIiB4bWxucz0iaHR0cDovL3d3dy53My5vcmcvMjAwMC9zdmciPjwvc3ZnPg==\" \/><\/div><\/div><\/div><\/div><\/div>","protected":false},"excerpt":{"rendered":"<p>9 al 13 de marzo 2020 Ver contenidos Museo de Ciencias Naturales de La Plata Ver mapa Participantes Listado de participantes Ver listado Destinatarios y objetivos El workshop est\u00e1 destinado a bi\u00f3logos o profesiones afines, l\u00edderes comunitarios, representantes de academia, de instituciones, de organizaciones o de programas de cooperaci\u00f3n ciudadana, relacionados a alg\u00fan proyecto de [&hellip;]<\/p>\n","protected":false},"author":25,"featured_media":0,"parent":0,"menu_order":0,"comment_status":"closed","ping_status":"closed","template":"templates\/template-full.php","meta":{"advgb_blocks_editor_width":"","advgb_blocks_columns_visual_guide":"","footnotes":""},"class_list":["post-7","page","type-page","status-publish","hentry","post"],"aioseo_notices":[],"coauthors":[],"author_meta":{"author_link":"https:\/\/congresos.unlp.edu.ar\/wccb\/author\/jcochero\/","display_name":"jcochero"},"relative_dates":{"created":"Posted 7 a\u00f1os ago","modified":"Updated 6 a\u00f1os ago"},"absolute_dates":{"created":"Posted on 9 octubre, 2019","modified":"Updated on 18 febrero, 2020"},"absolute_dates_time":{"created":"Posted on 9 octubre, 2019 2:39 pm","modified":"Updated on 18 febrero, 2020 9:09 am"},"featured_img_caption":"","featured_img":false,"series_order":"","_links":{"self":[{"href":"https:\/\/congresos.unlp.edu.ar\/wccb\/wp-json\/wp\/v2\/pages\/7","targetHints":{"allow":["GET"]}}],"collection":[{"href":"https:\/\/congresos.unlp.edu.ar\/wccb\/wp-json\/wp\/v2\/pages"}],"about":[{"href":"https:\/\/congresos.unlp.edu.ar\/wccb\/wp-json\/wp\/v2\/types\/page"}],"author":[{"embeddable":true,"href":"https:\/\/congresos.unlp.edu.ar\/wccb\/wp-json\/wp\/v2\/users\/25"}],"replies":[{"embeddable":true,"href":"https:\/\/congresos.unlp.edu.ar\/wccb\/wp-json\/wp\/v2\/comments?post=7"}],"version-history":[{"count":0,"href":"https:\/\/congresos.unlp.edu.ar\/wccb\/wp-json\/wp\/v2\/pages\/7\/revisions"}],"wp:attachment":[{"href":"https:\/\/congresos.unlp.edu.ar\/wccb\/wp-json\/wp\/v2\/media?parent=7"}],"curies":[{"name":"wp","href":"https:\/\/api.w.org\/{rel}","templated":true}]}}