{"id":6,"date":"2019-06-27T11:53:15","date_gmt":"2019-06-27T14:53:15","guid":{"rendered":"http:\/\/congresos.unlp.edu.ar\/vrasgu\/?page_id=6"},"modified":"2019-06-27T14:39:45","modified_gmt":"2019-06-27T17:39:45","slug":"inicio","status":"publish","type":"page","link":"https:\/\/congresos.unlp.edu.ar\/vrasgu\/","title":{"rendered":"Inicio"},"content":{"rendered":"<div id=\"pl-6\"  class=\"panel-layout\" ><div id=\"pg-6-0\"  class=\"panel-grid panel-no-style\" ><div id=\"pgc-6-0-0\"  class=\"panel-grid-cell panel-grid-cell-empty\" ><\/div><div id=\"pgc-6-0-1\"  class=\"panel-grid-cell panel-grid-cell-empty panel-grid-cell-mobile-last\" ><\/div><div id=\"pgc-6-0-2\"  class=\"panel-grid-cell panel-grid-cell-empty\" ><\/div><\/div><div id=\"pg-6-1\"  class=\"panel-grid panel-has-style\" ><div class=\"wide-grey panel-row-style panel-row-style-for-6-1\" ><div id=\"pgc-6-1-0\"  class=\"panel-grid-cell\" ><\/div><\/div><\/div><div id=\"pg-6-2\"  class=\"panel-grid panel-no-style\" ><div id=\"pgc-6-2-0\"  class=\"panel-grid-cell\" ><div id=\"panel-6-2-0-0\" class=\"so-panel widget widget_text panel-first-child panel-last-child\" data-index=\"1\" >\t\t\t<div class=\"textwidget\"><p dir=\"ltr\">La V Reuni\u00f3n Argentina de Geoqu\u00edmica de la Superficie (V RAGSU) se llev\u00f3 a cabo del 12 al 14 de junio de 2019 en La Plata (Buenos Aires). La sede del evento fue la <strong>escuela de Posgrado de la Universidad Nacional de La Plata, edificio Sergio Karakachoff<\/strong>, calle 48 entre 6 y 7, La Plata.<\/p>\n<p dir=\"ltr\">Las Reuniones Argentinas de Geoqu\u00edmica de la Superficie son eventos cient\u00edficos que se realizan regularmente cada dos y tres a\u00f1os desde el a\u00f1o 2009, habiendo tenido como sede diversos puntos del pa\u00eds (C\u00f3rdoba, Bah\u00eda Blanca, Mar del Plata y Puerto Madryn). El objetivo de la reuni\u00f3n estuvo dirigido a la difusi\u00f3n de los adelantos cient\u00edficos que se han producido en el \u00e1mbito de la geoqu\u00edmica de la superficie, no solo en nuestro pa\u00eds sino tambi\u00e9n en el mundo.<\/p>\n<p dir=\"ltr\"><strong><a href=\"http:\/\/congresos.unlp.edu.ar\/vrasgu\/wp-content\/uploads\/sites\/5\/2019\/06\/cronograma_ragsu.pdf\">Programa completo del evento.<\/a><\/strong><\/p>\n<p dir=\"ltr\"><a href=\"http:\/\/sedici.unlp.edu.ar\/handle\/10915\/77067\">Actas del V RASGU.<\/a><\/p>\n<\/div>\n\t\t<\/div><\/div><div id=\"pgc-6-2-1\"  class=\"panel-grid-cell\" ><div id=\"panel-6-2-1-0\" class=\"so-panel widget widget_circleicon-widget panel-first-child\" data-index=\"2\" >\t\t<div class=\"circle-icon-box circle-icon-position-top circle-icon-hide-box circle-icon-size-small \">\n\t\t\t\t\t\t\t<div class=\"circle-icon-wrapper\">\n\t\t\t\t\t\t\t\t\t\t<a href=\"http:\/\/congresos.unlp.edu.ar\/vrasgu\/wp-content\/uploads\/sites\/5\/2019\/06\/1CircularVRAGSU.pdf\" class=\"link-icon\" target=\"_blank\">\t\t\t\t\t<div class=\"circle-icon\" >\n\t\t\t\t\t\t\t\t\t\t\t\t\t<div\n\t\t\t\t\t\t\t\tclass=\"fa fa-download\"\n\t\t\t\t\t\t\t\t\t\t\t\t\t\t\t><\/div>\n\t\t\t\t\t\t\t\t\t\t\t<\/div>\n\t\t\t\t\t<\/a>\t\t\t\t<\/div>\n\t\t\t\n\t\t\t\t\t\t\t<a\n\t\t\t\t\thref=\"http:\/\/congresos.unlp.edu.ar\/vrasgu\/wp-content\/uploads\/sites\/5\/2019\/06\/1CircularVRAGSU.pdf\"\n\t\t\t\t\tclass=\"link-title\" target=&quot;_blank&quot;\t\t\t\t>\n\t\t\t\t\t\t\t\t\t\t\t\t\t<\/a>\n\t\t\t\n\t\t\t\t\t\t\t\t\t\t<a\n\t\t\t\t\thref=\"http:\/\/congresos.unlp.edu.ar\/vrasgu\/wp-content\/uploads\/sites\/5\/2019\/06\/1CircularVRAGSU.pdf\"\n\t\t\t\t\tclass=\"more-button\"\n\t\t\t\t\ttarget=&quot;_blank&quot;\t\t\t\t>\n\t\t\t\t\tPrimera Circular\t\t\t\t\t<i><\/i>\n\t\t\t\t<\/a>\n\t\t\t\t\t<\/div>\n\t\t<\/div><div id=\"panel-6-2-1-1\" class=\"so-panel widget widget_circleicon-widget panel-last-child\" data-index=\"3\" >\t\t<div class=\"circle-icon-box circle-icon-position-top circle-icon-hide-box circle-icon-size-small \">\n\t\t\t\t\t\t\t<div class=\"circle-icon-wrapper\">\n\t\t\t\t\t\t\t\t\t\t<a href=\"http:\/\/congresos.unlp.edu.ar\/vrasgu\/wp-content\/uploads\/sites\/5\/2019\/06\/IIICircularVRAGSU.pdf\" class=\"link-icon\" target=\"_blank\">\t\t\t\t\t<div class=\"circle-icon\" >\n\t\t\t\t\t\t\t\t\t\t\t\t\t<div\n\t\t\t\t\t\t\t\tclass=\"fa fa-download\"\n\t\t\t\t\t\t\t\t\t\t\t\t\t\t\t><\/div>\n\t\t\t\t\t\t\t\t\t\t\t<\/div>\n\t\t\t\t\t<\/a>\t\t\t\t<\/div>\n\t\t\t\n\t\t\t\t\t\t\t<a\n\t\t\t\t\thref=\"http:\/\/congresos.unlp.edu.ar\/vrasgu\/wp-content\/uploads\/sites\/5\/2019\/06\/IIICircularVRAGSU.pdf\"\n\t\t\t\t\tclass=\"link-title\" target=&quot;_blank&quot;\t\t\t\t>\n\t\t\t\t\t\t\t\t\t\t\t\t\t<\/a>\n\t\t\t\n\t\t\t\t\t\t\t\t\t\t<a\n\t\t\t\t\thref=\"http:\/\/congresos.unlp.edu.ar\/vrasgu\/wp-content\/uploads\/sites\/5\/2019\/06\/IIICircularVRAGSU.pdf\"\n\t\t\t\t\tclass=\"more-button\"\n\t\t\t\t\ttarget=&quot;_blank&quot;\t\t\t\t>\n\t\t\t\t\tTercera Circular\t\t\t\t\t<i><\/i>\n\t\t\t\t<\/a>\n\t\t\t\t\t<\/div>\n\t\t<\/div><\/div><div id=\"pgc-6-2-2\"  class=\"panel-grid-cell\" ><div id=\"panel-6-2-2-0\" class=\"so-panel widget widget_circleicon-widget panel-first-child\" data-index=\"4\" >\t\t<div class=\"circle-icon-box circle-icon-position-top circle-icon-hide-box circle-icon-size-small \">\n\t\t\t\t\t\t\t<div class=\"circle-icon-wrapper\">\n\t\t\t\t\t\t\t\t\t\t<a href=\"http:\/\/congresos.unlp.edu.ar\/vrasgu\/wp-content\/uploads\/sites\/5\/2019\/06\/IICircularVRAGSU.pdf\" class=\"link-icon\" target=\"_blank\">\t\t\t\t\t<div class=\"circle-icon\" >\n\t\t\t\t\t\t\t\t\t\t\t\t\t<div\n\t\t\t\t\t\t\t\tclass=\"fa fa-download\"\n\t\t\t\t\t\t\t\t\t\t\t\t\t\t\t><\/div>\n\t\t\t\t\t\t\t\t\t\t\t<\/div>\n\t\t\t\t\t<\/a>\t\t\t\t<\/div>\n\t\t\t\n\t\t\t\t\t\t\t<a\n\t\t\t\t\thref=\"http:\/\/congresos.unlp.edu.ar\/vrasgu\/wp-content\/uploads\/sites\/5\/2019\/06\/IICircularVRAGSU.pdf\"\n\t\t\t\t\tclass=\"link-title\" target=&quot;_blank&quot;\t\t\t\t>\n\t\t\t\t\t\t\t\t\t\t\t\t\t<\/a>\n\t\t\t\n\t\t\t\t\t\t\t\t\t\t<a\n\t\t\t\t\thref=\"http:\/\/congresos.unlp.edu.ar\/vrasgu\/wp-content\/uploads\/sites\/5\/2019\/06\/IICircularVRAGSU.pdf\"\n\t\t\t\t\tclass=\"more-button\"\n\t\t\t\t\ttarget=&quot;_blank&quot;\t\t\t\t>\n\t\t\t\t\tSegunda Circular\t\t\t\t\t<i><\/i>\n\t\t\t\t<\/a>\n\t\t\t\t\t<\/div>\n\t\t<\/div><div id=\"panel-6-2-2-1\" class=\"so-panel widget widget_circleicon-widget panel-last-child\" data-index=\"5\" >\t\t<div class=\"circle-icon-box circle-icon-position-top circle-icon-hide-box circle-icon-size-small \">\n\t\t\t\t\t\t\t<div class=\"circle-icon-wrapper\">\n\t\t\t\t\t\t\t\t\t\t<a href=\"http:\/\/congresos.unlp.edu.ar\/vrasgu\/wp-content\/uploads\/sites\/5\/2019\/06\/IVCircularVRAGSU.pdf\" class=\"link-icon\" target=\"_blank\">\t\t\t\t\t<div class=\"circle-icon\" >\n\t\t\t\t\t\t\t\t\t\t\t\t\t<div\n\t\t\t\t\t\t\t\tclass=\"fa fa-download\"\n\t\t\t\t\t\t\t\t\t\t\t\t\t\t\t><\/div>\n\t\t\t\t\t\t\t\t\t\t\t<\/div>\n\t\t\t\t\t<\/a>\t\t\t\t<\/div>\n\t\t\t\n\t\t\t\t\t\t\t<a\n\t\t\t\t\thref=\"http:\/\/congresos.unlp.edu.ar\/vrasgu\/wp-content\/uploads\/sites\/5\/2019\/06\/IVCircularVRAGSU.pdf\"\n\t\t\t\t\tclass=\"link-title\" target=&quot;_blank&quot;\t\t\t\t>\n\t\t\t\t\t\t\t\t\t\t\t\t\t<\/a>\n\t\t\t\n\t\t\t\t\t\t\t\t\t\t<a\n\t\t\t\t\thref=\"http:\/\/congresos.unlp.edu.ar\/vrasgu\/wp-content\/uploads\/sites\/5\/2019\/06\/IVCircularVRAGSU.pdf\"\n\t\t\t\t\tclass=\"more-button\"\n\t\t\t\t\ttarget=&quot;_blank&quot;\t\t\t\t>\n\t\t\t\t\tCuarta Circular\t\t\t\t\t<i><\/i>\n\t\t\t\t<\/a>\n\t\t\t\t\t<\/div>\n\t\t<\/div><\/div><\/div><\/div>","protected":false},"excerpt":{"rendered":"<p>La V Reuni\u00f3n Argentina de Geoqu\u00edmica de la Superficie (V RAGSU) se llev\u00f3 a cabo del 12 al 14 de junio de 2019 en La Plata (Buenos Aires). La sede del evento fue la escuela de Posgrado de la Universidad Nacional de La Plata, edificio Sergio Karakachoff, calle 48 entre 6 y 7, La Plata. [&hellip;]<\/p>\n","protected":false},"author":2,"featured_media":0,"parent":0,"menu_order":0,"comment_status":"closed","ping_status":"closed","template":"home-panels.php","meta":{"advgb_blocks_editor_width":"","advgb_blocks_columns_visual_guide":"","footnotes":""},"class_list":["post-6","page","type-page","status-publish","hentry","post"],"aioseo_notices":[],"coauthors":[],"author_meta":{"author_link":"https:\/\/congresos.unlp.edu.ar\/vrasgu\/author\/congresos\/","display_name":"congresos"},"relative_dates":{"created":"Posted 7 a\u00f1os ago","modified":"Updated 7 a\u00f1os ago"},"absolute_dates":{"created":"Posted on 27 junio, 2019","modified":"Updated on 27 junio, 2019"},"absolute_dates_time":{"created":"Posted on 27 junio, 2019 11:53 am","modified":"Updated on 27 junio, 2019 2:39 pm"},"featured_img_caption":"","featured_img":false,"series_order":"","_links":{"self":[{"href":"https:\/\/congresos.unlp.edu.ar\/vrasgu\/wp-json\/wp\/v2\/pages\/6","targetHints":{"allow":["GET"]}}],"collection":[{"href":"https:\/\/congresos.unlp.edu.ar\/vrasgu\/wp-json\/wp\/v2\/pages"}],"about":[{"href":"https:\/\/congresos.unlp.edu.ar\/vrasgu\/wp-json\/wp\/v2\/types\/page"}],"author":[{"embeddable":true,"href":"https:\/\/congresos.unlp.edu.ar\/vrasgu\/wp-json\/wp\/v2\/users\/2"}],"replies":[{"embeddable":true,"href":"https:\/\/congresos.unlp.edu.ar\/vrasgu\/wp-json\/wp\/v2\/comments?post=6"}],"version-history":[{"count":0,"href":"https:\/\/congresos.unlp.edu.ar\/vrasgu\/wp-json\/wp\/v2\/pages\/6\/revisions"}],"wp:attachment":[{"href":"https:\/\/congresos.unlp.edu.ar\/vrasgu\/wp-json\/wp\/v2\/media?parent=6"}],"curies":[{"name":"wp","href":"https:\/\/api.w.org\/{rel}","templated":true}]}}