{"id":13,"date":"2019-11-29T12:55:35","date_gmt":"2019-11-29T15:55:35","guid":{"rendered":"http:\/\/congresos.unlp.edu.ar\/visirso\/?page_id=13"},"modified":"2019-12-04T12:49:16","modified_gmt":"2019-12-04T15:49:16","slug":"sobre-el-evento","status":"publish","type":"page","link":"https:\/\/congresos.unlp.edu.ar\/visirso?page_id=13","title":{"rendered":"Sobre el evento"},"content":{"rendered":"<p><strong>El VI Simposio Internacional de Responsabilidad Social de las Organizaciones (SIRSO) es un evento acad\u00e9mico internacional que se realiza por sexto a\u00f1o consecutivo.<\/strong><\/p>\n<p>&nbsp;<\/p>\n<p>El Simposio se enfocar\u00e1 sobre el tema: <em>&#8220;Am\u00e9rica Latina afirma los Objetivos de Desarrollo Sostenible&#8221;<\/em><\/p>\n<p>&nbsp;<\/p>\n<p>En Octubre 2020, se llevar\u00e1 a cabo por primera vez en Argentina. El lugar de desarrollo de las actividades ser\u00e1 en la Universidad Nacional de La Plata sede Facultad de Ciencias Econ\u00f3micas.<\/p>\n<p>&nbsp;<\/p>\n<p>El objetivo del congreso es consolidar, debatir y proyectar investigaciones sobre la evoluci\u00f3n del tema de <strong>Responsabilidad Social de las Organizaciones (RSO) y los Objetivos de Desarrollo Sostenible (ODS)<\/strong>, desde la perspectiva econ\u00f3mica, ambiental y social, a los efectos de contribuir a la generaci\u00f3n de lineamientos de acci\u00f3n y elementos de sustentabilidad para organizaciones de todo tipo, as\u00ed como fortalecer las ideas centrales del debate en la regi\u00f3n.<\/p>\n<p>&nbsp;<\/p>\n<p><strong>FECHA DEL EVENTO: 22 Y 23 de Octubre<\/strong><\/p>\n<blockquote><p><em>#SaveTheDate<\/em><\/p><\/blockquote>\n","protected":false},"excerpt":{"rendered":"<p>El VI Simposio Internacional de Responsabilidad Social de las Organizaciones (SIRSO) es un evento acad\u00e9mico internacional que se realiza por sexto a\u00f1o consecutivo. &nbsp; El Simposio se enfocar\u00e1 sobre el tema: &#8220;Am\u00e9rica Latina afirma los Objetivos de Desarrollo Sostenible&#8221; &nbsp; En Octubre 2020, se llevar\u00e1 a cabo por primera vez en Argentina. El lugar de [&hellip;]<\/p>\n","protected":false},"author":31,"featured_media":0,"parent":0,"menu_order":0,"comment_status":"closed","ping_status":"closed","template":"","meta":{"advgb_blocks_editor_width":"","advgb_blocks_columns_visual_guide":"","footnotes":""},"class_list":["post-13","page","type-page","status-publish","hentry","post"],"aioseo_notices":[],"coauthors":[],"author_meta":{"author_link":"https:\/\/congresos.unlp.edu.ar\/visirso\/?author=31","display_name":"antonellastranieri"},"relative_dates":{"created":"Posted 6 a\u00f1os ago","modified":"Updated 6 a\u00f1os ago"},"absolute_dates":{"created":"Posted on 29 noviembre, 2019","modified":"Updated on 4 diciembre, 2019"},"absolute_dates_time":{"created":"Posted on 29 noviembre, 2019 12:55 pm","modified":"Updated on 4 diciembre, 2019 12:49 pm"},"featured_img_caption":"","featured_img":false,"series_order":"","_links":{"self":[{"href":"https:\/\/congresos.unlp.edu.ar\/visirso\/index.php?rest_route=\/wp\/v2\/pages\/13","targetHints":{"allow":["GET"]}}],"collection":[{"href":"https:\/\/congresos.unlp.edu.ar\/visirso\/index.php?rest_route=\/wp\/v2\/pages"}],"about":[{"href":"https:\/\/congresos.unlp.edu.ar\/visirso\/index.php?rest_route=\/wp\/v2\/types\/page"}],"author":[{"embeddable":true,"href":"https:\/\/congresos.unlp.edu.ar\/visirso\/index.php?rest_route=\/wp\/v2\/users\/31"}],"replies":[{"embeddable":true,"href":"https:\/\/congresos.unlp.edu.ar\/visirso\/index.php?rest_route=%2Fwp%2Fv2%2Fcomments&post=13"}],"version-history":[{"count":0,"href":"https:\/\/congresos.unlp.edu.ar\/visirso\/index.php?rest_route=\/wp\/v2\/pages\/13\/revisions"}],"wp:attachment":[{"href":"https:\/\/congresos.unlp.edu.ar\/visirso\/index.php?rest_route=%2Fwp%2Fv2%2Fmedia&parent=13"}],"curies":[{"name":"wp","href":"https:\/\/api.w.org\/{rel}","templated":true}]}}